{"id":14739,"date":"2024-03-25T14:59:08","date_gmt":"2024-03-25T06:59:08","guid":{"rendered":"http:\/\/www.erun-tech.com\/?post_type=product&#038;p=14739"},"modified":"2024-04-08T08:54:45","modified_gmt":"2024-04-08T00:54:45","slug":"chuanbochangyongfangwuranqicai","status":"publish","type":"product","link":"http:\/\/www.erun-tech.com\/ar\/product\/chuanbochangyongfangwuranqicai","title":{"rendered":"\u0645\u0639\u062f\u0627\u062a \u0645\u0643\u0627\u0641\u062d\u0629 \u0627\u0644\u062a\u0644\u0648\u062b \u0627\u0644\u0634\u0627\u0626\u0639\u0629 \u0644\u0644\u0633\u0641\u0646"},"content":{"rendered":"<h2><\/h2>\n<h2 style=\"text-align: center;\">\u0645\u0639\u062f\u0627\u062a \u0645\u0643\u0627\u0641\u062d\u0629 \u0627\u0644\u062a\u0644\u0648\u062b \u0627\u0644\u0634\u0627\u0626\u0639\u0629 \u0644\u0644\u0633\u0641\u0646<\/h2>\n<p>&nbsp;<\/p>\n<div><strong>\u0627\u0644\u0623\u0633\u0627\u0633 \u0627\u0644\u0642\u0627\u0646\u0648\u0646\u064a: \u0644\u0648\u0627\u0626\u062d \u0625\u062f\u0627\u0631\u0629 \u062a\u062f\u0631\u064a\u0628 \u0627\u0644\u0628\u062d\u0627\u0631\u0629 \u0641\u064a \u062c\u0645\u0647\u0648\u0631\u064a\u0629 \u0627\u0644\u0635\u064a\u0646 \u0627\u0644\u0634\u0639\u0628\u064a\u0629 (\u0627\u0644\u0623\u0645\u0631 \u0631\u0642\u0645 5 \u0627\u0644\u0635\u0627\u062f\u0631 \u0639\u0646 \u0648\u0632\u0627\u0631\u0629 \u0627\u0644\u0646\u0642\u0644\u060c 2019)<\/strong><\/div>\n<div><strong>\u0641\u0626\u0629 \u0627\u0644\u0645\u0646\u062a\u062c: \u0628\u062d\u0627\u0631 \u0645\u0631\u0627\u0642\u0628\u0629<br \/>\n<\/strong><\/div>\n<div><strong>\u0627\u0633\u0645 \u0627\u0644\u0645\u0646\u062a\u062c: \u0645\u0639\u062f\u0627\u062a \u0645\u0643\u0627\u0641\u062d\u0629 \u0627\u0644\u062a\u0644\u0648\u062b \u0644\u0644\u0633\u0641\u0646<\/strong><\/div>\n<div><strong>\u0627\u0644\u0645\u062a\u0637\u0644\u0628\u0627\u062a \u0627\u0644\u0648\u0638\u064a\u0641\u064a\u0629: \u062a\u0644\u0628\u064a\u0629 \u0645\u062a\u0637\u0644\u0628\u0627\u062a \u0627\u0644\u0645\u0646\u0647\u062c \u0627\u0644\u062a\u062f\u0631\u064a\u0628\u064a.<\/strong><\/div>\n<div><strong>\u0627\u0644\u0643\u0645\u064a\u0629 \u0627\u0644\u0645\u062d\u062f\u062f\u0629: 1 \u0645\u062c\u0645\u0648\u0639\u0629<\/strong><\/div>\n<div><\/div>\n<div>\u0639\u0644\u0649 \u0627\u0644\u0623\u0642\u0644 \u0628\u0645\u0627 \u0641\u064a \u0630\u0644\u0643\u061b<\/div>\n<p>1. 100 \u0642\u0637\u0639\u0629 \u0645\u0646 \u0627\u0644\u0644\u0628\u0627\u062f \u0627\u0644\u0645\u0627\u0635 \u0644\u0644\u0634\u062d\u0648\u0645\u060c 1 \u0628\u0631\u0645\u064a\u0644 \u0645\u0646 \u062c\u0645\u064a\u0639 \u0623\u0646\u0648\u0627\u0639 \u0627\u0644\u0645\u0648\u0627\u062f \u0627\u0644\u0645\u0627\u0635\u0629 \u0644\u0644\u0634\u062d\u0648\u0645 20 \u0644\u062a\u0631\u060c 1 \u0633\u064a\u0627\u062c \u0632\u064a\u062a\u064a 20 \u0645\u062a\u0631;<\/p>\n<p>\u0627\u0644\u0627\u0633\u0645 \uff1a \u0644\u0628\u0627\u062f \u0645\u0627\u0635<\/p>\n<p>\u0627\u0644\u0639\u0644\u0627\u0645\u0629 \u0627\u0644\u062a\u062c\u0627\u0631\u064a\u0629\/\u0627\u0644\u0645\u0648\u062f\u064a\u0644:\u062c\u064a\u0648\u0646\/\u0648\u0631\u0642\u0629 \u0645\u0627\u0635\u0629 \u0644\u0644\u0632\u064a\u0648\u062a \u062e\u0641\u064a\u0641\u0629 \u0627\u0644\u0648\u0632\u0646<\/p>\n<p>\u0627\u0644\u0645\u0639\u0627\u064a\u064a\u0631 \u0627\u0644\u0641\u0646\u064a\u0629: 400 \u00d7 400 \u00d7 400 \u00d7 2 \u0645\u0645<\/p>\n<p>\u0627\u0644\u0627\u0633\u0645\uff1a\u062c\u0645\u064a\u0639 \u0623\u0646\u0648\u0627\u0639 \u0639\u0648\u0627\u0645\u0644 \u0625\u0632\u0627\u0644\u0629 \u0627\u0644\u0634\u062d\u0648\u0645<\/p>\n<p>\u0627\u0644\u0639\u0644\u0627\u0645\u0629 \u0627\u0644\u062a\u062c\u0627\u0631\u064a\u0629\/\u0627\u0644\u0645\u0648\u062f\u064a\u0644:\u0634\u064a\u0646\u0644\u0648\/10 \u0644\u062a\u0631<\/p>\n<p>\u0627\u0644\u0645\u0639\u0644\u0645\u0627\u062a \u0627\u0644\u0641\u0646\u064a\u0629: \u0639\u0627\u0645\u0644 \u0625\u0632\u0627\u0644\u0629 \u0627\u0644\u0634\u062d\u0648\u0645 \u0627\u0644\u0645\u0639\u062a\u0645\u062f \u0627\u0644\u0628\u062d\u0631\u064a \u0627\u0644\u0648\u0637\u0646\u064a\u060c \u0627\u0644\u0645\u0639\u0644\u0645\u0627\u062a: 20 \u0644\u062a\u0631 \/ \u0628\u0631\u0645\u064a\u0644<\/p>\n<p>\u0627\u0644\u0627\u0633\u0645:\u0628\u0648\u0645<\/p>\n<p>\u0627\u0644\u0639\u0644\u0627\u0645\u0629 \u0627\u0644\u062a\u062c\u0627\u0631\u064a\u0629 \/ \u0627\u0644\u0645\u0648\u062f\u064a\u0644: \u062c\u064a\u0648\u0648\u0627\u0646 \/ \u062d\u0633\u0628 \u0627\u0644\u0637\u0644\u0628<\/p>\n<p>\u0627\u0644\u0645\u0639\u0644\u0645\u0627\u062a \u0627\u0644\u0641\u0646\u064a\u0629: \u0627\u0644\u0627\u0631\u062a\u0641\u0627\u0639 \u0627\u0644\u0643\u0644\u064a 450 \u0645\u0645\u060c \u0627\u0631\u062a\u0641\u0627\u0639 \u0627\u0644\u0645\u0627\u0621 100 \u0645\u0645\u060c \u0639\u0645\u0642 \u062a\u062d\u062a \u0627\u0644\u0645\u0627\u0621 300 \u0645\u062a\u0631\u060c \u0627\u0644\u062c\u0633\u0645 \u0627\u0644\u0631\u0626\u064a\u0633\u064a \u0639\u0628\u0627\u0631\u0629 \u0639\u0646 \u0642\u0645\u0627\u0634 \u0628\u0644\u0627\u0633\u062a\u064a\u0643\u064a \u0645\u0642\u0648\u0649 \u0645\u0637\u0644\u064a \u0639\u0644\u0649 \u0627\u0644\u0648\u062c\u0647\u064a\u0646 PVC\u060c \u0639\u0648\u0627\u0645\u0627\u062a \u0631\u063a\u0648\u064a\u0629 \u0635\u0644\u0628\u0629 \u0645\u062d\u0643\u0645\u0629 \u0627\u0644\u063a\u0644\u0642 \u0641\u064a \u0627\u0644\u0642\u0645\u0627\u0634\u060c \u0627\u0644\u062a\u0628\u0627\u0639\u062f \u0628\u064a\u0646 \u0627\u0644\u0639\u0648\u0627\u0645\u0627\u062a \u0644\u062a\u0634\u0643\u064a\u0644 \u0642\u0633\u0645 \u0645\u0631\u0646 \u0644\u0636\u0645\u0627\u0646 \u0637\u064a \u0623\u0630\u0631\u0639 \u0627\u0644\u0631\u0627\u0641\u0639\u0629 \u0648\u0642\u0627\u0628\u0644\u064a\u0629 \u0627\u0644\u062a\u0645\u0648\u062c\u060c \u0627\u0644\u062c\u0633\u0645 \u0627\u0644\u0631\u0626\u064a\u0633\u064a \u0644\u0644\u0637\u0631\u0641 \u0627\u0644\u0633\u0641\u0644\u064a \u0645\u0646 \u0627\u0644\u062d\u0632\u0645\u0629 \u0645\u0639 \u0633\u0644\u0633\u0644\u0629 \u062b\u0642\u0644 \u0645\u0648\u0627\u0632\u0646.<\/p>\n<p>2. 1 \u0645\u062c\u0645\u0648\u0639\u0629 \u0645\u0646 \u0645\u0648\u0627\u062f \u0627\u0644\u0641\u064a\u062f\u064a\u0648;<\/p>","protected":false},"excerpt":{"rendered":"<p>\u8239\u8236\u5e38\u7528\u9632\u6c61\u67d3\u5668\u6750 &nbsp; \u6cd5\u5f8b\u4f9d\u636e\uff1a\u300a\u4e2d\u534e\u4eba\u6c11\u5171\u548c\u56fd\u8239\u5458\u57f9\u8bad\u7ba1\u7406\u89c4\u5219\u300b\uff08\u4ea4\u901a\u8fd0\u8f93\u90e8\u4ee4 2019 \u5e74\u7b2c &hellip;<\/p>","protected":false},"featured_media":14740,"comment_status":"open","ping_status":"closed","template":"","meta":[],"product_brand":[],"product_cat":[492,40],"product_tag":[325,331,326,337,336],"class_list":{"0":"post-14739","1":"product","2":"type-product","3":"status-publish","4":"has-post-thumbnail","6":"product_cat-shuishoujigongpeixun","7":"product_cat-shuishougongyishixunshi","8":"product_tag-zhibanshuishou","9":"product_tag-shuishougongyi20geshengjie","10":"product_tag-shuishougongyishixunqicai","11":"product_tag-chuanyuanpeixunneirong","12":"product_tag-chuanyuanpeixunshebei","13":"description-off","15":"first","16":"instock","17":"taxable","18":"shipping-taxable","19":"purchasable","20":"product-type-simple"},"_links":{"self":[{"href":"http:\/\/www.erun-tech.com\/ar\/wp-json\/wp\/v2\/product\/14739","targetHints":{"allow":["GET"]}}],"collection":[{"href":"http:\/\/www.erun-tech.com\/ar\/wp-json\/wp\/v2\/product"}],"about":[{"href":"http:\/\/www.erun-tech.com\/ar\/wp-json\/wp\/v2\/types\/product"}],"replies":[{"embeddable":true,"href":"http:\/\/www.erun-tech.com\/ar\/wp-json\/wp\/v2\/comments?post=14739"}],"wp:featuredmedia":[{"embeddable":true,"href":"http:\/\/www.erun-tech.com\/ar\/wp-json\/wp\/v2\/media\/14740"}],"wp:attachment":[{"href":"http:\/\/www.erun-tech.com\/ar\/wp-json\/wp\/v2\/media?parent=14739"}],"wp:term":[{"taxonomy":"product_brand","embeddable":true,"href":"http:\/\/www.erun-tech.com\/ar\/wp-json\/wp\/v2\/product_brand?post=14739"},{"taxonomy":"product_cat","embeddable":true,"href":"http:\/\/www.erun-tech.com\/ar\/wp-json\/wp\/v2\/product_cat?post=14739"},{"taxonomy":"product_tag","embeddable":true,"href":"http:\/\/www.erun-tech.com\/ar\/wp-json\/wp\/v2\/product_tag?post=14739"}],"curies":[{"name":"\u062f\u0628\u0644\u064a\u0648 \u0628\u064a","href":"https:\/\/api.w.org\/{rel}","templated":true}]}}