{"id":14836,"date":"2024-03-25T22:30:12","date_gmt":"2024-03-25T14:30:12","guid":{"rendered":"http:\/\/www.erun-tech.com\/?post_type=product&#038;p=14836"},"modified":"2024-03-27T20:38:19","modified_gmt":"2024-03-27T12:38:19","slug":"zifushiweixingjinjiwuxiandianshiweibiaoshebei","status":"publish","type":"product","link":"http:\/\/www.erun-tech.com\/en\/product\/zifushiweixingjinjiwuxiandianshiweibiaoshebei","title":{"rendered":"Self-Floating Satellite Emergency Radio Beacon"},"content":{"rendered":"<h2><\/h2>\n<h2 style=\"text-align: center;\">Self-Floating Satellite Emergency Radio Beacon<\/h2>\n<div><strong>Legal Basis: Regulations on the Administration of Seafarer Training of the People's Republic of China (Order No. 5 of the Ministry of Transport, 2019)<\/strong><\/div>\n<div><strong>Product Category: Nautical Instruments<br \/>\n<\/strong><\/div>\n<div><strong>Product Name\uff1aSelf-floating satellite emergency radio beacon equipment<\/strong><\/div>\n<div><strong>Functional Requirements: Meet the requirements of the training syllabus.<\/strong><\/div>\n<div><strong>Specified quantity: 2 units<\/strong><\/div>\n<div><\/div>\n<div><\/div>\n<p>Marine Instrumentation is a core skills course in the five-year higher vocational education program for Marine Technology, and also one of the practical examination subjects for the Third Officer Certificate of Competency. Through this course, students primarily learn the basic functions, components, structure, principles, operation, and maintenance of marine instruments. It cultivates students' fundamental ability to use and maintain marine instruments, equipping them with the essential competencies required for marine officers in operating such equipment. Its prerequisite course is Marine Instruments.<\/p>\n<p>&nbsp;<\/p>\n<p><strong>[Performance Characteristics]<\/strong><\/p>\n<p>Innovative design, easier to pick up and put down.<\/p>\n<p>The power supply is automatically cut off when the test is completed.<\/p>\n<p>Multiple protection design to avoid false alarms.<\/p>\n<p>Built-in high-precision positioning module, the alarm position is more accurate.<\/p>\n<p>Low power consumption design for longer battery life.<\/p>\n<p>Obtained CCS\/DNV\/RS type approval certificate.<\/p>\n<p><strong>[ Technical indicators<\/strong> \u3011<\/p>\n<p>Material:<\/p>\n<p>Special Engineering Plastics<\/p>\n<p>Visible color: shell eye-catching acceptance: orange, water surface reveals some reflective, high brightness flashing light (0.75cd) 20 times per minute<\/p>\n<p>Protection class: IP67<\/p>\n<p>Floatability: Floating in water<\/p>\n<p>Automaticity:<\/p>\n<p>Automatic release (submerged 4 meters)<\/p>\n<p>Automatic alarm (seawater switch on)<\/p>\n<p>Accessories: release, cord (7m)<\/p>\n<p>physiotherapy<\/p>\n<p>Weight: 1.8 kg (beacon), 1.6 kg (outer box)<\/p>\n<p>Size:<\/p>\n<p>116 (W)\u00d7710 (H)\u00d7100 (D) mm (beacon), 220 (W)\u00d7415 (H)\u00d7144 (D) mm (outer case)<\/p>\n<p>406 MHz transmitter<\/p>\n<p>Operating frequency: 406.040 MHz<\/p>\n<p>Transmit power: 5W \u00b1 2dB<\/p>\n<p>121.5 MHz transmitter<\/p>\n<p>Operating frequency: 121.5MHz<\/p>\n<p>Transmit power: 50mW \u00b1 3dB PERP<\/p>\n<p>GNSS receiver<\/p>\n<p>Type: Built-in GNSS antenna<\/p>\n<p>Center frequency: L1-1575.42MHz<\/p>\n<p>batteries<\/p>\n<p>Battery voltage: 14.4 V (4 batteries)<\/p>\n<p>Storage life: up to 5 years for shipment (plus one year in stock)<\/p>\n<p>Continuous working time: \u226548 hours (at -20\u2103)<\/p>\n<p>matrix<\/p>\n<p>Working temperature: -20\u2103\uff5e+55\u2103.<\/p>\n<p>Storage temperature: -30\u2103\uff5e+70\u2103.<\/p>","protected":false},"excerpt":{"rendered":"<p>\u81ea\u6d6e\u5f0f\u536b\u661f\u7d27\u6025\u65e0\u7ebf\u7535\u793a\u4f4d\u6807\u8bbe\u5907 \u6cd5\u5f8b\u4f9d\u636e\uff1a\u300a\u4e2d\u534e\u4eba\u6c11\u5171\u548c\u56fd\u8239\u5458\u57f9\u8bad\u7ba1\u7406\u89c4\u5219\u300b\uff08\u4ea4\u901a\u8fd0\u8f93\u90e8\u4ee4 2019 \u5e74\u7b2c 5&hellip;<\/p>","protected":false},"featured_media":14837,"comment_status":"open","ping_status":"closed","template":"","meta":[],"product_brand":[],"product_cat":[309],"product_tag":[376,204,378,362,377,337,336,361],"class_list":{"0":"post-14836","1":"product","2":"type-product","3":"status-publish","4":"has-post-thumbnail","6":"product_cat-tongxindaohangshixunshi","7":"product_tag-aissoujiuleidayingdaqi","8":"product_tag-soujiuleidayingdaqi","9":"product_tag-zifushiweixingjinjiwuxiandianshiweibiaoshebei","10":"product_tag-hanghaiyiqi","11":"product_tag-hangxingjinggaojieshouji","12":"product_tag-chuanyuanpeixunneirong","13":"product_tag-chuanyuanpeixunshebei","14":"product_tag-tongxindaohangshixunshi","15":"description-off","17":"first","18":"instock","19":"taxable","20":"shipping-taxable","21":"purchasable","22":"product-type-simple"},"_links":{"self":[{"href":"http:\/\/www.erun-tech.com\/en\/wp-json\/wp\/v2\/product\/14836","targetHints":{"allow":["GET"]}}],"collection":[{"href":"http:\/\/www.erun-tech.com\/en\/wp-json\/wp\/v2\/product"}],"about":[{"href":"http:\/\/www.erun-tech.com\/en\/wp-json\/wp\/v2\/types\/product"}],"replies":[{"embeddable":true,"href":"http:\/\/www.erun-tech.com\/en\/wp-json\/wp\/v2\/comments?post=14836"}],"wp:featuredmedia":[{"embeddable":true,"href":"http:\/\/www.erun-tech.com\/en\/wp-json\/wp\/v2\/media\/14837"}],"wp:attachment":[{"href":"http:\/\/www.erun-tech.com\/en\/wp-json\/wp\/v2\/media?parent=14836"}],"wp:term":[{"taxonomy":"product_brand","embeddable":true,"href":"http:\/\/www.erun-tech.com\/en\/wp-json\/wp\/v2\/product_brand?post=14836"},{"taxonomy":"product_cat","embeddable":true,"href":"http:\/\/www.erun-tech.com\/en\/wp-json\/wp\/v2\/product_cat?post=14836"},{"taxonomy":"product_tag","embeddable":true,"href":"http:\/\/www.erun-tech.com\/en\/wp-json\/wp\/v2\/product_tag?post=14836"}],"curies":[{"name":"wp","href":"https:\/\/api.w.org\/{rel}","templated":true}]}}