{"id":14853,"date":"2024-03-25T23:06:53","date_gmt":"2024-03-25T15:06:53","guid":{"rendered":"http:\/\/www.erun-tech.com\/?post_type=product&#038;p=14853"},"modified":"2024-03-27T20:34:33","modified_gmt":"2024-03-27T12:34:33","slug":"shalunjishuangzhou","status":"publish","type":"product","link":"http:\/\/www.erun-tech.com\/en\/product\/shalunjishuangzhou","title":{"rendered":"Grinding Machine (Dual-Spindle)"},"content":{"rendered":"<h2><\/h2>\n<h2 style=\"text-align: center;\">Grinding Machine (Dual-Spindle)<\/h2>\n<div><strong>Legal Basis: Regulations on the Administration of Seafarer Training of the People's Republic of China (Order No. 5 of the Ministry of Transport, 2019)<\/strong><\/div>\n<div><strong>Product Category: Duty Engineer &amp; Chief Engineer, Chief Steward, Third Steward Training Equipment<br \/>\n<\/strong><\/div>\n<div><strong>Product Name\uff1aSander\uff08Double-axis)<\/strong><\/div>\n<div><strong>Functional Requirements: Meet the requirements of the training syllabus.<\/strong><\/div>\n<div><strong>Quantity specified: 3 units<\/strong><\/div>\n<div><\/div>\n<div><\/div>\n<p>Main motor power: 1.5 kW, Dust extraction motor power: 0.5 kW, Voltage: 380 V, Rotational speed: 2850 rpm, Grinding wheel dimensions: \u03c6250 mm \u00d7 25 \u00d7 32 mm, Overall dimensions: 720 \u00d7 380 \u00d7 1080 mm<\/p>","protected":false},"excerpt":{"rendered":"<p>\u7802\u8f6e\u673a\uff08\u53cc\u8f74\uff09 \u6cd5\u5f8b\u4f9d\u636e\uff1a\u300a\u4e2d\u534e\u4eba\u6c11\u5171\u548c\u56fd\u8239\u5458\u57f9\u8bad\u7ba1\u7406\u89c4\u5219\u300b\uff08\u4ea4\u901a\u8fd0\u8f93\u90e8\u4ee4 2019 \u5e74\u7b2c 5 \u53f7\uff09 \u4ea7\u54c1\u5206\u7c7b&hellip;<\/p>","protected":false},"featured_media":14854,"comment_status":"open","ping_status":"closed","template":"","meta":[],"product_brand":[],"product_cat":[310],"product_tag":[387,388,336,386,385],"class_list":{"0":"post-14853","1":"product","2":"type-product","3":"status-publish","4":"has-post-thumbnail","6":"product_cat-chegongshixunshi","7":"product_tag-jigongpeixunshebei","8":"product_tag-shalunjishuangzhou","9":"product_tag-chuanyuanpeixunshebei","10":"product_tag-chechuang","11":"product_tag-chechuangchejian","12":"description-off","14":"first","15":"instock","16":"taxable","17":"shipping-taxable","18":"purchasable","19":"product-type-simple"},"_links":{"self":[{"href":"http:\/\/www.erun-tech.com\/en\/wp-json\/wp\/v2\/product\/14853","targetHints":{"allow":["GET"]}}],"collection":[{"href":"http:\/\/www.erun-tech.com\/en\/wp-json\/wp\/v2\/product"}],"about":[{"href":"http:\/\/www.erun-tech.com\/en\/wp-json\/wp\/v2\/types\/product"}],"replies":[{"embeddable":true,"href":"http:\/\/www.erun-tech.com\/en\/wp-json\/wp\/v2\/comments?post=14853"}],"wp:featuredmedia":[{"embeddable":true,"href":"http:\/\/www.erun-tech.com\/en\/wp-json\/wp\/v2\/media\/14854"}],"wp:attachment":[{"href":"http:\/\/www.erun-tech.com\/en\/wp-json\/wp\/v2\/media?parent=14853"}],"wp:term":[{"taxonomy":"product_brand","embeddable":true,"href":"http:\/\/www.erun-tech.com\/en\/wp-json\/wp\/v2\/product_brand?post=14853"},{"taxonomy":"product_cat","embeddable":true,"href":"http:\/\/www.erun-tech.com\/en\/wp-json\/wp\/v2\/product_cat?post=14853"},{"taxonomy":"product_tag","embeddable":true,"href":"http:\/\/www.erun-tech.com\/en\/wp-json\/wp\/v2\/product_tag?post=14853"}],"curies":[{"name":"wp","href":"https:\/\/api.w.org\/{rel}","templated":true}]}}