{"id":1932,"date":"2019-07-07T10:18:35","date_gmt":"2019-07-07T02:18:35","guid":{"rendered":"http:\/\/www.eruntec.com\/?page_id=1932"},"modified":"2019-07-07T10:18:35","modified_gmt":"2019-07-07T02:18:35","slug":"chuanbomoniqivrdengzhinengshixunshi","status":"publish","type":"page","link":"http:\/\/www.erun-tech.com\/es\/services\/chuanbomoniqivrdengzhinengshixunshi","title":{"rendered":"Simuladores de barcos, realidad virtual y otras salas de formaci\u00f3n inteligentes."},"content":{"rendered":"<div class=\"vc_row wpb_row vc_row-fluid\"><div class=\"wpb_column vc_column_container vc_col-sm-12\"><div class=\"vc_column-inner vc_custom_1498229431694\"><div class=\"wpb_wrapper\"><div id=\"ultimate-heading-459469d7e1e3ed324\" class=\"uvc-heading ult-adjust-bottom-margin ultimate-heading-459469d7e1e3ed324 uvc-5772\" data-hspacer=\"no_spacer\"  data-halign=\"left\" style=\"text-align:left\"><div class=\"uvc-heading-spacer no_spacer\" style=\"top\"><\/div><div class=\"uvc-main-heading ult-responsive\"  data-ultimate-target='.uvc-heading.ultimate-heading-459469d7e1e3ed324 h2'  data-responsive-json-new='{\"font-size\":\"desktop:26px;\",\"line-height\":\"desktop:32px;\"}' ><h2 style=\"font-weight:bold;margin-bottom:20px;\">Simuladores de barcos, realidad virtual y otras salas de formaci\u00f3n inteligentes.<\/h2><\/div><\/div>\n\t<div class=\"wpb_text_column wpb_content_element\" >\n\t\t<div class=\"wpb_wrapper\">\n\t\t\t<p class=\"indentation\" data-v-0f7ab9e0=\"\">La serie de simuladores mar\u00edtimos comprende simuladores de maniobra de buques de misi\u00f3n completa, simuladores de radar, simuladores ECDIS y simuladores GMDSS. Estos cumplen los requisitos del Convenio STCW, el Programa de Formaci\u00f3n para la Gente de Mar de la Rep\u00fablica Popular China y laLa especificaci\u00f3n de evaluaci\u00f3n de competencias para la gente de mar de la Rep\u00fablica Popular China. El simulador de maniobra de buques de misi\u00f3n completa cuenta con la certificaci\u00f3n de grado m\u00e1s alto (Clase A) de Det Norske Veritas y la certificaci\u00f3n de la Sociedad de Clasificaci\u00f3n de China.<\/p>\n<p class=\"indentation\" data-v-0f7ab9e0=\"\">\u822a\u6d77\u6a21\u62df\u5668\u7cfb\u5217\u4ea7\u54c1\u6ee1\u8db3\u591a\u79cd\u4e1a\u52a1\u57f9\u8bad\u9700\u6c42\uff0c\u5982\u8239\u5458\u57f9\u8bad\u3001\u5f15\u822a\u5458\u57f9\u8bad\u3001VTS\u64cd\u4f5c\u5458\u57f9\u8bad\u3001GMDSS\u65e0\u7ebf\u7535\u64cd\u4f5c\u5458\u57f9\u8bad\uff0c\u4ee5\u53ca\u5176\u5b83\u7279\u6b8a\u4e1a\u52a1\u57f9\u8bad\uff08\u62d6\u8f6e\u4f5c\u4e1a\u3001\u6e14\u4e1a\u64cd\u4f5c\u3001\u51b0\u533a\u822a\u884c\u3001\u5185\u6cb3\u822a\u884c\u3001\u6e38\u8247\u64cd\u7eb5\u3001\u6ea2\u6cb9\u5e94\u6025\u3001\u641c\u5bfb\u6551\u52a9\uff09\uff0c\u8fd8\u53ef\u7528\u4e8e\u6e2f\u822a\u5de5\u7a0b\u8bba\u8bc1\u3001\u667a\u80fd\u8239\u7528\u8bbe\u5907\u9a8c\u8bc1\u7b49\u79d1\u5b66\u7814\u7a76\u3002<\/p>\n\n\t\t<\/div>\n\t<\/div>\n<style type=\"text\/css\" data-type=\"the7_shortcodes-inline-css\">.photos-carousel-shortcode-id-a05744013584b1819cb12af9aef8f178.owl-carousel .owl-nav a {\n  width: 36px;\n  height: 36px;\n  border-radius: 500px;\n}\n.photos-carousel-shortcode-id-a05744013584b1819cb12af9aef8f178.owl-carousel .owl-nav a:before,\n.photos-carousel-shortcode-id-a05744013584b1819cb12af9aef8f178.owl-carousel .owl-nav a:after {\n  border-width: 0px;\n}\n.photos-carousel-shortcode-id-a05744013584b1819cb12af9aef8f178.owl-carousel .owl-nav a.owl-prev {\n  top: 50%;\n  transform: translateY(calc(-50% + 0px));\n  left: -43px;\n}\n@media all and (-ms-high-contrast: none) {\n  .photos-carousel-shortcode-id-a05744013584b1819cb12af9aef8f178.owl-carousel .owl-nav a.owl-prev {\n    transform: translateY(-50%);\n    margin-top: 0px;\n  }\n}\n.photos-carousel-shortcode-id-a05744013584b1819cb12af9aef8f178.owl-carousel .owl-nav a.owl-prev i {\n  padding: 0px 0px 0px 0px;\n}\n.photos-carousel-shortcode-id-a05744013584b1819cb12af9aef8f178.owl-carousel .owl-nav a.owl-next {\n  top: 50%;\n  transform: translateY(calc(-50% + 0px));\n  right: -43px;\n}\n@media all and (-ms-high-contrast: none) {\n  .photos-carousel-shortcode-id-a05744013584b1819cb12af9aef8f178.owl-carousel .owl-nav a.owl-next {\n    transform: translateY(-50%);\n    margin-top: 0px;\n  }\n}\n.photos-carousel-shortcode-id-a05744013584b1819cb12af9aef8f178.owl-carousel .owl-nav a.owl-next i {\n  padding: 0px 0px 0px 0px;\n}\n.photos-carousel-shortcode-id-a05744013584b1819cb12af9aef8f178.owl-carousel .owl-nav i {\n  font-size: 18px;\n}\n.photos-carousel-shortcode-id-a05744013584b1819cb12af9aef8f178.owl-carousel .owl-nav a:not(:hover) i,\n.photos-carousel-shortcode-id-a05744013584b1819cb12af9aef8f178.owl-carousel .owl-nav a:not(:hover) i:before {\n  color: #ffffff;\n  background: none;\n}\n.photos-carousel-shortcode-id-a05744013584b1819cb12af9aef8f178.owl-carousel .owl-nav a:hover i,\n.photos-carousel-shortcode-id-a05744013584b1819cb12af9aef8f178.owl-carousel .owl-nav a:hover i:before {\n  color: rgba(255,255,255,0.75);\n  background: none;\n}\n.photos-carousel-shortcode-id-a05744013584b1819cb12af9aef8f178 .owl-dots {\n  top: calc(100% + 20px);\n  left: 50%;\n  transform: translateX(calc(-50% + 0px));\n}\n@media all and (-ms-high-contrast: none) {\n  .photos-carousel-shortcode-id-a05744013584b1819cb12af9aef8f178 .owl-dots {\n    transform: translateX(-50%);\n    margin-left: 0px;\n  }\n}\n.photos-carousel-shortcode-id-a05744013584b1819cb12af9aef8f178 .owl-dot {\n  width: 10px;\n  height: 10px;\n  margin: 0 8px;\n}\n@media screen and (max-width: 778px) {\n  .photos-carousel-shortcode-id-a05744013584b1819cb12af9aef8f178.hide-arrows.owl-carousel .owl-nav a {\n    display: none;\n  }\n}\n@media screen and (max-width: 778px) {\n  .photos-carousel-shortcode-id-a05744013584b1819cb12af9aef8f178.reposition-arrows.owl-carousel .owl-nav .owl-prev {\n    top: 50%;\n    transform: translateY(calc(-50% + 0px));\n    left: 10px;\n  }\n  .photos-carousel-shortcode-id-a05744013584b1819cb12af9aef8f178.reposition-arrows.owl-carousel .owl-nav .owl-next {\n    top: 50%;\n    transform: translateY(calc(-50% + 0px));\n    right: 10px;\n  }\n}\n@media screen and (max-width: 778px) and all and (-ms-high-contrast: none) {\n  .photos-carousel-shortcode-id-a05744013584b1819cb12af9aef8f178.reposition-arrows.owl-carousel .owl-nav .owl-prev {\n    transform: translateY(-50%);\n    margin-top: 0px;\n  }\n}\n@media screen and (max-width: 778px) and all and (-ms-high-contrast: none) {\n  .photos-carousel-shortcode-id-a05744013584b1819cb12af9aef8f178.reposition-arrows.owl-carousel .owl-nav .owl-next {\n    transform: translateY(-50%);\n    margin-top: 0px;\n  }\n}\n.photos-carousel-shortcode-id-a05744013584b1819cb12af9aef8f178 figure,\n.photos-carousel-shortcode-id-a05744013584b1819cb12af9aef8f178 .rollover,\n.photos-carousel-shortcode-id-a05744013584b1819cb12af9aef8f178 img,\n.photos-carousel-shortcode-id-a05744013584b1819cb12af9aef8f178 .gallery-rollover {\n  border-radius: 0px;\n}\n.photos-carousel-shortcode-id-a05744013584b1819cb12af9aef8f178.enable-bg-rollover .gallery-rollover {\n  background: -webkit-linear-gradient();\n  background: linear-gradient();\n}\n.photos-carousel-shortcode-id-a05744013584b1819cb12af9aef8f178.enable-bg-rollover.hover-scale .rollover:after {\n  background: -webkit-linear-gradient();\n  background: linear-gradient();\n}\n.photos-carousel-shortcode-id-a05744013584b1819cb12af9aef8f178.enable-img-shadow .owl-stage-outer {\n  padding: 14px 0;\n}\n.photos-carousel-shortcode-id-a05744013584b1819cb12af9aef8f178.gallery-shortcode .gallery-zoom-ico {\n  width: 44px;\n  height: 44px;\n  line-height: 44px;\n  border-radius: 100px;\n  margin: -22px 0 0 -22px;\n  border-width: 0px;\n}\n.dt-icon-bg-on.photos-carousel-shortcode-id-a05744013584b1819cb12af9aef8f178.gallery-shortcode .gallery-zoom-ico {\n  background: rgba(255,255,255,0.3);\n  -webkit-box-shadow: none;\n  box-shadow: none;\n}\n.photos-carousel-shortcode-id-a05744013584b1819cb12af9aef8f178.gallery-shortcode .gallery-zoom-ico:before,\n.photos-carousel-shortcode-id-a05744013584b1819cb12af9aef8f178.gallery-shortcode .gallery-zoom-ico span {\n  font-size: 32px;\n  line-height: 44px;\n  color: #ffffff;\n  background: none;\n}<\/style><div class=\"owl-carousel gallery-carousel-shortcode gallery-shortcode dt-gallery-container album-gallery-shortcode dt-owl-carousel-call photos-carousel-shortcode-id-a05744013584b1819cb12af9aef8f178 quick-scale-img enable-bg-rollover meta-info-off bullets-small-dot-stroke reposition-arrows dt-icon-bg-off arrows-bg-on dt-arrow-border-on dt-arrow-hover-border-on disable-arrows-hover-bg arrows-hover-bg-on  hover-fade\" data-scroll-mode=\"1\" data-col-num=\"6\" data-wide-col-num=\"6\" data-laptop-col=\"5\" data-h-tablet-columns-num=\"4\" data-v-tablet-columns-num=\"3\" data-phone-columns-num=\"1\" data-col-gap=\"10\" data-stage-padding=\"0\" data-speed=\"600\" data-autoplay=\"false\" data-autoplay_speed=\"6000\" data-arrows=\"true\" data-bullet=\"false\" data-next-icon=\"icon-ar-017-r\" data-prev-icon=\"icon-ar-017-l\" data-img-shadow-size=\"12px\" data-img-shadow-spread=\"3px\"><article class=\"post visible post-2095 attachment type-attachment status-inherit hentry\"><a href=\"http:\/\/www.erun-tech.com\/wp-content\/uploads\/2016\/01\/\u57fa\u672c\u5b89\u5168\u5b9e\u8bad\u5ba41-1.jpg\" class=\"rollover-click-target rollover dt-pswp-item layzr-bg\" title=\"Aula de formaci\u00f3n b\u00e1sica en seguridad 1\" data-dt-img-description=\"\"  data-large_image_width=\"450\" data-large_image_height = \"300\" ><img fetchpriority=\"high\" decoding=\"async\" class=\"preload-me owl-lazy-load aspect\" src=\"data:image\/svg+xml,%3Csvg%20xmlns%3D&#39;http%3A%2F%2Fwww.w3.org%2F2000%2Fsvg&#39;%20viewBox%3D&#39;0%200%20300%20300&#39;%2F%3E\" data-src=\"http:\/\/www.erun-tech.com\/wp-content\/uploads\/2016\/01\/\u57fa\u672c\u5b89\u5168\u5b9e\u8bad\u5ba41-1-300x300.jpg\" data-srcset=\"http:\/\/www.erun-tech.com\/wp-content\/uploads\/2016\/01\/\u57fa\u672c\u5b89\u5168\u5b9e\u8bad\u5ba41-1-300x300.jpg 300w\" loading=\"eager\" style=\"--ratio: 300 \/ 300\" sizes=\"(max-width: 300px) 100vw, 300px\" alt=\"Sala de formaci\u00f3n b\u00e1sica en seguridad\" width=\"300\" height=\"300\" title=\"\u8239\u8236\u6a21\u62df\u5668\u3001VR\u7b49\u667a\u80fd\u5b9e\u8bad\u5ba4\u63d2\u56fe\" \/><span class=\"gallery-rollover\"><span class=\"gallery-zoom-ico icomoon-the7-font-the7-zoom-06\"><span><\/span><\/span><\/span><\/a><\/article><article class=\"post visible post-2096 attachment type-attachment status-inherit hentry\"><a href=\"http:\/\/www.erun-tech.com\/wp-content\/uploads\/2016\/01\/\u57fa\u672c\u5b89\u5168\u5b9e\u8bad\u5ba42-1.jpg\" class=\"rollover-click-target rollover dt-pswp-item layzr-bg\" title=\"Aula de formaci\u00f3n b\u00e1sica en seguridad 2\" data-dt-img-description=\"\"  data-large_image_width=\"450\" data-large_image_height = \"300\" ><img decoding=\"async\" class=\"preload-me owl-lazy-load aspect\" src=\"data:image\/svg+xml,%3Csvg%20xmlns%3D&#39;http%3A%2F%2Fwww.w3.org%2F2000%2Fsvg&#39;%20viewBox%3D&#39;0%200%20300%20300&#39;%2F%3E\" data-src=\"http:\/\/www.erun-tech.com\/wp-content\/uploads\/2016\/01\/\u57fa\u672c\u5b89\u5168\u5b9e\u8bad\u5ba42-1-300x300.jpg\" data-srcset=\"http:\/\/www.erun-tech.com\/wp-content\/uploads\/2016\/01\/\u57fa\u672c\u5b89\u5168\u5b9e\u8bad\u5ba42-1-300x300.jpg 300w\" loading=\"eager\" style=\"--ratio: 300 \/ 300\" sizes=\"(max-width: 300px) 100vw, 300px\"  width=\"300\" height=\"300\" title=\"\u8239\u8236\u6a21\u62df\u5668\u3001VR\u7b49\u667a\u80fd\u5b9e\u8bad\u5ba4\u63d2\u56fe1\" alt=\"\u8239\u8236\u6a21\u62df\u5668\u3001VR\u7b49\u667a\u80fd\u5b9e\u8bad\u5ba4\u63d2\u56fe1\" \/><span class=\"gallery-rollover\"><span class=\"gallery-zoom-ico icomoon-the7-font-the7-zoom-06\"><span><\/span><\/span><\/span><\/a><\/article><article class=\"post visible post-2097 attachment type-attachment status-inherit hentry\"><a href=\"http:\/\/www.erun-tech.com\/wp-content\/uploads\/2016\/01\/\u57fa\u672c\u5b89\u5168\u5b9e\u8bad\u5ba43-1.jpg\" class=\"rollover-click-target rollover dt-pswp-item layzr-bg\" title=\"Aula de formaci\u00f3n b\u00e1sica en seguridad 3\" data-dt-img-description=\"\"  data-large_image_width=\"450\" data-large_image_height = \"300\" ><img decoding=\"async\" class=\"preload-me owl-lazy-load aspect\" src=\"data:image\/svg+xml,%3Csvg%20xmlns%3D&#39;http%3A%2F%2Fwww.w3.org%2F2000%2Fsvg&#39;%20viewBox%3D&#39;0%200%20300%20300&#39;%2F%3E\" data-src=\"http:\/\/www.erun-tech.com\/wp-content\/uploads\/2016\/01\/\u57fa\u672c\u5b89\u5168\u5b9e\u8bad\u5ba43-1-300x300.jpg\" data-srcset=\"http:\/\/www.erun-tech.com\/wp-content\/uploads\/2016\/01\/\u57fa\u672c\u5b89\u5168\u5b9e\u8bad\u5ba43-1-300x300.jpg 300w\" loading=\"eager\" style=\"--ratio: 300 \/ 300\" sizes=\"(max-width: 300px) 100vw, 300px\"  width=\"300\" height=\"300\" title=\"\u8239\u8236\u6a21\u62df\u5668\u3001VR\u7b49\u667a\u80fd\u5b9e\u8bad\u5ba4\u63d2\u56fe2\" alt=\"\u8239\u8236\u6a21\u62df\u5668\u3001VR\u7b49\u667a\u80fd\u5b9e\u8bad\u5ba4\u63d2\u56fe2\" \/><span class=\"gallery-rollover\"><span class=\"gallery-zoom-ico icomoon-the7-font-the7-zoom-06\"><span><\/span><\/span><\/span><\/a><\/article><article class=\"post visible post-2098 attachment type-attachment status-inherit hentry\"><a href=\"http:\/\/www.erun-tech.com\/wp-content\/uploads\/2016\/01\/\u57fa\u672c\u5b89\u5168\u5b9e\u8bad\u5ba44-1.jpg\" class=\"rollover-click-target rollover dt-pswp-item layzr-bg\" title=\"Aula de formaci\u00f3n b\u00e1sica en seguridad 4\" data-dt-img-description=\"\"  data-large_image_width=\"450\" data-large_image_height = \"300\" ><img decoding=\"async\" class=\"preload-me owl-lazy-load aspect\" src=\"data:image\/svg+xml,%3Csvg%20xmlns%3D&#39;http%3A%2F%2Fwww.w3.org%2F2000%2Fsvg&#39;%20viewBox%3D&#39;0%200%20300%20300&#39;%2F%3E\" data-src=\"http:\/\/www.erun-tech.com\/wp-content\/uploads\/2016\/01\/\u57fa\u672c\u5b89\u5168\u5b9e\u8bad\u5ba44-1-300x300.jpg\" data-srcset=\"http:\/\/www.erun-tech.com\/wp-content\/uploads\/2016\/01\/\u57fa\u672c\u5b89\u5168\u5b9e\u8bad\u5ba44-1-300x300.jpg 300w\" loading=\"eager\" style=\"--ratio: 300 \/ 300\" sizes=\"(max-width: 300px) 100vw, 300px\"  width=\"300\" height=\"300\" title=\"\u8239\u8236\u6a21\u62df\u5668\u3001VR\u7b49\u667a\u80fd\u5b9e\u8bad\u5ba4\u63d2\u56fe3\" alt=\"\u8239\u8236\u6a21\u62df\u5668\u3001VR\u7b49\u667a\u80fd\u5b9e\u8bad\u5ba4\u63d2\u56fe3\" \/><span class=\"gallery-rollover\"><span class=\"gallery-zoom-ico icomoon-the7-font-the7-zoom-06\"><span><\/span><\/span><\/span><\/a><\/article><article class=\"post visible post-2099 attachment type-attachment status-inherit hentry\"><a href=\"http:\/\/www.erun-tech.com\/wp-content\/uploads\/2016\/01\/\u57fa\u672c\u5b89\u5168\u5b9e\u8bad\u5ba45-1.jpg\" class=\"rollover-click-target rollover dt-pswp-item layzr-bg\" title=\"Sala de formaci\u00f3n b\u00e1sica en seguridad 5\" data-dt-img-description=\"\"  data-large_image_width=\"450\" data-large_image_height = \"300\" ><img decoding=\"async\" class=\"preload-me owl-lazy-load aspect\" src=\"data:image\/svg+xml,%3Csvg%20xmlns%3D&#39;http%3A%2F%2Fwww.w3.org%2F2000%2Fsvg&#39;%20viewBox%3D&#39;0%200%20300%20300&#39;%2F%3E\" data-src=\"http:\/\/www.erun-tech.com\/wp-content\/uploads\/2016\/01\/\u57fa\u672c\u5b89\u5168\u5b9e\u8bad\u5ba45-1-300x300.jpg\" data-srcset=\"http:\/\/www.erun-tech.com\/wp-content\/uploads\/2016\/01\/\u57fa\u672c\u5b89\u5168\u5b9e\u8bad\u5ba45-1-300x300.jpg 300w\" loading=\"eager\" style=\"--ratio: 300 \/ 300\" sizes=\"(max-width: 300px) 100vw, 300px\" alt=\"Sala de formaci\u00f3n b\u00e1sica en seguridad\" width=\"300\" height=\"300\" title=\"\u8239\u8236\u6a21\u62df\u5668\u3001VR\u7b49\u667a\u80fd\u5b9e\u8bad\u5ba4\u63d2\u56fe4\" \/><span class=\"gallery-rollover\"><span class=\"gallery-zoom-ico icomoon-the7-font-the7-zoom-06\"><span><\/span><\/span><\/span><\/a><\/article><article class=\"post visible post-2100 attachment type-attachment status-inherit hentry\"><a href=\"http:\/\/www.erun-tech.com\/wp-content\/uploads\/2016\/01\/\u57fa\u672c\u5b89\u5168\u5b9e\u8bad\u5ba46-1.jpg\" class=\"rollover-click-target rollover dt-pswp-item layzr-bg\" title=\"Aula de formaci\u00f3n b\u00e1sica en seguridad 6\" data-dt-img-description=\"\"  data-large_image_width=\"450\" data-large_image_height = \"253\" ><img decoding=\"async\" class=\"preload-me owl-lazy-load aspect\" src=\"data:image\/svg+xml,%3Csvg%20xmlns%3D&#39;http%3A%2F%2Fwww.w3.org%2F2000%2Fsvg&#39;%20viewBox%3D&#39;0%200%20253%20253&#39;%2F%3E\" data-src=\"http:\/\/www.erun-tech.com\/wp-content\/uploads\/2016\/01\/\u57fa\u672c\u5b89\u5168\u5b9e\u8bad\u5ba46-1-253x253.jpg\" data-srcset=\"http:\/\/www.erun-tech.com\/wp-content\/uploads\/2016\/01\/\u57fa\u672c\u5b89\u5168\u5b9e\u8bad\u5ba46-1-253x253.jpg 253w\" loading=\"eager\" style=\"--ratio: 253 \/ 253\" sizes=\"(max-width: 253px) 100vw, 253px\"  width=\"253\" height=\"253\" title=\"\u8239\u8236\u6a21\u62df\u5668\u3001VR\u7b49\u667a\u80fd\u5b9e\u8bad\u5ba4\u63d2\u56fe5\" alt=\"\u8239\u8236\u6a21\u62df\u5668\u3001VR\u7b49\u667a\u80fd\u5b9e\u8bad\u5ba4\u63d2\u56fe5\" \/><span class=\"gallery-rollover\"><span class=\"gallery-zoom-ico icomoon-the7-font-the7-zoom-06\"><span><\/span><\/span><\/span><\/a><\/article><\/div><\/div><\/div><\/div><div class=\"wpb_column vc_column_container vc_col-sm-12\"><div class=\"vc_column-inner vc_custom_1498229445232\"><div class=\"wpb_wrapper\"><div id=\"ultimate-heading-437069d7e1e3f27c8\" class=\"uvc-heading ult-adjust-bottom-margin ultimate-heading-437069d7e1e3f27c8 uvc-1156\" data-hspacer=\"no_spacer\"  data-halign=\"left\" style=\"text-align:left\"><div class=\"uvc-heading-spacer no_spacer\" style=\"top\"><\/div><div class=\"uvc-main-heading ult-responsive\"  data-ultimate-target='.uvc-heading.ultimate-heading-437069d7e1e3f27c8 h2'  data-responsive-json-new='{\"font-size\":\"desktop:26px;\",\"line-height\":\"desktop:32px;\"}' ><h2 style=\"font-weight:bold;margin-bottom:20px;\">Flujo de trabajo<\/h2><\/div><\/div><div class=\"smile_icon_list_wrap ult_info_list_container ult-adjust-bottom-margin   vc_custom_1498230419199\"><ul class=\"smile_icon_list left hexagon\"><li class=\"icon_list_item\" style=\" font-size:60px;\"><div class=\"icon_list_icon\" data-animation=\"\" data-animation-delay=\"03\" style=\"font-size:20px;background:#ffb536;color:#ffffff;border-color:#ffb536;\"><i class=\"icomoon-icomoonfree-16x16-pen\" ><\/i><\/div><div class=\"icon_description\" id=\"Info-list-wrap-2372\" style=\"font-size:20px;\"><h3 class=\"ult-responsive info-list-heading\"  data-ultimate-target='#Info-list-wrap-2372 h3'  data-responsive-json-new='{\"font-size\":\"desktop:16px;\",\"line-height\":\"desktop:22px;\"}'  style=\"font-family:&#039;Open Sans Condensed&#039;;font-weight:700;\">1. Debates preliminares<\/h3><div class=\"icon_description_text ult-responsive\"  data-ultimate-target='#Info-list-wrap-2372 .icon_description_text'  data-responsive-json-new='{\"font-size\":\"desktop:12px;\",\"line-height\":\"desktop:20px;\"}'  style=\"\"><p>Antes de la implementaci\u00f3n del plan del proyecto escolar, nuestra empresa puede proporcionar asesoramiento t\u00e9cnico gratuito, manteniendo una comunicaci\u00f3n eficaz y un intercambio t\u00e9cnico.<\/p>\n<\/div><\/div><div class=\"icon_list_connector\"  style=\"border-right-width: 1px;border-right-style: dashed;border-color: #ffb536;\"><\/div><\/li><li class=\"icon_list_item\" style=\" font-size:60px;\"><div class=\"icon_list_icon\" data-animation=\"\" data-animation-delay=\"03\" style=\"font-size:20px;background:#ffb536;color:#ffffff;border-color:#ffb536;\"><i class=\"icomoon-icomoonfree-16x16-bubbles4\" ><\/i><\/div><div class=\"icon_description\" id=\"Info-list-wrap-2575\" style=\"font-size:20px;\"><h3 class=\"ult-responsive info-list-heading\"  data-ultimate-target='#Info-list-wrap-2575 h3'  data-responsive-json-new='{\"font-size\":\"desktop:16px;\",\"line-height\":\"desktop:22px;\"}'  style=\"font-family:&#039;Open Sans Condensed&#039;;font-weight:700;\">2. Inspecci\u00f3n del emplazamiento<\/h3><div class=\"icon_description_text ult-responsive\"  data-ultimate-target='#Info-list-wrap-2575 .icon_description_text'  data-responsive-json-new='{\"font-size\":\"desktop:12px;\",\"line-height\":\"desktop:20px;\"}'  style=\"\"><p>Si la escuela muestra inter\u00e9s en nuestra soluci\u00f3n propuesta, nuestra empresa llevar\u00e1 a cabo un estudio del emplazamiento y las mediciones necesarias para el proyecto de forma gratuita, al tiempo que proporcionar\u00e1 asistencia t\u00e9cnica.<\/p>\n<\/div><\/div><div class=\"icon_list_connector\"  style=\"border-right-width: 1px;border-right-style: dashed;border-color: #ffb536;\"><\/div><\/li><li class=\"icon_list_item\" style=\" font-size:60px;\"><div class=\"icon_list_icon\" data-animation=\"\" data-animation-delay=\"03\" style=\"font-size:20px;background:#ffb536;color:#ffffff;border-color:#ffb536;\"><i class=\"icomoon-icomoonfree-16x16-stats-bars\" ><\/i><\/div><div class=\"icon_description\" id=\"Info-list-wrap-2174\" style=\"font-size:20px;\"><h3 class=\"ult-responsive info-list-heading\"  data-ultimate-target='#Info-list-wrap-2174 h3'  data-responsive-json-new='{\"font-size\":\"desktop:16px;\",\"line-height\":\"desktop:22px;\"}'  style=\"font-family:&#039;Open Sans Condensed&#039;;font-weight:700;\">3. Plan preliminar de contingencia<\/h3><div class=\"icon_description_text ult-responsive\"  data-ultimate-target='#Info-list-wrap-2174 .icon_description_text'  data-responsive-json-new='{\"font-size\":\"desktop:12px;\",\"line-height\":\"desktop:20px;\"}'  style=\"\"><p>Tras la visita al emplazamiento, nuestra empresa elaborar\u00e1 una propuesta personalizada para el colegio basada en sus requisitos, incluyendo un presupuesto aproximado y las especificaciones t\u00e9cnicas b\u00e1sicas.<\/p>\n<\/div><\/div><div class=\"icon_list_connector\"  style=\"border-right-width: 1px;border-right-style: dashed;border-color: #ffb536;\"><\/div><\/li><li class=\"icon_list_item\" style=\" font-size:60px;\"><div class=\"icon_list_icon\" data-animation=\"\" data-animation-delay=\"03\" style=\"font-size:20px;background:#ffb536;color:#ffffff;border-color:#ffb536;\"><i class=\"icomoon-icomoonfree-16x16-cogs\" ><\/i><\/div><div class=\"icon_description\" id=\"Info-list-wrap-4497\" style=\"font-size:20px;\"><h3 class=\"ult-responsive info-list-heading\"  data-ultimate-target='#Info-list-wrap-4497 h3'  data-responsive-json-new='{\"font-size\":\"desktop:16px;\",\"line-height\":\"desktop:22px;\"}'  style=\"font-family:&#039;Open Sans Condensed&#039;;font-weight:700;\">4. Finalizar el plan.<\/h3><div class=\"icon_description_text ult-responsive\"  data-ultimate-target='#Info-list-wrap-4497 .icon_description_text'  data-responsive-json-new='{\"font-size\":\"desktop:12px;\",\"line-height\":\"desktop:20px;\"}'  style=\"\"><p>De acuerdo con el plan de contingencia previamente establecido, si ambas partes no tienen objeciones, nuestra empresa tendr\u00e1 plenamente en cuenta los requisitos y las circunstancias de la escuela. Formularemos un plan de implementaci\u00f3n definitivo para el proyecto final de la escuela, que incluir\u00e1 el calendario de implementaci\u00f3n, el presupuesto detallado, las especificaciones precisas, las disposiciones de mantenimiento y las disposiciones de servicio posventa.<\/p>\n<\/div><\/div><div class=\"icon_list_connector\"  style=\"border-right-width: 1px;border-right-style: dashed;border-color: #ffb536;\"><\/div><\/li><li class=\"icon_list_item\" style=\" font-size:60px;\"><div class=\"icon_list_icon\" data-animation=\"\" data-animation-delay=\"03\" style=\"font-size:20px;background:#ffb536;color:#ffffff;border-color:#ffb536;\"><i class=\"icomoon-icomoonfree-16x16-star-full\" ><\/i><\/div><div class=\"icon_description\" id=\"Info-list-wrap-7947\" style=\"font-size:20px;\"><h3 class=\"ult-responsive info-list-heading\"  data-ultimate-target='#Info-list-wrap-7947 h3'  data-responsive-json-new='{\"font-size\":\"desktop:16px;\",\"line-height\":\"desktop:22px;\"}'  style=\"font-family:&#039;Open Sans Condensed&#039;;font-weight:700;\">5. Construcci\u00f3n del proyecto<\/h3><div class=\"icon_description_text ult-responsive\"  data-ultimate-target='#Info-list-wrap-7947 .icon_description_text'  data-responsive-json-new='{\"font-size\":\"desktop:12px;\",\"line-height\":\"desktop:20px;\"}'  style=\"\"><p>Comenzaremos la construcci\u00f3n dentro del plazo estipulado seg\u00fan los requisitos del contrato, asegur\u00e1ndonos de que el proyecto se complete con el nivel y la calidad requeridos, garantizando as\u00ed la aceptaci\u00f3n final por parte de la escuela y la Administraci\u00f3n Mar\u00edtima.<\/p>\n<\/div><\/div><div class=\"icon_list_connector\"  style=\"border-right-width: 1px;border-right-style: dashed;border-color: #ffb536;\"><\/div><\/li><\/ul><\/div><\/div><\/div><\/div><\/div>","protected":false},"excerpt":{"rendered":"<p>\u8239\u8236\u6a21\u62df\u5668\u3001VR\u7b49\u667a\u80fd\u5b9e\u8bad\u5ba4 \u822a\u6d77\u6a21\u62df\u5668\u7cfb\u5217\u4ea7\u54c1\u5305\u62ec\u5168\u4efb\u52a1\u8239\u8236\u64cd\u7eb5\u6a21\u62df\u5668\u3001\u96f7\u8fbe\u6a21\u62df\u5668\u3001ECDIS\u6a21\u62df\u5668\u3001GMD&hellip;<\/p>","protected":false},"author":1,"featured_media":0,"parent":7,"menu_order":0,"comment_status":"closed","ping_status":"closed","template":"","meta":{"footnotes":""},"class_list":["post-1932","page","type-page","status-publish","hentry","description-off"],"amp_enabled":true,"_links":{"self":[{"href":"http:\/\/www.erun-tech.com\/es\/wp-json\/wp\/v2\/pages\/1932","targetHints":{"allow":["GET"]}}],"collection":[{"href":"http:\/\/www.erun-tech.com\/es\/wp-json\/wp\/v2\/pages"}],"about":[{"href":"http:\/\/www.erun-tech.com\/es\/wp-json\/wp\/v2\/types\/page"}],"author":[{"embeddable":true,"href":"http:\/\/www.erun-tech.com\/es\/wp-json\/wp\/v2\/users\/1"}],"replies":[{"embeddable":true,"href":"http:\/\/www.erun-tech.com\/es\/wp-json\/wp\/v2\/comments?post=1932"}],"version-history":[{"count":0,"href":"http:\/\/www.erun-tech.com\/es\/wp-json\/wp\/v2\/pages\/1932\/revisions"}],"up":[{"embeddable":true,"href":"http:\/\/www.erun-tech.com\/es\/wp-json\/wp\/v2\/pages\/7"}],"wp:attachment":[{"href":"http:\/\/www.erun-tech.com\/es\/wp-json\/wp\/v2\/media?parent=1932"}],"curies":[{"name":"wp","href":"https:\/\/api.w.org\/{rel}","templated":true}]}}