{"id":1935,"date":"2019-07-07T10:19:37","date_gmt":"2019-07-07T02:19:37","guid":{"rendered":"http:\/\/www.eruntec.com\/?page_id=1935"},"modified":"2019-07-07T10:19:37","modified_gmt":"2019-07-07T02:19:37","slug":"dingzhiqitahanghaileixiangguan","status":"publish","type":"page","link":"http:\/\/www.erun-tech.com\/es\/services\/dingzhiqitahanghaileixiangguan","title":{"rendered":"Personaliza otros art\u00edculos relacionados con la n\u00e1utica."},"content":{"rendered":"<div class=\"vc_row wpb_row vc_row-fluid\"><div class=\"wpb_column vc_column_container vc_col-sm-12\"><div class=\"vc_column-inner vc_custom_1498229431694\"><div class=\"wpb_wrapper\"><div id=\"ultimate-heading-74369d7e414d3618\" class=\"uvc-heading ult-adjust-bottom-margin ultimate-heading-74369d7e414d3618 uvc-5019\" data-hspacer=\"no_spacer\"  data-halign=\"left\" style=\"text-align:left\"><div class=\"uvc-heading-spacer no_spacer\" style=\"top\"><\/div><div class=\"uvc-main-heading ult-responsive\"  data-ultimate-target='.uvc-heading.ultimate-heading-74369d7e414d3618 h2'  data-responsive-json-new='{\"font-size\":\"desktop:26px;\",\"line-height\":\"desktop:32px;\"}' ><h2 style=\"font-weight:bold;margin-bottom:20px;\">Personaliza otros art\u00edculos relacionados con la n\u00e1utica.<\/h2><\/div><\/div>\n\t<div class=\"wpb_text_column wpb_content_element\" >\n\t\t<div class=\"wpb_wrapper\">\n\t\t\t<p>El panorama internacional y nacional se encuentra en constante cambio. Yirun Company comprende los requisitos profesionales de diversos armadores para los marinos en su origen. Integrando las \u00faltimas investigaciones de las principales universidades, innovamos constantemente con la ense\u00f1anza y la aplicaci\u00f3n pr\u00e1ctica como base. En respuesta a la tendencia actual de disminuci\u00f3n del n\u00famero de marinos en China, hemos introducido una serie de programas de desarrollo dise\u00f1ados para satisfacer las demandas del mercado y alinearse con los objetivos de la pol\u00edtica mar\u00edtima nacional.<\/p>\n<p>Por ejemplo, para atraer a m\u00e1s j\u00f3venes a nuestras filas mar\u00edtimas, hemos puesto en marcha un programa de formaci\u00f3n pr\u00e1ctica que incluye la simulaci\u00f3n del desarrollo cultural en un barco real. Centrado en la evoluci\u00f3n de la cultura marinera, emplea fotograf\u00edas, textos, figuras de cera de personajes destacados, artefactos o maquetas, m\u00fasica, v\u00eddeos, mesas de arena,efectos \u00f3pticos y simulaciones de realidad virtual. En \u00e9l se muestra la historia de la exploraci\u00f3n mar\u00edtima mundial y china, junto con los buques, puertos y v\u00edas navegables relacionados con la navegaci\u00f3n. Se muestra a los visitantes la importancia vital del transporte mar\u00edtimo para la econom\u00eda mundial y el papel indispensable de los marinos en ella. \u00a1La respuesta ha sido abrumadoramente positiva!<\/p>\n\n\t\t<\/div>\n\t<\/div>\n<style type=\"text\/css\" data-type=\"the7_shortcodes-inline-css\">.photos-carousel-shortcode-id-a05744013584b1819cb12af9aef8f178.owl-carousel .owl-nav a {\n  width: 36px;\n  height: 36px;\n  border-radius: 500px;\n}\n.photos-carousel-shortcode-id-a05744013584b1819cb12af9aef8f178.owl-carousel .owl-nav a:before,\n.photos-carousel-shortcode-id-a05744013584b1819cb12af9aef8f178.owl-carousel .owl-nav a:after {\n  border-width: 0px;\n}\n.photos-carousel-shortcode-id-a05744013584b1819cb12af9aef8f178.owl-carousel .owl-nav a.owl-prev {\n  top: 50%;\n  transform: translateY(calc(-50% + 0px));\n  left: -43px;\n}\n@media all and (-ms-high-contrast: none) {\n  .photos-carousel-shortcode-id-a05744013584b1819cb12af9aef8f178.owl-carousel .owl-nav a.owl-prev {\n    transform: translateY(-50%);\n    margin-top: 0px;\n  }\n}\n.photos-carousel-shortcode-id-a05744013584b1819cb12af9aef8f178.owl-carousel .owl-nav a.owl-prev i {\n  padding: 0px 0px 0px 0px;\n}\n.photos-carousel-shortcode-id-a05744013584b1819cb12af9aef8f178.owl-carousel .owl-nav a.owl-next {\n  top: 50%;\n  transform: translateY(calc(-50% + 0px));\n  right: -43px;\n}\n@media all and (-ms-high-contrast: none) {\n  .photos-carousel-shortcode-id-a05744013584b1819cb12af9aef8f178.owl-carousel .owl-nav a.owl-next {\n    transform: translateY(-50%);\n    margin-top: 0px;\n  }\n}\n.photos-carousel-shortcode-id-a05744013584b1819cb12af9aef8f178.owl-carousel .owl-nav a.owl-next i {\n  padding: 0px 0px 0px 0px;\n}\n.photos-carousel-shortcode-id-a05744013584b1819cb12af9aef8f178.owl-carousel .owl-nav i {\n  font-size: 18px;\n}\n.photos-carousel-shortcode-id-a05744013584b1819cb12af9aef8f178.owl-carousel .owl-nav a:not(:hover) i,\n.photos-carousel-shortcode-id-a05744013584b1819cb12af9aef8f178.owl-carousel .owl-nav a:not(:hover) i:before {\n  color: #ffffff;\n  background: none;\n}\n.photos-carousel-shortcode-id-a05744013584b1819cb12af9aef8f178.owl-carousel .owl-nav a:hover i,\n.photos-carousel-shortcode-id-a05744013584b1819cb12af9aef8f178.owl-carousel .owl-nav a:hover i:before {\n  color: rgba(255,255,255,0.75);\n  background: none;\n}\n.photos-carousel-shortcode-id-a05744013584b1819cb12af9aef8f178 .owl-dots {\n  top: calc(100% + 20px);\n  left: 50%;\n  transform: translateX(calc(-50% + 0px));\n}\n@media all and (-ms-high-contrast: none) {\n  .photos-carousel-shortcode-id-a05744013584b1819cb12af9aef8f178 .owl-dots {\n    transform: translateX(-50%);\n    margin-left: 0px;\n  }\n}\n.photos-carousel-shortcode-id-a05744013584b1819cb12af9aef8f178 .owl-dot {\n  width: 10px;\n  height: 10px;\n  margin: 0 8px;\n}\n@media screen and (max-width: 778px) {\n  .photos-carousel-shortcode-id-a05744013584b1819cb12af9aef8f178.hide-arrows.owl-carousel .owl-nav a {\n    display: none;\n  }\n}\n@media screen and (max-width: 778px) {\n  .photos-carousel-shortcode-id-a05744013584b1819cb12af9aef8f178.reposition-arrows.owl-carousel .owl-nav .owl-prev {\n    top: 50%;\n    transform: translateY(calc(-50% + 0px));\n    left: 10px;\n  }\n  .photos-carousel-shortcode-id-a05744013584b1819cb12af9aef8f178.reposition-arrows.owl-carousel .owl-nav .owl-next {\n    top: 50%;\n    transform: translateY(calc(-50% + 0px));\n    right: 10px;\n  }\n}\n@media screen and (max-width: 778px) and all and (-ms-high-contrast: none) {\n  .photos-carousel-shortcode-id-a05744013584b1819cb12af9aef8f178.reposition-arrows.owl-carousel .owl-nav .owl-prev {\n    transform: translateY(-50%);\n    margin-top: 0px;\n  }\n}\n@media screen and (max-width: 778px) and all and (-ms-high-contrast: none) {\n  .photos-carousel-shortcode-id-a05744013584b1819cb12af9aef8f178.reposition-arrows.owl-carousel .owl-nav .owl-next {\n    transform: translateY(-50%);\n    margin-top: 0px;\n  }\n}\n.photos-carousel-shortcode-id-a05744013584b1819cb12af9aef8f178 figure,\n.photos-carousel-shortcode-id-a05744013584b1819cb12af9aef8f178 .rollover,\n.photos-carousel-shortcode-id-a05744013584b1819cb12af9aef8f178 img,\n.photos-carousel-shortcode-id-a05744013584b1819cb12af9aef8f178 .gallery-rollover {\n  border-radius: 0px;\n}\n.photos-carousel-shortcode-id-a05744013584b1819cb12af9aef8f178.enable-bg-rollover .gallery-rollover {\n  background: -webkit-linear-gradient();\n  background: linear-gradient();\n}\n.photos-carousel-shortcode-id-a05744013584b1819cb12af9aef8f178.enable-bg-rollover.hover-scale .rollover:after {\n  background: -webkit-linear-gradient();\n  background: linear-gradient();\n}\n.photos-carousel-shortcode-id-a05744013584b1819cb12af9aef8f178.enable-img-shadow .owl-stage-outer {\n  padding: 14px 0;\n}\n.photos-carousel-shortcode-id-a05744013584b1819cb12af9aef8f178.gallery-shortcode .gallery-zoom-ico {\n  width: 44px;\n  height: 44px;\n  line-height: 44px;\n  border-radius: 100px;\n  margin: -22px 0 0 -22px;\n  border-width: 0px;\n}\n.dt-icon-bg-on.photos-carousel-shortcode-id-a05744013584b1819cb12af9aef8f178.gallery-shortcode .gallery-zoom-ico {\n  background: rgba(255,255,255,0.3);\n  -webkit-box-shadow: none;\n  box-shadow: none;\n}\n.photos-carousel-shortcode-id-a05744013584b1819cb12af9aef8f178.gallery-shortcode .gallery-zoom-ico:before,\n.photos-carousel-shortcode-id-a05744013584b1819cb12af9aef8f178.gallery-shortcode .gallery-zoom-ico span {\n  font-size: 32px;\n  line-height: 44px;\n  color: #ffffff;\n  background: none;\n}<\/style><div class=\"owl-carousel gallery-carousel-shortcode gallery-shortcode dt-gallery-container album-gallery-shortcode dt-owl-carousel-call photos-carousel-shortcode-id-a05744013584b1819cb12af9aef8f178 quick-scale-img enable-bg-rollover meta-info-off bullets-small-dot-stroke reposition-arrows dt-icon-bg-off arrows-bg-on dt-arrow-border-on dt-arrow-hover-border-on disable-arrows-hover-bg arrows-hover-bg-on  hover-fade\" data-scroll-mode=\"1\" data-col-num=\"6\" data-wide-col-num=\"6\" data-laptop-col=\"5\" data-h-tablet-columns-num=\"4\" data-v-tablet-columns-num=\"3\" data-phone-columns-num=\"1\" data-col-gap=\"10\" data-stage-padding=\"0\" data-speed=\"600\" data-autoplay=\"false\" data-autoplay_speed=\"6000\" data-arrows=\"true\" data-bullet=\"false\" data-next-icon=\"icon-ar-017-r\" data-prev-icon=\"icon-ar-017-l\" data-img-shadow-size=\"12px\" data-img-shadow-spread=\"3px\"><article class=\"post visible post-2095 attachment type-attachment status-inherit hentry\"><a href=\"http:\/\/www.erun-tech.com\/wp-content\/uploads\/2016\/01\/\u57fa\u672c\u5b89\u5168\u5b9e\u8bad\u5ba41-1.jpg\" class=\"rollover-click-target rollover dt-pswp-item layzr-bg\" title=\"Aula de formaci\u00f3n b\u00e1sica en seguridad 1\" data-dt-img-description=\"\"  data-large_image_width=\"450\" data-large_image_height = \"300\" ><img fetchpriority=\"high\" decoding=\"async\" class=\"preload-me owl-lazy-load aspect\" src=\"data:image\/svg+xml,%3Csvg%20xmlns%3D&#39;http%3A%2F%2Fwww.w3.org%2F2000%2Fsvg&#39;%20viewBox%3D&#39;0%200%20300%20300&#39;%2F%3E\" data-src=\"http:\/\/www.erun-tech.com\/wp-content\/uploads\/2016\/01\/\u57fa\u672c\u5b89\u5168\u5b9e\u8bad\u5ba41-1-300x300.jpg\" data-srcset=\"http:\/\/www.erun-tech.com\/wp-content\/uploads\/2016\/01\/\u57fa\u672c\u5b89\u5168\u5b9e\u8bad\u5ba41-1-300x300.jpg 300w\" loading=\"eager\" style=\"--ratio: 300 \/ 300\" sizes=\"(max-width: 300px) 100vw, 300px\" alt=\"Sala de formaci\u00f3n b\u00e1sica en seguridad\" width=\"300\" height=\"300\" title=\"\u5b9a\u5236\u5176\u4ed6\u822a\u6d77\u7c7b\u76f8\u5173\u63d2\u56fe\" \/><span class=\"gallery-rollover\"><span class=\"gallery-zoom-ico icomoon-the7-font-the7-zoom-06\"><span><\/span><\/span><\/span><\/a><\/article><article class=\"post visible post-2096 attachment type-attachment status-inherit hentry\"><a href=\"http:\/\/www.erun-tech.com\/wp-content\/uploads\/2016\/01\/\u57fa\u672c\u5b89\u5168\u5b9e\u8bad\u5ba42-1.jpg\" class=\"rollover-click-target rollover dt-pswp-item layzr-bg\" title=\"Aula de formaci\u00f3n b\u00e1sica en seguridad 2\" data-dt-img-description=\"\"  data-large_image_width=\"450\" data-large_image_height = \"300\" ><img decoding=\"async\" class=\"preload-me owl-lazy-load aspect\" src=\"data:image\/svg+xml,%3Csvg%20xmlns%3D&#39;http%3A%2F%2Fwww.w3.org%2F2000%2Fsvg&#39;%20viewBox%3D&#39;0%200%20300%20300&#39;%2F%3E\" data-src=\"http:\/\/www.erun-tech.com\/wp-content\/uploads\/2016\/01\/\u57fa\u672c\u5b89\u5168\u5b9e\u8bad\u5ba42-1-300x300.jpg\" data-srcset=\"http:\/\/www.erun-tech.com\/wp-content\/uploads\/2016\/01\/\u57fa\u672c\u5b89\u5168\u5b9e\u8bad\u5ba42-1-300x300.jpg 300w\" loading=\"eager\" style=\"--ratio: 300 \/ 300\" sizes=\"(max-width: 300px) 100vw, 300px\"  width=\"300\" height=\"300\" title=\"\u5b9a\u5236\u5176\u4ed6\u822a\u6d77\u7c7b\u76f8\u5173\u63d2\u56fe1\" alt=\"\u5b9a\u5236\u5176\u4ed6\u822a\u6d77\u7c7b\u76f8\u5173\u63d2\u56fe1\" \/><span class=\"gallery-rollover\"><span class=\"gallery-zoom-ico icomoon-the7-font-the7-zoom-06\"><span><\/span><\/span><\/span><\/a><\/article><article class=\"post visible post-2097 attachment type-attachment status-inherit hentry\"><a href=\"http:\/\/www.erun-tech.com\/wp-content\/uploads\/2016\/01\/\u57fa\u672c\u5b89\u5168\u5b9e\u8bad\u5ba43-1.jpg\" class=\"rollover-click-target rollover dt-pswp-item layzr-bg\" title=\"Aula de formaci\u00f3n b\u00e1sica en seguridad 3\" data-dt-img-description=\"\"  data-large_image_width=\"450\" data-large_image_height = \"300\" ><img decoding=\"async\" class=\"preload-me owl-lazy-load aspect\" src=\"data:image\/svg+xml,%3Csvg%20xmlns%3D&#39;http%3A%2F%2Fwww.w3.org%2F2000%2Fsvg&#39;%20viewBox%3D&#39;0%200%20300%20300&#39;%2F%3E\" data-src=\"http:\/\/www.erun-tech.com\/wp-content\/uploads\/2016\/01\/\u57fa\u672c\u5b89\u5168\u5b9e\u8bad\u5ba43-1-300x300.jpg\" data-srcset=\"http:\/\/www.erun-tech.com\/wp-content\/uploads\/2016\/01\/\u57fa\u672c\u5b89\u5168\u5b9e\u8bad\u5ba43-1-300x300.jpg 300w\" loading=\"eager\" style=\"--ratio: 300 \/ 300\" sizes=\"(max-width: 300px) 100vw, 300px\"  width=\"300\" height=\"300\" title=\"\u5b9a\u5236\u5176\u4ed6\u822a\u6d77\u7c7b\u76f8\u5173\u63d2\u56fe2\" alt=\"\u5b9a\u5236\u5176\u4ed6\u822a\u6d77\u7c7b\u76f8\u5173\u63d2\u56fe2\" \/><span class=\"gallery-rollover\"><span class=\"gallery-zoom-ico icomoon-the7-font-the7-zoom-06\"><span><\/span><\/span><\/span><\/a><\/article><article class=\"post visible post-2098 attachment type-attachment status-inherit hentry\"><a href=\"http:\/\/www.erun-tech.com\/wp-content\/uploads\/2016\/01\/\u57fa\u672c\u5b89\u5168\u5b9e\u8bad\u5ba44-1.jpg\" class=\"rollover-click-target rollover dt-pswp-item layzr-bg\" title=\"Aula de formaci\u00f3n b\u00e1sica en seguridad 4\" data-dt-img-description=\"\"  data-large_image_width=\"450\" data-large_image_height = \"300\" ><img decoding=\"async\" class=\"preload-me owl-lazy-load aspect\" src=\"data:image\/svg+xml,%3Csvg%20xmlns%3D&#39;http%3A%2F%2Fwww.w3.org%2F2000%2Fsvg&#39;%20viewBox%3D&#39;0%200%20300%20300&#39;%2F%3E\" data-src=\"http:\/\/www.erun-tech.com\/wp-content\/uploads\/2016\/01\/\u57fa\u672c\u5b89\u5168\u5b9e\u8bad\u5ba44-1-300x300.jpg\" data-srcset=\"http:\/\/www.erun-tech.com\/wp-content\/uploads\/2016\/01\/\u57fa\u672c\u5b89\u5168\u5b9e\u8bad\u5ba44-1-300x300.jpg 300w\" loading=\"eager\" style=\"--ratio: 300 \/ 300\" sizes=\"(max-width: 300px) 100vw, 300px\"  width=\"300\" height=\"300\" title=\"\u5b9a\u5236\u5176\u4ed6\u822a\u6d77\u7c7b\u76f8\u5173\u63d2\u56fe3\" alt=\"\u5b9a\u5236\u5176\u4ed6\u822a\u6d77\u7c7b\u76f8\u5173\u63d2\u56fe3\" \/><span class=\"gallery-rollover\"><span class=\"gallery-zoom-ico icomoon-the7-font-the7-zoom-06\"><span><\/span><\/span><\/span><\/a><\/article><article class=\"post visible post-2099 attachment type-attachment status-inherit hentry\"><a href=\"http:\/\/www.erun-tech.com\/wp-content\/uploads\/2016\/01\/\u57fa\u672c\u5b89\u5168\u5b9e\u8bad\u5ba45-1.jpg\" class=\"rollover-click-target rollover dt-pswp-item layzr-bg\" title=\"Sala de formaci\u00f3n b\u00e1sica en seguridad 5\" data-dt-img-description=\"\"  data-large_image_width=\"450\" data-large_image_height = \"300\" ><img decoding=\"async\" class=\"preload-me owl-lazy-load aspect\" src=\"data:image\/svg+xml,%3Csvg%20xmlns%3D&#39;http%3A%2F%2Fwww.w3.org%2F2000%2Fsvg&#39;%20viewBox%3D&#39;0%200%20300%20300&#39;%2F%3E\" data-src=\"http:\/\/www.erun-tech.com\/wp-content\/uploads\/2016\/01\/\u57fa\u672c\u5b89\u5168\u5b9e\u8bad\u5ba45-1-300x300.jpg\" data-srcset=\"http:\/\/www.erun-tech.com\/wp-content\/uploads\/2016\/01\/\u57fa\u672c\u5b89\u5168\u5b9e\u8bad\u5ba45-1-300x300.jpg 300w\" loading=\"eager\" style=\"--ratio: 300 \/ 300\" sizes=\"(max-width: 300px) 100vw, 300px\" alt=\"Sala de formaci\u00f3n b\u00e1sica en seguridad\" width=\"300\" height=\"300\" title=\"\u5b9a\u5236\u5176\u4ed6\u822a\u6d77\u7c7b\u76f8\u5173\u63d2\u56fe4\" \/><span class=\"gallery-rollover\"><span class=\"gallery-zoom-ico icomoon-the7-font-the7-zoom-06\"><span><\/span><\/span><\/span><\/a><\/article><article class=\"post visible post-2100 attachment type-attachment status-inherit hentry\"><a href=\"http:\/\/www.erun-tech.com\/wp-content\/uploads\/2016\/01\/\u57fa\u672c\u5b89\u5168\u5b9e\u8bad\u5ba46-1.jpg\" class=\"rollover-click-target rollover dt-pswp-item layzr-bg\" title=\"Aula de formaci\u00f3n b\u00e1sica en seguridad 6\" data-dt-img-description=\"\"  data-large_image_width=\"450\" data-large_image_height = \"253\" ><img decoding=\"async\" class=\"preload-me owl-lazy-load aspect\" src=\"data:image\/svg+xml,%3Csvg%20xmlns%3D&#39;http%3A%2F%2Fwww.w3.org%2F2000%2Fsvg&#39;%20viewBox%3D&#39;0%200%20253%20253&#39;%2F%3E\" data-src=\"http:\/\/www.erun-tech.com\/wp-content\/uploads\/2016\/01\/\u57fa\u672c\u5b89\u5168\u5b9e\u8bad\u5ba46-1-253x253.jpg\" data-srcset=\"http:\/\/www.erun-tech.com\/wp-content\/uploads\/2016\/01\/\u57fa\u672c\u5b89\u5168\u5b9e\u8bad\u5ba46-1-253x253.jpg 253w\" loading=\"eager\" style=\"--ratio: 253 \/ 253\" sizes=\"(max-width: 253px) 100vw, 253px\"  width=\"253\" height=\"253\" title=\"\u5b9a\u5236\u5176\u4ed6\u822a\u6d77\u7c7b\u76f8\u5173\u63d2\u56fe5\" alt=\"\u5b9a\u5236\u5176\u4ed6\u822a\u6d77\u7c7b\u76f8\u5173\u63d2\u56fe5\" \/><span class=\"gallery-rollover\"><span class=\"gallery-zoom-ico icomoon-the7-font-the7-zoom-06\"><span><\/span><\/span><\/span><\/a><\/article><\/div><\/div><\/div><\/div><div class=\"wpb_column vc_column_container vc_col-sm-12\"><div class=\"vc_column-inner vc_custom_1498229445232\"><div class=\"wpb_wrapper\"><div id=\"ultimate-heading-808569d7e414d91fb\" class=\"uvc-heading ult-adjust-bottom-margin ultimate-heading-808569d7e414d91fb uvc-5701\" data-hspacer=\"no_spacer\"  data-halign=\"left\" style=\"text-align:left\"><div class=\"uvc-heading-spacer no_spacer\" style=\"top\"><\/div><div class=\"uvc-main-heading ult-responsive\"  data-ultimate-target='.uvc-heading.ultimate-heading-808569d7e414d91fb h2'  data-responsive-json-new='{\"font-size\":\"desktop:26px;\",\"line-height\":\"desktop:32px;\"}' ><h2 style=\"font-weight:bold;margin-bottom:20px;\">Flujo de trabajo<\/h2><\/div><\/div><div class=\"smile_icon_list_wrap ult_info_list_container ult-adjust-bottom-margin   vc_custom_1498230419199\"><ul class=\"smile_icon_list left hexagon\"><li class=\"icon_list_item\" style=\" font-size:60px;\"><div class=\"icon_list_icon\" data-animation=\"\" data-animation-delay=\"03\" style=\"font-size:20px;background:#ffb536;color:#ffffff;border-color:#ffb536;\"><i class=\"icomoon-icomoonfree-16x16-pen\" ><\/i><\/div><div class=\"icon_description\" id=\"Info-list-wrap-8425\" style=\"font-size:20px;\"><h3 class=\"ult-responsive info-list-heading\"  data-ultimate-target='#Info-list-wrap-8425 h3'  data-responsive-json-new='{\"font-size\":\"desktop:16px;\",\"line-height\":\"desktop:22px;\"}'  style=\"font-family:&#039;Open Sans Condensed&#039;;font-weight:700;\">1. Debates preliminares<\/h3><div class=\"icon_description_text ult-responsive\"  data-ultimate-target='#Info-list-wrap-8425 .icon_description_text'  data-responsive-json-new='{\"font-size\":\"desktop:12px;\",\"line-height\":\"desktop:20px;\"}'  style=\"\"><p>Antes de la implementaci\u00f3n del plan del proyecto escolar, nuestra empresa puede proporcionar asesoramiento t\u00e9cnico gratuito, manteniendo una comunicaci\u00f3n eficaz y un intercambio t\u00e9cnico.<\/p>\n<\/div><\/div><div class=\"icon_list_connector\"  style=\"border-right-width: 1px;border-right-style: dashed;border-color: #ffb536;\"><\/div><\/li><li class=\"icon_list_item\" style=\" font-size:60px;\"><div class=\"icon_list_icon\" data-animation=\"\" data-animation-delay=\"03\" style=\"font-size:20px;background:#ffb536;color:#ffffff;border-color:#ffb536;\"><i class=\"icomoon-icomoonfree-16x16-bubbles4\" ><\/i><\/div><div class=\"icon_description\" id=\"Info-list-wrap-2402\" style=\"font-size:20px;\"><h3 class=\"ult-responsive info-list-heading\"  data-ultimate-target='#Info-list-wrap-2402 h3'  data-responsive-json-new='{\"font-size\":\"desktop:16px;\",\"line-height\":\"desktop:22px;\"}'  style=\"font-family:&#039;Open Sans Condensed&#039;;font-weight:700;\">2. Inspecci\u00f3n del emplazamiento<\/h3><div class=\"icon_description_text ult-responsive\"  data-ultimate-target='#Info-list-wrap-2402 .icon_description_text'  data-responsive-json-new='{\"font-size\":\"desktop:12px;\",\"line-height\":\"desktop:20px;\"}'  style=\"\"><p>Si la escuela muestra inter\u00e9s en nuestra soluci\u00f3n propuesta, nuestra empresa llevar\u00e1 a cabo un estudio del emplazamiento y las mediciones necesarias para el proyecto de forma gratuita, al tiempo que proporcionar\u00e1 asistencia t\u00e9cnica.<\/p>\n<\/div><\/div><div class=\"icon_list_connector\"  style=\"border-right-width: 1px;border-right-style: dashed;border-color: #ffb536;\"><\/div><\/li><li class=\"icon_list_item\" style=\" font-size:60px;\"><div class=\"icon_list_icon\" data-animation=\"\" data-animation-delay=\"03\" style=\"font-size:20px;background:#ffb536;color:#ffffff;border-color:#ffb536;\"><i class=\"icomoon-icomoonfree-16x16-stats-bars\" ><\/i><\/div><div class=\"icon_description\" id=\"Info-list-wrap-8479\" style=\"font-size:20px;\"><h3 class=\"ult-responsive info-list-heading\"  data-ultimate-target='#Info-list-wrap-8479 h3'  data-responsive-json-new='{\"font-size\":\"desktop:16px;\",\"line-height\":\"desktop:22px;\"}'  style=\"font-family:&#039;Open Sans Condensed&#039;;font-weight:700;\">3. Plan preliminar de contingencia<\/h3><div class=\"icon_description_text ult-responsive\"  data-ultimate-target='#Info-list-wrap-8479 .icon_description_text'  data-responsive-json-new='{\"font-size\":\"desktop:12px;\",\"line-height\":\"desktop:20px;\"}'  style=\"\"><p>Tras la visita al emplazamiento, nuestra empresa elaborar\u00e1 una propuesta personalizada para el colegio basada en sus requisitos, incluyendo un presupuesto aproximado y las especificaciones t\u00e9cnicas b\u00e1sicas.<\/p>\n<\/div><\/div><div class=\"icon_list_connector\"  style=\"border-right-width: 1px;border-right-style: dashed;border-color: #ffb536;\"><\/div><\/li><li class=\"icon_list_item\" style=\" font-size:60px;\"><div class=\"icon_list_icon\" data-animation=\"\" data-animation-delay=\"03\" style=\"font-size:20px;background:#ffb536;color:#ffffff;border-color:#ffb536;\"><i class=\"icomoon-icomoonfree-16x16-cogs\" ><\/i><\/div><div class=\"icon_description\" id=\"Info-list-wrap-8503\" style=\"font-size:20px;\"><h3 class=\"ult-responsive info-list-heading\"  data-ultimate-target='#Info-list-wrap-8503 h3'  data-responsive-json-new='{\"font-size\":\"desktop:16px;\",\"line-height\":\"desktop:22px;\"}'  style=\"font-family:&#039;Open Sans Condensed&#039;;font-weight:700;\">4. Finalizar el plan.<\/h3><div class=\"icon_description_text ult-responsive\"  data-ultimate-target='#Info-list-wrap-8503 .icon_description_text'  data-responsive-json-new='{\"font-size\":\"desktop:12px;\",\"line-height\":\"desktop:20px;\"}'  style=\"\"><p>De acuerdo con el plan de contingencia previamente establecido, si ambas partes no tienen objeciones, nuestra empresa tendr\u00e1 plenamente en cuenta los requisitos y las circunstancias de la escuela. Formularemos un plan de implementaci\u00f3n definitivo para el proyecto final de la escuela, que incluir\u00e1 el calendario de implementaci\u00f3n, el presupuesto detallado, las especificaciones precisas, las disposiciones de mantenimiento y las disposiciones de servicio posventa.<\/p>\n<\/div><\/div><div class=\"icon_list_connector\"  style=\"border-right-width: 1px;border-right-style: dashed;border-color: #ffb536;\"><\/div><\/li><li class=\"icon_list_item\" style=\" font-size:60px;\"><div class=\"icon_list_icon\" data-animation=\"\" data-animation-delay=\"03\" style=\"font-size:20px;background:#ffb536;color:#ffffff;border-color:#ffb536;\"><i class=\"icomoon-icomoonfree-16x16-star-full\" ><\/i><\/div><div class=\"icon_description\" id=\"Info-list-wrap-6117\" style=\"font-size:20px;\"><h3 class=\"ult-responsive info-list-heading\"  data-ultimate-target='#Info-list-wrap-6117 h3'  data-responsive-json-new='{\"font-size\":\"desktop:16px;\",\"line-height\":\"desktop:22px;\"}'  style=\"font-family:&#039;Open Sans Condensed&#039;;font-weight:700;\">5. Construcci\u00f3n del proyecto<\/h3><div class=\"icon_description_text ult-responsive\"  data-ultimate-target='#Info-list-wrap-6117 .icon_description_text'  data-responsive-json-new='{\"font-size\":\"desktop:12px;\",\"line-height\":\"desktop:20px;\"}'  style=\"\"><p>Comenzaremos la construcci\u00f3n dentro del plazo estipulado seg\u00fan los requisitos del contrato, asegur\u00e1ndonos de que el proyecto se complete con el nivel y la calidad requeridos, garantizando as\u00ed la aceptaci\u00f3n final por parte de la escuela y la Administraci\u00f3n Mar\u00edtima.<\/p>\n<\/div><\/div><div class=\"icon_list_connector\"  style=\"border-right-width: 1px;border-right-style: dashed;border-color: #ffb536;\"><\/div><\/li><\/ul><\/div><\/div><\/div><\/div><\/div>","protected":false},"excerpt":{"rendered":"<p>\u5b9a\u5236\u5176\u4ed6\u822a\u6d77\u7c7b\u76f8\u5173 \u56fd\u9645\u56fd\u5185\u5f62\u52bf\u4e00\u76f4\u5728\u4e0d\u65ad\u53d8\u5316\uff0c\u6613\u6da6\u516c\u53f8\u4ece\u6e90\u5934\u4e0a\u4e86\u89e3\u5404\u8239\u4e1c\u5bf9\u8239\u5458\u7684\u804c\u4e1a\u8981\u6c42\uff0c\u7ed3\u5408\u5404\u5927\u9ad8\u6821\u6700\u65b0\u7684&hellip;<\/p>","protected":false},"author":1,"featured_media":0,"parent":7,"menu_order":0,"comment_status":"closed","ping_status":"closed","template":"","meta":{"footnotes":""},"class_list":["post-1935","page","type-page","status-publish","hentry","description-off"],"amp_enabled":true,"_links":{"self":[{"href":"http:\/\/www.erun-tech.com\/es\/wp-json\/wp\/v2\/pages\/1935","targetHints":{"allow":["GET"]}}],"collection":[{"href":"http:\/\/www.erun-tech.com\/es\/wp-json\/wp\/v2\/pages"}],"about":[{"href":"http:\/\/www.erun-tech.com\/es\/wp-json\/wp\/v2\/types\/page"}],"author":[{"embeddable":true,"href":"http:\/\/www.erun-tech.com\/es\/wp-json\/wp\/v2\/users\/1"}],"replies":[{"embeddable":true,"href":"http:\/\/www.erun-tech.com\/es\/wp-json\/wp\/v2\/comments?post=1935"}],"version-history":[{"count":0,"href":"http:\/\/www.erun-tech.com\/es\/wp-json\/wp\/v2\/pages\/1935\/revisions"}],"up":[{"embeddable":true,"href":"http:\/\/www.erun-tech.com\/es\/wp-json\/wp\/v2\/pages\/7"}],"wp:attachment":[{"href":"http:\/\/www.erun-tech.com\/es\/wp-json\/wp\/v2\/media?parent=1935"}],"curies":[{"name":"wp","href":"https:\/\/api.w.org\/{rel}","templated":true}]}}