{"id":1973,"date":"2019-07-07T11:09:20","date_gmt":"2019-07-07T03:09:20","guid":{"rendered":"http:\/\/www.eruntec.com\/?page_id=1973"},"modified":"2019-07-07T11:17:59","modified_gmt":"2019-07-07T03:17:59","slug":"zhuhangyiqishixunshi","status":"publish","type":"page","link":"http:\/\/www.erun-tech.com\/es\/services\/chuanyuangangweishirenshixunshi\/zhuhangyiqishixunshi","title":{"rendered":"Sala de formaci\u00f3n en instrumentos de navegaci\u00f3n"},"content":{"rendered":"<div class=\"vc_row wpb_row vc_row-fluid\"><div class=\"wpb_column vc_column_container vc_col-sm-12\"><div class=\"vc_column-inner vc_custom_1498229431694\"><div class=\"wpb_wrapper\"><div id=\"ultimate-heading-273269da2a7310511\" class=\"uvc-heading ult-adjust-bottom-margin ultimate-heading-273269da2a7310511 uvc-611\" data-hspacer=\"no_spacer\"  data-halign=\"left\" style=\"text-align:left\"><div class=\"uvc-heading-spacer no_spacer\" style=\"top\"><\/div><div class=\"uvc-main-heading ult-responsive\"  data-ultimate-target='.uvc-heading.ultimate-heading-273269da2a7310511 h2'  data-responsive-json-new='{\"font-size\":\"desktop:26px;\",\"line-height\":\"desktop:32px;\"}' ><h2 style=\"font-weight:bold;margin-bottom:20px;\">Sala de formaci\u00f3n en instrumentos de navegaci\u00f3n<\/h2><\/div><\/div>\n\t<div class=\"wpb_text_column wpb_content_element\" >\n\t\t<div class=\"wpb_wrapper\">\n\t\t\t<p>El Laboratorio de Formaci\u00f3n en Instrumentos de Navegaci\u00f3n alberga una amplia gama de instrumentos utilizados en la navegaci\u00f3n mar\u00edtima, entre los que se incluyen: GPS, ecosondas, sistemas de identificaci\u00f3n autom\u00e1tica (AIS), anem\u00f3metros, registradores de datos, br\u00fajulas y m\u00e1quinas de fax meteorol\u00f3gicas. Estos dispositivos son esenciales para garantizar la navegaci\u00f3n segura de todo tipo de embarcaciones.<\/p>\n\n\t\t<\/div>\n\t<\/div>\n<style type=\"text\/css\" data-type=\"the7_shortcodes-inline-css\">.photos-carousel-shortcode-id-d4f584569d8fbf8bf6022f7774592a4c.owl-carousel .owl-nav a {\n  width: 36px;\n  height: 36px;\n  border-radius: 500px;\n}\n.photos-carousel-shortcode-id-d4f584569d8fbf8bf6022f7774592a4c.owl-carousel .owl-nav a:before,\n.photos-carousel-shortcode-id-d4f584569d8fbf8bf6022f7774592a4c.owl-carousel .owl-nav a:after {\n  border-width: 0px;\n}\n.photos-carousel-shortcode-id-d4f584569d8fbf8bf6022f7774592a4c.owl-carousel .owl-nav a.owl-prev {\n  top: 50%;\n  transform: translateY(calc(-50% + 0px));\n  left: -43px;\n}\n@media all and (-ms-high-contrast: none) {\n  .photos-carousel-shortcode-id-d4f584569d8fbf8bf6022f7774592a4c.owl-carousel .owl-nav a.owl-prev {\n    transform: translateY(-50%);\n    margin-top: 0px;\n  }\n}\n.photos-carousel-shortcode-id-d4f584569d8fbf8bf6022f7774592a4c.owl-carousel .owl-nav a.owl-prev i {\n  padding: 0px 0px 0px 0px;\n}\n.photos-carousel-shortcode-id-d4f584569d8fbf8bf6022f7774592a4c.owl-carousel .owl-nav a.owl-next {\n  top: 50%;\n  transform: translateY(calc(-50% + 0px));\n  right: -43px;\n}\n@media all and (-ms-high-contrast: none) {\n  .photos-carousel-shortcode-id-d4f584569d8fbf8bf6022f7774592a4c.owl-carousel .owl-nav a.owl-next {\n    transform: translateY(-50%);\n    margin-top: 0px;\n  }\n}\n.photos-carousel-shortcode-id-d4f584569d8fbf8bf6022f7774592a4c.owl-carousel .owl-nav a.owl-next i {\n  padding: 0px 0px 0px 0px;\n}\n.photos-carousel-shortcode-id-d4f584569d8fbf8bf6022f7774592a4c.owl-carousel .owl-nav i {\n  font-size: 18px;\n}\n.photos-carousel-shortcode-id-d4f584569d8fbf8bf6022f7774592a4c.owl-carousel .owl-nav a:not(:hover) i,\n.photos-carousel-shortcode-id-d4f584569d8fbf8bf6022f7774592a4c.owl-carousel .owl-nav a:not(:hover) i:before {\n  color: #ffffff;\n  background: none;\n}\n.photos-carousel-shortcode-id-d4f584569d8fbf8bf6022f7774592a4c.owl-carousel .owl-nav a:hover i,\n.photos-carousel-shortcode-id-d4f584569d8fbf8bf6022f7774592a4c.owl-carousel .owl-nav a:hover i:before {\n  color: rgba(255,255,255,0.75);\n  background: none;\n}\n.photos-carousel-shortcode-id-d4f584569d8fbf8bf6022f7774592a4c .owl-dots {\n  top: calc(100% + 20px);\n  left: 50%;\n  transform: translateX(calc(-50% + 0px));\n}\n@media all and (-ms-high-contrast: none) {\n  .photos-carousel-shortcode-id-d4f584569d8fbf8bf6022f7774592a4c .owl-dots {\n    transform: translateX(-50%);\n    margin-left: 0px;\n  }\n}\n.photos-carousel-shortcode-id-d4f584569d8fbf8bf6022f7774592a4c .owl-dot {\n  width: 10px;\n  height: 10px;\n  margin: 0 8px;\n}\n@media screen and (max-width: 778px) {\n  .photos-carousel-shortcode-id-d4f584569d8fbf8bf6022f7774592a4c.hide-arrows.owl-carousel .owl-nav a {\n    display: none;\n  }\n}\n@media screen and (max-width: 778px) {\n  .photos-carousel-shortcode-id-d4f584569d8fbf8bf6022f7774592a4c.reposition-arrows.owl-carousel .owl-nav .owl-prev {\n    top: 50%;\n    transform: translateY(calc(-50% + 0px));\n    left: 10px;\n  }\n  .photos-carousel-shortcode-id-d4f584569d8fbf8bf6022f7774592a4c.reposition-arrows.owl-carousel .owl-nav .owl-next {\n    top: 50%;\n    transform: translateY(calc(-50% + 0px));\n    right: 10px;\n  }\n}\n@media screen and (max-width: 778px) and all and (-ms-high-contrast: none) {\n  .photos-carousel-shortcode-id-d4f584569d8fbf8bf6022f7774592a4c.reposition-arrows.owl-carousel .owl-nav .owl-prev {\n    transform: translateY(-50%);\n    margin-top: 0px;\n  }\n}\n@media screen and (max-width: 778px) and all and (-ms-high-contrast: none) {\n  .photos-carousel-shortcode-id-d4f584569d8fbf8bf6022f7774592a4c.reposition-arrows.owl-carousel .owl-nav .owl-next {\n    transform: translateY(-50%);\n    margin-top: 0px;\n  }\n}\n.photos-carousel-shortcode-id-d4f584569d8fbf8bf6022f7774592a4c figure,\n.photos-carousel-shortcode-id-d4f584569d8fbf8bf6022f7774592a4c .rollover,\n.photos-carousel-shortcode-id-d4f584569d8fbf8bf6022f7774592a4c img,\n.photos-carousel-shortcode-id-d4f584569d8fbf8bf6022f7774592a4c .gallery-rollover {\n  border-radius: 0px;\n}\n.photos-carousel-shortcode-id-d4f584569d8fbf8bf6022f7774592a4c.enable-bg-rollover .gallery-rollover {\n  background: -webkit-linear-gradient();\n  background: linear-gradient();\n}\n.photos-carousel-shortcode-id-d4f584569d8fbf8bf6022f7774592a4c.enable-bg-rollover.hover-scale .rollover:after {\n  background: -webkit-linear-gradient();\n  background: linear-gradient();\n}\n.photos-carousel-shortcode-id-d4f584569d8fbf8bf6022f7774592a4c.enable-img-shadow .owl-stage-outer {\n  padding: 14px 0;\n}\n.photos-carousel-shortcode-id-d4f584569d8fbf8bf6022f7774592a4c.gallery-shortcode .gallery-zoom-ico {\n  width: 44px;\n  height: 44px;\n  line-height: 44px;\n  border-radius: 100px;\n  margin: -22px 0 0 -22px;\n  border-width: 0px;\n}\n.dt-icon-bg-on.photos-carousel-shortcode-id-d4f584569d8fbf8bf6022f7774592a4c.gallery-shortcode .gallery-zoom-ico {\n  background: rgba(255,255,255,0.3);\n  -webkit-box-shadow: none;\n  box-shadow: none;\n}\n.photos-carousel-shortcode-id-d4f584569d8fbf8bf6022f7774592a4c.gallery-shortcode .gallery-zoom-ico:before,\n.photos-carousel-shortcode-id-d4f584569d8fbf8bf6022f7774592a4c.gallery-shortcode .gallery-zoom-ico span {\n  font-size: 32px;\n  line-height: 44px;\n  color: #ffffff;\n  background: none;\n}<\/style><div class=\"owl-carousel gallery-carousel-shortcode gallery-shortcode dt-gallery-container album-gallery-shortcode dt-owl-carousel-call photos-carousel-shortcode-id-d4f584569d8fbf8bf6022f7774592a4c quick-scale-img enable-bg-rollover meta-info-off bullets-small-dot-stroke reposition-arrows dt-icon-bg-off arrows-bg-on dt-arrow-border-on dt-arrow-hover-border-on disable-arrows-hover-bg arrows-hover-bg-on  hover-fade\" data-scroll-mode=\"1\" data-col-num=\"6\" data-wide-col-num=\"6\" data-laptop-col=\"5\" data-h-tablet-columns-num=\"4\" data-v-tablet-columns-num=\"3\" data-phone-columns-num=\"1\" data-col-gap=\"10\" data-stage-padding=\"0\" data-speed=\"600\" data-autoplay=\"false\" data-autoplay_speed=\"6000\" data-arrows=\"true\" data-bullet=\"false\" data-next-icon=\"icon-ar-017-r\" data-prev-icon=\"icon-ar-017-l\" data-img-shadow-size=\"12px\" data-img-shadow-spread=\"3px\"><article class=\"post visible post-1992 attachment type-attachment status-inherit hentry\"><a href=\"http:\/\/www.erun-tech.com\/wp-content\/uploads\/2016\/01\/VDR.jpg\" class=\"rollover-click-target rollover dt-pswp-item layzr-bg\" title=\"VDR\" data-dt-img-description=\"\"  data-large_image_width=\"450\" data-large_image_height = \"338\" ><img fetchpriority=\"high\" decoding=\"async\" class=\"preload-me owl-lazy-load aspect\" src=\"data:image\/svg+xml,%3Csvg%20xmlns%3D&#39;http%3A%2F%2Fwww.w3.org%2F2000%2Fsvg&#39;%20viewBox%3D&#39;0%200%20338%20338&#39;%2F%3E\" data-src=\"http:\/\/www.erun-tech.com\/wp-content\/uploads\/2016\/01\/VDR-338x338.jpg\" data-srcset=\"http:\/\/www.erun-tech.com\/wp-content\/uploads\/2016\/01\/VDR-338x338.jpg 338w\" loading=\"eager\" style=\"--ratio: 338 \/ 338\" sizes=\"(max-width: 338px) 100vw, 338px\"  width=\"338\" height=\"338\" title=\"\u52a9\u822a\u4eea\u5668\u5b9e\u8bad\u5ba4\u63d2\u56fe\" alt=\"\u52a9\u822a\u4eea\u5668\u5b9e\u8bad\u5ba4\u63d2\u56fe\" \/><span class=\"gallery-rollover\"><span class=\"gallery-zoom-ico icomoon-the7-font-the7-zoom-06\"><span><\/span><\/span><\/span><\/a><\/article><article class=\"post visible post-1993 attachment type-attachment status-inherit hentry\"><a href=\"http:\/\/www.erun-tech.com\/wp-content\/uploads\/2016\/01\/\u7535\u7f57\u7ecf.jpg\" class=\"rollover-click-target rollover dt-pswp-item layzr-bg\" title=\"br\u00fajula electrost\u00e1tica\" data-dt-img-description=\"\"  data-large_image_width=\"450\" data-large_image_height = \"338\" ><img decoding=\"async\" class=\"preload-me owl-lazy-load aspect\" src=\"data:image\/svg+xml,%3Csvg%20xmlns%3D&#39;http%3A%2F%2Fwww.w3.org%2F2000%2Fsvg&#39;%20viewBox%3D&#39;0%200%20338%20338&#39;%2F%3E\" data-src=\"http:\/\/www.erun-tech.com\/wp-content\/uploads\/2016\/01\/\u7535\u7f57\u7ecf-338x338.jpg\" data-srcset=\"http:\/\/www.erun-tech.com\/wp-content\/uploads\/2016\/01\/\u7535\u7f57\u7ecf-338x338.jpg 338w\" loading=\"eager\" style=\"--ratio: 338 \/ 338\" sizes=\"(max-width: 338px) 100vw, 338px\"  width=\"338\" height=\"338\" title=\"\u52a9\u822a\u4eea\u5668\u5b9e\u8bad\u5ba4\u63d2\u56fe1\" alt=\"\u52a9\u822a\u4eea\u5668\u5b9e\u8bad\u5ba4\u63d2\u56fe1\" \/><span class=\"gallery-rollover\"><span class=\"gallery-zoom-ico icomoon-the7-font-the7-zoom-06\"><span><\/span><\/span><\/span><\/a><\/article><article class=\"post visible post-1990 attachment type-attachment status-inherit hentry\"><a href=\"http:\/\/www.erun-tech.com\/wp-content\/uploads\/2016\/01\/F93D7F470C8B4781EFA6FC0683764666.jpg\" class=\"rollover-click-target rollover dt-pswp-item layzr-bg\" title=\"f93d7f470c8b4781efa6fc0683764666\" data-dt-img-description=\"\"  data-large_image_width=\"450\" data-large_image_height = \"300\" ><img decoding=\"async\" class=\"preload-me owl-lazy-load aspect\" src=\"data:image\/svg+xml,%3Csvg%20xmlns%3D&#39;http%3A%2F%2Fwww.w3.org%2F2000%2Fsvg&#39;%20viewBox%3D&#39;0%200%20300%20300&#39;%2F%3E\" data-src=\"http:\/\/www.erun-tech.com\/wp-content\/uploads\/2016\/01\/F93D7F470C8B4781EFA6FC0683764666-300x300.jpg\" data-srcset=\"http:\/\/www.erun-tech.com\/wp-content\/uploads\/2016\/01\/F93D7F470C8B4781EFA6FC0683764666-300x300.jpg 300w\" loading=\"eager\" style=\"--ratio: 300 \/ 300\" sizes=\"(max-width: 300px) 100vw, 300px\"  width=\"300\" height=\"300\" title=\"\u52a9\u822a\u4eea\u5668\u5b9e\u8bad\u5ba4\u63d2\u56fe2\" alt=\"\u52a9\u822a\u4eea\u5668\u5b9e\u8bad\u5ba4\u63d2\u56fe2\" \/><span class=\"gallery-rollover\"><span class=\"gallery-zoom-ico icomoon-the7-font-the7-zoom-06\"><span><\/span><\/span><\/span><\/a><\/article><article class=\"post visible post-1991 attachment type-attachment status-inherit hentry\"><a href=\"http:\/\/www.erun-tech.com\/wp-content\/uploads\/2016\/01\/gps.jpg\" class=\"rollover-click-target rollover dt-pswp-item layzr-bg\" title=\"gps\" data-dt-img-description=\"\"  data-large_image_width=\"450\" data-large_image_height = \"300\" ><img decoding=\"async\" class=\"preload-me owl-lazy-load aspect\" src=\"data:image\/svg+xml,%3Csvg%20xmlns%3D&#39;http%3A%2F%2Fwww.w3.org%2F2000%2Fsvg&#39;%20viewBox%3D&#39;0%200%20300%20300&#39;%2F%3E\" data-src=\"http:\/\/www.erun-tech.com\/wp-content\/uploads\/2016\/01\/gps-300x300.jpg\" data-srcset=\"http:\/\/www.erun-tech.com\/wp-content\/uploads\/2016\/01\/gps-300x300.jpg 300w\" loading=\"eager\" style=\"--ratio: 300 \/ 300\" sizes=\"(max-width: 300px) 100vw, 300px\"  width=\"300\" height=\"300\" title=\"\u52a9\u822a\u4eea\u5668\u5b9e\u8bad\u5ba4\u63d2\u56fe3\" alt=\"\u52a9\u822a\u4eea\u5668\u5b9e\u8bad\u5ba4\u63d2\u56fe3\" \/><span class=\"gallery-rollover\"><span class=\"gallery-zoom-ico icomoon-the7-font-the7-zoom-06\"><span><\/span><\/span><\/span><\/a><\/article><article class=\"post visible post-1989 attachment type-attachment status-inherit hentry\"><a href=\"http:\/\/www.erun-tech.com\/wp-content\/uploads\/2016\/01\/DFAD001679898EE1D0DC256CD2594424.jpg\" class=\"rollover-click-target rollover dt-pswp-item layzr-bg\" title=\"dfad001679898ee1d0dc256cd2594424\" data-dt-img-description=\"\"  data-large_image_width=\"450\" data-large_image_height = \"300\" ><img decoding=\"async\" class=\"preload-me owl-lazy-load aspect\" src=\"data:image\/svg+xml,%3Csvg%20xmlns%3D&#39;http%3A%2F%2Fwww.w3.org%2F2000%2Fsvg&#39;%20viewBox%3D&#39;0%200%20300%20300&#39;%2F%3E\" data-src=\"http:\/\/www.erun-tech.com\/wp-content\/uploads\/2016\/01\/DFAD001679898EE1D0DC256CD2594424-300x300.jpg\" data-srcset=\"http:\/\/www.erun-tech.com\/wp-content\/uploads\/2016\/01\/DFAD001679898EE1D0DC256CD2594424-300x300.jpg 300w\" loading=\"eager\" style=\"--ratio: 300 \/ 300\" sizes=\"(max-width: 300px) 100vw, 300px\"  width=\"300\" height=\"300\" title=\"\u52a9\u822a\u4eea\u5668\u5b9e\u8bad\u5ba4\u63d2\u56fe4\" alt=\"\u52a9\u822a\u4eea\u5668\u5b9e\u8bad\u5ba4\u63d2\u56fe4\" \/><span class=\"gallery-rollover\"><span class=\"gallery-zoom-ico icomoon-the7-font-the7-zoom-06\"><span><\/span><\/span><\/span><\/a><\/article><article class=\"post visible post-1988 attachment type-attachment status-inherit hentry\"><a href=\"http:\/\/www.erun-tech.com\/wp-content\/uploads\/2016\/01\/C72D4E30CCC17F23A57843FE76EB6F5A.jpg\" class=\"rollover-click-target rollover dt-pswp-item layzr-bg\" title=\"c72d4e30ccc17f23a57843fe76eb6f5a\" data-dt-img-description=\"\"  data-large_image_width=\"450\" data-large_image_height = \"300\" ><img decoding=\"async\" class=\"preload-me owl-lazy-load aspect\" src=\"data:image\/svg+xml,%3Csvg%20xmlns%3D&#39;http%3A%2F%2Fwww.w3.org%2F2000%2Fsvg&#39;%20viewBox%3D&#39;0%200%20300%20300&#39;%2F%3E\" data-src=\"http:\/\/www.erun-tech.com\/wp-content\/uploads\/2016\/01\/C72D4E30CCC17F23A57843FE76EB6F5A-300x300.jpg\" data-srcset=\"http:\/\/www.erun-tech.com\/wp-content\/uploads\/2016\/01\/C72D4E30CCC17F23A57843FE76EB6F5A-300x300.jpg 300w\" loading=\"eager\" style=\"--ratio: 300 \/ 300\" sizes=\"(max-width: 300px) 100vw, 300px\"  width=\"300\" height=\"300\" title=\"\u52a9\u822a\u4eea\u5668\u5b9e\u8bad\u5ba4\u63d2\u56fe5\" alt=\"\u52a9\u822a\u4eea\u5668\u5b9e\u8bad\u5ba4\u63d2\u56fe5\" \/><span class=\"gallery-rollover\"><span class=\"gallery-zoom-ico icomoon-the7-font-the7-zoom-06\"><span><\/span><\/span><\/span><\/a><\/article><\/div><\/div><\/div><\/div><div class=\"wpb_column vc_column_container vc_col-sm-12\"><div class=\"vc_column-inner vc_custom_1498229445232\"><div class=\"wpb_wrapper\"><div id=\"ultimate-heading-421069da2a7315888\" class=\"uvc-heading ult-adjust-bottom-margin ultimate-heading-421069da2a7315888 uvc-9268\" data-hspacer=\"no_spacer\"  data-halign=\"left\" style=\"text-align:left\"><div class=\"uvc-heading-spacer no_spacer\" style=\"top\"><\/div><div class=\"uvc-main-heading ult-responsive\"  data-ultimate-target='.uvc-heading.ultimate-heading-421069da2a7315888 h2'  data-responsive-json-new='{\"font-size\":\"desktop:26px;\",\"line-height\":\"desktop:32px;\"}' ><h2 style=\"font-weight:bold;margin-bottom:20px;\">Flujo de trabajo<\/h2><\/div><\/div><div class=\"smile_icon_list_wrap ult_info_list_container ult-adjust-bottom-margin   vc_custom_1498230419199\"><ul class=\"smile_icon_list left hexagon\"><li class=\"icon_list_item\" style=\" font-size:60px;\"><div class=\"icon_list_icon\" data-animation=\"\" data-animation-delay=\"03\" style=\"font-size:20px;background:#ffb536;color:#ffffff;border-color:#ffb536;\"><i class=\"icomoon-icomoonfree-16x16-pen\" ><\/i><\/div><div class=\"icon_description\" id=\"Info-list-wrap-3507\" style=\"font-size:20px;\"><h3 class=\"ult-responsive info-list-heading\"  data-ultimate-target='#Info-list-wrap-3507 h3'  data-responsive-json-new='{\"font-size\":\"desktop:16px;\",\"line-height\":\"desktop:22px;\"}'  style=\"font-family:&#039;Open Sans Condensed&#039;;font-weight:700;\">1. Debates preliminares<\/h3><div class=\"icon_description_text ult-responsive\"  data-ultimate-target='#Info-list-wrap-3507 .icon_description_text'  data-responsive-json-new='{\"font-size\":\"desktop:12px;\",\"line-height\":\"desktop:20px;\"}'  style=\"\"><p>Antes de la implementaci\u00f3n del plan del proyecto escolar, nuestra empresa puede proporcionar asesoramiento t\u00e9cnico gratuito, manteniendo una comunicaci\u00f3n eficaz y un intercambio t\u00e9cnico.<\/p>\n<\/div><\/div><div class=\"icon_list_connector\"  style=\"border-right-width: 1px;border-right-style: dashed;border-color: #ffb536;\"><\/div><\/li><li class=\"icon_list_item\" style=\" font-size:60px;\"><div class=\"icon_list_icon\" data-animation=\"\" data-animation-delay=\"03\" style=\"font-size:20px;background:#ffb536;color:#ffffff;border-color:#ffb536;\"><i class=\"icomoon-icomoonfree-16x16-bubbles4\" ><\/i><\/div><div class=\"icon_description\" id=\"Info-list-wrap-6884\" style=\"font-size:20px;\"><h3 class=\"ult-responsive info-list-heading\"  data-ultimate-target='#Info-list-wrap-6884 h3'  data-responsive-json-new='{\"font-size\":\"desktop:16px;\",\"line-height\":\"desktop:22px;\"}'  style=\"font-family:&#039;Open Sans Condensed&#039;;font-weight:700;\">2. Inspecci\u00f3n del emplazamiento<\/h3><div class=\"icon_description_text ult-responsive\"  data-ultimate-target='#Info-list-wrap-6884 .icon_description_text'  data-responsive-json-new='{\"font-size\":\"desktop:12px;\",\"line-height\":\"desktop:20px;\"}'  style=\"\"><p>Si la escuela muestra inter\u00e9s en nuestra soluci\u00f3n propuesta, nuestra empresa llevar\u00e1 a cabo un estudio del emplazamiento y las mediciones necesarias para el proyecto de forma gratuita, al tiempo que proporcionar\u00e1 asistencia t\u00e9cnica.<\/p>\n<\/div><\/div><div class=\"icon_list_connector\"  style=\"border-right-width: 1px;border-right-style: dashed;border-color: #ffb536;\"><\/div><\/li><li class=\"icon_list_item\" style=\" font-size:60px;\"><div class=\"icon_list_icon\" data-animation=\"\" data-animation-delay=\"03\" style=\"font-size:20px;background:#ffb536;color:#ffffff;border-color:#ffb536;\"><i class=\"icomoon-icomoonfree-16x16-stats-bars\" ><\/i><\/div><div class=\"icon_description\" id=\"Info-list-wrap-8422\" style=\"font-size:20px;\"><h3 class=\"ult-responsive info-list-heading\"  data-ultimate-target='#Info-list-wrap-8422 h3'  data-responsive-json-new='{\"font-size\":\"desktop:16px;\",\"line-height\":\"desktop:22px;\"}'  style=\"font-family:&#039;Open Sans Condensed&#039;;font-weight:700;\">3. Plan preliminar de contingencia<\/h3><div class=\"icon_description_text ult-responsive\"  data-ultimate-target='#Info-list-wrap-8422 .icon_description_text'  data-responsive-json-new='{\"font-size\":\"desktop:12px;\",\"line-height\":\"desktop:20px;\"}'  style=\"\"><p>Tras la visita al emplazamiento, nuestra empresa elaborar\u00e1 una propuesta personalizada para el colegio basada en sus requisitos, incluyendo un presupuesto aproximado y las especificaciones t\u00e9cnicas b\u00e1sicas.<\/p>\n<\/div><\/div><div class=\"icon_list_connector\"  style=\"border-right-width: 1px;border-right-style: dashed;border-color: #ffb536;\"><\/div><\/li><li class=\"icon_list_item\" style=\" font-size:60px;\"><div class=\"icon_list_icon\" data-animation=\"\" data-animation-delay=\"03\" style=\"font-size:20px;background:#ffb536;color:#ffffff;border-color:#ffb536;\"><i class=\"icomoon-icomoonfree-16x16-cogs\" ><\/i><\/div><div class=\"icon_description\" id=\"Info-list-wrap-3326\" style=\"font-size:20px;\"><h3 class=\"ult-responsive info-list-heading\"  data-ultimate-target='#Info-list-wrap-3326 h3'  data-responsive-json-new='{\"font-size\":\"desktop:16px;\",\"line-height\":\"desktop:22px;\"}'  style=\"font-family:&#039;Open Sans Condensed&#039;;font-weight:700;\">4. Finalizar el plan.<\/h3><div class=\"icon_description_text ult-responsive\"  data-ultimate-target='#Info-list-wrap-3326 .icon_description_text'  data-responsive-json-new='{\"font-size\":\"desktop:12px;\",\"line-height\":\"desktop:20px;\"}'  style=\"\"><p>De acuerdo con el plan de contingencia previamente establecido, si ambas partes no tienen objeciones, nuestra empresa tendr\u00e1 plenamente en cuenta los requisitos y las circunstancias de la escuela. Formularemos un plan de implementaci\u00f3n definitivo para el proyecto final de la escuela, que incluir\u00e1 el calendario de implementaci\u00f3n, el presupuesto detallado, las especificaciones precisas, las disposiciones de mantenimiento y las disposiciones de servicio posventa.<\/p>\n<\/div><\/div><div class=\"icon_list_connector\"  style=\"border-right-width: 1px;border-right-style: dashed;border-color: #ffb536;\"><\/div><\/li><li class=\"icon_list_item\" style=\" font-size:60px;\"><div class=\"icon_list_icon\" data-animation=\"\" data-animation-delay=\"03\" style=\"font-size:20px;background:#ffb536;color:#ffffff;border-color:#ffb536;\"><i class=\"icomoon-icomoonfree-16x16-star-full\" ><\/i><\/div><div class=\"icon_description\" id=\"Info-list-wrap-5295\" style=\"font-size:20px;\"><h3 class=\"ult-responsive info-list-heading\"  data-ultimate-target='#Info-list-wrap-5295 h3'  data-responsive-json-new='{\"font-size\":\"desktop:16px;\",\"line-height\":\"desktop:22px;\"}'  style=\"font-family:&#039;Open Sans Condensed&#039;;font-weight:700;\">5. Construcci\u00f3n del proyecto<\/h3><div class=\"icon_description_text ult-responsive\"  data-ultimate-target='#Info-list-wrap-5295 .icon_description_text'  data-responsive-json-new='{\"font-size\":\"desktop:12px;\",\"line-height\":\"desktop:20px;\"}'  style=\"\"><p>Comenzaremos la construcci\u00f3n dentro del plazo estipulado seg\u00fan los requisitos del contrato, asegur\u00e1ndonos de que el proyecto se complete con el nivel y la calidad requeridos, garantizando as\u00ed la aceptaci\u00f3n final por parte de la escuela y la Administraci\u00f3n Mar\u00edtima.<\/p>\n<\/div><\/div><div class=\"icon_list_connector\"  style=\"border-right-width: 1px;border-right-style: dashed;border-color: #ffb536;\"><\/div><\/li><\/ul><\/div><\/div><\/div><\/div><\/div>","protected":false},"excerpt":{"rendered":"<p>\u52a9\u822a\u4eea\u5668\u5b9e\u8bad\u5ba4 \u52a9\u822a\u4eea\u5668\u5b9e\u8bad\u5ba4\u62e5\u6709\u8239\u8236\u822a\u6d77\u4f7f\u7528\u7684\u4eea\u5668\uff0c\u79cd\u7c7b\u7e41\u591a\uff0c\u4e3b\u8981\u6709\uff1aGPS\u3001\u6d4b\u6df1\u4eea\u3001\u8239\u8236\u81ea\u52a8\u8bc6\u522b\u7cfb\u7edf\u3001\u98ce\u901f&hellip;<\/p>","protected":false},"author":1,"featured_media":0,"parent":1918,"menu_order":0,"comment_status":"closed","ping_status":"closed","template":"","meta":{"footnotes":""},"class_list":["post-1973","page","type-page","status-publish","hentry","description-off"],"amp_enabled":true,"_links":{"self":[{"href":"http:\/\/www.erun-tech.com\/es\/wp-json\/wp\/v2\/pages\/1973","targetHints":{"allow":["GET"]}}],"collection":[{"href":"http:\/\/www.erun-tech.com\/es\/wp-json\/wp\/v2\/pages"}],"about":[{"href":"http:\/\/www.erun-tech.com\/es\/wp-json\/wp\/v2\/types\/page"}],"author":[{"embeddable":true,"href":"http:\/\/www.erun-tech.com\/es\/wp-json\/wp\/v2\/users\/1"}],"replies":[{"embeddable":true,"href":"http:\/\/www.erun-tech.com\/es\/wp-json\/wp\/v2\/comments?post=1973"}],"version-history":[{"count":0,"href":"http:\/\/www.erun-tech.com\/es\/wp-json\/wp\/v2\/pages\/1973\/revisions"}],"up":[{"embeddable":true,"href":"http:\/\/www.erun-tech.com\/es\/wp-json\/wp\/v2\/pages\/1918"}],"wp:attachment":[{"href":"http:\/\/www.erun-tech.com\/es\/wp-json\/wp\/v2\/media?parent=1973"}],"curies":[{"name":"wp","href":"https:\/\/api.w.org\/{rel}","templated":true}]}}