{"id":2056,"date":"2019-07-07T11:48:22","date_gmt":"2019-07-07T03:48:22","guid":{"rendered":"http:\/\/www.eruntec.com\/?page_id=2056"},"modified":"2019-07-07T11:48:22","modified_gmt":"2019-07-07T03:48:22","slug":"gaoxiaoshixunchangdi","status":"publish","type":"page","link":"http:\/\/www.erun-tech.com\/es\/services\/chuanyuanzhuanyejinengshixunshi\/gaoxiaoshixunchangdi","title":{"rendered":"Instalaci\u00f3n de formaci\u00f3n pr\u00e1ctica de alto consumo"},"content":{"rendered":"<div class=\"vc_row wpb_row vc_row-fluid\"><div class=\"wpb_column vc_column_container vc_col-sm-12\"><div class=\"vc_column-inner vc_custom_1498229431694\"><div class=\"wpb_wrapper\"><div id=\"ultimate-heading-283969da2a6ae23d0\" class=\"uvc-heading ult-adjust-bottom-margin ultimate-heading-283969da2a6ae23d0 uvc-3431\" data-hspacer=\"no_spacer\"  data-halign=\"left\" style=\"text-align:left\"><div class=\"uvc-heading-spacer no_spacer\" style=\"top\"><\/div><div class=\"uvc-main-heading ult-responsive\"  data-ultimate-target='.uvc-heading.ultimate-heading-283969da2a6ae23d0 h2'  data-responsive-json-new='{\"font-size\":\"desktop:26px;\",\"line-height\":\"desktop:32px;\"}' ><h2 style=\"font-weight:bold;margin-bottom:20px;\">Instalaci\u00f3n de formaci\u00f3n pr\u00e1ctica de alto consumo<\/h2><\/div><\/div>\n\t<div class=\"wpb_text_column wpb_content_element\" >\n\t\t<div class=\"wpb_wrapper\">\n\t\t\t<p>\u9ad8\u6d88\u5b9e\u8bad\u573a\u5730\u5185\u6709\u6a21\u62df\u8239\u8236\u4e00\u8258\uff0c\u5185\u90e8\u914d\u6709\u5404\u79cd\u6d88\u9632\u8bbe\u5907\uff0c\u5982\u5927\u578bCO2\u7cfb\u7edf\u3001\u5927\u578b\u5e72\u7c89\u706d\u706b\u7cfb\u7edf\u3001\u6ce1\u6cab\u706d\u706b\u7cfb\u7edf\u548c\u5e94\u6025\u6d88\u9632\u7cfb\u7edf\u7b49\uff0c\u53ef\u8fdb\u884c\u5b9e\u9645\u64cd\u4f5c\uff0c\u6ee1\u8db3\u9ad8\u7ea7\u6d88\u9632\u5b9e\u8bad\u8981\u6c42\u3002\u540c\u65f6\u7532\u677f\u4e0a\u88c5\u6709\u7cfb\u79bb\u6cca\u8bbe\u5907\u3001\u951a\u6cca\u8bbe\u5907\uff0c\u53ef\u8fdb\u884c\u7cfb\u7f06\u3001\u89e3\u7f06\u548c\u951a\u6cca\u4f5c\u4e1a\u3002LPG\u7cfb\u7edf\u53ef\u4ee5\u5b8c\u6210\u88c5\u5378\u8d27\u4f5c\u4e1a\uff0cIGS\u7cfb\u7edf\u53ef\u4ee5\u5b8c\u6210\u6d17\u8231\u4f5c\u4e1a\u3002\u6b64\u5916\u6551\u751f\u8247\u5b9e\u8bad\u573a\u5730\u62e5\u6709\u5148\u8fdb\u6551\u751f\u82475\u8258\uff0c\u53ef\u4ee5\u6ee1\u8db3\u6551\u751f\u8247\u91ca\u653e\u4e0e\u56de\u6536\u7684\u8bad\u7ec3\uff0c\u9488\u5bf9PSC\u68c0\u67e5\u9879\u76ee\u8fdb\u884c\u5b9e\u9645\u8bad\u7ec3\u548c\u64cd\u4f5c\u3002<\/p>\n\n\t\t<\/div>\n\t<\/div>\n<style type=\"text\/css\" data-type=\"the7_shortcodes-inline-css\">.photos-carousel-shortcode-id-cd0c5ca8e835adc42dea31520b68b2b3.owl-carousel .owl-nav a {\n  width: 36px;\n  height: 36px;\n  border-radius: 500px;\n}\n.photos-carousel-shortcode-id-cd0c5ca8e835adc42dea31520b68b2b3.owl-carousel .owl-nav a:before,\n.photos-carousel-shortcode-id-cd0c5ca8e835adc42dea31520b68b2b3.owl-carousel .owl-nav a:after {\n  border-width: 0px;\n}\n.photos-carousel-shortcode-id-cd0c5ca8e835adc42dea31520b68b2b3.owl-carousel .owl-nav a.owl-prev {\n  top: 50%;\n  transform: translateY(calc(-50% + 0px));\n  left: -43px;\n}\n@media all and (-ms-high-contrast: none) {\n  .photos-carousel-shortcode-id-cd0c5ca8e835adc42dea31520b68b2b3.owl-carousel .owl-nav a.owl-prev {\n    transform: translateY(-50%);\n    margin-top: 0px;\n  }\n}\n.photos-carousel-shortcode-id-cd0c5ca8e835adc42dea31520b68b2b3.owl-carousel .owl-nav a.owl-prev i {\n  padding: 0px 0px 0px 0px;\n}\n.photos-carousel-shortcode-id-cd0c5ca8e835adc42dea31520b68b2b3.owl-carousel .owl-nav a.owl-next {\n  top: 50%;\n  transform: translateY(calc(-50% + 0px));\n  right: -43px;\n}\n@media all and (-ms-high-contrast: none) {\n  .photos-carousel-shortcode-id-cd0c5ca8e835adc42dea31520b68b2b3.owl-carousel .owl-nav a.owl-next {\n    transform: translateY(-50%);\n    margin-top: 0px;\n  }\n}\n.photos-carousel-shortcode-id-cd0c5ca8e835adc42dea31520b68b2b3.owl-carousel .owl-nav a.owl-next i {\n  padding: 0px 0px 0px 0px;\n}\n.photos-carousel-shortcode-id-cd0c5ca8e835adc42dea31520b68b2b3.owl-carousel .owl-nav i {\n  font-size: 18px;\n}\n.photos-carousel-shortcode-id-cd0c5ca8e835adc42dea31520b68b2b3.owl-carousel .owl-nav a:not(:hover) i,\n.photos-carousel-shortcode-id-cd0c5ca8e835adc42dea31520b68b2b3.owl-carousel .owl-nav a:not(:hover) i:before {\n  color: #ffffff;\n  background: none;\n}\n.photos-carousel-shortcode-id-cd0c5ca8e835adc42dea31520b68b2b3.owl-carousel .owl-nav a:hover i,\n.photos-carousel-shortcode-id-cd0c5ca8e835adc42dea31520b68b2b3.owl-carousel .owl-nav a:hover i:before {\n  color: rgba(255,255,255,0.75);\n  background: none;\n}\n.photos-carousel-shortcode-id-cd0c5ca8e835adc42dea31520b68b2b3 .owl-dots {\n  top: calc(100% + 20px);\n  left: 50%;\n  transform: translateX(calc(-50% + 0px));\n}\n@media all and (-ms-high-contrast: none) {\n  .photos-carousel-shortcode-id-cd0c5ca8e835adc42dea31520b68b2b3 .owl-dots {\n    transform: translateX(-50%);\n    margin-left: 0px;\n  }\n}\n.photos-carousel-shortcode-id-cd0c5ca8e835adc42dea31520b68b2b3 .owl-dot {\n  width: 10px;\n  height: 10px;\n  margin: 0 8px;\n}\n@media screen and (max-width: 778px) {\n  .photos-carousel-shortcode-id-cd0c5ca8e835adc42dea31520b68b2b3.hide-arrows.owl-carousel .owl-nav a {\n    display: none;\n  }\n}\n@media screen and (max-width: 778px) {\n  .photos-carousel-shortcode-id-cd0c5ca8e835adc42dea31520b68b2b3.reposition-arrows.owl-carousel .owl-nav .owl-prev {\n    top: 50%;\n    transform: translateY(calc(-50% + 0px));\n    left: 10px;\n  }\n  .photos-carousel-shortcode-id-cd0c5ca8e835adc42dea31520b68b2b3.reposition-arrows.owl-carousel .owl-nav .owl-next {\n    top: 50%;\n    transform: translateY(calc(-50% + 0px));\n    right: 10px;\n  }\n}\n@media screen and (max-width: 778px) and all and (-ms-high-contrast: none) {\n  .photos-carousel-shortcode-id-cd0c5ca8e835adc42dea31520b68b2b3.reposition-arrows.owl-carousel .owl-nav .owl-prev {\n    transform: translateY(-50%);\n    margin-top: 0px;\n  }\n}\n@media screen and (max-width: 778px) and all and (-ms-high-contrast: none) {\n  .photos-carousel-shortcode-id-cd0c5ca8e835adc42dea31520b68b2b3.reposition-arrows.owl-carousel .owl-nav .owl-next {\n    transform: translateY(-50%);\n    margin-top: 0px;\n  }\n}\n.photos-carousel-shortcode-id-cd0c5ca8e835adc42dea31520b68b2b3 figure,\n.photos-carousel-shortcode-id-cd0c5ca8e835adc42dea31520b68b2b3 .rollover,\n.photos-carousel-shortcode-id-cd0c5ca8e835adc42dea31520b68b2b3 img,\n.photos-carousel-shortcode-id-cd0c5ca8e835adc42dea31520b68b2b3 .gallery-rollover {\n  border-radius: 0px;\n}\n.photos-carousel-shortcode-id-cd0c5ca8e835adc42dea31520b68b2b3.enable-bg-rollover .gallery-rollover {\n  background: -webkit-linear-gradient();\n  background: linear-gradient();\n}\n.photos-carousel-shortcode-id-cd0c5ca8e835adc42dea31520b68b2b3.enable-bg-rollover.hover-scale .rollover:after {\n  background: -webkit-linear-gradient();\n  background: linear-gradient();\n}\n.photos-carousel-shortcode-id-cd0c5ca8e835adc42dea31520b68b2b3.enable-img-shadow .owl-stage-outer {\n  padding: 14px 0;\n}\n.photos-carousel-shortcode-id-cd0c5ca8e835adc42dea31520b68b2b3.gallery-shortcode .gallery-zoom-ico {\n  width: 44px;\n  height: 44px;\n  line-height: 44px;\n  border-radius: 100px;\n  margin: -22px 0 0 -22px;\n  border-width: 0px;\n}\n.dt-icon-bg-on.photos-carousel-shortcode-id-cd0c5ca8e835adc42dea31520b68b2b3.gallery-shortcode .gallery-zoom-ico {\n  background: rgba(255,255,255,0.3);\n  -webkit-box-shadow: none;\n  box-shadow: none;\n}\n.photos-carousel-shortcode-id-cd0c5ca8e835adc42dea31520b68b2b3.gallery-shortcode .gallery-zoom-ico:before,\n.photos-carousel-shortcode-id-cd0c5ca8e835adc42dea31520b68b2b3.gallery-shortcode .gallery-zoom-ico span {\n  font-size: 32px;\n  line-height: 44px;\n  color: #ffffff;\n  background: none;\n}<\/style><div class=\"owl-carousel gallery-carousel-shortcode gallery-shortcode dt-gallery-container album-gallery-shortcode dt-owl-carousel-call photos-carousel-shortcode-id-cd0c5ca8e835adc42dea31520b68b2b3 quick-scale-img enable-bg-rollover meta-info-off bullets-small-dot-stroke reposition-arrows dt-icon-bg-off arrows-bg-on dt-arrow-border-on dt-arrow-hover-border-on disable-arrows-hover-bg arrows-hover-bg-on  hover-fade\" data-scroll-mode=\"1\" data-col-num=\"6\" data-wide-col-num=\"6\" data-laptop-col=\"5\" data-h-tablet-columns-num=\"4\" data-v-tablet-columns-num=\"3\" data-phone-columns-num=\"1\" data-col-gap=\"10\" data-stage-padding=\"0\" data-speed=\"600\" data-autoplay=\"false\" data-autoplay_speed=\"6000\" data-arrows=\"true\" data-bullet=\"false\" data-next-icon=\"icon-ar-017-r\" data-prev-icon=\"icon-ar-017-l\" data-img-shadow-size=\"12px\" data-img-shadow-spread=\"3px\"><\/div><\/div><\/div><\/div><div class=\"wpb_column vc_column_container vc_col-sm-12\"><div class=\"vc_column-inner vc_custom_1498229445232\"><div class=\"wpb_wrapper\"><div id=\"ultimate-heading-136069da2a6ae3d7a\" class=\"uvc-heading ult-adjust-bottom-margin ultimate-heading-136069da2a6ae3d7a uvc-3094\" data-hspacer=\"no_spacer\"  data-halign=\"left\" style=\"text-align:left\"><div class=\"uvc-heading-spacer no_spacer\" style=\"top\"><\/div><div class=\"uvc-main-heading ult-responsive\"  data-ultimate-target='.uvc-heading.ultimate-heading-136069da2a6ae3d7a h2'  data-responsive-json-new='{\"font-size\":\"desktop:26px;\",\"line-height\":\"desktop:32px;\"}' ><h2 style=\"font-weight:bold;margin-bottom:20px;\">Flujo de trabajo<\/h2><\/div><\/div><div class=\"smile_icon_list_wrap ult_info_list_container ult-adjust-bottom-margin   vc_custom_1498230419199\"><ul class=\"smile_icon_list left hexagon\"><li class=\"icon_list_item\" style=\" font-size:60px;\"><div class=\"icon_list_icon\" data-animation=\"\" data-animation-delay=\"03\" style=\"font-size:20px;background:#ffb536;color:#ffffff;border-color:#ffb536;\"><i class=\"icomoon-icomoonfree-16x16-pen\" ><\/i><\/div><div class=\"icon_description\" id=\"Info-list-wrap-3510\" style=\"font-size:20px;\"><h3 class=\"ult-responsive info-list-heading\"  data-ultimate-target='#Info-list-wrap-3510 h3'  data-responsive-json-new='{\"font-size\":\"desktop:16px;\",\"line-height\":\"desktop:22px;\"}'  style=\"font-family:&#039;Open Sans Condensed&#039;;font-weight:700;\">1. Debates preliminares<\/h3><div class=\"icon_description_text ult-responsive\"  data-ultimate-target='#Info-list-wrap-3510 .icon_description_text'  data-responsive-json-new='{\"font-size\":\"desktop:12px;\",\"line-height\":\"desktop:20px;\"}'  style=\"\"><p>Antes de la implementaci\u00f3n del plan del proyecto escolar, nuestra empresa puede proporcionar asesoramiento t\u00e9cnico gratuito, manteniendo una comunicaci\u00f3n eficaz y un intercambio t\u00e9cnico.<\/p>\n<\/div><\/div><div class=\"icon_list_connector\"  style=\"border-right-width: 1px;border-right-style: dashed;border-color: #ffb536;\"><\/div><\/li><li class=\"icon_list_item\" style=\" font-size:60px;\"><div class=\"icon_list_icon\" data-animation=\"\" data-animation-delay=\"03\" style=\"font-size:20px;background:#ffb536;color:#ffffff;border-color:#ffb536;\"><i class=\"icomoon-icomoonfree-16x16-bubbles4\" ><\/i><\/div><div class=\"icon_description\" id=\"Info-list-wrap-4860\" style=\"font-size:20px;\"><h3 class=\"ult-responsive info-list-heading\"  data-ultimate-target='#Info-list-wrap-4860 h3'  data-responsive-json-new='{\"font-size\":\"desktop:16px;\",\"line-height\":\"desktop:22px;\"}'  style=\"font-family:&#039;Open Sans Condensed&#039;;font-weight:700;\">2. Inspecci\u00f3n del emplazamiento<\/h3><div class=\"icon_description_text ult-responsive\"  data-ultimate-target='#Info-list-wrap-4860 .icon_description_text'  data-responsive-json-new='{\"font-size\":\"desktop:12px;\",\"line-height\":\"desktop:20px;\"}'  style=\"\"><p>Si la escuela muestra inter\u00e9s en nuestra soluci\u00f3n propuesta, nuestra empresa llevar\u00e1 a cabo un estudio del emplazamiento y las mediciones necesarias para el proyecto de forma gratuita, al tiempo que proporcionar\u00e1 asistencia t\u00e9cnica.<\/p>\n<\/div><\/div><div class=\"icon_list_connector\"  style=\"border-right-width: 1px;border-right-style: dashed;border-color: #ffb536;\"><\/div><\/li><li class=\"icon_list_item\" style=\" font-size:60px;\"><div class=\"icon_list_icon\" data-animation=\"\" data-animation-delay=\"03\" style=\"font-size:20px;background:#ffb536;color:#ffffff;border-color:#ffb536;\"><i class=\"icomoon-icomoonfree-16x16-stats-bars\" ><\/i><\/div><div class=\"icon_description\" id=\"Info-list-wrap-9651\" style=\"font-size:20px;\"><h3 class=\"ult-responsive info-list-heading\"  data-ultimate-target='#Info-list-wrap-9651 h3'  data-responsive-json-new='{\"font-size\":\"desktop:16px;\",\"line-height\":\"desktop:22px;\"}'  style=\"font-family:&#039;Open Sans Condensed&#039;;font-weight:700;\">3. Plan preliminar de contingencia<\/h3><div class=\"icon_description_text ult-responsive\"  data-ultimate-target='#Info-list-wrap-9651 .icon_description_text'  data-responsive-json-new='{\"font-size\":\"desktop:12px;\",\"line-height\":\"desktop:20px;\"}'  style=\"\"><p>Tras la visita al emplazamiento, nuestra empresa elaborar\u00e1 una propuesta personalizada para el colegio basada en sus requisitos, incluyendo un presupuesto aproximado y las especificaciones t\u00e9cnicas b\u00e1sicas.<\/p>\n<\/div><\/div><div class=\"icon_list_connector\"  style=\"border-right-width: 1px;border-right-style: dashed;border-color: #ffb536;\"><\/div><\/li><li class=\"icon_list_item\" style=\" font-size:60px;\"><div class=\"icon_list_icon\" data-animation=\"\" data-animation-delay=\"03\" style=\"font-size:20px;background:#ffb536;color:#ffffff;border-color:#ffb536;\"><i class=\"icomoon-icomoonfree-16x16-cogs\" ><\/i><\/div><div class=\"icon_description\" id=\"Info-list-wrap-8031\" style=\"font-size:20px;\"><h3 class=\"ult-responsive info-list-heading\"  data-ultimate-target='#Info-list-wrap-8031 h3'  data-responsive-json-new='{\"font-size\":\"desktop:16px;\",\"line-height\":\"desktop:22px;\"}'  style=\"font-family:&#039;Open Sans Condensed&#039;;font-weight:700;\">4. Finalizar el plan.<\/h3><div class=\"icon_description_text ult-responsive\"  data-ultimate-target='#Info-list-wrap-8031 .icon_description_text'  data-responsive-json-new='{\"font-size\":\"desktop:12px;\",\"line-height\":\"desktop:20px;\"}'  style=\"\"><p>De acuerdo con el plan de contingencia previamente establecido, si ambas partes no tienen objeciones, nuestra empresa tendr\u00e1 plenamente en cuenta los requisitos y las circunstancias de la escuela. Formularemos un plan de implementaci\u00f3n definitivo para el proyecto final de la escuela, que incluir\u00e1 el calendario de implementaci\u00f3n, el presupuesto detallado, las especificaciones precisas, las disposiciones de mantenimiento y las disposiciones de servicio posventa.<\/p>\n<\/div><\/div><div class=\"icon_list_connector\"  style=\"border-right-width: 1px;border-right-style: dashed;border-color: #ffb536;\"><\/div><\/li><li class=\"icon_list_item\" style=\" font-size:60px;\"><div class=\"icon_list_icon\" data-animation=\"\" data-animation-delay=\"03\" style=\"font-size:20px;background:#ffb536;color:#ffffff;border-color:#ffb536;\"><i class=\"icomoon-icomoonfree-16x16-star-full\" ><\/i><\/div><div class=\"icon_description\" id=\"Info-list-wrap-5484\" style=\"font-size:20px;\"><h3 class=\"ult-responsive info-list-heading\"  data-ultimate-target='#Info-list-wrap-5484 h3'  data-responsive-json-new='{\"font-size\":\"desktop:16px;\",\"line-height\":\"desktop:22px;\"}'  style=\"font-family:&#039;Open Sans Condensed&#039;;font-weight:700;\">5. Construcci\u00f3n del proyecto<\/h3><div class=\"icon_description_text ult-responsive\"  data-ultimate-target='#Info-list-wrap-5484 .icon_description_text'  data-responsive-json-new='{\"font-size\":\"desktop:12px;\",\"line-height\":\"desktop:20px;\"}'  style=\"\"><p>Comenzaremos la construcci\u00f3n dentro del plazo estipulado seg\u00fan los requisitos del contrato, asegur\u00e1ndonos de que el proyecto se complete con el nivel y la calidad requeridos, garantizando as\u00ed la aceptaci\u00f3n final por parte de la escuela y la Administraci\u00f3n Mar\u00edtima.<\/p>\n<\/div><\/div><div class=\"icon_list_connector\"  style=\"border-right-width: 1px;border-right-style: dashed;border-color: #ffb536;\"><\/div><\/li><\/ul><\/div><\/div><\/div><\/div><\/div>","protected":false},"excerpt":{"rendered":"<p>\u9ad8\u6d88\u5b9e\u8bad\u573a\u5730 \u9ad8\u6d88\u5b9e\u8bad\u573a\u5730\u5185\u6709\u6a21\u62df\u8239\u8236\u4e00\u8258\uff0c\u5185\u90e8\u914d\u6709\u5404\u79cd\u6d88\u9632\u8bbe\u5907\uff0c\u5982\u5927\u578bCO2\u7cfb\u7edf\u3001\u5927\u578b\u5e72\u7c89\u706d\u706b\u7cfb\u7edf\u3001\u6ce1\u6cab\u706d\u706b&hellip;<\/p>","protected":false},"author":1,"featured_media":0,"parent":1924,"menu_order":0,"comment_status":"closed","ping_status":"closed","template":"","meta":{"footnotes":""},"class_list":["post-2056","page","type-page","status-publish","hentry","description-off"],"amp_enabled":true,"_links":{"self":[{"href":"http:\/\/www.erun-tech.com\/es\/wp-json\/wp\/v2\/pages\/2056","targetHints":{"allow":["GET"]}}],"collection":[{"href":"http:\/\/www.erun-tech.com\/es\/wp-json\/wp\/v2\/pages"}],"about":[{"href":"http:\/\/www.erun-tech.com\/es\/wp-json\/wp\/v2\/types\/page"}],"author":[{"embeddable":true,"href":"http:\/\/www.erun-tech.com\/es\/wp-json\/wp\/v2\/users\/1"}],"replies":[{"embeddable":true,"href":"http:\/\/www.erun-tech.com\/es\/wp-json\/wp\/v2\/comments?post=2056"}],"version-history":[{"count":0,"href":"http:\/\/www.erun-tech.com\/es\/wp-json\/wp\/v2\/pages\/2056\/revisions"}],"up":[{"embeddable":true,"href":"http:\/\/www.erun-tech.com\/es\/wp-json\/wp\/v2\/pages\/1924"}],"wp:attachment":[{"href":"http:\/\/www.erun-tech.com\/es\/wp-json\/wp\/v2\/media?parent=2056"}],"curies":[{"name":"wp","href":"https:\/\/api.w.org\/{rel}","templated":true}]}}