{"id":2070,"date":"2019-07-07T11:54:28","date_gmt":"2019-07-07T03:54:28","guid":{"rendered":"http:\/\/www.eruntec.com\/?page_id=2070"},"modified":"2019-07-07T11:54:28","modified_gmt":"2019-07-07T03:54:28","slug":"daxingchuanbomoniqishixunshi","status":"publish","type":"page","link":"http:\/\/www.erun-tech.com\/es\/services\/chuanyuanzhuanyejinengshixunshi\/daxingchuanbomoniqishixunshi","title":{"rendered":"Sala de formaci\u00f3n con simulador de buques de gran tama\u00f1o"},"content":{"rendered":"<div class=\"vc_row wpb_row vc_row-fluid\"><div class=\"wpb_column vc_column_container vc_col-sm-12\"><div class=\"vc_column-inner vc_custom_1498229431694\"><div class=\"wpb_wrapper\"><div id=\"ultimate-heading-171369da2a6c6d921\" class=\"uvc-heading ult-adjust-bottom-margin ultimate-heading-171369da2a6c6d921 uvc-8971\" data-hspacer=\"no_spacer\"  data-halign=\"left\" style=\"text-align:left\"><div class=\"uvc-heading-spacer no_spacer\" style=\"top\"><\/div><div class=\"uvc-main-heading ult-responsive\"  data-ultimate-target='.uvc-heading.ultimate-heading-171369da2a6c6d921 h2'  data-responsive-json-new='{\"font-size\":\"desktop:26px;\",\"line-height\":\"desktop:32px;\"}' ><h2 style=\"font-weight:bold;margin-bottom:20px;\">Sala de formaci\u00f3n con simulador de buques de gran tama\u00f1o<\/h2><\/div><\/div>\n\t<div class=\"wpb_text_column wpb_content_element\" >\n\t\t<div class=\"wpb_wrapper\">\n\t\t\t<p>Los simuladores de grandes buques proporcionan al personal de navegaci\u00f3n un entorno de formaci\u00f3n excepcionalmente realista, que cumple los requisitos del Convenio STCW 78\/95 para la evaluaci\u00f3n de la competencia y la formaci\u00f3n continua en materia de competencia realizada mediante simuladores. Son adecuados para la formaci\u00f3n de estudiantes, la coordinaci\u00f3n de equipos o la formaci\u00f3n individual de tripulantes con distintos niveles de experiencia, capitanes y pilotos superiores. Estos simuladores facilitan una formaci\u00f3n completa en gesti\u00f3n de equipos de puente (BTM), gesti\u00f3n de recursos de puente (BRM) y otros ejercicios integrados. Pueden emplearse para la formaci\u00f3n en maniobras de buques de distintos tipos, tonelajes, condiciones meteorol\u00f3gicas y configuraciones de canales, as\u00ed como para la formaci\u00f3n en gesti\u00f3n de equipos de puente (BTM), gesti\u00f3n de recursos de puente (BRM) y otros ejercicios integrados.(BTM), gesti\u00f3n de recursos en el puente (BRM) y otra formaci\u00f3n integrada. Facilita los ejercicios de maniobra de buques para diversos tipos y tonelajes de buques en diversas condiciones meteorol\u00f3gicas y canales de navegaci\u00f3n, junto con la formaci\u00f3n simulada para operaciones de radar y ARPA, manejo de ECDIS, aplicaciones de desarrollo de puertos y canales, y an\u00e1lisis de investigaci\u00f3n de incidentes.<\/p>\n\n\t\t<\/div>\n\t<\/div>\n<style type=\"text\/css\" data-type=\"the7_shortcodes-inline-css\">.photos-carousel-shortcode-id-48a8932314f4eae8fed2e87c01c4259c.owl-carousel .owl-nav a {\n  width: 36px;\n  height: 36px;\n  border-radius: 500px;\n}\n.photos-carousel-shortcode-id-48a8932314f4eae8fed2e87c01c4259c.owl-carousel .owl-nav a:before,\n.photos-carousel-shortcode-id-48a8932314f4eae8fed2e87c01c4259c.owl-carousel .owl-nav a:after {\n  border-width: 0px;\n}\n.photos-carousel-shortcode-id-48a8932314f4eae8fed2e87c01c4259c.owl-carousel .owl-nav a.owl-prev {\n  top: 50%;\n  transform: translateY(calc(-50% + 0px));\n  left: -43px;\n}\n@media all and (-ms-high-contrast: none) {\n  .photos-carousel-shortcode-id-48a8932314f4eae8fed2e87c01c4259c.owl-carousel .owl-nav a.owl-prev {\n    transform: translateY(-50%);\n    margin-top: 0px;\n  }\n}\n.photos-carousel-shortcode-id-48a8932314f4eae8fed2e87c01c4259c.owl-carousel .owl-nav a.owl-prev i {\n  padding: 0px 0px 0px 0px;\n}\n.photos-carousel-shortcode-id-48a8932314f4eae8fed2e87c01c4259c.owl-carousel .owl-nav a.owl-next {\n  top: 50%;\n  transform: translateY(calc(-50% + 0px));\n  right: -43px;\n}\n@media all and (-ms-high-contrast: none) {\n  .photos-carousel-shortcode-id-48a8932314f4eae8fed2e87c01c4259c.owl-carousel .owl-nav a.owl-next {\n    transform: translateY(-50%);\n    margin-top: 0px;\n  }\n}\n.photos-carousel-shortcode-id-48a8932314f4eae8fed2e87c01c4259c.owl-carousel .owl-nav a.owl-next i {\n  padding: 0px 0px 0px 0px;\n}\n.photos-carousel-shortcode-id-48a8932314f4eae8fed2e87c01c4259c.owl-carousel .owl-nav i {\n  font-size: 18px;\n}\n.photos-carousel-shortcode-id-48a8932314f4eae8fed2e87c01c4259c.owl-carousel .owl-nav a:not(:hover) i,\n.photos-carousel-shortcode-id-48a8932314f4eae8fed2e87c01c4259c.owl-carousel .owl-nav a:not(:hover) i:before {\n  color: #ffffff;\n  background: none;\n}\n.photos-carousel-shortcode-id-48a8932314f4eae8fed2e87c01c4259c.owl-carousel .owl-nav a:hover i,\n.photos-carousel-shortcode-id-48a8932314f4eae8fed2e87c01c4259c.owl-carousel .owl-nav a:hover i:before {\n  color: rgba(255,255,255,0.75);\n  background: none;\n}\n.photos-carousel-shortcode-id-48a8932314f4eae8fed2e87c01c4259c .owl-dots {\n  top: calc(100% + 20px);\n  left: 50%;\n  transform: translateX(calc(-50% + 0px));\n}\n@media all and (-ms-high-contrast: none) {\n  .photos-carousel-shortcode-id-48a8932314f4eae8fed2e87c01c4259c .owl-dots {\n    transform: translateX(-50%);\n    margin-left: 0px;\n  }\n}\n.photos-carousel-shortcode-id-48a8932314f4eae8fed2e87c01c4259c .owl-dot {\n  width: 10px;\n  height: 10px;\n  margin: 0 8px;\n}\n@media screen and (max-width: 778px) {\n  .photos-carousel-shortcode-id-48a8932314f4eae8fed2e87c01c4259c.hide-arrows.owl-carousel .owl-nav a {\n    display: none;\n  }\n}\n@media screen and (max-width: 778px) {\n  .photos-carousel-shortcode-id-48a8932314f4eae8fed2e87c01c4259c.reposition-arrows.owl-carousel .owl-nav .owl-prev {\n    top: 50%;\n    transform: translateY(calc(-50% + 0px));\n    left: 10px;\n  }\n  .photos-carousel-shortcode-id-48a8932314f4eae8fed2e87c01c4259c.reposition-arrows.owl-carousel .owl-nav .owl-next {\n    top: 50%;\n    transform: translateY(calc(-50% + 0px));\n    right: 10px;\n  }\n}\n@media screen and (max-width: 778px) and all and (-ms-high-contrast: none) {\n  .photos-carousel-shortcode-id-48a8932314f4eae8fed2e87c01c4259c.reposition-arrows.owl-carousel .owl-nav .owl-prev {\n    transform: translateY(-50%);\n    margin-top: 0px;\n  }\n}\n@media screen and (max-width: 778px) and all and (-ms-high-contrast: none) {\n  .photos-carousel-shortcode-id-48a8932314f4eae8fed2e87c01c4259c.reposition-arrows.owl-carousel .owl-nav .owl-next {\n    transform: translateY(-50%);\n    margin-top: 0px;\n  }\n}\n.photos-carousel-shortcode-id-48a8932314f4eae8fed2e87c01c4259c figure,\n.photos-carousel-shortcode-id-48a8932314f4eae8fed2e87c01c4259c .rollover,\n.photos-carousel-shortcode-id-48a8932314f4eae8fed2e87c01c4259c img,\n.photos-carousel-shortcode-id-48a8932314f4eae8fed2e87c01c4259c .gallery-rollover {\n  border-radius: 0px;\n}\n.photos-carousel-shortcode-id-48a8932314f4eae8fed2e87c01c4259c.enable-bg-rollover .gallery-rollover {\n  background: -webkit-linear-gradient();\n  background: linear-gradient();\n}\n.photos-carousel-shortcode-id-48a8932314f4eae8fed2e87c01c4259c.enable-bg-rollover.hover-scale .rollover:after {\n  background: -webkit-linear-gradient();\n  background: linear-gradient();\n}\n.photos-carousel-shortcode-id-48a8932314f4eae8fed2e87c01c4259c.enable-img-shadow .owl-stage-outer {\n  padding: 14px 0;\n}\n.photos-carousel-shortcode-id-48a8932314f4eae8fed2e87c01c4259c.gallery-shortcode .gallery-zoom-ico {\n  width: 44px;\n  height: 44px;\n  line-height: 44px;\n  border-radius: 100px;\n  margin: -22px 0 0 -22px;\n  border-width: 0px;\n}\n.dt-icon-bg-on.photos-carousel-shortcode-id-48a8932314f4eae8fed2e87c01c4259c.gallery-shortcode .gallery-zoom-ico {\n  background: rgba(255,255,255,0.3);\n  -webkit-box-shadow: none;\n  box-shadow: none;\n}\n.photos-carousel-shortcode-id-48a8932314f4eae8fed2e87c01c4259c.gallery-shortcode .gallery-zoom-ico:before,\n.photos-carousel-shortcode-id-48a8932314f4eae8fed2e87c01c4259c.gallery-shortcode .gallery-zoom-ico span {\n  font-size: 32px;\n  line-height: 44px;\n  color: #ffffff;\n  background: none;\n}<\/style><div class=\"owl-carousel gallery-carousel-shortcode gallery-shortcode dt-gallery-container album-gallery-shortcode dt-owl-carousel-call photos-carousel-shortcode-id-48a8932314f4eae8fed2e87c01c4259c quick-scale-img enable-bg-rollover meta-info-off bullets-small-dot-stroke reposition-arrows dt-icon-bg-off arrows-bg-on dt-arrow-border-on dt-arrow-hover-border-on disable-arrows-hover-bg arrows-hover-bg-on  hover-fade\" data-scroll-mode=\"1\" data-col-num=\"6\" data-wide-col-num=\"6\" data-laptop-col=\"5\" data-h-tablet-columns-num=\"4\" data-v-tablet-columns-num=\"3\" data-phone-columns-num=\"1\" data-col-gap=\"10\" data-stage-padding=\"0\" data-speed=\"600\" data-autoplay=\"false\" data-autoplay_speed=\"6000\" data-arrows=\"true\" data-bullet=\"false\" data-next-icon=\"icon-ar-017-r\" data-prev-icon=\"icon-ar-017-l\" data-img-shadow-size=\"12px\" data-img-shadow-spread=\"3px\"><\/div><\/div><\/div><\/div><div class=\"wpb_column vc_column_container vc_col-sm-12\"><div class=\"vc_column-inner vc_custom_1498229445232\"><div class=\"wpb_wrapper\"><div id=\"ultimate-heading-104069da2a6c71f9f\" class=\"uvc-heading ult-adjust-bottom-margin ultimate-heading-104069da2a6c71f9f uvc-3346\" data-hspacer=\"no_spacer\"  data-halign=\"left\" style=\"text-align:left\"><div class=\"uvc-heading-spacer no_spacer\" style=\"top\"><\/div><div class=\"uvc-main-heading ult-responsive\"  data-ultimate-target='.uvc-heading.ultimate-heading-104069da2a6c71f9f h2'  data-responsive-json-new='{\"font-size\":\"desktop:26px;\",\"line-height\":\"desktop:32px;\"}' ><h2 style=\"font-weight:bold;margin-bottom:20px;\">Flujo de trabajo<\/h2><\/div><\/div><div class=\"smile_icon_list_wrap ult_info_list_container ult-adjust-bottom-margin   vc_custom_1498230419199\"><ul class=\"smile_icon_list left hexagon\"><li class=\"icon_list_item\" style=\" font-size:60px;\"><div class=\"icon_list_icon\" data-animation=\"\" data-animation-delay=\"03\" style=\"font-size:20px;background:#ffb536;color:#ffffff;border-color:#ffb536;\"><i class=\"icomoon-icomoonfree-16x16-pen\" ><\/i><\/div><div class=\"icon_description\" id=\"Info-list-wrap-2576\" style=\"font-size:20px;\"><h3 class=\"ult-responsive info-list-heading\"  data-ultimate-target='#Info-list-wrap-2576 h3'  data-responsive-json-new='{\"font-size\":\"desktop:16px;\",\"line-height\":\"desktop:22px;\"}'  style=\"font-family:&#039;Open Sans Condensed&#039;;font-weight:700;\">1. Debates preliminares<\/h3><div class=\"icon_description_text ult-responsive\"  data-ultimate-target='#Info-list-wrap-2576 .icon_description_text'  data-responsive-json-new='{\"font-size\":\"desktop:12px;\",\"line-height\":\"desktop:20px;\"}'  style=\"\"><p>Antes de la implementaci\u00f3n del plan del proyecto escolar, nuestra empresa puede proporcionar asesoramiento t\u00e9cnico gratuito, manteniendo una comunicaci\u00f3n eficaz y un intercambio t\u00e9cnico.<\/p>\n<\/div><\/div><div class=\"icon_list_connector\"  style=\"border-right-width: 1px;border-right-style: dashed;border-color: #ffb536;\"><\/div><\/li><li class=\"icon_list_item\" style=\" font-size:60px;\"><div class=\"icon_list_icon\" data-animation=\"\" data-animation-delay=\"03\" style=\"font-size:20px;background:#ffb536;color:#ffffff;border-color:#ffb536;\"><i class=\"icomoon-icomoonfree-16x16-bubbles4\" ><\/i><\/div><div class=\"icon_description\" id=\"Info-list-wrap-3334\" style=\"font-size:20px;\"><h3 class=\"ult-responsive info-list-heading\"  data-ultimate-target='#Info-list-wrap-3334 h3'  data-responsive-json-new='{\"font-size\":\"desktop:16px;\",\"line-height\":\"desktop:22px;\"}'  style=\"font-family:&#039;Open Sans Condensed&#039;;font-weight:700;\">2. Inspecci\u00f3n del emplazamiento<\/h3><div class=\"icon_description_text ult-responsive\"  data-ultimate-target='#Info-list-wrap-3334 .icon_description_text'  data-responsive-json-new='{\"font-size\":\"desktop:12px;\",\"line-height\":\"desktop:20px;\"}'  style=\"\"><p>Si la escuela muestra inter\u00e9s en nuestra soluci\u00f3n propuesta, nuestra empresa llevar\u00e1 a cabo un estudio del emplazamiento y las mediciones necesarias para el proyecto de forma gratuita, al tiempo que proporcionar\u00e1 asistencia t\u00e9cnica.<\/p>\n<\/div><\/div><div class=\"icon_list_connector\"  style=\"border-right-width: 1px;border-right-style: dashed;border-color: #ffb536;\"><\/div><\/li><li class=\"icon_list_item\" style=\" font-size:60px;\"><div class=\"icon_list_icon\" data-animation=\"\" data-animation-delay=\"03\" style=\"font-size:20px;background:#ffb536;color:#ffffff;border-color:#ffb536;\"><i class=\"icomoon-icomoonfree-16x16-stats-bars\" ><\/i><\/div><div class=\"icon_description\" id=\"Info-list-wrap-9375\" style=\"font-size:20px;\"><h3 class=\"ult-responsive info-list-heading\"  data-ultimate-target='#Info-list-wrap-9375 h3'  data-responsive-json-new='{\"font-size\":\"desktop:16px;\",\"line-height\":\"desktop:22px;\"}'  style=\"font-family:&#039;Open Sans Condensed&#039;;font-weight:700;\">3. Plan preliminar de contingencia<\/h3><div class=\"icon_description_text ult-responsive\"  data-ultimate-target='#Info-list-wrap-9375 .icon_description_text'  data-responsive-json-new='{\"font-size\":\"desktop:12px;\",\"line-height\":\"desktop:20px;\"}'  style=\"\"><p>Tras la visita al emplazamiento, nuestra empresa elaborar\u00e1 una propuesta personalizada para el colegio basada en sus requisitos, incluyendo un presupuesto aproximado y las especificaciones t\u00e9cnicas b\u00e1sicas.<\/p>\n<\/div><\/div><div class=\"icon_list_connector\"  style=\"border-right-width: 1px;border-right-style: dashed;border-color: #ffb536;\"><\/div><\/li><li class=\"icon_list_item\" style=\" font-size:60px;\"><div class=\"icon_list_icon\" data-animation=\"\" data-animation-delay=\"03\" style=\"font-size:20px;background:#ffb536;color:#ffffff;border-color:#ffb536;\"><i class=\"icomoon-icomoonfree-16x16-cogs\" ><\/i><\/div><div class=\"icon_description\" id=\"Info-list-wrap-1612\" style=\"font-size:20px;\"><h3 class=\"ult-responsive info-list-heading\"  data-ultimate-target='#Info-list-wrap-1612 h3'  data-responsive-json-new='{\"font-size\":\"desktop:16px;\",\"line-height\":\"desktop:22px;\"}'  style=\"font-family:&#039;Open Sans Condensed&#039;;font-weight:700;\">4. Finalizar el plan.<\/h3><div class=\"icon_description_text ult-responsive\"  data-ultimate-target='#Info-list-wrap-1612 .icon_description_text'  data-responsive-json-new='{\"font-size\":\"desktop:12px;\",\"line-height\":\"desktop:20px;\"}'  style=\"\"><p>De acuerdo con el plan de contingencia previamente establecido, si ambas partes no tienen objeciones, nuestra empresa tendr\u00e1 plenamente en cuenta los requisitos y las circunstancias de la escuela. Formularemos un plan de implementaci\u00f3n definitivo para el proyecto final de la escuela, que incluir\u00e1 el calendario de implementaci\u00f3n, el presupuesto detallado, las especificaciones precisas, las disposiciones de mantenimiento y las disposiciones de servicio posventa.<\/p>\n<\/div><\/div><div class=\"icon_list_connector\"  style=\"border-right-width: 1px;border-right-style: dashed;border-color: #ffb536;\"><\/div><\/li><li class=\"icon_list_item\" style=\" font-size:60px;\"><div class=\"icon_list_icon\" data-animation=\"\" data-animation-delay=\"03\" style=\"font-size:20px;background:#ffb536;color:#ffffff;border-color:#ffb536;\"><i class=\"icomoon-icomoonfree-16x16-star-full\" ><\/i><\/div><div class=\"icon_description\" id=\"Info-list-wrap-3558\" style=\"font-size:20px;\"><h3 class=\"ult-responsive info-list-heading\"  data-ultimate-target='#Info-list-wrap-3558 h3'  data-responsive-json-new='{\"font-size\":\"desktop:16px;\",\"line-height\":\"desktop:22px;\"}'  style=\"font-family:&#039;Open Sans Condensed&#039;;font-weight:700;\">5. Construcci\u00f3n del proyecto<\/h3><div class=\"icon_description_text ult-responsive\"  data-ultimate-target='#Info-list-wrap-3558 .icon_description_text'  data-responsive-json-new='{\"font-size\":\"desktop:12px;\",\"line-height\":\"desktop:20px;\"}'  style=\"\"><p>Comenzaremos la construcci\u00f3n dentro del plazo estipulado seg\u00fan los requisitos del contrato, asegur\u00e1ndonos de que el proyecto se complete con el nivel y la calidad requeridos, garantizando as\u00ed la aceptaci\u00f3n final por parte de la escuela y la Administraci\u00f3n Mar\u00edtima.<\/p>\n<\/div><\/div><div class=\"icon_list_connector\"  style=\"border-right-width: 1px;border-right-style: dashed;border-color: #ffb536;\"><\/div><\/li><\/ul><\/div><\/div><\/div><\/div><\/div>","protected":false},"excerpt":{"rendered":"<p>\u5927\u578b\u8239\u8236\u6a21\u62df\u5668\u5b9e\u8bad\u5ba4 \u5927\u578b\u8239\u8236\u6a21\u62df\u5668\u5b9e\u8bad\u4e3a\u9a7e\u9a76\u4eba\u5458\u63d0\u4f9b\u4e86\u5341\u5206\u903c\u771f\u7684\u8bad\u7ec3\u73af\u5883\uff0c\u7b26\u5408STCW78\/95\u516c\u7ea6\u6240\u8981\u6c42\u7684&hellip;<\/p>","protected":false},"author":1,"featured_media":0,"parent":1924,"menu_order":0,"comment_status":"closed","ping_status":"closed","template":"","meta":{"footnotes":""},"class_list":["post-2070","page","type-page","status-publish","hentry","description-off"],"amp_enabled":true,"_links":{"self":[{"href":"http:\/\/www.erun-tech.com\/es\/wp-json\/wp\/v2\/pages\/2070","targetHints":{"allow":["GET"]}}],"collection":[{"href":"http:\/\/www.erun-tech.com\/es\/wp-json\/wp\/v2\/pages"}],"about":[{"href":"http:\/\/www.erun-tech.com\/es\/wp-json\/wp\/v2\/types\/page"}],"author":[{"embeddable":true,"href":"http:\/\/www.erun-tech.com\/es\/wp-json\/wp\/v2\/users\/1"}],"replies":[{"embeddable":true,"href":"http:\/\/www.erun-tech.com\/es\/wp-json\/wp\/v2\/comments?post=2070"}],"version-history":[{"count":0,"href":"http:\/\/www.erun-tech.com\/es\/wp-json\/wp\/v2\/pages\/2070\/revisions"}],"up":[{"embeddable":true,"href":"http:\/\/www.erun-tech.com\/es\/wp-json\/wp\/v2\/pages\/1924"}],"wp:attachment":[{"href":"http:\/\/www.erun-tech.com\/es\/wp-json\/wp\/v2\/media?parent=2070"}],"curies":[{"name":"wp","href":"https:\/\/api.w.org\/{rel}","templated":true}]}}