{"id":2253,"date":"2019-07-09T00:53:57","date_gmt":"2019-07-08T16:53:57","guid":{"rendered":"http:\/\/www.eruntec.com\/?page_id=2253"},"modified":"2019-07-09T00:53:57","modified_gmt":"2019-07-08T16:53:57","slug":"haigongzuoyemoniqi","status":"publish","type":"page","link":"http:\/\/www.erun-tech.com\/es\/services\/chuanbomoniqivrdengzhinengshixunshi\/haigongzuoyemoniqi","title":{"rendered":"Simulador de operaciones mar\u00edtimas"},"content":{"rendered":"<div class=\"vc_row wpb_row vc_row-fluid\"><div class=\"wpb_column vc_column_container vc_col-sm-12\"><div class=\"vc_column-inner vc_custom_1498229431694\"><div class=\"wpb_wrapper\"><div id=\"ultimate-heading-839369da2a6db6ff1\" class=\"uvc-heading ult-adjust-bottom-margin ultimate-heading-839369da2a6db6ff1 uvc-469\" data-hspacer=\"no_spacer\"  data-halign=\"left\" style=\"text-align:left\"><div class=\"uvc-heading-spacer no_spacer\" style=\"top\"><\/div><div class=\"uvc-main-heading ult-responsive\"  data-ultimate-target='.uvc-heading.ultimate-heading-839369da2a6db6ff1 h2'  data-responsive-json-new='{\"font-size\":\"desktop:26px;\",\"line-height\":\"desktop:32px;\"}' ><h2 style=\"font-weight:bold;margin-bottom:20px;\">Simulador de operaciones mar\u00edtimas<\/h2><\/div><\/div>\n\t<div class=\"wpb_text_column wpb_content_element\" >\n\t\t<div class=\"wpb_wrapper\">\n\t\t\t<p>Simulador de operaciones de ingenier\u00eda offshore V.Dragon-OffShore 5000, que cumple los requisitos para simuladores de ingenier\u00eda offshore especificados en el Convenio STCW El simulador de operaciones de ingenier\u00eda naval V.Dragon-OffShore 5000 cumple los requisitos pertinentes para simuladores offshore estipulados en las \u201cDirectrices para la formaci\u00f3n de capitanes y oficiales en buques de suministro offshore\u201d del Convenio STCW, el \u201cSimulador de formaci\u00f3n en manejo de anclas\u201d de DNV GL y el \u201cSimulador de posicionamiento din\u00e1mico\u201d. Simula los procesos operativos de los buques de ingenier\u00eda naval que realizan tareas como remolque, operaciones de suministro, manejo de anclas y maniobras de posicionamiento din\u00e1mico para plataformas offshore en diversas condiciones mar\u00edtimas, proporcionando una plataforma de simulaci\u00f3n totalmente funcional para operaciones de ingenier\u00eda naval.<\/p>\n\n\t\t<\/div>\n\t<\/div>\n<div class=\"vc_row wpb_row vc_inner vc_row-fluid\"><div class=\"wpb_column vc_column_container vc_col-sm-6\"><div class=\"vc_column-inner\"><div class=\"wpb_wrapper\">\n\t<div class=\"wpb_text_column wpb_content_element\" >\n\t\t<div class=\"wpb_wrapper\">\n\t\t\t<ul data-v-0729b082=\"\">\n<li data-v-0729b082=\"\">\n<div class=\"div-li\" data-v-0729b082=\"\">Modelo matem\u00e1tico del movimiento de seis grados de libertad para buques de suministro, buques de manejo de anclas y plataformas marinas.<\/div>\n<\/li>\n<li data-v-0729b082=\"\">\n<div class=\"div-li\" data-v-0729b082=\"\">Simulaci\u00f3n del dise\u00f1o, instalaci\u00f3n, recuperaci\u00f3n y maniobras del sistema de manejo de anclas.<\/div>\n<\/li>\n<li data-v-0729b082=\"\">\n<div class=\"div-li\" data-v-0729b082=\"\">Simulaci\u00f3n del sistema de posicionamiento din\u00e1mico<\/div>\n<\/li>\n<li data-v-0729b082=\"\">\n<div class=\"div-li\" data-v-0729b082=\"\">Simulaci\u00f3n del proceso de operaciones de suministro de plataformas<\/div>\n<\/li>\n<\/ul>\n\n\t\t<\/div>\n\t<\/div>\n<\/div><\/div><\/div><div class=\"wpb_column vc_column_container vc_col-sm-6\"><div class=\"vc_column-inner\"><div class=\"wpb_wrapper\">\n\t<div class=\"wpb_text_column wpb_content_element\" >\n\t\t<div class=\"wpb_wrapper\">\n\t\t\t<ul data-v-0729b082=\"\">\n<li data-v-0729b082=\"\">\n<div class=\"div-li\" data-v-0729b082=\"\">Simulaci\u00f3n basada en la f\u00edsica de los procesos de elevaci\u00f3n<\/div>\n<\/li>\n<li data-v-0729b082=\"\">\n<div class=\"div-li\" data-v-0729b082=\"\">Cabina simulada con puestos de mando en proa y popa.<\/div>\n<\/li>\n<li data-v-0729b082=\"\">\n<div class=\"div-li\" data-v-0729b082=\"\">Equipado con abrazaderas tipo tibur\u00f3n, pasadores gu\u00eda y maquinaria de anclaje, entre otros dispositivos de control.<\/div>\n<\/li>\n<li data-v-0729b082=\"\">\n<div class=\"div-li\" data-v-0729b082=\"\">Equipado con ordenadores de cabrestante y equipos de monitorizaci\u00f3n.<\/div>\n<\/li>\n<\/ul>\n\n\t\t<\/div>\n\t<\/div>\n<\/div><\/div><\/div><\/div><div class=\"vc_row wpb_row vc_inner vc_row-fluid\"><div class=\"wpb_column vc_column_container vc_col-sm-6\"><div class=\"vc_column-inner\"><div class=\"wpb_wrapper\">\n\t<div  class=\"wpb_single_image wpb_content_element vc_align_left\">\n\t\t\n\t\t<figure class=\"wpb_wrapper vc_figure\">\n\t\t\t<div class=\"vc_single_image-wrapper   vc_box_border_grey\"><\/div>\n\t\t<\/figure>\n\t<\/div>\n<\/div><\/div><\/div><div class=\"wpb_column vc_column_container vc_col-sm-6\"><div class=\"vc_column-inner\"><div class=\"wpb_wrapper\">\n\t<div  class=\"wpb_single_image wpb_content_element vc_align_left\">\n\t\t\n\t\t<figure class=\"wpb_wrapper vc_figure\">\n\t\t\t<div class=\"vc_single_image-wrapper   vc_box_border_grey\"><\/div>\n\t\t<\/figure>\n\t<\/div>\n<\/div><\/div><\/div><\/div><div class=\"vc_row wpb_row vc_inner vc_row-fluid\"><div class=\"wpb_column vc_column_container vc_col-sm-4\"><div class=\"vc_column-inner\"><div class=\"wpb_wrapper\">\n\t<div  class=\"wpb_single_image wpb_content_element vc_align_left\">\n\t\t\n\t\t<figure class=\"wpb_wrapper vc_figure\">\n\t\t\t<div class=\"vc_single_image-wrapper   vc_box_border_grey\"><\/div>\n\t\t<\/figure>\n\t<\/div>\n<\/div><\/div><\/div><div class=\"wpb_column vc_column_container vc_col-sm-4\"><div class=\"vc_column-inner\"><div class=\"wpb_wrapper\">\n\t<div  class=\"wpb_single_image wpb_content_element vc_align_left\">\n\t\t\n\t\t<figure class=\"wpb_wrapper vc_figure\">\n\t\t\t<div class=\"vc_single_image-wrapper   vc_box_border_grey\"><\/div>\n\t\t<\/figure>\n\t<\/div>\n<\/div><\/div><\/div><div class=\"wpb_column vc_column_container vc_col-sm-4\"><div class=\"vc_column-inner\"><div class=\"wpb_wrapper\">\n\t<div  class=\"wpb_single_image wpb_content_element vc_align_left\">\n\t\t\n\t\t<figure class=\"wpb_wrapper vc_figure\">\n\t\t\t<div class=\"vc_single_image-wrapper   vc_box_border_grey\"><\/div>\n\t\t<\/figure>\n\t<\/div>\n<\/div><\/div><\/div><\/div><\/div><\/div><\/div><div class=\"wpb_column vc_column_container vc_col-sm-12\"><div class=\"vc_column-inner vc_custom_1498229445232\"><div class=\"wpb_wrapper\"><div id=\"ultimate-heading-485069da2a6db9ef0\" class=\"uvc-heading ult-adjust-bottom-margin ultimate-heading-485069da2a6db9ef0 uvc-3984\" data-hspacer=\"no_spacer\"  data-halign=\"left\" style=\"text-align:left\"><div class=\"uvc-heading-spacer no_spacer\" style=\"top\"><\/div><div class=\"uvc-main-heading ult-responsive\"  data-ultimate-target='.uvc-heading.ultimate-heading-485069da2a6db9ef0 h2'  data-responsive-json-new='{\"font-size\":\"desktop:26px;\",\"line-height\":\"desktop:32px;\"}' ><h2 style=\"font-weight:bold;margin-bottom:20px;\">Flujo de trabajo<\/h2><\/div><\/div><div class=\"smile_icon_list_wrap ult_info_list_container ult-adjust-bottom-margin   vc_custom_1498230419199\"><ul class=\"smile_icon_list left hexagon\"><li class=\"icon_list_item\" style=\" font-size:60px;\"><div class=\"icon_list_icon\" data-animation=\"\" data-animation-delay=\"03\" style=\"font-size:20px;background:#ffb536;color:#ffffff;border-color:#ffb536;\"><i class=\"icomoon-icomoonfree-16x16-pen\" ><\/i><\/div><div class=\"icon_description\" id=\"Info-list-wrap-5718\" style=\"font-size:20px;\"><h3 class=\"ult-responsive info-list-heading\"  data-ultimate-target='#Info-list-wrap-5718 h3'  data-responsive-json-new='{\"font-size\":\"desktop:16px;\",\"line-height\":\"desktop:22px;\"}'  style=\"font-family:&#039;Open Sans Condensed&#039;;font-weight:700;\">1. Debates preliminares<\/h3><div class=\"icon_description_text ult-responsive\"  data-ultimate-target='#Info-list-wrap-5718 .icon_description_text'  data-responsive-json-new='{\"font-size\":\"desktop:12px;\",\"line-height\":\"desktop:20px;\"}'  style=\"\"><p>Antes de la implementaci\u00f3n del plan del proyecto escolar, nuestra empresa puede proporcionar asesoramiento t\u00e9cnico gratuito, manteniendo una comunicaci\u00f3n eficaz y un intercambio t\u00e9cnico.<\/p>\n<\/div><\/div><div class=\"icon_list_connector\"  style=\"border-right-width: 1px;border-right-style: dashed;border-color: #ffb536;\"><\/div><\/li><li class=\"icon_list_item\" style=\" font-size:60px;\"><div class=\"icon_list_icon\" data-animation=\"\" data-animation-delay=\"03\" style=\"font-size:20px;background:#ffb536;color:#ffffff;border-color:#ffb536;\"><i class=\"icomoon-icomoonfree-16x16-bubbles4\" ><\/i><\/div><div class=\"icon_description\" id=\"Info-list-wrap-5190\" style=\"font-size:20px;\"><h3 class=\"ult-responsive info-list-heading\"  data-ultimate-target='#Info-list-wrap-5190 h3'  data-responsive-json-new='{\"font-size\":\"desktop:16px;\",\"line-height\":\"desktop:22px;\"}'  style=\"font-family:&#039;Open Sans Condensed&#039;;font-weight:700;\">2. Inspecci\u00f3n del emplazamiento<\/h3><div class=\"icon_description_text ult-responsive\"  data-ultimate-target='#Info-list-wrap-5190 .icon_description_text'  data-responsive-json-new='{\"font-size\":\"desktop:12px;\",\"line-height\":\"desktop:20px;\"}'  style=\"\"><p>Si la escuela muestra inter\u00e9s en nuestra soluci\u00f3n propuesta, nuestra empresa llevar\u00e1 a cabo un estudio del emplazamiento y las mediciones necesarias para el proyecto de forma gratuita, al tiempo que proporcionar\u00e1 asistencia t\u00e9cnica.<\/p>\n<\/div><\/div><div class=\"icon_list_connector\"  style=\"border-right-width: 1px;border-right-style: dashed;border-color: #ffb536;\"><\/div><\/li><li class=\"icon_list_item\" style=\" font-size:60px;\"><div class=\"icon_list_icon\" data-animation=\"\" data-animation-delay=\"03\" style=\"font-size:20px;background:#ffb536;color:#ffffff;border-color:#ffb536;\"><i class=\"icomoon-icomoonfree-16x16-stats-bars\" ><\/i><\/div><div class=\"icon_description\" id=\"Info-list-wrap-6292\" style=\"font-size:20px;\"><h3 class=\"ult-responsive info-list-heading\"  data-ultimate-target='#Info-list-wrap-6292 h3'  data-responsive-json-new='{\"font-size\":\"desktop:16px;\",\"line-height\":\"desktop:22px;\"}'  style=\"font-family:&#039;Open Sans Condensed&#039;;font-weight:700;\">3. Plan preliminar de contingencia<\/h3><div class=\"icon_description_text ult-responsive\"  data-ultimate-target='#Info-list-wrap-6292 .icon_description_text'  data-responsive-json-new='{\"font-size\":\"desktop:12px;\",\"line-height\":\"desktop:20px;\"}'  style=\"\"><p>Tras la visita al emplazamiento, nuestra empresa elaborar\u00e1 una propuesta personalizada para el colegio basada en sus requisitos, incluyendo un presupuesto aproximado y las especificaciones t\u00e9cnicas b\u00e1sicas.<\/p>\n<\/div><\/div><div class=\"icon_list_connector\"  style=\"border-right-width: 1px;border-right-style: dashed;border-color: #ffb536;\"><\/div><\/li><li class=\"icon_list_item\" style=\" font-size:60px;\"><div class=\"icon_list_icon\" data-animation=\"\" data-animation-delay=\"03\" style=\"font-size:20px;background:#ffb536;color:#ffffff;border-color:#ffb536;\"><i class=\"icomoon-icomoonfree-16x16-cogs\" ><\/i><\/div><div class=\"icon_description\" id=\"Info-list-wrap-5017\" style=\"font-size:20px;\"><h3 class=\"ult-responsive info-list-heading\"  data-ultimate-target='#Info-list-wrap-5017 h3'  data-responsive-json-new='{\"font-size\":\"desktop:16px;\",\"line-height\":\"desktop:22px;\"}'  style=\"font-family:&#039;Open Sans Condensed&#039;;font-weight:700;\">4. Finalizar el plan.<\/h3><div class=\"icon_description_text ult-responsive\"  data-ultimate-target='#Info-list-wrap-5017 .icon_description_text'  data-responsive-json-new='{\"font-size\":\"desktop:12px;\",\"line-height\":\"desktop:20px;\"}'  style=\"\"><p>De acuerdo con el plan de contingencia previamente establecido, si ambas partes no tienen objeciones, nuestra empresa tendr\u00e1 plenamente en cuenta los requisitos y las circunstancias de la escuela. Formularemos un plan de implementaci\u00f3n definitivo para el proyecto final de la escuela, que incluir\u00e1 el calendario de implementaci\u00f3n, el presupuesto detallado, las especificaciones precisas, las disposiciones de mantenimiento y las disposiciones de servicio posventa.<\/p>\n<\/div><\/div><div class=\"icon_list_connector\"  style=\"border-right-width: 1px;border-right-style: dashed;border-color: #ffb536;\"><\/div><\/li><li class=\"icon_list_item\" style=\" font-size:60px;\"><div class=\"icon_list_icon\" data-animation=\"\" data-animation-delay=\"03\" style=\"font-size:20px;background:#ffb536;color:#ffffff;border-color:#ffb536;\"><i class=\"icomoon-icomoonfree-16x16-star-full\" ><\/i><\/div><div class=\"icon_description\" id=\"Info-list-wrap-9748\" style=\"font-size:20px;\"><h3 class=\"ult-responsive info-list-heading\"  data-ultimate-target='#Info-list-wrap-9748 h3'  data-responsive-json-new='{\"font-size\":\"desktop:16px;\",\"line-height\":\"desktop:22px;\"}'  style=\"font-family:&#039;Open Sans Condensed&#039;;font-weight:700;\">5. Construcci\u00f3n del proyecto<\/h3><div class=\"icon_description_text ult-responsive\"  data-ultimate-target='#Info-list-wrap-9748 .icon_description_text'  data-responsive-json-new='{\"font-size\":\"desktop:12px;\",\"line-height\":\"desktop:20px;\"}'  style=\"\"><p>Comenzaremos la construcci\u00f3n dentro del plazo estipulado seg\u00fan los requisitos del contrato, asegur\u00e1ndonos de que el proyecto se complete con el nivel y la calidad requeridos, garantizando as\u00ed la aceptaci\u00f3n final por parte de la escuela y la Administraci\u00f3n Mar\u00edtima.<\/p>\n<\/div><\/div><div class=\"icon_list_connector\"  style=\"border-right-width: 1px;border-right-style: dashed;border-color: #ffb536;\"><\/div><\/li><\/ul><\/div><\/div><\/div><\/div><\/div>","protected":false},"excerpt":{"rendered":"<p>\u6d77\u5de5\u4f5c\u4e1a\u6a21\u62df\u5668 V.Dragon-OffShore 5000\u578b\u6d77\u6d0b\u5de5\u7a0b\u4f5c\u4e1a\u6a21\u62df\u5668\uff0c\u6ee1\u8db3STCW\u516c\u7ea6 \u201c\u8fd1\u6d77\u4f9b\u5e94&hellip;<\/p>","protected":false},"author":1,"featured_media":0,"parent":1932,"menu_order":0,"comment_status":"closed","ping_status":"closed","template":"","meta":{"footnotes":""},"class_list":["post-2253","page","type-page","status-publish","hentry","description-off"],"amp_enabled":true,"_links":{"self":[{"href":"http:\/\/www.erun-tech.com\/es\/wp-json\/wp\/v2\/pages\/2253","targetHints":{"allow":["GET"]}}],"collection":[{"href":"http:\/\/www.erun-tech.com\/es\/wp-json\/wp\/v2\/pages"}],"about":[{"href":"http:\/\/www.erun-tech.com\/es\/wp-json\/wp\/v2\/types\/page"}],"author":[{"embeddable":true,"href":"http:\/\/www.erun-tech.com\/es\/wp-json\/wp\/v2\/users\/1"}],"replies":[{"embeddable":true,"href":"http:\/\/www.erun-tech.com\/es\/wp-json\/wp\/v2\/comments?post=2253"}],"version-history":[{"count":0,"href":"http:\/\/www.erun-tech.com\/es\/wp-json\/wp\/v2\/pages\/2253\/revisions"}],"up":[{"embeddable":true,"href":"http:\/\/www.erun-tech.com\/es\/wp-json\/wp\/v2\/pages\/1932"}],"wp:attachment":[{"href":"http:\/\/www.erun-tech.com\/es\/wp-json\/wp\/v2\/media?parent=2253"}],"curies":[{"name":"wp","href":"https:\/\/api.w.org\/{rel}","templated":true}]}}