{"id":2261,"date":"2019-07-09T01:01:22","date_gmt":"2019-07-08T17:01:22","guid":{"rendered":"http:\/\/www.eruntec.com\/?page_id=2261"},"modified":"2019-07-09T01:11:30","modified_gmt":"2019-07-08T17:11:30","slug":"moniqishujubianjigongjubao","status":"publish","type":"page","link":"http:\/\/www.erun-tech.com\/es\/services\/chuanbomoniqivrdengzhinengshixunshi\/moniqishujubianjigongjubao","title":{"rendered":"Kit de herramientas para la edici\u00f3n de datos del simulador"},"content":{"rendered":"<div class=\"vc_row wpb_row vc_row-fluid\"><div class=\"wpb_column vc_column_container vc_col-sm-12\"><div class=\"vc_column-inner vc_custom_1498229431694\"><div class=\"wpb_wrapper\"><div id=\"ultimate-heading-133669da4b5002c5a\" class=\"uvc-heading ult-adjust-bottom-margin ultimate-heading-133669da4b5002c5a uvc-4369\" data-hspacer=\"no_spacer\"  data-halign=\"left\" style=\"text-align:left\"><div class=\"uvc-heading-spacer no_spacer\" style=\"top\"><\/div><div class=\"uvc-main-heading ult-responsive\"  data-ultimate-target='.uvc-heading.ultimate-heading-133669da4b5002c5a h2'  data-responsive-json-new='{\"font-size\":\"desktop:26px;\",\"line-height\":\"desktop:32px;\"}' ><h2 style=\"font-weight:bold;margin-bottom:20px;\">Kit de herramientas para la edici\u00f3n de datos del simulador<\/h2><\/div><\/div>\n\t<div class=\"wpb_text_column wpb_content_element\" >\n\t\t<div class=\"wpb_wrapper\">\n\t\t\t<div class=\"div-row\" data-v-d028b5c8=\"\">\n<p class=\"indentation\" data-v-d028b5c8=\"\">\u6a21\u62df\u5668\u6570\u636e\u7f16\u8f91\u5de5\u5177\u5305\u5305\u62ec\u8239\u8236\u8fd0\u52a8\u6a21\u578b\u7f16\u8f91\u8f6f\u4ef6\u3001\u8bad\u7ec3\u6c34\u57df\u6570\u636e\u5e93\u7f16\u8f91\u8f6f\u4ef6\u30013D\u6a21\u578b\u7f16\u8f91\u6a21\u5757\u3001\u6d77\u56fe\u6570\u636e\u7f16\u8f91\u8f6f\u4ef6\u7b49\uff0c\u4e3a\u6e2f\u53e3\u8bbe\u8ba1\u3001\u8239\u5458\u57f9\u8bad\u3001\u901a\u822a\u8bba\u8bc1\u548c\u8bc4\u4f30\u4ee5\u53ca\u6d77\u4e8b\u4e8b\u6545\u5206\u6790\u7b49\u5e94\u7528\u9700\u6c42\u63d0\u4f9b\u6570\u636e\u652f\u6491\u3002<\/p>\n<p data-v-d028b5c8=\"\">\n<\/div>\n<div class=\"div-row div-left\" data-v-d028b5c8=\"\">\n<div class=\"div-row div-text-left div-marigin-top20\" data-v-d028b5c8=\"\"><strong><span class=\"pr-Medium-18\" data-v-d028b5c8=\"\">\u8239\u8236\u8fd0\u52a8\u6a21\u578b\u7f16\u8f91\u8f6f\u4ef6<\/span><\/strong><\/div>\n<\/div>\n<div class=\"div-row\" data-v-d028b5c8=\"\">\n<p class=\"indentation\" data-v-d028b5c8=\"\">\u8be5\u8f6f\u4ef6\u53ef\u7528\u4e8e\u7f16\u8f91\u8239\u8236\u8fd0\u52a8\u6a21\u578b\u76f8\u5173\u53c2\u6570\uff0c\u751f\u6210\u4e0d\u540c\u5428\u4f4d\u3001\u4e0d\u540c\u8239\u578b\u3001\u4e0d\u540c\u63a8\u8fdb\u65b9\u5f0f\u7684\u8239\u8236\u8fd0\u52a8\u6a21\u578b\u3002<\/p>\n<\/div>\n\n\t\t<\/div>\n\t<\/div>\n<div class=\"vc_row wpb_row vc_inner vc_row-fluid\"><div class=\"wpb_column vc_column_container vc_col-sm-3\"><div class=\"vc_column-inner\"><div class=\"wpb_wrapper\">\n\t<div class=\"wpb_text_column wpb_content_element\" >\n\t\t<div class=\"wpb_wrapper\">\n\t\t\t<ul data-v-d028b5c8=\"\">\n<li data-v-d028b5c8=\"\">\n<div class=\"div-li\" data-v-d028b5c8=\"\">\u8239\u8236\u6c34\u52a8\u529b\u53c2\u6570\u7f16\u8f91<\/div>\n<\/li>\n<li data-v-d028b5c8=\"\">\n<div class=\"div-li\" data-v-d028b5c8=\"\">\u98ce\u6d6a\u6d41\u73af\u5883\u4fe1\u606f\u8bbe\u7f6e<\/div>\n<\/li>\n<li data-v-d028b5c8=\"\">\n<div class=\"div-li\" data-v-d028b5c8=\"\">\u8239\u8236\u8fd0\u52a8\u6a21\u578b\u79bb\u7ebf\u6d4b\u8bd5<\/div>\n<\/li>\n<li data-v-d028b5c8=\"\">\n<div class=\"div-li\" data-v-d028b5c8=\"\">\u8239\u8236\u8fd0\u52a8\u6a21\u578b\u5b9e\u65f6\u6d4b\u8bd5<\/div>\n<\/li>\n<\/ul>\n\n\t\t<\/div>\n\t<\/div>\n<\/div><\/div><\/div><div class=\"wpb_column vc_column_container vc_col-sm-9\"><div class=\"vc_column-inner\"><div class=\"wpb_wrapper\">\n\t<div  class=\"wpb_single_image wpb_content_element vc_align_left\">\n\t\t\n\t\t<figure class=\"wpb_wrapper vc_figure\">\n\t\t\t<div class=\"vc_single_image-wrapper   vc_box_border_grey\"><\/div>\n\t\t<\/figure>\n\t<\/div>\n<\/div><\/div><\/div><\/div><div class=\"vc_row wpb_row vc_inner vc_row-fluid\"><div class=\"wpb_column vc_column_container vc_col-sm-4\"><div class=\"vc_column-inner\"><div class=\"wpb_wrapper\">\n\t<div  class=\"wpb_single_image wpb_content_element vc_align_left\">\n\t\t\n\t\t<figure class=\"wpb_wrapper vc_figure\">\n\t\t\t<div class=\"vc_single_image-wrapper   vc_box_border_grey\"><\/div>\n\t\t<\/figure>\n\t<\/div>\n<\/div><\/div><\/div><div class=\"wpb_column vc_column_container vc_col-sm-4\"><div class=\"vc_column-inner\"><div class=\"wpb_wrapper\">\n\t<div  class=\"wpb_single_image wpb_content_element vc_align_left\">\n\t\t\n\t\t<figure class=\"wpb_wrapper vc_figure\">\n\t\t\t<div class=\"vc_single_image-wrapper   vc_box_border_grey\"><\/div>\n\t\t<\/figure>\n\t<\/div>\n<\/div><\/div><\/div><div class=\"wpb_column vc_column_container vc_col-sm-4\"><div class=\"vc_column-inner\"><div class=\"wpb_wrapper\">\n\t<div  class=\"wpb_single_image wpb_content_element vc_align_left\">\n\t\t\n\t\t<figure class=\"wpb_wrapper vc_figure\">\n\t\t\t<div class=\"vc_single_image-wrapper   vc_box_border_grey\"><\/div>\n\t\t<\/figure>\n\t<\/div>\n<\/div><\/div><\/div><\/div>\n\t<div class=\"wpb_text_column wpb_content_element\" >\n\t\t<div class=\"wpb_wrapper\">\n\t\t\t<div class=\"div-row div-left\" data-v-d028b5c8=\"\">\n<div class=\"div-row div-text-left div-marigin-top20\" data-v-d028b5c8=\"\"><strong><span class=\"pr-Medium-18\" data-v-d028b5c8=\"\">\u6d77\u56fe\u6570\u636e\u7f16\u8f91<\/span><\/strong><\/div>\n<\/div>\n<div class=\"div-row\" data-v-d028b5c8=\"\">\n<p class=\"indentation\" data-v-d028b5c8=\"\">\u53ef\u7f16\u8f91S-57\u77e2\u91cf\u6d77\u56fe\uff0c\u4e3a\u7528\u6237\u63d0\u4f9b\u5b9a\u5236\u5316\u4e2a\u6027\u670d\u52a1\u3002<\/p>\n<\/div>\n<div class=\"div-row\" data-v-d028b5c8=\"\">\n<div class=\"div-left\" data-v-d028b5c8=\"\">\n<ul data-v-d028b5c8=\"\">\n<li data-v-d028b5c8=\"\">\n<div class=\"div-li\" data-v-d028b5c8=\"\">\u6570\u5b57\u5316\u5149\u6805\u6d77\u56fe<\/div>\n<\/li>\n<li data-v-d028b5c8=\"\">\n<div class=\"div-li\" data-v-d028b5c8=\"\">\u521b\u5efa\u548c\u7ef4\u62a4\u77e2\u91cf\u6d77\u56fe<\/div>\n<\/li>\n<li data-v-d028b5c8=\"\">\n<div class=\"div-li\" data-v-d028b5c8=\"\">\u521b\u5efa\/\u7f16\u8f91\u7269\u6807<\/div>\n<\/li>\n<\/ul>\n<\/div>\n<\/div>\n\n\t\t<\/div>\n\t<\/div>\n<div class=\"vc_row wpb_row vc_inner vc_row-fluid\"><div class=\"wpb_column vc_column_container vc_col-sm-6\"><div class=\"vc_column-inner\"><div class=\"wpb_wrapper\">\n\t<div  class=\"wpb_single_image wpb_content_element vc_align_left\">\n\t\t\n\t\t<figure class=\"wpb_wrapper vc_figure\">\n\t\t\t<div class=\"vc_single_image-wrapper   vc_box_border_grey\"><\/div>\n\t\t<\/figure>\n\t<\/div>\n<\/div><\/div><\/div><div class=\"wpb_column vc_column_container vc_col-sm-6\"><div class=\"vc_column-inner\"><div class=\"wpb_wrapper\">\n\t<div  class=\"wpb_single_image wpb_content_element vc_align_left\">\n\t\t\n\t\t<figure class=\"wpb_wrapper vc_figure\">\n\t\t\t<div class=\"vc_single_image-wrapper   vc_box_border_grey\"><\/div>\n\t\t<\/figure>\n\t<\/div>\n<\/div><\/div><\/div><\/div><\/div><\/div><\/div><div class=\"wpb_column vc_column_container vc_col-sm-12\"><div class=\"vc_column-inner\"><div class=\"wpb_wrapper\">\n\t<div class=\"wpb_text_column wpb_content_element\" >\n\t\t<div class=\"wpb_wrapper\">\n\t\t\t<div class=\"div-row div-left\" data-v-d028b5c8=\"\">\n<div class=\"div-row div-text-left div-marigin-top20\" data-v-d028b5c8=\"\"><strong><span class=\"pr-Medium-18\" data-v-d028b5c8=\"\">3D\u6a21\u578b\u7f16\u8f91\u8f6f\u4ef6<\/span><\/strong><\/div>\n<\/div>\n<div class=\"div-row\" data-v-d028b5c8=\"\">\n<p class=\"indentation\" data-v-d028b5c8=\"\">\u53ef\u7528\u4e8e\u5236\u4f5c\u548c\u7f16\u8f91\u8bad\u7ec3\u6c34\u57df\u573a\u666f\u548c\u8239\u8236\u4e09\u7ef4\u6a21\u578b\uff0c\u5305\u62ec\uff1a<\/p>\n<\/div>\n<div class=\"div-row\" data-v-d028b5c8=\"\">\n<div class=\"div-left\" data-v-d028b5c8=\"\">\n<ul data-v-d028b5c8=\"\">\n<li data-v-d028b5c8=\"\">\n<div class=\"div-li\" data-v-d028b5c8=\"\">\u9646\u5730\u5efa\u7b51\u3001\u7801\u5934\u8bbe\u65bd<\/div>\n<\/li>\n<li data-v-d028b5c8=\"\">\n<div class=\"div-li\" data-v-d028b5c8=\"\">\u5730\u5f62\u5730\u8c8c\u3001\u6c34\u5e95\u5730\u8c8c<\/div>\n<\/li>\n<li data-v-d028b5c8=\"\">\n<div class=\"div-li\" data-v-d028b5c8=\"\">\u901a\u822a\u8239\u8236<\/div>\n<\/li>\n<li data-v-d028b5c8=\"\">\n<div class=\"div-li\" data-v-d028b5c8=\"\">\u52a9\u822a\u8bbe\u65bd<\/div>\n<\/li>\n<\/ul>\n<\/div>\n<\/div>\n\n\t\t<\/div>\n\t<\/div>\n<div class=\"vc_row wpb_row vc_inner vc_row-fluid\"><div class=\"wpb_column vc_column_container vc_col-sm-6\"><div class=\"vc_column-inner\"><div class=\"wpb_wrapper\">\n\t<div  class=\"wpb_single_image wpb_content_element vc_align_left\">\n\t\t\n\t\t<figure class=\"wpb_wrapper vc_figure\">\n\t\t\t<div class=\"vc_single_image-wrapper   vc_box_border_grey\"><\/div>\n\t\t<\/figure>\n\t<\/div>\n<\/div><\/div><\/div><div class=\"wpb_column vc_column_container vc_col-sm-6\"><div class=\"vc_column-inner\"><div class=\"wpb_wrapper\">\n\t<div  class=\"wpb_single_image wpb_content_element vc_align_left\">\n\t\t\n\t\t<figure class=\"wpb_wrapper vc_figure\">\n\t\t\t<div class=\"vc_single_image-wrapper   vc_box_border_grey\"><\/div>\n\t\t<\/figure>\n\t<\/div>\n<\/div><\/div><\/div><\/div>\n\t<div class=\"wpb_text_column wpb_content_element\" >\n\t\t<div class=\"wpb_wrapper\">\n\t\t\t<div class=\"div-row div-left\" data-v-d028b5c8=\"\">\n<div class=\"div-row div-text-left div-marigin-top20\" data-v-d028b5c8=\"\">\n<div class=\"div-row div-left\" data-v-d028b5c8=\"\">\n<div class=\"div-row div-text-left div-marigin-top20\" data-v-d028b5c8=\"\"><strong><span class=\"pr-Medium-18\" data-v-d028b5c8=\"\">\u8bad\u7ec3\u6c34\u57df\u6570\u636e\u5e93\u7f16\u8f91\u8f6f\u4ef6<\/span><\/strong><\/div>\n<\/div>\n<div class=\"div-row\" data-v-d028b5c8=\"\">\n<p class=\"indentation\" data-v-d028b5c8=\"\">\u53ef\u6839\u636e\u5b98\u65b9\u77e2\u91cf\u6d77\u56fe\u3001\u6c34\u6587\u6d4b\u91cf\u6570\u636e\u751f\u6210\u8bad\u7ec3\u6c34\u57df\u6570\u636e\u5e93\uff0c\u5305\u62ec\uff1a<\/p>\n<\/div>\n<div class=\"div-row\" data-v-d028b5c8=\"\">\n<div class=\"div-left\" data-v-d028b5c8=\"\">\n<ul data-v-d028b5c8=\"\">\n<li data-v-d028b5c8=\"\">\n<div class=\"div-li\" data-v-d028b5c8=\"\">\u4e09\u7ef4\u6e2f\u53e3\u9ad8\u7a0b\u6570\u636e<\/div>\n<\/li>\n<li data-v-d028b5c8=\"\">\n<div class=\"div-li\" data-v-d028b5c8=\"\">\u5cb8\u7ebf\u6570\u636e<\/div>\n<\/li>\n<li data-v-d028b5c8=\"\">\n<div class=\"div-li\" data-v-d028b5c8=\"\">\u96f7\u8fbe\u6570\u636e<\/div>\n<\/li>\n<li data-v-d028b5c8=\"\">\n<div class=\"div-li\" data-v-d028b5c8=\"\">\u52a9\u822a\u8bbe\u65bd\u6570\u636e<\/div>\n<\/li>\n<li data-v-d028b5c8=\"\">\n<div class=\"div-li\" data-v-d028b5c8=\"\">\u6c34\u6df1\u6570\u636e<\/div>\n<\/li>\n<li data-v-d028b5c8=\"\">\n<div class=\"div-li\" data-v-d028b5c8=\"\">\u6d41\u573a\u6570\u636e<\/div>\n<\/li>\n<\/ul>\n<\/div>\n<\/div>\n<\/div>\n<\/div>\n\n\t\t<\/div>\n\t<\/div>\n<div class=\"vc_row wpb_row vc_inner vc_row-fluid\"><div class=\"wpb_column vc_column_container vc_col-sm-6\"><div class=\"vc_column-inner\"><div class=\"wpb_wrapper\">\n\t<div  class=\"wpb_single_image wpb_content_element vc_align_right\">\n\t\t\n\t\t<figure class=\"wpb_wrapper vc_figure\">\n\t\t\t<div class=\"vc_single_image-wrapper   vc_box_border_grey\"><\/div>\n\t\t<\/figure>\n\t<\/div>\n<\/div><\/div><\/div><div class=\"wpb_column vc_column_container vc_col-sm-6\"><div class=\"vc_column-inner\"><div class=\"wpb_wrapper\">\n\t<div  class=\"wpb_single_image wpb_content_element vc_align_right\">\n\t\t\n\t\t<figure class=\"wpb_wrapper vc_figure\">\n\t\t\t<div class=\"vc_single_image-wrapper   vc_box_border_grey\"><\/div>\n\t\t<\/figure>\n\t<\/div>\n<\/div><\/div><\/div><\/div><div class=\"vc_row wpb_row vc_inner vc_row-fluid\"><div class=\"wpb_column vc_column_container vc_col-sm-6\"><div class=\"vc_column-inner\"><div class=\"wpb_wrapper\">\n\t<div  class=\"wpb_single_image wpb_content_element vc_align_right\">\n\t\t\n\t\t<figure class=\"wpb_wrapper vc_figure\">\n\t\t\t<div class=\"vc_single_image-wrapper   vc_box_border_grey\"><\/div>\n\t\t<\/figure>\n\t<\/div>\n<\/div><\/div><\/div><div class=\"wpb_column vc_column_container vc_col-sm-6\"><div class=\"vc_column-inner\"><div class=\"wpb_wrapper\">\n\t<div  class=\"wpb_single_image wpb_content_element vc_align_right\">\n\t\t\n\t\t<figure class=\"wpb_wrapper vc_figure\">\n\t\t\t<div class=\"vc_single_image-wrapper   vc_box_border_grey\"><\/div>\n\t\t<\/figure>\n\t<\/div>\n<\/div><\/div><\/div><\/div><div id=\"ultimate-heading-128569da4b500976b\" class=\"uvc-heading ult-adjust-bottom-margin ultimate-heading-128569da4b500976b uvc-1261\" data-hspacer=\"no_spacer\"  data-halign=\"left\" style=\"text-align:left\"><div class=\"uvc-heading-spacer no_spacer\" style=\"top\"><\/div><div class=\"uvc-main-heading ult-responsive\"  data-ultimate-target='.uvc-heading.ultimate-heading-128569da4b500976b h2'  data-responsive-json-new='{\"font-size\":\"desktop:26px;\",\"line-height\":\"desktop:32px;\"}' ><h2 style=\"font-weight:bold;margin-bottom:20px;\">Flujo de trabajo<\/h2><\/div><\/div><div class=\"smile_icon_list_wrap ult_info_list_container ult-adjust-bottom-margin   vc_custom_1498230419199\"><ul class=\"smile_icon_list left hexagon\"><li class=\"icon_list_item\" style=\" font-size:60px;\"><div class=\"icon_list_icon\" data-animation=\"\" data-animation-delay=\"03\" style=\"font-size:20px;background:#ffb536;color:#ffffff;border-color:#ffb536;\"><i class=\"icomoon-icomoonfree-16x16-pen\" ><\/i><\/div><div class=\"icon_description\" id=\"Info-list-wrap-6535\" style=\"font-size:20px;\"><h3 class=\"ult-responsive info-list-heading\"  data-ultimate-target='#Info-list-wrap-6535 h3'  data-responsive-json-new='{\"font-size\":\"desktop:16px;\",\"line-height\":\"desktop:22px;\"}'  style=\"font-family:&#039;Open Sans Condensed&#039;;font-weight:700;\">1. Debates preliminares<\/h3><div class=\"icon_description_text ult-responsive\"  data-ultimate-target='#Info-list-wrap-6535 .icon_description_text'  data-responsive-json-new='{\"font-size\":\"desktop:12px;\",\"line-height\":\"desktop:20px;\"}'  style=\"\"><p>Antes de la implementaci\u00f3n del plan del proyecto escolar, nuestra empresa puede proporcionar asesoramiento t\u00e9cnico gratuito, manteniendo una comunicaci\u00f3n eficaz y un intercambio t\u00e9cnico.<\/p>\n<\/div><\/div><div class=\"icon_list_connector\"  style=\"border-right-width: 1px;border-right-style: dashed;border-color: #ffb536;\"><\/div><\/li><li class=\"icon_list_item\" style=\" font-size:60px;\"><div class=\"icon_list_icon\" data-animation=\"\" data-animation-delay=\"03\" style=\"font-size:20px;background:#ffb536;color:#ffffff;border-color:#ffb536;\"><i class=\"icomoon-icomoonfree-16x16-bubbles4\" ><\/i><\/div><div class=\"icon_description\" id=\"Info-list-wrap-5315\" style=\"font-size:20px;\"><h3 class=\"ult-responsive info-list-heading\"  data-ultimate-target='#Info-list-wrap-5315 h3'  data-responsive-json-new='{\"font-size\":\"desktop:16px;\",\"line-height\":\"desktop:22px;\"}'  style=\"font-family:&#039;Open Sans Condensed&#039;;font-weight:700;\">2. Inspecci\u00f3n del emplazamiento<\/h3><div class=\"icon_description_text ult-responsive\"  data-ultimate-target='#Info-list-wrap-5315 .icon_description_text'  data-responsive-json-new='{\"font-size\":\"desktop:12px;\",\"line-height\":\"desktop:20px;\"}'  style=\"\"><p>Si la escuela muestra inter\u00e9s en nuestra soluci\u00f3n propuesta, nuestra empresa llevar\u00e1 a cabo un estudio del emplazamiento y las mediciones necesarias para el proyecto de forma gratuita, al tiempo que proporcionar\u00e1 asistencia t\u00e9cnica.<\/p>\n<\/div><\/div><div class=\"icon_list_connector\"  style=\"border-right-width: 1px;border-right-style: dashed;border-color: #ffb536;\"><\/div><\/li><li class=\"icon_list_item\" style=\" font-size:60px;\"><div class=\"icon_list_icon\" data-animation=\"\" data-animation-delay=\"03\" style=\"font-size:20px;background:#ffb536;color:#ffffff;border-color:#ffb536;\"><i class=\"icomoon-icomoonfree-16x16-stats-bars\" ><\/i><\/div><div class=\"icon_description\" id=\"Info-list-wrap-7621\" style=\"font-size:20px;\"><h3 class=\"ult-responsive info-list-heading\"  data-ultimate-target='#Info-list-wrap-7621 h3'  data-responsive-json-new='{\"font-size\":\"desktop:16px;\",\"line-height\":\"desktop:22px;\"}'  style=\"font-family:&#039;Open Sans Condensed&#039;;font-weight:700;\">3. Plan preliminar de contingencia<\/h3><div class=\"icon_description_text ult-responsive\"  data-ultimate-target='#Info-list-wrap-7621 .icon_description_text'  data-responsive-json-new='{\"font-size\":\"desktop:12px;\",\"line-height\":\"desktop:20px;\"}'  style=\"\"><p>Tras la visita al emplazamiento, nuestra empresa elaborar\u00e1 una propuesta personalizada para el colegio basada en sus requisitos, incluyendo un presupuesto aproximado y las especificaciones t\u00e9cnicas b\u00e1sicas.<\/p>\n<\/div><\/div><div class=\"icon_list_connector\"  style=\"border-right-width: 1px;border-right-style: dashed;border-color: #ffb536;\"><\/div><\/li><li class=\"icon_list_item\" style=\" font-size:60px;\"><div class=\"icon_list_icon\" data-animation=\"\" data-animation-delay=\"03\" style=\"font-size:20px;background:#ffb536;color:#ffffff;border-color:#ffb536;\"><i class=\"icomoon-icomoonfree-16x16-cogs\" ><\/i><\/div><div class=\"icon_description\" id=\"Info-list-wrap-2070\" style=\"font-size:20px;\"><h3 class=\"ult-responsive info-list-heading\"  data-ultimate-target='#Info-list-wrap-2070 h3'  data-responsive-json-new='{\"font-size\":\"desktop:16px;\",\"line-height\":\"desktop:22px;\"}'  style=\"font-family:&#039;Open Sans Condensed&#039;;font-weight:700;\">4. Finalizar el plan.<\/h3><div class=\"icon_description_text ult-responsive\"  data-ultimate-target='#Info-list-wrap-2070 .icon_description_text'  data-responsive-json-new='{\"font-size\":\"desktop:12px;\",\"line-height\":\"desktop:20px;\"}'  style=\"\"><p>De acuerdo con el plan de contingencia previamente establecido, si ambas partes no tienen objeciones, nuestra empresa tendr\u00e1 plenamente en cuenta los requisitos y las circunstancias de la escuela. Formularemos un plan de implementaci\u00f3n definitivo para el proyecto final de la escuela, que incluir\u00e1 el calendario de implementaci\u00f3n, el presupuesto detallado, las especificaciones precisas, las disposiciones de mantenimiento y las disposiciones de servicio posventa.<\/p>\n<\/div><\/div><div class=\"icon_list_connector\"  style=\"border-right-width: 1px;border-right-style: dashed;border-color: #ffb536;\"><\/div><\/li><li class=\"icon_list_item\" style=\" font-size:60px;\"><div class=\"icon_list_icon\" data-animation=\"\" data-animation-delay=\"03\" style=\"font-size:20px;background:#ffb536;color:#ffffff;border-color:#ffb536;\"><i class=\"icomoon-icomoonfree-16x16-star-full\" ><\/i><\/div><div class=\"icon_description\" id=\"Info-list-wrap-8541\" style=\"font-size:20px;\"><h3 class=\"ult-responsive info-list-heading\"  data-ultimate-target='#Info-list-wrap-8541 h3'  data-responsive-json-new='{\"font-size\":\"desktop:16px;\",\"line-height\":\"desktop:22px;\"}'  style=\"font-family:&#039;Open Sans Condensed&#039;;font-weight:700;\">5. Construcci\u00f3n del proyecto<\/h3><div class=\"icon_description_text ult-responsive\"  data-ultimate-target='#Info-list-wrap-8541 .icon_description_text'  data-responsive-json-new='{\"font-size\":\"desktop:12px;\",\"line-height\":\"desktop:20px;\"}'  style=\"\"><p>Comenzaremos la construcci\u00f3n dentro del plazo estipulado seg\u00fan los requisitos del contrato, asegur\u00e1ndonos de que el proyecto se complete con el nivel y la calidad requeridos, garantizando as\u00ed la aceptaci\u00f3n final por parte de la escuela y la Administraci\u00f3n Mar\u00edtima.<\/p>\n<\/div><\/div><div class=\"icon_list_connector\"  style=\"border-right-width: 1px;border-right-style: dashed;border-color: #ffb536;\"><\/div><\/li><\/ul><\/div><\/div><\/div><\/div><\/div>","protected":false},"excerpt":{"rendered":"<p>\u6a21\u62df\u5668\u6570\u636e\u7f16\u8f91\u5de5\u5177\u5305 \u6a21\u62df\u5668\u6570\u636e\u7f16\u8f91\u5de5\u5177\u5305\u5305\u62ec\u8239\u8236\u8fd0\u52a8\u6a21\u578b\u7f16\u8f91\u8f6f\u4ef6\u3001\u8bad\u7ec3\u6c34\u57df\u6570\u636e\u5e93\u7f16\u8f91\u8f6f\u4ef6\u30013D\u6a21\u578b\u7f16\u8f91\u6a21\u5757\u3001&hellip;<\/p>","protected":false},"author":1,"featured_media":0,"parent":1932,"menu_order":0,"comment_status":"closed","ping_status":"closed","template":"","meta":{"footnotes":""},"class_list":["post-2261","page","type-page","status-publish","hentry","description-off"],"amp_enabled":true,"_links":{"self":[{"href":"http:\/\/www.erun-tech.com\/es\/wp-json\/wp\/v2\/pages\/2261","targetHints":{"allow":["GET"]}}],"collection":[{"href":"http:\/\/www.erun-tech.com\/es\/wp-json\/wp\/v2\/pages"}],"about":[{"href":"http:\/\/www.erun-tech.com\/es\/wp-json\/wp\/v2\/types\/page"}],"author":[{"embeddable":true,"href":"http:\/\/www.erun-tech.com\/es\/wp-json\/wp\/v2\/users\/1"}],"replies":[{"embeddable":true,"href":"http:\/\/www.erun-tech.com\/es\/wp-json\/wp\/v2\/comments?post=2261"}],"version-history":[{"count":0,"href":"http:\/\/www.erun-tech.com\/es\/wp-json\/wp\/v2\/pages\/2261\/revisions"}],"up":[{"embeddable":true,"href":"http:\/\/www.erun-tech.com\/es\/wp-json\/wp\/v2\/pages\/1932"}],"wp:attachment":[{"href":"http:\/\/www.erun-tech.com\/es\/wp-json\/wp\/v2\/media?parent=2261"}],"curies":[{"name":"wp","href":"https:\/\/api.w.org\/{rel}","templated":true}]}}