{"id":14243,"date":"2022-03-02T18:53:59","date_gmt":"2022-03-02T10:53:59","guid":{"rendered":"http:\/\/www.erun-tech.com\/?post_type=product&#038;p=14243"},"modified":"2024-03-27T22:05:04","modified_gmt":"2024-03-27T14:05:04","slug":"fengbishijiushengtingjishoufangzhuangzhi","status":"publish","type":"product","link":"http:\/\/www.erun-tech.com\/es\/product\/fengbishijiushengtingjishoufangzhuangzhi","title":{"rendered":"Bote salvavidas cerrado y sistema de pescante"},"content":{"rendered":"<h2 style=\"text-align: center;\">Bote salvavidas cerrado y sistema de pescante<\/h2>\n<p>&nbsp;<\/p>\n<p><strong>Base jur\u00eddica: Normativa sobre la administraci\u00f3n de la formaci\u00f3n de la gente de mar de la Rep\u00fablica Popular China (Orden n.\u00ba 5 del Ministerio de Transporte, 2019).<\/strong><br \/>\n<strong>Categor\u00edas de productos: Sala de formaci\u00f3n b\u00e1sica en seguridad (Z01), Sala de formaci\u00f3n avanzada en primeros auxilios (Z05)<\/strong><br \/>\n<strong>Nombre del producto: Bote salvavidas cerrado y sistema de lanzamiento\/recuperaci\u00f3n<\/strong><br \/>\n<strong>Requisitos funcionales: Bote salvavidas cerrado, completo con todos los accesorios y piezas de repuesto.<\/strong><br \/>\n<strong>Cantidad especificada: 1 juego<\/strong><\/p>\n<p>&nbsp;<\/p>\n<p><img decoding=\"async\" class=\"alignnone size-full wp-image-14245\" src=\"http:\/\/www.erun-tech.com\/wp-content\/uploads\/2022\/03\/20211126111902673.png\" width=\"906\" height=\"517\" srcset=\"http:\/\/www.erun-tech.com\/wp-content\/uploads\/2022\/03\/20211126111902673.png 906w, http:\/\/www.erun-tech.com\/wp-content\/uploads\/2022\/03\/20211126111902673-600x342.png 600w, http:\/\/www.erun-tech.com\/wp-content\/uploads\/2022\/03\/20211126111902673-300x171.png 300w, http:\/\/www.erun-tech.com\/wp-content\/uploads\/2022\/03\/20211126111902673-768x438.png 768w\" sizes=\"(max-width: 906px) 100vw, 906px\" title=\"\u5c01\u95ed\u5f0f\u6551\u751f\u8247\u53ca\u6536\u653e\u88c5\u7f6e\u63d2\u56fe\" alt=\"\u5c01\u95ed\u5f0f\u6551\u751f\u8247\u53ca\u6536\u653e\u88c5\u7f6e\u63d2\u56fe\" \/><\/p>\n<p>&nbsp;<\/p>\n<p>Cumplir con los requisitos de la MSC.47(66) del Convenio Internacional para la Seguridad de la Vida Humana en el Mar, 1974, y sus enmiendas; la MSC.48(66) del C\u00f3digo Internacional de Equipos de Salvamento (LSA) y sus enmiendas; y la MSC.81(70) de las Recomendaciones revisadas para el ensayo de equipos de salvamento y sus enmiendas.<\/p>\n<p>Cumplir con MSC. 47 (66) del Convenio Internacional para la Seguridad de la Vida Humana en el Mar de 1974 y sus enmiendas; MSC. 48 (66) del C\u00f3digo Internacional de Equipos de Salvamento (LSA) y sus enmiendas; MSC. 81 (70) del C\u00f3digo Revisado de Equipos de Salvamento y las enmiendas a los requisitos pertinentes.<\/p>\n<p>Dimensiones principales: 5,00 \u00d7 2,20 \u00d7 3,10 metros<\/p>\n<p>Velocidad de navegaci\u00f3n: \u2265 6 nudos<\/p>\n<p>Peso de la aeronave: Peso ligero: 2107 kg<\/p>\n<p>Peso a plena carga: 4170 kg<\/p>\n<p>Capacidad nominal de pasajeros: 25 personas (salvavidas) \/ 6 personas (rescate)<\/p>\n<p>Motor:           Motor di\u00e9sel<\/p>\n<p>Modelo: 380J-3<\/p>\n<p>Potencia nominal: 20,6 kW<\/p>\n<p>Velocidad de rotaci\u00f3n (a plena carga) rpm:           2800 rpm<\/p>\n<p>Modos de refrigeraci\u00f3n:    Refrigeraci\u00f3n de circuito cerrado<\/p>\n<p>Modos de arranque: Arranque con bater\u00eda<\/p>\n<p>Modos de propulsi\u00f3n: h\u00e9lice<\/p>\n<p>Combustible:             0# o -35# (GB252-87)<\/p>\n<p>&nbsp;<\/p>\n<p><img decoding=\"async\" class=\"alignnone size-full wp-image-14246\" src=\"http:\/\/www.erun-tech.com\/wp-content\/uploads\/2022\/03\/20161221134859_69040.jpg_o.jpg\" width=\"730\" height=\"730\" srcset=\"http:\/\/www.erun-tech.com\/wp-content\/uploads\/2022\/03\/20161221134859_69040.jpg_o.jpg 730w, http:\/\/www.erun-tech.com\/wp-content\/uploads\/2022\/03\/20161221134859_69040.jpg_o-300x300.jpg 300w, http:\/\/www.erun-tech.com\/wp-content\/uploads\/2022\/03\/20161221134859_69040.jpg_o-200x200.jpg 200w, http:\/\/www.erun-tech.com\/wp-content\/uploads\/2022\/03\/20161221134859_69040.jpg_o-600x600.jpg 600w, http:\/\/www.erun-tech.com\/wp-content\/uploads\/2022\/03\/20161221134859_69040.jpg_o-150x150.jpg 150w\" sizes=\"(max-width: 730px) 100vw, 730px\" title=\"\u5c01\u95ed\u5f0f\u6551\u751f\u8247\u53ca\u6536\u653e\u88c5\u7f6e\u63d2\u56fe1\" alt=\"\u5c01\u95ed\u5f0f\u6551\u751f\u8247\u53ca\u6536\u653e\u88c5\u7f6e\u63d2\u56fe1\" \/><\/p>","protected":false},"excerpt":{"rendered":"<p>\u5c01\u95ed\u5f0f\u6551\u751f\u8247\u53ca\u6536\u653e\u88c5\u7f6e &nbsp; \u6cd5\u5f8b\u4f9d\u636e\uff1a\u300a\u4e2d\u534e\u4eba\u6c11\u5171\u548c\u56fd\u8239\u5458\u57f9\u8bad\u7ba1\u7406\u89c4\u5219\u300b\uff08\u4ea4\u901a\u8fd0\u8f93\u90e8\u4ee4 2019 \u5e74&hellip;<\/p>","protected":false},"featured_media":14246,"comment_status":"open","ping_status":"closed","template":"","meta":[],"product_brand":[],"product_cat":[33,322,36],"product_tag":[142,143],"class_list":{"0":"post-14243","1":"product","2":"type-product","3":"status-publish","4":"has-post-thumbnail","6":"product_cat-jibenanquanshixunshiz01","7":"product_cat-haishangjiaotonganquanjinengpeixun","8":"product_cat-jingtongjijiushixunshiz05","9":"product_tag-fengbishijiushengting","10":"product_tag-fengbishijiushengtingshifangcaozuobuzhou","11":"description-off","13":"first","14":"instock","15":"taxable","16":"shipping-taxable","17":"purchasable","18":"product-type-simple"},"_links":{"self":[{"href":"http:\/\/www.erun-tech.com\/es\/wp-json\/wp\/v2\/product\/14243","targetHints":{"allow":["GET"]}}],"collection":[{"href":"http:\/\/www.erun-tech.com\/es\/wp-json\/wp\/v2\/product"}],"about":[{"href":"http:\/\/www.erun-tech.com\/es\/wp-json\/wp\/v2\/types\/product"}],"replies":[{"embeddable":true,"href":"http:\/\/www.erun-tech.com\/es\/wp-json\/wp\/v2\/comments?post=14243"}],"wp:featuredmedia":[{"embeddable":true,"href":"http:\/\/www.erun-tech.com\/es\/wp-json\/wp\/v2\/media\/14246"}],"wp:attachment":[{"href":"http:\/\/www.erun-tech.com\/es\/wp-json\/wp\/v2\/media?parent=14243"}],"wp:term":[{"taxonomy":"product_brand","embeddable":true,"href":"http:\/\/www.erun-tech.com\/es\/wp-json\/wp\/v2\/product_brand?post=14243"},{"taxonomy":"product_cat","embeddable":true,"href":"http:\/\/www.erun-tech.com\/es\/wp-json\/wp\/v2\/product_cat?post=14243"},{"taxonomy":"product_tag","embeddable":true,"href":"http:\/\/www.erun-tech.com\/es\/wp-json\/wp\/v2\/product_tag?post=14243"}],"curies":[{"name":"wp","href":"https:\/\/api.w.org\/{rel}","templated":true}]}}