{"id":14267,"date":"2022-03-02T22:15:41","date_gmt":"2022-03-02T14:15:41","guid":{"rendered":"http:\/\/www.erun-tech.com\/?post_type=product&#038;p=14267"},"modified":"2024-03-27T22:18:12","modified_gmt":"2024-03-27T14:18:12","slug":"shuiqiang","status":"publish","type":"product","link":"http:\/\/www.erun-tech.com\/es\/product\/shuiqiang","title":{"rendered":"pistola de agua"},"content":{"rendered":"<h2 style=\"text-align: center;\">pistola de agua<\/h2>\n<p>&nbsp;<\/p>\n<div><strong>Base jur\u00eddica: Normativa sobre la administraci\u00f3n de la formaci\u00f3n de la gente de mar de la Rep\u00fablica Popular China (Orden n.\u00ba 5 del Ministerio de Transporte, 2019).<\/strong><\/div>\n<div><strong>Categor\u00eda de producto: Sala de formaci\u00f3n b\u00e1sica en seguridad (Z01)<\/strong><\/div>\n<div><strong>\u4ea7\u54c1\u540d\u79f0\uff1a\u6c34\u67aa<\/strong><\/div>\n<div><strong>\u529f\u80fd\u8981\u6c42\uff1a\u6c34\u67f1\u548c\u6c34\u96fe\u4e24\u7528\u578b 4 \u4e2a\u3001\u76f4\u6d41\u578b 1 \u4e2a\u3001\u6c34\u96fe\u578b 1 \u4e2a\u3002<\/strong><\/div>\n<div><strong>\u89c4\u5b9a\u6570\u91cf\uff1a\u57fa\u672c\u5b89\u5168\u5b9e\u8bad\u5ba4\uff08Z01\uff096\u4e2a<\/strong><\/div>\n<div><\/div>\n<div><img decoding=\"async\" class=\"alignnone size-full wp-image-14269\" src=\"http:\/\/www.erun-tech.com\/wp-content\/uploads\/2022\/03\/1148765278_1575969774.jpg\" width=\"1136\" height=\"852\" srcset=\"http:\/\/www.erun-tech.com\/wp-content\/uploads\/2022\/03\/1148765278_1575969774.jpg 1136w, http:\/\/www.erun-tech.com\/wp-content\/uploads\/2022\/03\/1148765278_1575969774-600x450.jpg 600w, http:\/\/www.erun-tech.com\/wp-content\/uploads\/2022\/03\/1148765278_1575969774-300x225.jpg 300w, http:\/\/www.erun-tech.com\/wp-content\/uploads\/2022\/03\/1148765278_1575969774-1024x768.jpg 1024w, http:\/\/www.erun-tech.com\/wp-content\/uploads\/2022\/03\/1148765278_1575969774-768x576.jpg 768w\" sizes=\"(max-width: 1136px) 100vw, 1136px\" title=\"\u6c34\u67aa\u63d2\u56fe\" alt=\"\u6c34\u67aa\u63d2\u56fe\" \/><\/div>","protected":false},"excerpt":{"rendered":"<p>\u6c34\u67aa &nbsp; \u6cd5\u5f8b\u4f9d\u636e\uff1a\u300a\u4e2d\u534e\u4eba\u6c11\u5171\u548c\u56fd\u8239\u5458\u57f9\u8bad\u7ba1\u7406\u89c4\u5219\u300b\uff08\u4ea4\u901a\u8fd0\u8f93\u90e8\u4ee4 2019 \u5e74\u7b2c 5 \u53f7\uff09 \u4ea7\u54c1&hellip;<\/p>","protected":false},"featured_media":14269,"comment_status":"open","ping_status":"closed","template":"","meta":[],"product_brand":[],"product_cat":[33,322],"product_tag":[],"class_list":{"0":"post-14267","1":"product","2":"type-product","3":"status-publish","4":"has-post-thumbnail","6":"product_cat-jibenanquanshixunshiz01","7":"product_cat-haishangjiaotonganquanjinengpeixun","8":"description-off","10":"first","11":"instock","12":"taxable","13":"shipping-taxable","14":"purchasable","15":"product-type-simple"},"_links":{"self":[{"href":"http:\/\/www.erun-tech.com\/es\/wp-json\/wp\/v2\/product\/14267","targetHints":{"allow":["GET"]}}],"collection":[{"href":"http:\/\/www.erun-tech.com\/es\/wp-json\/wp\/v2\/product"}],"about":[{"href":"http:\/\/www.erun-tech.com\/es\/wp-json\/wp\/v2\/types\/product"}],"replies":[{"embeddable":true,"href":"http:\/\/www.erun-tech.com\/es\/wp-json\/wp\/v2\/comments?post=14267"}],"wp:featuredmedia":[{"embeddable":true,"href":"http:\/\/www.erun-tech.com\/es\/wp-json\/wp\/v2\/media\/14269"}],"wp:attachment":[{"href":"http:\/\/www.erun-tech.com\/es\/wp-json\/wp\/v2\/media?parent=14267"}],"wp:term":[{"taxonomy":"product_brand","embeddable":true,"href":"http:\/\/www.erun-tech.com\/es\/wp-json\/wp\/v2\/product_brand?post=14267"},{"taxonomy":"product_cat","embeddable":true,"href":"http:\/\/www.erun-tech.com\/es\/wp-json\/wp\/v2\/product_cat?post=14267"},{"taxonomy":"product_tag","embeddable":true,"href":"http:\/\/www.erun-tech.com\/es\/wp-json\/wp\/v2\/product_tag?post=14267"}],"curies":[{"name":"wp","href":"https:\/\/api.w.org\/{rel}","templated":true}]}}