{"id":14271,"date":"2022-03-02T22:48:13","date_gmt":"2022-03-02T14:48:13","guid":{"rendered":"http:\/\/www.erun-tech.com\/?post_type=product&#038;p=14271"},"modified":"2024-03-27T21:16:57","modified_gmt":"2024-03-27T13:16:57","slug":"chuanbogudingyalishishuiwumiehuoxitong","status":"publish","type":"product","link":"http:\/\/www.erun-tech.com\/es\/product\/chuanbogudingyalishishuiwumiehuoxitong","title":{"rendered":"Sistema de extinci\u00f3n de incendios por agua nebulizada a presi\u00f3n fija para buques"},"content":{"rendered":"<h2 style=\"text-align: center;\">Sistema de extinci\u00f3n de incendios por agua nebulizada a presi\u00f3n fija para buques<\/h2>\n<p>&nbsp;<\/p>\n<div><strong>Base jur\u00eddica: Normativa sobre la administraci\u00f3n de la formaci\u00f3n de la gente de mar de la Rep\u00fablica Popular China (Orden n.\u00ba 5 del Ministerio de Transporte, 2019).<\/strong><\/div>\n<div><strong>Categor\u00eda de producto: Sala de formaci\u00f3n b\u00e1sica en seguridad (Z01)<\/strong><\/div>\n<div><strong>\u4ea7\u54c1\u540d\u79f0\uff1a\u56fa\u5b9a\u538b\u529b\u5f0f\u6c34\u96fe\u706d\u706b\u7cfb\u7edf<\/strong><\/div>\n<div><strong>Requisitos funcionales: Debe instalarse dentro de una carcasa conforme, con todos los pernos y arandelas suministrados.<\/strong><\/div>\n<div><strong>Cantidad especificada: 1 juego<\/strong><\/div>\n<div><\/div>\n<div>\u56fa\u5b9a\u5f0f\u538b\u529b\u6c34\u96fe\u706d\u706b\u7cfb\u7edf\uff08fixed pressure wa-ter-spraying fir\u2103extinguishing system\uff09\u662f\u4e00\u79cd\u81ea\u52a8\u55b7\u6c34\u7684\u706d\u706b\u88c5\u7f6e\u3002\u4e3b\u8981\u8bbe\u5728\u65c5\u5ba2\u548c\u8239\u5458\u8d77\u5c45\u5904\u6240\u3001\u670d\u52a1\u5904\u6240\uff08\u53a8\u623f\u3001\u50a8\u85cf\u5ba4\u7b49\uff09\u3002\u8be5\u7cfb\u7edf\u7531\u8bbe\u5728\u88ab\u4fdd\u62a4\u8231\u5ba4\u9876\u90e8\u7684\u55b7\u6c34\u5668\u548c\u4e0e\u5176\u8fde\u63a5\u7684\u7ba1\u7f51\u3001\u4f9b\u6c34\u6cf5\u3001\u538b\u529b\u67dc\u7ec4\u6210\u3002\u5f53\u55b7\u6c34\u5668\u9047\u523068\u2103\uff5e79\u2103\u7684\u6e29\u5ea6\uff0c\u6613\u71c3\u5408\u91d1\u6216\u70ed\u654f\u5143\u4ef6\u7684\u652f\u627f\u5931\u6548\uff0c\u5c06\u51fa\u6c34\u53e3\u7684\u73bb\u7483\u9600\u5f00\u542f\uff0c\u5373\u81ea\u52a8\u55b7\u6c34\u706d\u706b\uff0c\u5e76\u540c\u65f6\u53d1\u51fa\u62a5\u8b66\u4fe1\u53f7\u3002\u55b7\u6c34\u5668\u4e00\u822c6m2\uff5e10m2\u88c5\u8bbe\u4e00\u4e2a\uff0c\u4fdd\u8bc1\u6bcf\u5206\u949f\u6bcf\u5e73\u65b9\u7c73\u7684\u88ab\u4fdd\u62a4\u9762\u79ef\u4e0a\uff0c\u53ef\u55b7\u51fa\u4e0d\u5c11\u4e8e5 L\u7684\u5e73\u5747\u51fa\u6c34\u91cf\u3002<\/div>\n<div>\n<p>1. Se debe instalar una bomba contra incendios, una caja de arranque, una v\u00e1lvula de aislamiento, seis bocas de incendio, seis cajas de mangueras y seis boquillas contra incendios de doble funci\u00f3n.<\/p>\n<p>2\u3001\u6d88\u9632\u6c34\u6e90\u53ef\u63a5\u7528\u6e56\u6c34\u6216\u6821\u5185\u6d88\u9632\u7ba1\u6c34\uff0c\u51fa\u6765\u538b\u529b3KG \u5230 \u00a0\u00a06KG\u4e4b\u95f4\uff0c\u6d88\u9632\u6813\u548c\u6c34\u9f99\u5e26\uff08\u6c34\u9f99\u5e26\u957f\u5ea6\u4e0d\u4f4e\u4e8e<\/p>\n<p>20m\uff09\u53ca\u6c34\u9f99\u5e26\u7bb1\u5206\u90e8\u5230\u6d88\u9632\u4ed3\u4e0a\u4e0b\u4e24\u5c42\u3002<\/p>\n<p>3\u3001\u6d88\u9632\u7ba1\u6309\u8239\u7528\u6807\u51c6\u6d82\u989c\u8272\uff0c\u542b\u5b89\u88c5\u8c03\u8bd5\u53ca\u8f85\u6750<\/p>\n<\/div>","protected":false},"excerpt":{"rendered":"<p>\u8239\u8236\u56fa\u5b9a\u538b\u529b\u5f0f\u6c34\u96fe\u706d\u706b\u7cfb\u7edf &nbsp; \u6cd5\u5f8b\u4f9d\u636e\uff1a\u300a\u4e2d\u534e\u4eba\u6c11\u5171\u548c\u56fd\u8239\u5458\u57f9\u8bad\u7ba1\u7406\u89c4\u5219\u300b\uff08\u4ea4\u901a\u8fd0\u8f93\u90e8\u4ee4 2019&hellip;<\/p>","protected":false},"featured_media":14272,"comment_status":"open","ping_status":"closed","template":"","meta":[],"product_brand":[],"product_cat":[33],"product_tag":[149,148],"class_list":{"0":"post-14271","1":"product","2":"type-product","3":"status-publish","4":"has-post-thumbnail","6":"product_cat-jibenanquanshixunshiz01","7":"product_tag-gudingyalishishuiwumiehuoxitong","8":"product_tag-chuanbogudingyalishishuiwumiehuoxitong","9":"description-off","11":"first","12":"instock","13":"taxable","14":"shipping-taxable","15":"purchasable","16":"product-type-simple"},"_links":{"self":[{"href":"http:\/\/www.erun-tech.com\/es\/wp-json\/wp\/v2\/product\/14271","targetHints":{"allow":["GET"]}}],"collection":[{"href":"http:\/\/www.erun-tech.com\/es\/wp-json\/wp\/v2\/product"}],"about":[{"href":"http:\/\/www.erun-tech.com\/es\/wp-json\/wp\/v2\/types\/product"}],"replies":[{"embeddable":true,"href":"http:\/\/www.erun-tech.com\/es\/wp-json\/wp\/v2\/comments?post=14271"}],"wp:featuredmedia":[{"embeddable":true,"href":"http:\/\/www.erun-tech.com\/es\/wp-json\/wp\/v2\/media\/14272"}],"wp:attachment":[{"href":"http:\/\/www.erun-tech.com\/es\/wp-json\/wp\/v2\/media?parent=14271"}],"wp:term":[{"taxonomy":"product_brand","embeddable":true,"href":"http:\/\/www.erun-tech.com\/es\/wp-json\/wp\/v2\/product_brand?post=14271"},{"taxonomy":"product_cat","embeddable":true,"href":"http:\/\/www.erun-tech.com\/es\/wp-json\/wp\/v2\/product_cat?post=14271"},{"taxonomy":"product_tag","embeddable":true,"href":"http:\/\/www.erun-tech.com\/es\/wp-json\/wp\/v2\/product_tag?post=14271"}],"curies":[{"name":"wp","href":"https:\/\/api.w.org\/{rel}","templated":true}]}}