{"id":14278,"date":"2022-03-03T09:09:40","date_gmt":"2022-03-03T01:09:40","guid":{"rendered":"http:\/\/www.erun-tech.com\/?post_type=product&#038;p=14278"},"modified":"2024-03-27T21:17:13","modified_gmt":"2024-03-27T13:17:13","slug":"chuanboganfenmiehuoxitong","status":"publish","type":"product","link":"http:\/\/www.erun-tech.com\/es\/product\/chuanboganfenmiehuoxitong","title":{"rendered":"Sistema de extinci\u00f3n de incendios con polvo seco a bordo"},"content":{"rendered":"<h2 style=\"text-align: center;\">Sistema de extinci\u00f3n de incendios con polvo seco a bordo<\/h2>\n<p>&nbsp;<\/p>\n<div><strong>Base jur\u00eddica: Normativa sobre la administraci\u00f3n de la formaci\u00f3n de la gente de mar de la Rep\u00fablica Popular China (Orden n.\u00ba 5 del Ministerio de Transporte, 2019).<\/strong><\/div>\n<div><strong>Categor\u00eda de producto: Sala de formaci\u00f3n b\u00e1sica en seguridad (Z01)<\/strong><\/div>\n<div><strong>\u4ea7\u54c1\u540d\u79f0\uff1a\u5e72\u7c89\u706d\u706b\u7cfb\u7edf<\/strong><\/div>\n<div><strong>\u529f\u80fd\u8981\u6c42\uff1a\u7cfb\u7edf\u7ec4\u6210<\/strong><\/div>\n<div><strong>Cantidad especificada: 1 juego<\/strong><\/div>\n<div><\/div>\n<div>El sistema comprende conjuntos de cilindros de gas, v\u00e1lvulas reductoras de presi\u00f3n, tanques de polvo seco, pistolas de polvo seco, ca\u00f1ones de polvo seco, boquillas de polvo seco, armarios de control el\u00e9ctrico, v\u00e1lvulas y sistemas de tuber\u00edas.<\/div>\n<div><\/div>\n<div>\n<p>\u9002\u7528\u6240\u6709 LNG \u53ca LPG \u6db2\u5316\u6c7d\u8239\u6db2\u5316\u533a\u57df\u7532\u677f\u706d\u706b\u7cfb\u7edf<\/p>\n<p><img decoding=\"async\" class=\"alignnone size-full wp-image-14281\" src=\"http:\/\/www.erun-tech.com\/wp-content\/uploads\/2022\/03\/f62139f1-7f6a-4a73-861b-20eab13d3013.jpg\" width=\"565\" height=\"181\" srcset=\"http:\/\/www.erun-tech.com\/wp-content\/uploads\/2022\/03\/f62139f1-7f6a-4a73-861b-20eab13d3013.jpg 565w, http:\/\/www.erun-tech.com\/wp-content\/uploads\/2022\/03\/f62139f1-7f6a-4a73-861b-20eab13d3013-300x96.jpg 300w\" sizes=\"(max-width: 565px) 100vw, 565px\" title=\"\u8239\u8236\u5e72\u7c89\u706d\u706b\u7cfb\u7edf\u63d2\u56fe\" alt=\"\u8239\u8236\u5e72\u7c89\u706d\u706b\u7cfb\u7edf\u63d2\u56fe\" \/><\/p>\n<p>&nbsp;<\/p>\n<p><img decoding=\"async\" class=\"alignnone size-full wp-image-14282\" src=\"http:\/\/www.erun-tech.com\/wp-content\/uploads\/2022\/03\/e4ec8419-8a36-459b-862c-3139abc55429.jpg\" width=\"251\" height=\"338\" srcset=\"http:\/\/www.erun-tech.com\/wp-content\/uploads\/2022\/03\/e4ec8419-8a36-459b-862c-3139abc55429.jpg 251w, http:\/\/www.erun-tech.com\/wp-content\/uploads\/2022\/03\/e4ec8419-8a36-459b-862c-3139abc55429-223x300.jpg 223w\" sizes=\"(max-width: 251px) 100vw, 251px\" title=\"\u8239\u8236\u5e72\u7c89\u706d\u706b\u7cfb\u7edf\u63d2\u56fe1\" alt=\"\u8239\u8236\u5e72\u7c89\u706d\u706b\u7cfb\u7edf\u63d2\u56fe1\" \/><\/p>\n<p><strong>\u3000\u7cfb\u7edf\u7ec4\u6210\uff1a<\/strong><br \/>\n\u5e72\u7c89\u706d\u706b\u7cfb\u7edf\u4e3b\u8981\u7531\u6c2e\u6c14\u9a71\u52a8\u74f6\u3001\u5e72\u7c89\u7f50\u3001\u51cf\u538b\u9600\u3001\u5e72\u7c89\u70ae\u3001\u5e72\u7c89\u5377\u76d8\u67aa\u53ca\u7ba1\u8def\u9600\u4ef6\u7b49\u7ec4\u6210\u3002\u4e3b\u8981\u7528\u6765\u6251\u706d LNG \u3001LPG \u6db2\u5316\u6c7d\u8239\u7684\u6db2\u8d27\u8231\u7684\u5378\u8d27\u533a\u57df\u7ba1\u8def\u6613\u53d1\u751f\u706b\u707e\u7684\u90e8\u4f4d\u3002<\/p>\n<\/div>","protected":false},"excerpt":{"rendered":"<p>El sistema comprende conjuntos de cilindros de gas, v\u00e1lvulas reductoras de presi\u00f3n, tanques de polvo seco, pistolas de polvo seco, ca\u00f1ones de polvo seco, boquillas de polvo seco, armarios de control el\u00e9ctrico, v\u00e1lvulas y sistemas de tuber\u00edas.<\/p>","protected":false},"featured_media":14279,"comment_status":"open","ping_status":"closed","template":"","meta":[],"product_brand":[],"product_cat":[33],"product_tag":[154,155,153],"class_list":{"0":"post-14278","1":"product","2":"type-product","3":"status-publish","4":"has-post-thumbnail","6":"product_cat-jibenanquanshixunshiz01","7":"product_tag-ganfenmiehuoxitong","8":"product_tag-ganfenmiehuoxitongshejiguifan","9":"product_tag-chuanboganfenmiehuoxitong","10":"description-off","12":"first","13":"instock","14":"taxable","15":"shipping-taxable","16":"purchasable","17":"product-type-simple"},"_links":{"self":[{"href":"http:\/\/www.erun-tech.com\/es\/wp-json\/wp\/v2\/product\/14278","targetHints":{"allow":["GET"]}}],"collection":[{"href":"http:\/\/www.erun-tech.com\/es\/wp-json\/wp\/v2\/product"}],"about":[{"href":"http:\/\/www.erun-tech.com\/es\/wp-json\/wp\/v2\/types\/product"}],"replies":[{"embeddable":true,"href":"http:\/\/www.erun-tech.com\/es\/wp-json\/wp\/v2\/comments?post=14278"}],"wp:featuredmedia":[{"embeddable":true,"href":"http:\/\/www.erun-tech.com\/es\/wp-json\/wp\/v2\/media\/14279"}],"wp:attachment":[{"href":"http:\/\/www.erun-tech.com\/es\/wp-json\/wp\/v2\/media?parent=14278"}],"wp:term":[{"taxonomy":"product_brand","embeddable":true,"href":"http:\/\/www.erun-tech.com\/es\/wp-json\/wp\/v2\/product_brand?post=14278"},{"taxonomy":"product_cat","embeddable":true,"href":"http:\/\/www.erun-tech.com\/es\/wp-json\/wp\/v2\/product_cat?post=14278"},{"taxonomy":"product_tag","embeddable":true,"href":"http:\/\/www.erun-tech.com\/es\/wp-json\/wp\/v2\/product_tag?post=14278"}],"curies":[{"name":"wp","href":"https:\/\/api.w.org\/{rel}","templated":true}]}}