{"id":14354,"date":"2022-03-03T11:18:53","date_gmt":"2022-03-03T03:18:53","guid":{"rendered":"http:\/\/www.erun-tech.com\/?post_type=product&#038;p=14354"},"modified":"2024-03-27T22:10:49","modified_gmt":"2024-03-27T14:10:49","slug":"tingzhenqixueyajitiwenji","status":"publish","type":"product","link":"http:\/\/www.erun-tech.com\/es\/product\/tingzhenqixueyajitiwenji","title":{"rendered":"Estetoscopio, esfigmoman\u00f3metro, term\u00f3metro"},"content":{"rendered":"<h2 style=\"text-align: center;\">Estetoscopio, esfigmoman\u00f3metro, term\u00f3metro<\/h2>\n<p>&nbsp;<\/p>\n<div><strong>Base jur\u00eddica: Normativa sobre la administraci\u00f3n de la formaci\u00f3n de la gente de mar de la Rep\u00fablica Popular China (Orden n.\u00ba 5 del Ministerio de Transporte, 2019).<\/strong><\/div>\n<div><strong>Categor\u00edas de productos: Sala de formaci\u00f3n b\u00e1sica en seguridad (Z01), Sala de formaci\u00f3n avanzada en primeros auxilios (Z05), Sala de formaci\u00f3n en asistencia m\u00e9dica a bordo (Z06)<\/strong><\/div>\n<div><strong>Nombre del producto: estetoscopio, esfigmoman\u00f3metro, term\u00f3metro<\/strong><\/div>\n<div><strong>Requisitos funcionales: estetoscopio, esfigmoman\u00f3metro, term\u00f3metro.<\/strong><\/div>\n<div><strong>Cantidad especificada: 6 unidades cada uno<\/strong><\/div>\n<div><\/div>\n<div><strong>Estetoscopio<\/strong><\/div>\n<div><img decoding=\"async\" class=\"alignnone size-full wp-image-14355\" src=\"http:\/\/www.erun-tech.com\/wp-content\/uploads\/2022\/03\/O1CN01TUgwy31QsF6KVKKjq_2927702031-0-cib.jpg\" width=\"897\" height=\"780\" srcset=\"http:\/\/www.erun-tech.com\/wp-content\/uploads\/2022\/03\/O1CN01TUgwy31QsF6KVKKjq_2927702031-0-cib.jpg 897w, http:\/\/www.erun-tech.com\/wp-content\/uploads\/2022\/03\/O1CN01TUgwy31QsF6KVKKjq_2927702031-0-cib-600x522.jpg 600w, http:\/\/www.erun-tech.com\/wp-content\/uploads\/2022\/03\/O1CN01TUgwy31QsF6KVKKjq_2927702031-0-cib-300x261.jpg 300w, http:\/\/www.erun-tech.com\/wp-content\/uploads\/2022\/03\/O1CN01TUgwy31QsF6KVKKjq_2927702031-0-cib-768x668.jpg 768w\" sizes=\"(max-width: 897px) 100vw, 897px\" title=\"\u542c\u8bca\u5668\u3001\u8840\u538b\u8ba1\u3001\u4f53\u6e29\u8ba1\u63d2\u56fe\" alt=\"\u542c\u8bca\u5668\u3001\u8840\u538b\u8ba1\u3001\u4f53\u6e29\u8ba1\u63d2\u56fe\" \/><\/div>\n<div><\/div>\n<div><strong>Tensi\u00f3metro<\/strong><\/div>\n<div><img decoding=\"async\" class=\"alignnone size-full wp-image-14356\" src=\"http:\/\/www.erun-tech.com\/wp-content\/uploads\/2022\/03\/O1CN01Gv7LSn1WggnnaRhND_951332818-0-cib.jpg\" width=\"430\" height=\"430\" srcset=\"http:\/\/www.erun-tech.com\/wp-content\/uploads\/2022\/03\/O1CN01Gv7LSn1WggnnaRhND_951332818-0-cib.jpg 430w, http:\/\/www.erun-tech.com\/wp-content\/uploads\/2022\/03\/O1CN01Gv7LSn1WggnnaRhND_951332818-0-cib-300x300.jpg 300w, http:\/\/www.erun-tech.com\/wp-content\/uploads\/2022\/03\/O1CN01Gv7LSn1WggnnaRhND_951332818-0-cib-200x200.jpg 200w, http:\/\/www.erun-tech.com\/wp-content\/uploads\/2022\/03\/O1CN01Gv7LSn1WggnnaRhND_951332818-0-cib-150x150.jpg 150w\" sizes=\"(max-width: 430px) 100vw, 430px\" title=\"\u542c\u8bca\u5668\u3001\u8840\u538b\u8ba1\u3001\u4f53\u6e29\u8ba1\u63d2\u56fe1\" alt=\"\u542c\u8bca\u5668\u3001\u8840\u538b\u8ba1\u3001\u4f53\u6e29\u8ba1\u63d2\u56fe1\" \/><\/div>\n<div><\/div>\n<div><strong>Term\u00f3metro<\/strong><\/div>\n<div><img decoding=\"async\" class=\"alignnone size-full wp-image-14357\" src=\"http:\/\/www.erun-tech.com\/wp-content\/uploads\/2022\/03\/O1CN01scnybe1V9sqMU1Kfu_2210931032611-0-cib.jpg\" width=\"800\" height=\"800\" srcset=\"http:\/\/www.erun-tech.com\/wp-content\/uploads\/2022\/03\/O1CN01scnybe1V9sqMU1Kfu_2210931032611-0-cib.jpg 800w, http:\/\/www.erun-tech.com\/wp-content\/uploads\/2022\/03\/O1CN01scnybe1V9sqMU1Kfu_2210931032611-0-cib-300x300.jpg 300w, http:\/\/www.erun-tech.com\/wp-content\/uploads\/2022\/03\/O1CN01scnybe1V9sqMU1Kfu_2210931032611-0-cib-200x200.jpg 200w, http:\/\/www.erun-tech.com\/wp-content\/uploads\/2022\/03\/O1CN01scnybe1V9sqMU1Kfu_2210931032611-0-cib-600x600.jpg 600w, http:\/\/www.erun-tech.com\/wp-content\/uploads\/2022\/03\/O1CN01scnybe1V9sqMU1Kfu_2210931032611-0-cib-150x150.jpg 150w, http:\/\/www.erun-tech.com\/wp-content\/uploads\/2022\/03\/O1CN01scnybe1V9sqMU1Kfu_2210931032611-0-cib-768x768.jpg 768w\" sizes=\"(max-width: 800px) 100vw, 800px\" title=\"\u542c\u8bca\u5668\u3001\u8840\u538b\u8ba1\u3001\u4f53\u6e29\u8ba1\u63d2\u56fe2\" alt=\"\u542c\u8bca\u5668\u3001\u8840\u538b\u8ba1\u3001\u4f53\u6e29\u8ba1\u63d2\u56fe2\" \/><\/div>","protected":false},"excerpt":{"rendered":"<p>\u542c\u8bca\u5668\u3001\u8840\u538b\u8ba1\u3001\u4f53\u6e29\u8ba1 &nbsp; \u6cd5\u5f8b\u4f9d\u636e\uff1a\u300a\u4e2d\u534e\u4eba\u6c11\u5171\u548c\u56fd\u8239\u5458\u57f9\u8bad\u7ba1\u7406\u89c4\u5219\u300b\uff08\u4ea4\u901a\u8fd0\u8f93\u90e8\u4ee4 2019 \u5e74&hellip;<\/p>","protected":false},"featured_media":14355,"comment_status":"open","ping_status":"closed","template":"","meta":[],"product_brand":[],"product_cat":[33,322,36,37],"product_tag":[174,172,173],"class_list":{"0":"post-14354","1":"product","2":"type-product","3":"status-publish","4":"has-post-thumbnail","6":"product_cat-jibenanquanshixunshiz01","7":"product_cat-haishangjiaotonganquanjinengpeixun","8":"product_cat-jingtongjijiushixunshiz05","9":"product_cat-chuanshangyihushixunshiz06","10":"product_tag-tiwenji","11":"product_tag-tingzhenqi","12":"product_tag-xueyaji","13":"description-off","15":"first","16":"instock","17":"taxable","18":"shipping-taxable","19":"purchasable","20":"product-type-simple"},"_links":{"self":[{"href":"http:\/\/www.erun-tech.com\/es\/wp-json\/wp\/v2\/product\/14354","targetHints":{"allow":["GET"]}}],"collection":[{"href":"http:\/\/www.erun-tech.com\/es\/wp-json\/wp\/v2\/product"}],"about":[{"href":"http:\/\/www.erun-tech.com\/es\/wp-json\/wp\/v2\/types\/product"}],"replies":[{"embeddable":true,"href":"http:\/\/www.erun-tech.com\/es\/wp-json\/wp\/v2\/comments?post=14354"}],"wp:featuredmedia":[{"embeddable":true,"href":"http:\/\/www.erun-tech.com\/es\/wp-json\/wp\/v2\/media\/14355"}],"wp:attachment":[{"href":"http:\/\/www.erun-tech.com\/es\/wp-json\/wp\/v2\/media?parent=14354"}],"wp:term":[{"taxonomy":"product_brand","embeddable":true,"href":"http:\/\/www.erun-tech.com\/es\/wp-json\/wp\/v2\/product_brand?post=14354"},{"taxonomy":"product_cat","embeddable":true,"href":"http:\/\/www.erun-tech.com\/es\/wp-json\/wp\/v2\/product_cat?post=14354"},{"taxonomy":"product_tag","embeddable":true,"href":"http:\/\/www.erun-tech.com\/es\/wp-json\/wp\/v2\/product_tag?post=14354"}],"curies":[{"name":"wp","href":"https:\/\/api.w.org\/{rel}","templated":true}]}}