{"id":14358,"date":"2022-03-03T11:26:01","date_gmt":"2022-03-03T03:26:01","guid":{"rendered":"http:\/\/www.erun-tech.com\/?post_type=product&#038;p=14358"},"modified":"2024-03-27T22:11:12","modified_gmt":"2024-03-27T14:11:12","slug":"guojiguoneiyouguanfaguiheziliao","status":"publish","type":"product","link":"http:\/\/www.erun-tech.com\/es\/product\/guojiguoneiyouguanfaguiheziliao","title":{"rendered":"Normativa y materiales internacionales y nacionales pertinentes."},"content":{"rendered":"<h2 style=\"text-align: center;\">Normativa y materiales internacionales y nacionales pertinentes.<\/h2>\n<p>&nbsp;<\/p>\n<div><strong>Base jur\u00eddica: Normativa sobre la administraci\u00f3n de la formaci\u00f3n de la gente de mar de la Rep\u00fablica Popular China (Orden n.\u00ba 5 del Ministerio de Transporte, 2019).<\/strong><\/div>\n<div><strong>Categor\u00eda de producto: Sala de formaci\u00f3n b\u00e1sica en seguridad (Z01)<\/strong><\/div>\n<div><strong>Nombre del producto: Normativa y documentaci\u00f3n internacional y nacional<\/strong><\/div>\n<div><strong>Requisitos funcionales: Convenio internacional sobre normas de formaci\u00f3n, titulaci\u00f3n y guardia para la gente de mar (STCW), Convenio internacional para prevenir la contaminaci\u00f3n por los buques (MARPOL), Convenio internacional para la seguridad de la vida humana en el mar (SOLAS), Convenio sobre el trabajo mar\u00edtimo, 2006 (MLC), C\u00f3digo internacional de dispositivos de salvamento (LSA), C\u00f3digo internacional de sistemas de seguridad contra incendios (FSS), Directrices sobre fatiga, C\u00f3digo internacional de gesti\u00f3n de la seguridad (C\u00f3digo ISM),<br \/>\nPlan de emergencia contra la contaminaci\u00f3n por hidrocarburos de buques (SOPEP), C\u00f3digo de pr\u00e1cticas de trabajo seguras para la gente de mar, Ley del Trabajo de la Rep\u00fablica Popular China, Ley de Protecci\u00f3n del Medio Marino, Reglamento sobre la prevenci\u00f3n y el control de la contaminaci\u00f3n del medio marino por buques, etc.<\/strong><\/div>\n<div><strong>Cantidad especificada: 2 juegos<\/strong><\/div>","protected":false},"excerpt":{"rendered":"<p>\u56fd\u9645\u3001\u56fd\u5185\u6709\u5173\u6cd5\u89c4\u548c\u8d44\u6599 &nbsp; \u6cd5\u5f8b\u4f9d\u636e\uff1a\u300a\u4e2d\u534e\u4eba\u6c11\u5171\u548c\u56fd\u8239\u5458\u57f9\u8bad\u7ba1\u7406\u89c4\u5219\u300b\uff08\u4ea4\u901a\u8fd0\u8f93\u90e8\u4ee4 2019 &hellip;<\/p>","protected":false},"featured_media":14359,"comment_status":"open","ping_status":"closed","template":"","meta":[],"product_brand":[],"product_cat":[33,322],"product_tag":[175,177,176],"class_list":{"0":"post-14358","1":"product","2":"type-product","3":"status-publish","4":"has-post-thumbnail","6":"product_cat-jibenanquanshixunshiz01","7":"product_cat-haishangjiaotonganquanjinengpeixun","8":"product_tag-zhibanbiaozhunguojigongyuestcw","9":"product_tag-guojihaishangrenminganquangongyuesolas","10":"product_tag-fangzhichuanbozaochengwuranguojigongyuemarpol","11":"description-off","13":"first","14":"instock","15":"taxable","16":"shipping-taxable","17":"purchasable","18":"product-type-simple"},"_links":{"self":[{"href":"http:\/\/www.erun-tech.com\/es\/wp-json\/wp\/v2\/product\/14358","targetHints":{"allow":["GET"]}}],"collection":[{"href":"http:\/\/www.erun-tech.com\/es\/wp-json\/wp\/v2\/product"}],"about":[{"href":"http:\/\/www.erun-tech.com\/es\/wp-json\/wp\/v2\/types\/product"}],"replies":[{"embeddable":true,"href":"http:\/\/www.erun-tech.com\/es\/wp-json\/wp\/v2\/comments?post=14358"}],"wp:featuredmedia":[{"embeddable":true,"href":"http:\/\/www.erun-tech.com\/es\/wp-json\/wp\/v2\/media\/14359"}],"wp:attachment":[{"href":"http:\/\/www.erun-tech.com\/es\/wp-json\/wp\/v2\/media?parent=14358"}],"wp:term":[{"taxonomy":"product_brand","embeddable":true,"href":"http:\/\/www.erun-tech.com\/es\/wp-json\/wp\/v2\/product_brand?post=14358"},{"taxonomy":"product_cat","embeddable":true,"href":"http:\/\/www.erun-tech.com\/es\/wp-json\/wp\/v2\/product_cat?post=14358"},{"taxonomy":"product_tag","embeddable":true,"href":"http:\/\/www.erun-tech.com\/es\/wp-json\/wp\/v2\/product_tag?post=14358"}],"curies":[{"name":"wp","href":"https:\/\/api.w.org\/{rel}","templated":true}]}}