{"id":14365,"date":"2022-03-03T12:09:01","date_gmt":"2022-03-03T04:09:01","guid":{"rendered":"http:\/\/www.erun-tech.com\/?post_type=product&#038;p=14365"},"modified":"2024-03-27T22:15:51","modified_gmt":"2024-03-27T14:15:51","slug":"yingxiangziliao","status":"publish","type":"product","link":"http:\/\/www.erun-tech.com\/es\/product\/yingxiangziliao","title":{"rendered":"Materiales visuales"},"content":{"rendered":"<h2 style=\"text-align: center;\">Materiales visuales<\/h2>\n<p>&nbsp;<\/p>\n<div><strong>Base jur\u00eddica: Normativa sobre la administraci\u00f3n de la formaci\u00f3n de la gente de mar de la Rep\u00fablica Popular China (Orden n.\u00ba 5 del Ministerio de Transporte, 2019).<\/strong><\/div>\n<div><strong>Categor\u00eda de producto: Sala de formaci\u00f3n b\u00e1sica en seguridad (Z01)<\/strong><\/div>\n<div><strong>Nombre del producto: Materiales visuales<\/strong><\/div>\n<div><strong>Requisitos funcionales: Demostraciones en v\u00eddeo que ilustren los procedimientos de emergencia en caso de incendio, colisi\u00f3n, inundaci\u00f3n y hundimiento, junto con documentaci\u00f3n sobre las operaciones de seguridad y los procesos de gesti\u00f3n de los buques, as\u00ed como registros de los accidentes laborales m\u00e1s comunes a bordo de los buques.<\/strong><\/div>\n<div><strong>Cantidad especificada: 2 juegos<\/strong><\/div>","protected":false},"excerpt":{"rendered":"<p>Demostraciones que ilustran los procedimientos de emergencia en caso de incendio, colisi\u00f3n, inundaci\u00f3n y hundimiento; v\u00eddeos que muestran las operaciones de seguridad y los procesos de gesti\u00f3n de los buques; documentaci\u00f3n sobre los accidentes laborales m\u00e1s comunes a bordo de los buques.<\/p>","protected":false},"featured_media":14366,"comment_status":"open","ping_status":"closed","template":"","meta":[],"product_brand":[],"product_cat":[33,322],"product_tag":[183],"class_list":{"0":"post-14365","1":"product","2":"type-product","3":"status-publish","4":"has-post-thumbnail","6":"product_cat-jibenanquanshixunshiz01","7":"product_cat-haishangjiaotonganquanjinengpeixun","8":"product_tag-chuanboanquanzuoyeyingxiangziliao","9":"description-off","11":"first","12":"instock","13":"taxable","14":"shipping-taxable","15":"purchasable","16":"product-type-simple"},"_links":{"self":[{"href":"http:\/\/www.erun-tech.com\/es\/wp-json\/wp\/v2\/product\/14365","targetHints":{"allow":["GET"]}}],"collection":[{"href":"http:\/\/www.erun-tech.com\/es\/wp-json\/wp\/v2\/product"}],"about":[{"href":"http:\/\/www.erun-tech.com\/es\/wp-json\/wp\/v2\/types\/product"}],"replies":[{"embeddable":true,"href":"http:\/\/www.erun-tech.com\/es\/wp-json\/wp\/v2\/comments?post=14365"}],"wp:featuredmedia":[{"embeddable":true,"href":"http:\/\/www.erun-tech.com\/es\/wp-json\/wp\/v2\/media\/14366"}],"wp:attachment":[{"href":"http:\/\/www.erun-tech.com\/es\/wp-json\/wp\/v2\/media?parent=14365"}],"wp:term":[{"taxonomy":"product_brand","embeddable":true,"href":"http:\/\/www.erun-tech.com\/es\/wp-json\/wp\/v2\/product_brand?post=14365"},{"taxonomy":"product_cat","embeddable":true,"href":"http:\/\/www.erun-tech.com\/es\/wp-json\/wp\/v2\/product_cat?post=14365"},{"taxonomy":"product_tag","embeddable":true,"href":"http:\/\/www.erun-tech.com\/es\/wp-json\/wp\/v2\/product_tag?post=14365"}],"curies":[{"name":"wp","href":"https:\/\/api.w.org\/{rel}","templated":true}]}}