{"id":14372,"date":"2022-03-03T12:28:26","date_gmt":"2022-03-03T04:28:26","guid":{"rendered":"http:\/\/www.erun-tech.com\/?post_type=product&#038;p=14372"},"modified":"2024-03-27T22:00:33","modified_gmt":"2024-03-27T14:00:33","slug":"fangwuranshebei","status":"publish","type":"product","link":"http:\/\/www.erun-tech.com\/es\/product\/fangwuranshebei","title":{"rendered":"Equipo anticontaminaci\u00f3n"},"content":{"rendered":"<h2 style=\"text-align: center;\">Equipo anticontaminaci\u00f3n<\/h2>\n<p>&nbsp;<\/p>\n<div><strong>Base jur\u00eddica: Normativa sobre la administraci\u00f3n de la formaci\u00f3n de la gente de mar de la Rep\u00fablica Popular China (Orden n.\u00ba 5 del Ministerio de Transporte, 2019).<\/strong><\/div>\n<div><strong>Categor\u00eda de producto: Sala de formaci\u00f3n b\u00e1sica en seguridad (Z01)<\/strong><\/div>\n<div><strong>Nombre del producto: Equipo anticontaminaci\u00f3n<\/strong><\/div>\n<div><strong>Requisitos funcionales: Equipado con virutas de madera, alfombrillas absorbentes de aceite, dispersantes de aceite, etc.<\/strong><\/div>\n<div><strong>Cantidad especificada: varias<\/strong><\/div>","protected":false},"excerpt":{"rendered":"<p><strong>Equipado con virutas de madera, alfombrillas absorbentes de aceite, dispersantes de aceite, etc.<\/strong><\/p>","protected":false},"featured_media":14373,"comment_status":"open","ping_status":"closed","template":"","meta":[],"product_brand":[],"product_cat":[33,322],"product_tag":[188,187,189],"class_list":{"0":"post-14372","1":"product","2":"type-product","3":"status-publish","4":"has-post-thumbnail","6":"product_cat-jibenanquanshixunshiz01","7":"product_cat-haishangjiaotonganquanjinengpeixun","8":"product_tag-xiyouzhan","9":"product_tag-muxie","10":"product_tag-xiaoyouji","11":"description-off","13":"first","14":"instock","15":"taxable","16":"shipping-taxable","17":"purchasable","18":"product-type-simple"},"_links":{"self":[{"href":"http:\/\/www.erun-tech.com\/es\/wp-json\/wp\/v2\/product\/14372","targetHints":{"allow":["GET"]}}],"collection":[{"href":"http:\/\/www.erun-tech.com\/es\/wp-json\/wp\/v2\/product"}],"about":[{"href":"http:\/\/www.erun-tech.com\/es\/wp-json\/wp\/v2\/types\/product"}],"replies":[{"embeddable":true,"href":"http:\/\/www.erun-tech.com\/es\/wp-json\/wp\/v2\/comments?post=14372"}],"wp:featuredmedia":[{"embeddable":true,"href":"http:\/\/www.erun-tech.com\/es\/wp-json\/wp\/v2\/media\/14373"}],"wp:attachment":[{"href":"http:\/\/www.erun-tech.com\/es\/wp-json\/wp\/v2\/media?parent=14372"}],"wp:term":[{"taxonomy":"product_brand","embeddable":true,"href":"http:\/\/www.erun-tech.com\/es\/wp-json\/wp\/v2\/product_brand?post=14372"},{"taxonomy":"product_cat","embeddable":true,"href":"http:\/\/www.erun-tech.com\/es\/wp-json\/wp\/v2\/product_cat?post=14372"},{"taxonomy":"product_tag","embeddable":true,"href":"http:\/\/www.erun-tech.com\/es\/wp-json\/wp\/v2\/product_tag?post=14372"}],"curies":[{"name":"wp","href":"https:\/\/api.w.org\/{rel}","templated":true}]}}