{"id":14432,"date":"2022-03-03T15:22:01","date_gmt":"2022-03-03T07:22:01","guid":{"rendered":"http:\/\/www.erun-tech.com\/?post_type=product&#038;p=14432"},"modified":"2024-03-27T21:30:35","modified_gmt":"2024-03-27T13:30:35","slug":"jiuhuheshengmingzhichishebei","status":"publish","type":"product","link":"http:\/\/www.erun-tech.com\/es\/product\/jiuhuheshengmingzhichishebei","title":{"rendered":"Ambulancia y equipo de soporte vital"},"content":{"rendered":"<h2 style=\"text-align: center;\">Ambulancia y equipo de soporte vital<\/h2>\n<p>&nbsp;<\/p>\n<div><strong>Base jur\u00eddica: Normativa sobre la administraci\u00f3n de la formaci\u00f3n de la gente de mar de la Rep\u00fablica Popular China (Orden n.\u00ba 5 del Ministerio de Transporte, 2019).<\/strong><\/div>\n<div><strong>Categor\u00eda de producto: Sala de formaci\u00f3n avanzada en extinci\u00f3n de incendios (Z04)<br \/>\n<\/strong><\/div>\n<div><strong>\u4ea7\u54c1\u540d\u79f0\uff1a\u6551\u62a4\u548c\u751f\u547d\u652f\u6301\u8bbe\u5907<\/strong><\/div>\n<div><strong>\u529f\u80fd\u8981\u6c42\uff1a\u7b80\u6613\u547c\u5438\u5668\uff08\u57fa\u672c\u751f\u547d\u652f\u6301\u8bbe\u5907\uff091 \u53f0\uff08\u6c27\u6c14\u74f6\u3001\u9762\u7f69\u3001\u7403\u56ca\uff09\uff1b\u6298\u53e0\u62c5\u67b6 1 \u526f\u3001\u6025\u6551\u7bb11\u53ea\u3002<\/strong><\/div>\n<div><strong>Cantidad especificada: 1 unidad<\/strong><\/div>","protected":false},"excerpt":{"rendered":"<p>\u6551\u62a4\u548c\u751f\u547d\u652f\u6301\u8bbe\u5907 &nbsp; \u6cd5\u5f8b\u4f9d\u636e\uff1a\u300a\u4e2d\u534e\u4eba\u6c11\u5171\u548c\u56fd\u8239\u5458\u57f9\u8bad\u7ba1\u7406\u89c4\u5219\u300b\uff08\u4ea4\u901a\u8fd0\u8f93\u90e8\u4ee4 2019 \u5e74\u7b2c &hellip;<\/p>","protected":false},"featured_media":14433,"comment_status":"open","ping_status":"closed","template":"","meta":[],"product_brand":[],"product_cat":[35],"product_tag":[212],"class_list":{"0":"post-14432","1":"product","2":"type-product","3":"status-publish","4":"has-post-thumbnail","6":"product_cat-gaojixiaofangshixunshiz04","7":"product_tag-jianyihuxiqi","8":"description-off","10":"first","11":"instock","12":"taxable","13":"shipping-taxable","14":"purchasable","15":"product-type-simple"},"_links":{"self":[{"href":"http:\/\/www.erun-tech.com\/es\/wp-json\/wp\/v2\/product\/14432","targetHints":{"allow":["GET"]}}],"collection":[{"href":"http:\/\/www.erun-tech.com\/es\/wp-json\/wp\/v2\/product"}],"about":[{"href":"http:\/\/www.erun-tech.com\/es\/wp-json\/wp\/v2\/types\/product"}],"replies":[{"embeddable":true,"href":"http:\/\/www.erun-tech.com\/es\/wp-json\/wp\/v2\/comments?post=14432"}],"wp:featuredmedia":[{"embeddable":true,"href":"http:\/\/www.erun-tech.com\/es\/wp-json\/wp\/v2\/media\/14433"}],"wp:attachment":[{"href":"http:\/\/www.erun-tech.com\/es\/wp-json\/wp\/v2\/media?parent=14432"}],"wp:term":[{"taxonomy":"product_brand","embeddable":true,"href":"http:\/\/www.erun-tech.com\/es\/wp-json\/wp\/v2\/product_brand?post=14432"},{"taxonomy":"product_cat","embeddable":true,"href":"http:\/\/www.erun-tech.com\/es\/wp-json\/wp\/v2\/product_cat?post=14432"},{"taxonomy":"product_tag","embeddable":true,"href":"http:\/\/www.erun-tech.com\/es\/wp-json\/wp\/v2\/product_tag?post=14432"}],"curies":[{"name":"wp","href":"https:\/\/api.w.org\/{rel}","templated":true}]}}