{"id":14437,"date":"2022-03-03T15:32:34","date_gmt":"2022-03-03T07:32:34","guid":{"rendered":"http:\/\/www.erun-tech.com\/?post_type=product&#038;p=14437"},"modified":"2024-03-27T21:30:10","modified_gmt":"2024-03-27T13:30:10","slug":"cebaoyiceyangyi","status":"publish","type":"product","link":"http:\/\/www.erun-tech.com\/es\/product\/cebaoyiceyangyi","title":{"rendered":"Medidor de chorro, medidor de ox\u00edgeno"},"content":{"rendered":"<h2 style=\"text-align: center;\">Medidor de chorro, medidor de ox\u00edgeno<\/h2>\n<p>&nbsp;<\/p>\n<div><strong>Base jur\u00eddica: Normativa sobre la administraci\u00f3n de la formaci\u00f3n de la gente de mar de la Rep\u00fablica Popular China (Orden n.\u00ba 5 del Ministerio de Transporte, 2019).<\/strong><\/div>\n<div><strong>Categor\u00eda de producto: Sala de formaci\u00f3n avanzada en extinci\u00f3n de incendios (Z04)<br \/>\n<\/strong><\/div>\n<div><strong>Nombre del producto: Detector de explosivos, medidor de ox\u00edgeno<\/strong><\/div>\n<div><strong>Requisitos funcionales: con gases normalizados para las pruebas pertinentes.<\/strong><\/div>\n<div><strong>Cantidad especificada: 2 juegos de cada<\/strong><\/div>","protected":false},"excerpt":{"rendered":"<p>\u6d4b\u7206\u4eea\u3001\u6d4b\u6c27\u4eea &nbsp; \u6cd5\u5f8b\u4f9d\u636e\uff1a\u300a\u4e2d\u534e\u4eba\u6c11\u5171\u548c\u56fd\u8239\u5458\u57f9\u8bad\u7ba1\u7406\u89c4\u5219\u300b\uff08\u4ea4\u901a\u8fd0\u8f93\u90e8\u4ee4 2019 \u5e74\u7b2c 5 &hellip;<\/p>","protected":false},"featured_media":14442,"comment_status":"open","ping_status":"closed","template":"","meta":[],"product_brand":[],"product_cat":[35],"product_tag":[],"class_list":{"0":"post-14437","1":"product","2":"type-product","3":"status-publish","4":"has-post-thumbnail","6":"product_cat-gaojixiaofangshixunshiz04","7":"description-off","9":"first","10":"instock","11":"taxable","12":"shipping-taxable","13":"purchasable","14":"product-type-simple"},"_links":{"self":[{"href":"http:\/\/www.erun-tech.com\/es\/wp-json\/wp\/v2\/product\/14437","targetHints":{"allow":["GET"]}}],"collection":[{"href":"http:\/\/www.erun-tech.com\/es\/wp-json\/wp\/v2\/product"}],"about":[{"href":"http:\/\/www.erun-tech.com\/es\/wp-json\/wp\/v2\/types\/product"}],"replies":[{"embeddable":true,"href":"http:\/\/www.erun-tech.com\/es\/wp-json\/wp\/v2\/comments?post=14437"}],"wp:featuredmedia":[{"embeddable":true,"href":"http:\/\/www.erun-tech.com\/es\/wp-json\/wp\/v2\/media\/14442"}],"wp:attachment":[{"href":"http:\/\/www.erun-tech.com\/es\/wp-json\/wp\/v2\/media?parent=14437"}],"wp:term":[{"taxonomy":"product_brand","embeddable":true,"href":"http:\/\/www.erun-tech.com\/es\/wp-json\/wp\/v2\/product_brand?post=14437"},{"taxonomy":"product_cat","embeddable":true,"href":"http:\/\/www.erun-tech.com\/es\/wp-json\/wp\/v2\/product_cat?post=14437"},{"taxonomy":"product_tag","embeddable":true,"href":"http:\/\/www.erun-tech.com\/es\/wp-json\/wp\/v2\/product_tag?post=14437"}],"curies":[{"name":"wp","href":"https:\/\/api.w.org\/{rel}","templated":true}]}}