{"id":14458,"date":"2022-03-03T19:22:11","date_gmt":"2022-03-03T11:22:11","guid":{"rendered":"http:\/\/www.erun-tech.com\/?post_type=product&#038;p=14458"},"modified":"2024-03-27T21:32:55","modified_gmt":"2024-03-27T13:32:55","slug":"rentijiegoumoxingherentigugemoxing","status":"publish","type":"product","link":"http:\/\/www.erun-tech.com\/es\/product\/rentijiegoumoxingherentigugemoxing","title":{"rendered":"Modelos de anatom\u00eda humana y modelos esquel\u00e9ticos"},"content":{"rendered":"<h2 style=\"text-align: center;\">Modelos de anatom\u00eda humana y modelos esquel\u00e9ticos<\/h2>\n<div><strong>Base jur\u00eddica: Normativa sobre la administraci\u00f3n de la formaci\u00f3n de la gente de mar de la Rep\u00fablica Popular China (Orden n.\u00ba 5 del Ministerio de Transporte, 2019).<\/strong><\/div>\n<div><strong>Categor\u00eda de producto: Sala de formaci\u00f3n m\u00e9dica a bordo (Z06)<br \/>\n<\/strong><\/div>\n<div><strong>\u4ea7\u54c1\u540d\u79f0\uff1a\u4eba\u4f53\u7ed3\u6784\u6a21\u578b\u548c\u4eba\u4f53\u9aa8\u9abc\u6a21\u578b<\/strong><\/div>\n<div><strong>\u529f\u80fd\u8981\u6c42\uff1a\u4eba\u4f53\u7ed3\u6784\u6a21\u578b\u80fd\u663e\u793a\u5185\u810f\u3001\u808c\u8089\u7ed3\u6784\u3002<\/strong><\/div>\n<div><strong>\u89c4\u5b9a\u6570\u91cf\uff1a\u5404 1 \u4e2a<\/strong><\/div>\n<div><\/div>\n<div><img decoding=\"async\" class=\"alignnone size-full wp-image-14463\" src=\"http:\/\/www.erun-tech.com\/wp-content\/uploads\/2022\/03\/O1CN01kk5Ro42KMkGys4jWp_2201436259543.jpg\" width=\"675\" height=\"1280\" srcset=\"http:\/\/www.erun-tech.com\/wp-content\/uploads\/2022\/03\/O1CN01kk5Ro42KMkGys4jWp_2201436259543.jpg 675w, http:\/\/www.erun-tech.com\/wp-content\/uploads\/2022\/03\/O1CN01kk5Ro42KMkGys4jWp_2201436259543-600x1138.jpg 600w, http:\/\/www.erun-tech.com\/wp-content\/uploads\/2022\/03\/O1CN01kk5Ro42KMkGys4jWp_2201436259543-158x300.jpg 158w, http:\/\/www.erun-tech.com\/wp-content\/uploads\/2022\/03\/O1CN01kk5Ro42KMkGys4jWp_2201436259543-540x1024.jpg 540w\" sizes=\"(max-width: 675px) 100vw, 675px\" title=\"\u4eba\u4f53\u7ed3\u6784\u6a21\u578b\u548c\u4eba\u4f53\u9aa8\u9abc\u6a21\u578b\u63d2\u56fe\" alt=\"\u4eba\u4f53\u7ed3\u6784\u6a21\u578b\u548c\u4eba\u4f53\u9aa8\u9abc\u6a21\u578b\u63d2\u56fe\" \/><\/div>\n<div><\/div>\n<div>\n<h3>\u7522\u54c1\u4ecb\u7d39<\/h3>\n<div class=\"ProductDescriptionContainer\">\n<p>\u4eba\u9ad4\u9aa8\u9abc\u6a21\u578b170cm \u6750\u8cea\uff1aPVC\u6750\u6599\u00a0 \u984f\u8272\uff1a\u767d\u8272\u00a0 \u982d\u9871\u542b\u53ef\u6d3b\u52d5\u7684\u4e0b\u5df4\uff0c\u53ef\u79fb\u52d5\u7684\u982d\u9871\u84cb\uff0c\u9aa8\u7e2b\u7dda\u548c\u4e09\u9846\u53ef\u53d6\u4e0b\u7684\u4e0b\u7259<\/p>\n<p><img decoding=\"async\" class=\"alignnone size-full wp-image-14464\" src=\"http:\/\/www.erun-tech.com\/wp-content\/uploads\/2022\/03\/moder-2.jpg\" width=\"661\" height=\"591\" alt=\"moder-2.jpg\" title=\"moder-2.jpg\" srcset=\"http:\/\/www.erun-tech.com\/wp-content\/uploads\/2022\/03\/moder-2.jpg 661w, http:\/\/www.erun-tech.com\/wp-content\/uploads\/2022\/03\/moder-2-600x536.jpg 600w, http:\/\/www.erun-tech.com\/wp-content\/uploads\/2022\/03\/moder-2-300x268.jpg 300w\" sizes=\"(max-width: 661px) 100vw, 661px\" \/><\/p>\n<\/div>\n<\/div>","protected":false},"excerpt":{"rendered":"<p>\u4eba\u4f53\u7ed3\u6784\u6a21\u578b\u548c\u4eba\u4f53\u9aa8\u9abc\u6a21\u578b \u6cd5\u5f8b\u4f9d\u636e\uff1a\u300a\u4e2d\u534e\u4eba\u6c11\u5171\u548c\u56fd\u8239\u5458\u57f9\u8bad\u7ba1\u7406\u89c4\u5219\u300b\uff08\u4ea4\u901a\u8fd0\u8f93\u90e8\u4ee4 2019 \u5e74\u7b2c 5 \u53f7&hellip;<\/p>","protected":false},"featured_media":14463,"comment_status":"open","ping_status":"closed","template":"","meta":[],"product_brand":[],"product_cat":[37],"product_tag":[],"class_list":{"0":"post-14458","1":"product","2":"type-product","3":"status-publish","4":"has-post-thumbnail","6":"product_cat-chuanshangyihushixunshiz06","7":"description-off","9":"first","10":"instock","11":"taxable","12":"shipping-taxable","13":"purchasable","14":"product-type-simple"},"_links":{"self":[{"href":"http:\/\/www.erun-tech.com\/es\/wp-json\/wp\/v2\/product\/14458","targetHints":{"allow":["GET"]}}],"collection":[{"href":"http:\/\/www.erun-tech.com\/es\/wp-json\/wp\/v2\/product"}],"about":[{"href":"http:\/\/www.erun-tech.com\/es\/wp-json\/wp\/v2\/types\/product"}],"replies":[{"embeddable":true,"href":"http:\/\/www.erun-tech.com\/es\/wp-json\/wp\/v2\/comments?post=14458"}],"wp:featuredmedia":[{"embeddable":true,"href":"http:\/\/www.erun-tech.com\/es\/wp-json\/wp\/v2\/media\/14463"}],"wp:attachment":[{"href":"http:\/\/www.erun-tech.com\/es\/wp-json\/wp\/v2\/media?parent=14458"}],"wp:term":[{"taxonomy":"product_brand","embeddable":true,"href":"http:\/\/www.erun-tech.com\/es\/wp-json\/wp\/v2\/product_brand?post=14458"},{"taxonomy":"product_cat","embeddable":true,"href":"http:\/\/www.erun-tech.com\/es\/wp-json\/wp\/v2\/product_cat?post=14458"},{"taxonomy":"product_tag","embeddable":true,"href":"http:\/\/www.erun-tech.com\/es\/wp-json\/wp\/v2\/product_tag?post=14458"}],"curies":[{"name":"wp","href":"https:\/\/api.w.org\/{rel}","templated":true}]}}