{"id":14460,"date":"2022-03-03T19:39:18","date_gmt":"2022-03-03T11:39:18","guid":{"rendered":"http:\/\/www.erun-tech.com\/?post_type=product&#038;p=14460"},"modified":"2024-03-27T21:33:20","modified_gmt":"2024-03-27T13:33:20","slug":"monichuanboyiliaoshoushushi","status":"publish","type":"product","link":"http:\/\/www.erun-tech.com\/es\/product\/monichuanboyiliaoshoushushi","title":{"rendered":"Simulaci\u00f3n del quir\u00f3fano m\u00e9dico de un buque"},"content":{"rendered":"<h2 style=\"text-align: center;\">Simulaci\u00f3n del quir\u00f3fano m\u00e9dico de un buque<\/h2>\n<p>&nbsp;<\/p>\n<div><strong>Base jur\u00eddica: Normativa sobre la administraci\u00f3n de la formaci\u00f3n de la gente de mar de la Rep\u00fablica Popular China (Orden n.\u00ba 5 del Ministerio de Transporte, 2019).<\/strong><\/div>\n<div><strong>Categor\u00eda de producto: Sala de formaci\u00f3n m\u00e9dica a bordo (Z06)<br \/>\n<\/strong><\/div>\n<div><strong>\u4ea7\u54c1\u540d\u79f0\uff1a\u6a21\u62df\u8239\u8236\u533b\u7597\u624b\u672f\u5ba4<\/strong><\/div>\n<div><strong>\u529f\u80fd\u8981\u6c42\uff1a\u81f3\u5c11\u914d\u6709\u624b\u672f\u5e8a 1 \u526f\u3001\u5916\u79d1\u4e3b\u8981\u7684\u624b\u672f\u5668\u68b0\u3001\u7f1d\u5408\u5668\u6750\u3001\u6b62\u8840\u5668\u6750\u3001\u6c27\u6c14\u74f6\u7b49\u3002<\/strong><\/div>\n<div><strong>\u89c4\u5b9a\u6570\u91cf\uff1a 1 \u5957<\/strong><\/div>\n<div><\/div>\n<div><\/div>","protected":false},"excerpt":{"rendered":"<p>\u6a21\u62df\u8239\u8236\u533b\u7597\u624b\u672f\u5ba4 &nbsp; \u6cd5\u5f8b\u4f9d\u636e\uff1a\u300a\u4e2d\u534e\u4eba\u6c11\u5171\u548c\u56fd\u8239\u5458\u57f9\u8bad\u7ba1\u7406\u89c4\u5219\u300b\uff08\u4ea4\u901a\u8fd0\u8f93\u90e8\u4ee4 2019 \u5e74\u7b2c &hellip;<\/p>","protected":false},"featured_media":14468,"comment_status":"open","ping_status":"closed","template":"","meta":[],"product_brand":[],"product_cat":[37],"product_tag":[],"class_list":{"0":"post-14460","1":"product","2":"type-product","3":"status-publish","4":"has-post-thumbnail","6":"product_cat-chuanshangyihushixunshiz06","7":"description-off","9":"first","10":"instock","11":"taxable","12":"shipping-taxable","13":"purchasable","14":"product-type-simple"},"_links":{"self":[{"href":"http:\/\/www.erun-tech.com\/es\/wp-json\/wp\/v2\/product\/14460","targetHints":{"allow":["GET"]}}],"collection":[{"href":"http:\/\/www.erun-tech.com\/es\/wp-json\/wp\/v2\/product"}],"about":[{"href":"http:\/\/www.erun-tech.com\/es\/wp-json\/wp\/v2\/types\/product"}],"replies":[{"embeddable":true,"href":"http:\/\/www.erun-tech.com\/es\/wp-json\/wp\/v2\/comments?post=14460"}],"wp:featuredmedia":[{"embeddable":true,"href":"http:\/\/www.erun-tech.com\/es\/wp-json\/wp\/v2\/media\/14468"}],"wp:attachment":[{"href":"http:\/\/www.erun-tech.com\/es\/wp-json\/wp\/v2\/media?parent=14460"}],"wp:term":[{"taxonomy":"product_brand","embeddable":true,"href":"http:\/\/www.erun-tech.com\/es\/wp-json\/wp\/v2\/product_brand?post=14460"},{"taxonomy":"product_cat","embeddable":true,"href":"http:\/\/www.erun-tech.com\/es\/wp-json\/wp\/v2\/product_cat?post=14460"},{"taxonomy":"product_tag","embeddable":true,"href":"http:\/\/www.erun-tech.com\/es\/wp-json\/wp\/v2\/product_tag?post=14460"}],"curies":[{"name":"wp","href":"https:\/\/api.w.org\/{rel}","templated":true}]}}