{"id":14461,"date":"2022-03-03T19:31:59","date_gmt":"2022-03-03T11:31:59","guid":{"rendered":"http:\/\/www.erun-tech.com\/?post_type=product&#038;p=14461"},"modified":"2024-03-27T21:33:11","modified_gmt":"2024-03-27T13:33:11","slug":"xiaodushebei","status":"publish","type":"product","link":"http:\/\/www.erun-tech.com\/es\/product\/xiaodushebei","title":{"rendered":"Equipo de desinfecci\u00f3n"},"content":{"rendered":"<h2 style=\"text-align: center;\">Equipo de desinfecci\u00f3n<\/h2>\n<p>&nbsp;<\/p>\n<div><strong>Base jur\u00eddica: Normativa sobre la administraci\u00f3n de la formaci\u00f3n de la gente de mar de la Rep\u00fablica Popular China (Orden n.\u00ba 5 del Ministerio de Transporte, 2019).<\/strong><\/div>\n<div><strong>\u4ea7\u54c1\u5206\u7c7b\uff1a\u8239\u4e0a\u533b\u62a4\u5b9e\u8bad\u5ba4\uff08Z06\uff09\uff09<br \/>\n<\/strong><\/div>\n<div><strong>\u4ea7\u54c1\u540d\u79f0\uff1a\u6d88\u6bd2\u8bbe\u5907<\/strong><\/div>\n<div><strong>\u529f\u80fd\u8981\u6c42\uff1a\u624b\u63d0\u5f0f\u9ad8\u538b\u84b8\u6c7d\u706d\u83cc\u5668\u3001\u50a8\u69fd\u3002<\/strong><\/div>\n<div><strong>\u89c4\u5b9a\u6570\u91cf\uff1a\u5404 1 \u5957<\/strong><\/div>\n<div><\/div>\n<div>\n<p><img decoding=\"async\" class=\"alignnone size-full wp-image-14466\" src=\"http:\/\/www.erun-tech.com\/wp-content\/uploads\/2022\/03\/O1CN01fmM9UT1xKhSicD3g2_2070436425.jpg\" width=\"587\" height=\"1280\" srcset=\"http:\/\/www.erun-tech.com\/wp-content\/uploads\/2022\/03\/O1CN01fmM9UT1xKhSicD3g2_2070436425.jpg 587w, http:\/\/www.erun-tech.com\/wp-content\/uploads\/2022\/03\/O1CN01fmM9UT1xKhSicD3g2_2070436425-138x300.jpg 138w, http:\/\/www.erun-tech.com\/wp-content\/uploads\/2022\/03\/O1CN01fmM9UT1xKhSicD3g2_2070436425-470x1024.jpg 470w\" sizes=\"(max-width: 587px) 100vw, 587px\" title=\"\u6d88\u6bd2\u8bbe\u5907\u63d2\u56fe\" alt=\"\u6d88\u6bd2\u8bbe\u5907\u63d2\u56fe\" \/><\/p>\n<p><img decoding=\"async\" class=\"alignnone size-full wp-image-14467\" src=\"http:\/\/www.erun-tech.com\/wp-content\/uploads\/2022\/03\/O1CN01z1r4ws1xKhRRZXNba_2070436425.jpg\" width=\"771\" height=\"1280\" srcset=\"http:\/\/www.erun-tech.com\/wp-content\/uploads\/2022\/03\/O1CN01z1r4ws1xKhRRZXNba_2070436425.jpg 771w, http:\/\/www.erun-tech.com\/wp-content\/uploads\/2022\/03\/O1CN01z1r4ws1xKhRRZXNba_2070436425-600x996.jpg 600w, http:\/\/www.erun-tech.com\/wp-content\/uploads\/2022\/03\/O1CN01z1r4ws1xKhRRZXNba_2070436425-181x300.jpg 181w, http:\/\/www.erun-tech.com\/wp-content\/uploads\/2022\/03\/O1CN01z1r4ws1xKhRRZXNba_2070436425-617x1024.jpg 617w, http:\/\/www.erun-tech.com\/wp-content\/uploads\/2022\/03\/O1CN01z1r4ws1xKhRRZXNba_2070436425-768x1275.jpg 768w\" sizes=\"(max-width: 771px) 100vw, 771px\" title=\"\u6d88\u6bd2\u8bbe\u5907\u63d2\u56fe1\" alt=\"\u6d88\u6bd2\u8bbe\u5907\u63d2\u56fe1\" \/><\/p>\n<\/div>","protected":false},"excerpt":{"rendered":"<p>\u6d88\u6bd2\u8bbe\u5907 &nbsp; \u6cd5\u5f8b\u4f9d\u636e\uff1a\u300a\u4e2d\u534e\u4eba\u6c11\u5171\u548c\u56fd\u8239\u5458\u57f9\u8bad\u7ba1\u7406\u89c4\u5219\u300b\uff08\u4ea4\u901a\u8fd0\u8f93\u90e8\u4ee4 2019 \u5e74\u7b2c 5 \u53f7\uff09 &hellip;<\/p>","protected":false},"featured_media":14554,"comment_status":"open","ping_status":"closed","template":"","meta":[],"product_brand":[],"product_cat":[37],"product_tag":[],"class_list":{"0":"post-14461","1":"product","2":"type-product","3":"status-publish","4":"has-post-thumbnail","6":"product_cat-chuanshangyihushixunshiz06","7":"description-off","9":"first","10":"instock","11":"taxable","12":"shipping-taxable","13":"purchasable","14":"product-type-simple"},"_links":{"self":[{"href":"http:\/\/www.erun-tech.com\/es\/wp-json\/wp\/v2\/product\/14461","targetHints":{"allow":["GET"]}}],"collection":[{"href":"http:\/\/www.erun-tech.com\/es\/wp-json\/wp\/v2\/product"}],"about":[{"href":"http:\/\/www.erun-tech.com\/es\/wp-json\/wp\/v2\/types\/product"}],"replies":[{"embeddable":true,"href":"http:\/\/www.erun-tech.com\/es\/wp-json\/wp\/v2\/comments?post=14461"}],"wp:featuredmedia":[{"embeddable":true,"href":"http:\/\/www.erun-tech.com\/es\/wp-json\/wp\/v2\/media\/14554"}],"wp:attachment":[{"href":"http:\/\/www.erun-tech.com\/es\/wp-json\/wp\/v2\/media?parent=14461"}],"wp:term":[{"taxonomy":"product_brand","embeddable":true,"href":"http:\/\/www.erun-tech.com\/es\/wp-json\/wp\/v2\/product_brand?post=14461"},{"taxonomy":"product_cat","embeddable":true,"href":"http:\/\/www.erun-tech.com\/es\/wp-json\/wp\/v2\/product_cat?post=14461"},{"taxonomy":"product_tag","embeddable":true,"href":"http:\/\/www.erun-tech.com\/es\/wp-json\/wp\/v2\/product_tag?post=14461"}],"curies":[{"name":"wp","href":"https:\/\/api.w.org\/{rel}","templated":true}]}}