{"id":14470,"date":"2022-03-03T19:50:37","date_gmt":"2022-03-03T11:50:37","guid":{"rendered":"http:\/\/www.erun-tech.com\/?post_type=product&#038;p=14470"},"modified":"2024-03-27T21:33:27","modified_gmt":"2024-03-27T13:33:27","slug":"jirouzhushemoxingmokuaizhusheqi","status":"publish","type":"product","link":"http:\/\/www.erun-tech.com\/es\/product\/jirouzhushemoxingmokuaizhusheqi","title":{"rendered":"Modelo (m\u00f3dulo) de inyecci\u00f3n intramuscular, jeringa"},"content":{"rendered":"<h2 style=\"text-align: center;\">Modelo (m\u00f3dulo) de inyecci\u00f3n intramuscular, jeringa<\/h2>\n<p>&nbsp;<\/p>\n<div><strong>Base jur\u00eddica: Normativa sobre la administraci\u00f3n de la formaci\u00f3n de la gente de mar de la Rep\u00fablica Popular China (Orden n.\u00ba 5 del Ministerio de Transporte, 2019).<\/strong><\/div>\n<div><strong>Categor\u00eda de producto: Sala de formaci\u00f3n m\u00e9dica a bordo (Z06) \\ Sala de formaci\u00f3n avanzada en primeros auxilios (Z05)<br \/>\n<\/strong><\/div>\n<div><strong>Nombre del producto: Modelo de inyecci\u00f3n muscular (m\u00f3dulo), jeringa<\/strong><\/div>\n<div><strong>Requisitos funcionales: Modelo de inyecci\u00f3n muscular (m\u00f3dulo), jeringa<\/strong><\/div>\n<div><strong>Cantidad especificada: 10 unidades cada uno<\/strong><\/div>","protected":false},"excerpt":{"rendered":"<p>\u808c\u8089\u6ce8\u5c04\u6a21\u578b\uff08\u6a21\u5757\uff09\u3001\u6ce8\u5c04\u5668 &nbsp; \u6cd5\u5f8b\u4f9d\u636e\uff1a\u300a\u4e2d\u534e\u4eba\u6c11\u5171\u548c\u56fd\u8239\u5458\u57f9\u8bad\u7ba1\u7406\u89c4\u5219\u300b\uff08\u4ea4\u901a\u8fd0\u8f93\u90e8\u4ee4 201&hellip;<\/p>","protected":false},"featured_media":14474,"comment_status":"open","ping_status":"closed","template":"","meta":[],"product_brand":[],"product_cat":[37],"product_tag":[],"class_list":{"0":"post-14470","1":"product","2":"type-product","3":"status-publish","4":"has-post-thumbnail","6":"product_cat-chuanshangyihushixunshiz06","7":"description-off","9":"first","10":"instock","11":"taxable","12":"shipping-taxable","13":"purchasable","14":"product-type-simple"},"_links":{"self":[{"href":"http:\/\/www.erun-tech.com\/es\/wp-json\/wp\/v2\/product\/14470","targetHints":{"allow":["GET"]}}],"collection":[{"href":"http:\/\/www.erun-tech.com\/es\/wp-json\/wp\/v2\/product"}],"about":[{"href":"http:\/\/www.erun-tech.com\/es\/wp-json\/wp\/v2\/types\/product"}],"replies":[{"embeddable":true,"href":"http:\/\/www.erun-tech.com\/es\/wp-json\/wp\/v2\/comments?post=14470"}],"wp:featuredmedia":[{"embeddable":true,"href":"http:\/\/www.erun-tech.com\/es\/wp-json\/wp\/v2\/media\/14474"}],"wp:attachment":[{"href":"http:\/\/www.erun-tech.com\/es\/wp-json\/wp\/v2\/media?parent=14470"}],"wp:term":[{"taxonomy":"product_brand","embeddable":true,"href":"http:\/\/www.erun-tech.com\/es\/wp-json\/wp\/v2\/product_brand?post=14470"},{"taxonomy":"product_cat","embeddable":true,"href":"http:\/\/www.erun-tech.com\/es\/wp-json\/wp\/v2\/product_cat?post=14470"},{"taxonomy":"product_tag","embeddable":true,"href":"http:\/\/www.erun-tech.com\/es\/wp-json\/wp\/v2\/product_tag?post=14470"}],"curies":[{"name":"wp","href":"https:\/\/api.w.org\/{rel}","templated":true}]}}