{"id":14472,"date":"2022-03-03T19:58:33","date_gmt":"2022-03-03T11:58:33","guid":{"rendered":"http:\/\/www.erun-tech.com\/?post_type=product&#038;p=14472"},"modified":"2024-03-27T21:33:45","modified_gmt":"2024-03-27T13:33:45","slug":"waikefenghemoxingmokuai","status":"publish","type":"product","link":"http:\/\/www.erun-tech.com\/es\/product\/waikefenghemoxingmokuai","title":{"rendered":"Modelos de sutura quir\u00fargica (m\u00f3dulos)"},"content":{"rendered":"<h2 style=\"text-align: center;\">Modelos de sutura quir\u00fargica (m\u00f3dulos)<\/h2>\n<div><strong>Base jur\u00eddica: Normativa sobre la administraci\u00f3n de la formaci\u00f3n de la gente de mar de la Rep\u00fablica Popular China (Orden n.\u00ba 5 del Ministerio de Transporte, 2019).<\/strong><\/div>\n<div><strong>Categor\u00eda de producto: Sala de formaci\u00f3n m\u00e9dica a bordo (Z06)<br \/>\n<\/strong><\/div>\n<div><strong>\u4ea7\u54c1\u540d\u79f0\uff1a\u5916\u79d1\u7f1d\u5408\u6a21\u578b\uff08\u6a21\u5757\uff09<\/strong><\/div>\n<div><strong>\u529f\u80fd\u8981\u6c42\uff1a\u5916\u79d1\u7f1d\u5408\u6a21\u578b\uff08\u6a21\u5757\uff09<\/strong><\/div>\n<div><strong>Cantidad especificada: 10 unidades cada uno<\/strong><\/div>","protected":false},"excerpt":{"rendered":"<p>\u5916\u79d1\u7f1d\u5408\u6a21\u578b\uff08\u6a21\u5757\uff09 \u6cd5\u5f8b\u4f9d\u636e\uff1a\u300a\u4e2d\u534e\u4eba\u6c11\u5171\u548c\u56fd\u8239\u5458\u57f9\u8bad\u7ba1\u7406\u89c4\u5219\u300b\uff08\u4ea4\u901a\u8fd0\u8f93\u90e8\u4ee4 2019 \u5e74\u7b2c 5 \u53f7\uff09 \u4ea7&hellip;<\/p>","protected":false},"featured_media":14476,"comment_status":"open","ping_status":"closed","template":"","meta":[],"product_brand":[],"product_cat":[37],"product_tag":[],"class_list":{"0":"post-14472","1":"product","2":"type-product","3":"status-publish","4":"has-post-thumbnail","6":"product_cat-chuanshangyihushixunshiz06","7":"description-off","9":"first","10":"instock","11":"taxable","12":"shipping-taxable","13":"purchasable","14":"product-type-simple"},"_links":{"self":[{"href":"http:\/\/www.erun-tech.com\/es\/wp-json\/wp\/v2\/product\/14472","targetHints":{"allow":["GET"]}}],"collection":[{"href":"http:\/\/www.erun-tech.com\/es\/wp-json\/wp\/v2\/product"}],"about":[{"href":"http:\/\/www.erun-tech.com\/es\/wp-json\/wp\/v2\/types\/product"}],"replies":[{"embeddable":true,"href":"http:\/\/www.erun-tech.com\/es\/wp-json\/wp\/v2\/comments?post=14472"}],"wp:featuredmedia":[{"embeddable":true,"href":"http:\/\/www.erun-tech.com\/es\/wp-json\/wp\/v2\/media\/14476"}],"wp:attachment":[{"href":"http:\/\/www.erun-tech.com\/es\/wp-json\/wp\/v2\/media?parent=14472"}],"wp:term":[{"taxonomy":"product_brand","embeddable":true,"href":"http:\/\/www.erun-tech.com\/es\/wp-json\/wp\/v2\/product_brand?post=14472"},{"taxonomy":"product_cat","embeddable":true,"href":"http:\/\/www.erun-tech.com\/es\/wp-json\/wp\/v2\/product_cat?post=14472"},{"taxonomy":"product_tag","embeddable":true,"href":"http:\/\/www.erun-tech.com\/es\/wp-json\/wp\/v2\/product_tag?post=14472"}],"curies":[{"name":"wp","href":"https:\/\/api.w.org\/{rel}","templated":true}]}}