{"id":14478,"date":"2022-03-03T20:09:26","date_gmt":"2022-03-03T12:09:26","guid":{"rendered":"http:\/\/www.erun-tech.com\/?post_type=product&#038;p=14478"},"modified":"2024-03-27T22:03:42","modified_gmt":"2024-03-27T14:03:42","slug":"baoanyishiguatumoxingheqiju","status":"publish","type":"product","link":"http:\/\/www.erun-tech.com\/es\/product\/baoanyishiguatumoxingheqiju","title":{"rendered":"Carteles, modelos y equipos de concienciaci\u00f3n sobre seguridad"},"content":{"rendered":"<h2 style=\"text-align: center;\">Carteles, modelos y equipos de concienciaci\u00f3n sobre seguridad<\/h2>\n<div><strong>Base jur\u00eddica: Normativa sobre la administraci\u00f3n de la formaci\u00f3n de la gente de mar de la Rep\u00fablica Popular China (Orden n.\u00ba 5 del Ministerio de Transporte, 2019).<\/strong><\/div>\n<div><strong>Categor\u00eda de producto: Simulador de formaci\u00f3n en concienciaci\u00f3n sobre seguridad naval (Z07)<br \/>\n<\/strong><\/div>\n<div><strong>Nombre del producto: Carteles murales, modelos y aparatos<\/strong><\/div>\n<div><strong>Requisitos funcionales: Cada conjunto deber\u00e1 incluir: equipo para la eliminaci\u00f3n de artefactos explosivos; gr\u00e1ficos con informaci\u00f3n sobre las armas; una maqueta de barco con secciones cr\u00edticas que se puedan abrir, con rutas de evacuaci\u00f3n y compartimentos de seguridad.<\/strong><\/div>\n<div><strong>Cantidad especificada: 2 juegos<\/strong><\/div>","protected":false},"excerpt":{"rendered":"<p>\u4fdd\u5b89\u610f\u8bc6\u6302\u56fe\u3001\u6a21\u578b\u548c\u5668\u5177 \u6cd5\u5f8b\u4f9d\u636e\uff1a\u300a\u4e2d\u534e\u4eba\u6c11\u5171\u548c\u56fd\u8239\u5458\u57f9\u8bad\u7ba1\u7406\u89c4\u5219\u300b\uff08\u4ea4\u901a\u8fd0\u8f93\u90e8\u4ee4 2019 \u5e74\u7b2c 5 \u53f7\uff09&hellip;<\/p>","protected":false},"featured_media":14481,"comment_status":"open","ping_status":"closed","template":"","meta":[],"product_brand":[],"product_cat":[38,322,39,191],"product_tag":[],"class_list":{"0":"post-14478","1":"product","2":"type-product","3":"status-publish","4":"has-post-thumbnail","6":"product_cat-baoanyishipeixunshixunshiz07-z08","7":"product_cat-haishangjiaotonganquanjinengpeixun","8":"product_cat-chuanbobaoanyuanshixunshiz09","9":"product_cat-fuyouzhidingbaoanzhizechuanyuanpeixunshi-z08","10":"description-off","12":"first","13":"instock","14":"taxable","15":"shipping-taxable","16":"purchasable","17":"product-type-simple"},"_links":{"self":[{"href":"http:\/\/www.erun-tech.com\/es\/wp-json\/wp\/v2\/product\/14478","targetHints":{"allow":["GET"]}}],"collection":[{"href":"http:\/\/www.erun-tech.com\/es\/wp-json\/wp\/v2\/product"}],"about":[{"href":"http:\/\/www.erun-tech.com\/es\/wp-json\/wp\/v2\/types\/product"}],"replies":[{"embeddable":true,"href":"http:\/\/www.erun-tech.com\/es\/wp-json\/wp\/v2\/comments?post=14478"}],"wp:featuredmedia":[{"embeddable":true,"href":"http:\/\/www.erun-tech.com\/es\/wp-json\/wp\/v2\/media\/14481"}],"wp:attachment":[{"href":"http:\/\/www.erun-tech.com\/es\/wp-json\/wp\/v2\/media?parent=14478"}],"wp:term":[{"taxonomy":"product_brand","embeddable":true,"href":"http:\/\/www.erun-tech.com\/es\/wp-json\/wp\/v2\/product_brand?post=14478"},{"taxonomy":"product_cat","embeddable":true,"href":"http:\/\/www.erun-tech.com\/es\/wp-json\/wp\/v2\/product_cat?post=14478"},{"taxonomy":"product_tag","embeddable":true,"href":"http:\/\/www.erun-tech.com\/es\/wp-json\/wp\/v2\/product_tag?post=14478"}],"curies":[{"name":"wp","href":"https:\/\/api.w.org\/{rel}","templated":true}]}}