{"id":14493,"date":"2022-03-03T20:42:23","date_gmt":"2022-03-03T12:42:23","guid":{"rendered":"http:\/\/www.erun-tech.com\/?post_type=product&#038;p=14493"},"modified":"2024-03-27T21:35:44","modified_gmt":"2024-03-27T13:35:44","slug":"daopiangunlong","status":"publish","type":"product","link":"http:\/\/www.erun-tech.com\/es\/product\/daopiangunlong","title":{"rendered":"Jaula de rodillos de cuchillas"},"content":{"rendered":"<h2 style=\"text-align: center;\">Jaula de rodillos de cuchillas<\/h2>\n<div><strong>Base jur\u00eddica: Normativa sobre la administraci\u00f3n de la formaci\u00f3n de la gente de mar de la Rep\u00fablica Popular China (Orden n.\u00ba 5 del Ministerio de Transporte, 2019).<\/strong><\/div>\n<div><strong>Categor\u00eda de producto: Sala de formaci\u00f3n para miembros de la tripulaci\u00f3n con funciones de seguridad designadas (Z08)<br \/>\n<\/strong><\/div>\n<div><strong>\u4ea7\u54c1\u540d\u79f0\uff1a\u5200\u7247\u6eda\u7b3c<\/strong><\/div>\n<div><strong>\u529f\u80fd\u8981\u6c42\uff1a\u5200\u7247\u6eda\u7b3c<\/strong><\/div>\n<div><strong>\u89c4\u5b9a\u6570\u91cf\uff1a1 \u7ec4<\/strong><\/div>","protected":false},"excerpt":{"rendered":"<p>\u5200\u7247\u6eda\u7b3c \u6cd5\u5f8b\u4f9d\u636e\uff1a\u300a\u4e2d\u534e\u4eba\u6c11\u5171\u548c\u56fd\u8239\u5458\u57f9\u8bad\u7ba1\u7406\u89c4\u5219\u300b\uff08\u4ea4\u901a\u8fd0\u8f93\u90e8\u4ee4 2019 \u5e74\u7b2c 5 \u53f7\uff09 \u4ea7\u54c1\u5206\u7c7b\uff1a\u8d1f\u6709&hellip;<\/p>","protected":false},"featured_media":14495,"comment_status":"open","ping_status":"closed","template":"","meta":[],"product_brand":[],"product_cat":[39,191],"product_tag":[],"class_list":{"0":"post-14493","1":"product","2":"type-product","3":"status-publish","4":"has-post-thumbnail","6":"product_cat-chuanbobaoanyuanshixunshiz09","7":"product_cat-fuyouzhidingbaoanzhizechuanyuanpeixunshi-z08","8":"description-off","10":"first","11":"instock","12":"taxable","13":"shipping-taxable","14":"purchasable","15":"product-type-simple"},"_links":{"self":[{"href":"http:\/\/www.erun-tech.com\/es\/wp-json\/wp\/v2\/product\/14493","targetHints":{"allow":["GET"]}}],"collection":[{"href":"http:\/\/www.erun-tech.com\/es\/wp-json\/wp\/v2\/product"}],"about":[{"href":"http:\/\/www.erun-tech.com\/es\/wp-json\/wp\/v2\/types\/product"}],"replies":[{"embeddable":true,"href":"http:\/\/www.erun-tech.com\/es\/wp-json\/wp\/v2\/comments?post=14493"}],"wp:featuredmedia":[{"embeddable":true,"href":"http:\/\/www.erun-tech.com\/es\/wp-json\/wp\/v2\/media\/14495"}],"wp:attachment":[{"href":"http:\/\/www.erun-tech.com\/es\/wp-json\/wp\/v2\/media?parent=14493"}],"wp:term":[{"taxonomy":"product_brand","embeddable":true,"href":"http:\/\/www.erun-tech.com\/es\/wp-json\/wp\/v2\/product_brand?post=14493"},{"taxonomy":"product_cat","embeddable":true,"href":"http:\/\/www.erun-tech.com\/es\/wp-json\/wp\/v2\/product_cat?post=14493"},{"taxonomy":"product_tag","embeddable":true,"href":"http:\/\/www.erun-tech.com\/es\/wp-json\/wp\/v2\/product_tag?post=14493"}],"curies":[{"name":"wp","href":"https:\/\/api.w.org\/{rel}","templated":true}]}}