{"id":14537,"date":"2022-03-04T16:02:58","date_gmt":"2022-03-04T08:02:58","guid":{"rendered":"http:\/\/www.erun-tech.com\/?post_type=product&#038;p=14537"},"modified":"2022-03-04T23:25:28","modified_gmt":"2022-03-04T15:25:28","slug":"zhonghuarenmingongheguochuanyuanpeixunguanliguize","status":"publish","type":"product","link":"http:\/\/www.erun-tech.com\/es\/product\/zhonghuarenmingongheguochuanyuanpeixunguanliguize","title":{"rendered":"Normativa de la Rep\u00fablica Popular China sobre la administraci\u00f3n de la formaci\u00f3n de la gente de mar"},"content":{"rendered":"","protected":false},"excerpt":{"rendered":"","protected":false},"featured_media":14409,"comment_status":"open","ping_status":"closed","template":"","meta":[],"product_brand":[],"product_cat":[15],"product_tag":[],"class_list":{"0":"post-14537","1":"product","2":"type-product","3":"status-publish","4":"has-post-thumbnail","6":"product_cat-xinchanpin","7":"description-off","9":"first","10":"instock","11":"sale","12":"downloadable","13":"virtual","14":"taxable","15":"purchasable","16":"product-type-simple"},"_links":{"self":[{"href":"http:\/\/www.erun-tech.com\/es\/wp-json\/wp\/v2\/product\/14537","targetHints":{"allow":["GET"]}}],"collection":[{"href":"http:\/\/www.erun-tech.com\/es\/wp-json\/wp\/v2\/product"}],"about":[{"href":"http:\/\/www.erun-tech.com\/es\/wp-json\/wp\/v2\/types\/product"}],"replies":[{"embeddable":true,"href":"http:\/\/www.erun-tech.com\/es\/wp-json\/wp\/v2\/comments?post=14537"}],"wp:featuredmedia":[{"embeddable":true,"href":"http:\/\/www.erun-tech.com\/es\/wp-json\/wp\/v2\/media\/14409"}],"wp:attachment":[{"href":"http:\/\/www.erun-tech.com\/es\/wp-json\/wp\/v2\/media?parent=14537"}],"wp:term":[{"taxonomy":"product_brand","embeddable":true,"href":"http:\/\/www.erun-tech.com\/es\/wp-json\/wp\/v2\/product_brand?post=14537"},{"taxonomy":"product_cat","embeddable":true,"href":"http:\/\/www.erun-tech.com\/es\/wp-json\/wp\/v2\/product_cat?post=14537"},{"taxonomy":"product_tag","embeddable":true,"href":"http:\/\/www.erun-tech.com\/es\/wp-json\/wp\/v2\/product_tag?post=14537"}],"curies":[{"name":"wp","href":"https:\/\/api.w.org\/{rel}","templated":true}]}}