{"id":14564,"date":"2022-07-26T12:44:40","date_gmt":"2022-07-26T04:44:40","guid":{"rendered":"http:\/\/www.erun-tech.com\/?post_type=product&#038;p=14564"},"modified":"2026-03-30T19:44:42","modified_gmt":"2026-03-30T11:44:42","slug":"zhishengjimonixunlianqi","status":"publish","type":"product","link":"http:\/\/www.erun-tech.com\/es\/product\/zhishengjimonixunlianqi","title":{"rendered":"Simulador de helic\u00f3ptero"},"content":{"rendered":"<p style=\"text-align: center;\">Simulador de helic\u00f3ptero<\/p>\n<p><b>Requisitos para los operadores de simuladores de helic\u00f3pteros en tierra <\/b><\/p>\n<p>Los operadores de simuladores en tierra deben recibir formaci\u00f3n, que abarca principalmente el manejo de simuladores, gr\u00faas, compresores de aire y sistemas de suministro de energ\u00eda de emergencia. Cada equipo de formaci\u00f3n debe ser manejado por personal designado. Se debe establecer una zona de seguridad m\u00ednima de 2 metros y marcarla claramente en el suelo con pintura de colores vivos. En ning\u00fan momento debe haber personas u obst\u00e1culos dentro de la zona de seguridad. Adem\u00e1s, todas las operaciones e inspecciones deben cumplir estrictamente los requisitos especificados en los manuales de los respectivos equipos.<\/p>\n<p><b>Simulador de helic\u00f3ptero<\/b><strong>Objetivos de la formaci\u00f3n<\/strong><\/p>\n<p>1. Descripci\u00f3n general del helic\u00f3ptero y del equipo de seguridad a bordo<br \/>\n2. M\u00e9todos para el rescate mar\u00edtimo con helic\u00f3ptero<br \/>\n3. Precauciones para los pasajeros antes de subir al helic\u00f3ptero, durante el vuelo y despu\u00e9s de desembarcar.<br \/>\n4. Aterrizaje de emergencia en helic\u00f3ptero y evacuaci\u00f3n por agua.<\/p>\n<p>(1)<b>Conocimientos te\u00f3ricos<\/b><\/p>\n<p>1. Comprensi\u00f3n de la aplicaci\u00f3n de helic\u00f3pteros en operaciones de producci\u00f3n en instalaciones mar\u00edtimas.<br \/>\n2. Familiaridad con las caracter\u00edsticas estructurales de los helic\u00f3pteros y el equipo de seguridad a bordo.<br \/>\n3. Familiarizado con el equipo utilizado en operaciones de rescate mar\u00edtimo con helic\u00f3pteros.<\/p>\n<p>4. Dominar el comportamiento correcto para las personas en peligro durante las operaciones de rescate mar\u00edtimo con helic\u00f3ptero.<br \/>\n5. Dominar los m\u00e9todos y precauciones para subir a bordo de helic\u00f3pteros.<br \/>\n6. Dominar los procedimientos de escape submarino en helic\u00f3ptero y ser capaz de dirigir debates con los alumnos y realizar estudios de casos.<\/p>\n<p>(ii)<strong>Habilidades pr\u00e1cticas<\/strong><\/p>\n<p>1. Entrenamiento en apnea y buceo en apnea<br \/>\n2. Simulacro de evacuaci\u00f3n en caso de aterrizaje de emergencia<br \/>\n3. Simulacro de aterrizaje de emergencia en la superficie del mar.<br \/>\n4. Entrenamiento de escape submarino tras el vuelco de un helic\u00f3ptero.<br \/>\n5. Elevaci\u00f3n desde el agua hasta la cabina simulada del helic\u00f3ptero.<\/p>\n<p><strong>(iii) Criterios de evaluaci\u00f3n<\/strong><\/p>\n<p>1. Suba al helic\u00f3ptero de acuerdo con los procedimientos establecidos y aseg\u00farese de cumplir con los requisitos de seguridad durante todo el vuelo.<\/p>\n<p>2. Evacuaci\u00f3n segura durante aterrizajes de emergencia, tras el impacto con la superficie del mar o en caso de vuelco del helic\u00f3ptero.<\/p>\n<p>&nbsp;<\/p>\n<p><strong>Caracter\u00edsticas t\u00e9cnicas y servicios del simulador de entrenamiento para escape submarino en helic\u00f3ptero<\/strong>\uff1a<\/p>\n<p>1. Estructuras resistentes a la corrosi\u00f3n de acero inoxidable y material sint\u00e9tico;<\/p>\n<ol start=\"2\">\n<li>Siete asientos con respaldo alto para simulaci\u00f3n de helic\u00f3ptero;<\/li>\n<\/ol>\n<p>3.7 Arn\u00e9s de seguridad de cuatro puntos con funci\u00f3n de liberaci\u00f3n de emergencia.<\/p>\n<p>4.7 ventanas de simulaci\u00f3n de helic\u00f3ptero con capacidad de apertura de emergencia;<\/p>\n<p>5.1 Una puerta de acceso al helic\u00f3ptero con capacidad de apertura manual.<\/p>\n<p>6.1 Remolque del simulador;<\/p>\n<p>7. El simulador tiene la capacidad de realizar rotaciones submarinas de 180 grados, controlables para detenerse en cualquier \u00e1ngulo deseado durante la rotaci\u00f3n:<\/p>\n<p>8. El simulador cuenta con funciones de elevaci\u00f3n y descenso, con modos de control local y remoto disponibles.<\/p>\n<p>9.1 Gr\u00faa giratoria de una sola viga, con componentes principales, como motores, de marcas l\u00edderes.<\/p>\n<ol start=\"10\">\n<li>1 compresor de aire, marca l\u00edder:<\/li>\n<li>1 juego de suministro de energ\u00eda de emergencia, marca l\u00edder;<\/li>\n<\/ol>\n<p>12.1 Certificados de inspecci\u00f3n emitidos por la Sociedad de Clasificaci\u00f3n de China;<\/p>\n<ol start=\"13\">\n<li>1 juego de documentaci\u00f3n conforme a obra, incluyendo manuales de operaci\u00f3n, mantenimiento y servicio;<\/li>\n<li>Los precios anteriores incluyen impuestos, transporte, seguro y servicios de instalaci\u00f3n y puesta en marcha.<\/li>\n<li>El producto tiene una garant\u00eda de un a\u00f1o.<\/li>\n<\/ol>\n<p>&nbsp;<\/p>\n<p>Potencia total: 15 kW<\/p>\n<p>&nbsp;<\/p>\n<p>Dimensiones de la cabina del simulador: 3,7 metros \u00d7 2,6 metros \u00d7 2,4 metros<\/p>\n<p>&nbsp;<\/p>\n<p>Dimensiones de la base de la gr\u00faa: 1,5 metros \u00d7 1,5 metros<\/p>\n<p>&nbsp;<\/p>\n<p>Fabricante: Wuhan Yirun Technology Co., Ltd.<\/p>","protected":false},"excerpt":{"rendered":"<p>\u76f4\u5347\u673a\u6a21\u62df\u8bad\u7ec3\u5668 \u76f4\u5347\u673a\u6a21\u62df\u8bad\u7ec3\u5668\u5cb8\u4e0a\u64cd\u4f5c\u4eba\u5458\u8981\u6c42 \u6a21\u62df\u5668\u5cb8\u4e0a\u64cd\u4f5c\u4eba\u5458\u5fc5\u987b\u7ecf\u8fc7\u57f9\u8bad\uff0c\u4e3b\u8981\u5305\u62ec\u6a21\u62df\u5668\u64cd\u4f5c\u57f9\u8bad\u3001\u540a&hellip;<\/p>","protected":false},"featured_media":14565,"comment_status":"open","ping_status":"closed","template":"","meta":[],"product_brand":[],"product_cat":[322,320,15],"product_tag":[229,228],"class_list":{"0":"post-14564","1":"product","2":"type-product","3":"status-publish","4":"has-post-thumbnail","6":"product_cat-haishangjiaotonganquanjinengpeixun","7":"product_cat-zhishengjishuixiataoshengmoniqi","8":"product_cat-xinchanpin","9":"product_tag-zhishengjimonixunlianqi","10":"product_tag-zhishengjishuixiataoshengpeixunmoniqi","11":"description-off","13":"first","14":"instock","15":"taxable","16":"shipping-taxable","17":"product-type-simple"},"_links":{"self":[{"href":"http:\/\/www.erun-tech.com\/es\/wp-json\/wp\/v2\/product\/14564","targetHints":{"allow":["GET"]}}],"collection":[{"href":"http:\/\/www.erun-tech.com\/es\/wp-json\/wp\/v2\/product"}],"about":[{"href":"http:\/\/www.erun-tech.com\/es\/wp-json\/wp\/v2\/types\/product"}],"replies":[{"embeddable":true,"href":"http:\/\/www.erun-tech.com\/es\/wp-json\/wp\/v2\/comments?post=14564"}],"wp:featuredmedia":[{"embeddable":true,"href":"http:\/\/www.erun-tech.com\/es\/wp-json\/wp\/v2\/media\/14565"}],"wp:attachment":[{"href":"http:\/\/www.erun-tech.com\/es\/wp-json\/wp\/v2\/media?parent=14564"}],"wp:term":[{"taxonomy":"product_brand","embeddable":true,"href":"http:\/\/www.erun-tech.com\/es\/wp-json\/wp\/v2\/product_brand?post=14564"},{"taxonomy":"product_cat","embeddable":true,"href":"http:\/\/www.erun-tech.com\/es\/wp-json\/wp\/v2\/product_cat?post=14564"},{"taxonomy":"product_tag","embeddable":true,"href":"http:\/\/www.erun-tech.com\/es\/wp-json\/wp\/v2\/product_tag?post=14564"}],"curies":[{"name":"wp","href":"https:\/\/api.w.org\/{rel}","templated":true}]}}