{"id":14595,"date":"2024-03-22T12:20:42","date_gmt":"2024-03-22T04:20:42","guid":{"rendered":"http:\/\/www.erun-tech.com\/?post_type=product&#038;p=14595"},"modified":"2024-04-08T08:54:49","modified_gmt":"2024-04-08T00:54:49","slug":"shengjiexunlianshi","status":"publish","type":"product","link":"http:\/\/www.erun-tech.com\/es\/product\/shengjiexunlianshi","title":{"rendered":"Sala de entrenamiento de nudos"},"content":{"rendered":"<div><strong>Base jur\u00eddica: Normativa sobre la administraci\u00f3n de la formaci\u00f3n de la gente de mar de la Rep\u00fablica Popular China (Orden n.\u00ba 5 del Ministerio de Transporte, 2019).<\/strong><\/div>\n<div><strong>Categor\u00eda de producto: Marineros de guardia<br \/>\n<\/strong><\/div>\n<div><strong>\u4ea7\u54c1\u540d\u79f0\uff1a\u7ef3\u7ed3\u8bad\u7ec3\u5ba4<\/strong><\/div>\n<div><strong>Requisitos funcionales: Cumplir con los requisitos del programa de formaci\u00f3n.<\/strong><\/div>\n<div><strong>Cantidad especificada: 1 unidad<\/strong><\/div>\n<div><\/div>\n<div>\n<p>\u80fd\u591f\u6ee1\u8db3 40 \u540d\u5b66\u5458\u8bad\u7ec3\u9700\u8981\u3002\u914d\u7f6e\u7ef3\u7ed3\u6559\u5b66\u793a\u6559\u677f\u4e00\u5957\uff0c\u81f3\u5c11\u5305\u62ec\u5168\u90e8\u7ef3\u7ed3\u6559\u5b66\u7684\u9879\u76ee\u5185\u5bb9\u3002<\/p>\n<\/div>","protected":false},"excerpt":{"rendered":"<p>\u6cd5\u5f8b\u4f9d\u636e\uff1a\u300a\u4e2d\u534e\u4eba\u6c11\u5171\u548c\u56fd\u8239\u5458\u57f9\u8bad\u7ba1\u7406\u89c4\u5219\u300b\uff08\u4ea4\u901a\u8fd0\u8f93\u90e8\u4ee4 2019 \u5e74\u7b2c 5 \u53f7\uff09 \u4ea7\u54c1\u5206\u7c7b\uff1a\u503c\u73ed\u6c34\u624b \u4ea7\u54c1&hellip;<\/p>","protected":false},"featured_media":14596,"comment_status":"open","ping_status":"closed","template":"","meta":[],"product_brand":[],"product_cat":[492,40],"product_tag":[326,328,327],"class_list":{"0":"post-14595","1":"product","2":"type-product","3":"status-publish","4":"has-post-thumbnail","6":"product_cat-shuishoujigongpeixun","7":"product_cat-shuishougongyishixunshi","8":"product_tag-shuishougongyishixunqicai","9":"product_tag-shengjiejiaoxueshijiaoban","10":"product_tag-shengjiexunlianshi","11":"description-off","13":"first","14":"instock","15":"taxable","16":"shipping-taxable","17":"purchasable","18":"product-type-simple"},"_links":{"self":[{"href":"http:\/\/www.erun-tech.com\/es\/wp-json\/wp\/v2\/product\/14595","targetHints":{"allow":["GET"]}}],"collection":[{"href":"http:\/\/www.erun-tech.com\/es\/wp-json\/wp\/v2\/product"}],"about":[{"href":"http:\/\/www.erun-tech.com\/es\/wp-json\/wp\/v2\/types\/product"}],"replies":[{"embeddable":true,"href":"http:\/\/www.erun-tech.com\/es\/wp-json\/wp\/v2\/comments?post=14595"}],"wp:featuredmedia":[{"embeddable":true,"href":"http:\/\/www.erun-tech.com\/es\/wp-json\/wp\/v2\/media\/14596"}],"wp:attachment":[{"href":"http:\/\/www.erun-tech.com\/es\/wp-json\/wp\/v2\/media?parent=14595"}],"wp:term":[{"taxonomy":"product_brand","embeddable":true,"href":"http:\/\/www.erun-tech.com\/es\/wp-json\/wp\/v2\/product_brand?post=14595"},{"taxonomy":"product_cat","embeddable":true,"href":"http:\/\/www.erun-tech.com\/es\/wp-json\/wp\/v2\/product_cat?post=14595"},{"taxonomy":"product_tag","embeddable":true,"href":"http:\/\/www.erun-tech.com\/es\/wp-json\/wp\/v2\/product_tag?post=14595"}],"curies":[{"name":"wp","href":"https:\/\/api.w.org\/{rel}","templated":true}]}}