{"id":14662,"date":"2024-03-22T12:50:50","date_gmt":"2024-03-22T04:50:50","guid":{"rendered":"http:\/\/www.erun-tech.com\/?post_type=product&#038;p=14662"},"modified":"2024-04-08T08:54:49","modified_gmt":"2024-04-08T00:54:49","slug":"shengjiezuoyexunlianyongsangubaizongshenghuohuaxiansheng","status":"publish","type":"product","link":"http:\/\/www.erun-tech.com\/es\/product\/shengjiezuoyexunlianyongsangubaizongshenghuohuaxiansheng","title":{"rendered":"Cuerda de palma blanca de tres hilos (o cuerda de fibra sint\u00e9tica) para practicar nudos."},"content":{"rendered":"<div><strong>Base jur\u00eddica: Normativa sobre la administraci\u00f3n de la formaci\u00f3n de la gente de mar de la Rep\u00fablica Popular China (Orden n.\u00ba 5 del Ministerio de Transporte, 2019).<\/strong><\/div>\n<div><strong>Categor\u00eda de producto: Marineros de guardia<br \/>\n<\/strong><\/div>\n<div><strong>\u4ea7\u54c1\u540d\u79f0\uff1a\u7ef3\u7ed3\u4f5c\u4e1a\u8bad\u7ec3\u7528\u4e09\u80a1\u767d\u68d5\u7ef3\uff08\u6216\u5316\u7ea4\u7ef3\uff09<\/strong><\/div>\n<div><strong>Requisitos funcionales: Cumplir con los requisitos del programa de formaci\u00f3n.<\/strong><\/div>\n<div><strong>\u89c4\u5b9a\u6570\u91cf\uff1a45 \u6839<\/strong><\/div>\n<div><\/div>\n<div>\n<p>\u76f4\u5f84 10\u201412 \u6beb\u7c73\uff0c\u957f 2 \u7c73-2.5 \u7c73\u3002<\/p>\n<\/div>","protected":false},"excerpt":{"rendered":"<p>\u6cd5\u5f8b\u4f9d\u636e\uff1a\u300a\u4e2d\u534e\u4eba\u6c11\u5171\u548c\u56fd\u8239\u5458\u57f9\u8bad\u7ba1\u7406\u89c4\u5219\u300b\uff08\u4ea4\u901a\u8fd0\u8f93\u90e8\u4ee4 2019 \u5e74\u7b2c 5 \u53f7\uff09 \u4ea7\u54c1\u5206\u7c7b\uff1a\u503c\u73ed\u6c34\u624b \u4ea7\u54c1&hellip;<\/p>","protected":false},"featured_media":14663,"comment_status":"open","ping_status":"closed","template":"","meta":[],"product_brand":[],"product_cat":[492,40],"product_tag":[325,331,326,330],"class_list":{"0":"post-14662","1":"product","2":"type-product","3":"status-publish","4":"has-post-thumbnail","6":"product_cat-shuishoujigongpeixun","7":"product_cat-shuishougongyishixunshi","8":"product_tag-zhibanshuishou","9":"product_tag-shuishougongyi20geshengjie","10":"product_tag-shuishougongyishixunqicai","11":"product_tag-shengjiezuoyexunlianyongsangubaizongsheng","12":"description-off","14":"first","15":"instock","16":"taxable","17":"shipping-taxable","18":"purchasable","19":"product-type-simple"},"_links":{"self":[{"href":"http:\/\/www.erun-tech.com\/es\/wp-json\/wp\/v2\/product\/14662","targetHints":{"allow":["GET"]}}],"collection":[{"href":"http:\/\/www.erun-tech.com\/es\/wp-json\/wp\/v2\/product"}],"about":[{"href":"http:\/\/www.erun-tech.com\/es\/wp-json\/wp\/v2\/types\/product"}],"replies":[{"embeddable":true,"href":"http:\/\/www.erun-tech.com\/es\/wp-json\/wp\/v2\/comments?post=14662"}],"wp:featuredmedia":[{"embeddable":true,"href":"http:\/\/www.erun-tech.com\/es\/wp-json\/wp\/v2\/media\/14663"}],"wp:attachment":[{"href":"http:\/\/www.erun-tech.com\/es\/wp-json\/wp\/v2\/media?parent=14662"}],"wp:term":[{"taxonomy":"product_brand","embeddable":true,"href":"http:\/\/www.erun-tech.com\/es\/wp-json\/wp\/v2\/product_brand?post=14662"},{"taxonomy":"product_cat","embeddable":true,"href":"http:\/\/www.erun-tech.com\/es\/wp-json\/wp\/v2\/product_cat?post=14662"},{"taxonomy":"product_tag","embeddable":true,"href":"http:\/\/www.erun-tech.com\/es\/wp-json\/wp\/v2\/product_tag?post=14662"}],"curies":[{"name":"wp","href":"https:\/\/api.w.org\/{rel}","templated":true}]}}