{"id":14717,"date":"2024-03-23T09:24:13","date_gmt":"2024-03-23T01:24:13","guid":{"rendered":"http:\/\/www.erun-tech.com\/?post_type=product&#038;p=14717"},"modified":"2024-04-08T08:54:46","modified_gmt":"2024-04-08T00:54:46","slug":"shuishougongyichenlieshishebei","status":"publish","type":"product","link":"http:\/\/www.erun-tech.com\/es\/product\/shuishougongyichenlieshishebei","title":{"rendered":"Equipamiento para la sala de exposici\u00f3n de artesan\u00eda mar\u00edtima"},"content":{"rendered":"<h2><\/h2>\n<h2 style=\"text-align: center;\">Equipamiento para la sala de exposici\u00f3n de artesan\u00eda mar\u00edtima<\/h2>\n<p>&nbsp;<\/p>\n<div><strong>Base jur\u00eddica: Normativa sobre la administraci\u00f3n de la formaci\u00f3n de la gente de mar de la Rep\u00fablica Popular China (Orden n.\u00ba 5 del Ministerio de Transporte, 2019).<\/strong><\/div>\n<div><strong>Categor\u00eda de producto: Marineros de guardia<br \/>\n<\/strong><\/div>\n<div><strong>Nombre del producto: equipamiento para exposici\u00f3n de embarcaciones acu\u00e1ticas<\/strong><\/div>\n<div><strong>Requisitos funcionales: Cumplir con los requisitos del programa de formaci\u00f3n.<\/strong><\/div>\n<div><strong>Cantidad especificada: 1 unidad<\/strong><\/div>\n<div><\/div>\n<div>Por lo menos incluir;<\/div>\n<p>(1) Como m\u00ednimo, mostrar los distintos tipos y tama\u00f1os de aparejos de vela utilizados habitualmente en la cubierta de un buque. (2) Distintos tipos y tama\u00f1os de herramientas de ferreter\u00eda de uso com\u00fan. (3) Diversas especificaciones, tipos de herramientas de eliminaci\u00f3n de \u00f3xido (incluyendo el\u00e9ctricas, neum\u00e1ticas, manuales). (4) Diversas especificaciones, tipos de herramientas especiales, diversas especificaciones, tipos de herramientas para trabajos de pintura. (5) Herramientas de costura de velas, incluidas agujas para velas, dedales, forros de lona, anillas, punzones para ojales de lona, punzones para clips de anillas de lona. (6) Otros tableros de demostraci\u00f3n de embarcaciones.<\/p>","protected":false},"excerpt":{"rendered":"<p>\u6c34\u624b\u5de5\u827a\u9648\u5217\u5ba4\u8bbe\u5907 &nbsp; \u6cd5\u5f8b\u4f9d\u636e\uff1a\u300a\u4e2d\u534e\u4eba\u6c11\u5171\u548c\u56fd\u8239\u5458\u57f9\u8bad\u7ba1\u7406\u89c4\u5219\u300b\uff08\u4ea4\u901a\u8fd0\u8f93\u90e8\u4ee4 2019 \u5e74\u7b2c &hellip;<\/p>","protected":false},"featured_media":14718,"comment_status":"open","ping_status":"closed","template":"","meta":[],"product_brand":[],"product_cat":[492,40],"product_tag":[325,331,326,337,336],"class_list":{"0":"post-14717","1":"product","2":"type-product","3":"status-publish","4":"has-post-thumbnail","6":"product_cat-shuishoujigongpeixun","7":"product_cat-shuishougongyishixunshi","8":"product_tag-zhibanshuishou","9":"product_tag-shuishougongyi20geshengjie","10":"product_tag-shuishougongyishixunqicai","11":"product_tag-chuanyuanpeixunneirong","12":"product_tag-chuanyuanpeixunshebei","13":"description-off","15":"first","16":"instock","17":"taxable","18":"shipping-taxable","19":"purchasable","20":"product-type-simple"},"_links":{"self":[{"href":"http:\/\/www.erun-tech.com\/es\/wp-json\/wp\/v2\/product\/14717","targetHints":{"allow":["GET"]}}],"collection":[{"href":"http:\/\/www.erun-tech.com\/es\/wp-json\/wp\/v2\/product"}],"about":[{"href":"http:\/\/www.erun-tech.com\/es\/wp-json\/wp\/v2\/types\/product"}],"replies":[{"embeddable":true,"href":"http:\/\/www.erun-tech.com\/es\/wp-json\/wp\/v2\/comments?post=14717"}],"wp:featuredmedia":[{"embeddable":true,"href":"http:\/\/www.erun-tech.com\/es\/wp-json\/wp\/v2\/media\/14718"}],"wp:attachment":[{"href":"http:\/\/www.erun-tech.com\/es\/wp-json\/wp\/v2\/media?parent=14717"}],"wp:term":[{"taxonomy":"product_brand","embeddable":true,"href":"http:\/\/www.erun-tech.com\/es\/wp-json\/wp\/v2\/product_brand?post=14717"},{"taxonomy":"product_cat","embeddable":true,"href":"http:\/\/www.erun-tech.com\/es\/wp-json\/wp\/v2\/product_cat?post=14717"},{"taxonomy":"product_tag","embeddable":true,"href":"http:\/\/www.erun-tech.com\/es\/wp-json\/wp\/v2\/product_tag?post=14717"}],"curies":[{"name":"wp","href":"https:\/\/api.w.org\/{rel}","templated":true}]}}