{"id":14723,"date":"2024-03-25T14:24:20","date_gmt":"2024-03-25T06:24:20","guid":{"rendered":"http:\/\/www.erun-tech.com\/?post_type=product&#038;p=14723"},"modified":"2024-04-08T08:54:46","modified_gmt":"2024-04-08T00:54:46","slug":"youqizuoyedeyongpinjigongju","status":"publish","type":"product","link":"http:\/\/www.erun-tech.com\/es\/product\/youqizuoyedeyongpinjigongju","title":{"rendered":"Materiales y herramientas para pintar"},"content":{"rendered":"<h2><\/h2>\n<h2 style=\"text-align: center;\">Materiales y herramientas para pintar<\/h2>\n<p>&nbsp;<\/p>\n<div><strong>Base jur\u00eddica: Normativa sobre la administraci\u00f3n de la formaci\u00f3n de la gente de mar de la Rep\u00fablica Popular China (Orden n.\u00ba 5 del Ministerio de Transporte, 2019).<\/strong><\/div>\n<div><strong>Categor\u00eda de producto: Marineros de guardia<br \/>\n<\/strong><\/div>\n<div><strong>\u4ea7\u54c1\u540d\u79f0\uff1a\u6cb9\u6f06\u4f5c\u4e1a\u7684\u7528\u54c1\u53ca\u5de5\u5177<\/strong><\/div>\n<div><strong>Requisitos funcionales: Cumplir con los requisitos del programa de formaci\u00f3n.<\/strong><\/div>\n<div><strong>Cantidad especificada: 1 juego<\/strong><\/div>\n<div><\/div>\n<div>Por lo menos incluir;<\/div>\n<p>\uff081\uff09\u914d\u5907\u5404\u7c7b\u6cb9\u6f06\u523742\u628a\uff08\u5305\u62ec\u5404\u79cd\u89c4\u683c\u7684\u6241\u5237\u3001\u6eda\u5237\u3001\u5f2f\u5934\u5237\u3001\u7b14\u5237\uff09<\/p>\n<p>\uff082\uff09\u5404\u7c7b\u8239\u7528\u6cb9\u6f06\u54041\u6876\uff08\u81f3\u5c11\u5305\u62ec\u8239\u7528\u5404\u7c7b\u9632\u9508\u6f06\u3001\u7532\u677f\u6f06\u3001\u6c34\u7ebf\u6f06\u3001\u8239\u58f3\u6f06\u3001\u8239\u5e95\u6f06\u3001\u5404\u79cd\u989c\u8272\u7684\u9762\u6f06<\/p>\n<p>\uff083\uff09\u55b7\u6f06\u4f5c\u4e1a\u5de5\u51771\u5957<\/p>","protected":false},"excerpt":{"rendered":"<p>\u6cb9\u6f06\u4f5c\u4e1a\u7684\u7528\u54c1\u53ca\u5de5\u5177 &nbsp; \u6cd5\u5f8b\u4f9d\u636e\uff1a\u300a\u4e2d\u534e\u4eba\u6c11\u5171\u548c\u56fd\u8239\u5458\u57f9\u8bad\u7ba1\u7406\u89c4\u5219\u300b\uff08\u4ea4\u901a\u8fd0\u8f93\u90e8\u4ee4 2019 \u5e74\u7b2c&hellip;<\/p>","protected":false},"featured_media":14505,"comment_status":"open","ping_status":"closed","template":"","meta":[],"product_brand":[],"product_cat":[492,40],"product_tag":[325,331,326,337,336],"class_list":{"0":"post-14723","1":"product","2":"type-product","3":"status-publish","4":"has-post-thumbnail","6":"product_cat-shuishoujigongpeixun","7":"product_cat-shuishougongyishixunshi","8":"product_tag-zhibanshuishou","9":"product_tag-shuishougongyi20geshengjie","10":"product_tag-shuishougongyishixunqicai","11":"product_tag-chuanyuanpeixunneirong","12":"product_tag-chuanyuanpeixunshebei","13":"description-off","15":"first","16":"instock","17":"taxable","18":"shipping-taxable","19":"purchasable","20":"product-type-simple"},"_links":{"self":[{"href":"http:\/\/www.erun-tech.com\/es\/wp-json\/wp\/v2\/product\/14723","targetHints":{"allow":["GET"]}}],"collection":[{"href":"http:\/\/www.erun-tech.com\/es\/wp-json\/wp\/v2\/product"}],"about":[{"href":"http:\/\/www.erun-tech.com\/es\/wp-json\/wp\/v2\/types\/product"}],"replies":[{"embeddable":true,"href":"http:\/\/www.erun-tech.com\/es\/wp-json\/wp\/v2\/comments?post=14723"}],"wp:featuredmedia":[{"embeddable":true,"href":"http:\/\/www.erun-tech.com\/es\/wp-json\/wp\/v2\/media\/14505"}],"wp:attachment":[{"href":"http:\/\/www.erun-tech.com\/es\/wp-json\/wp\/v2\/media?parent=14723"}],"wp:term":[{"taxonomy":"product_brand","embeddable":true,"href":"http:\/\/www.erun-tech.com\/es\/wp-json\/wp\/v2\/product_brand?post=14723"},{"taxonomy":"product_cat","embeddable":true,"href":"http:\/\/www.erun-tech.com\/es\/wp-json\/wp\/v2\/product_cat?post=14723"},{"taxonomy":"product_tag","embeddable":true,"href":"http:\/\/www.erun-tech.com\/es\/wp-json\/wp\/v2\/product_tag?post=14723"}],"curies":[{"name":"wp","href":"https:\/\/api.w.org\/{rel}","templated":true}]}}