{"id":14737,"date":"2024-03-25T14:56:38","date_gmt":"2024-03-25T06:56:38","guid":{"rendered":"http:\/\/www.erun-tech.com\/?post_type=product&#038;p=14737"},"modified":"2024-04-08T08:54:45","modified_gmt":"2024-04-08T00:54:45","slug":"fengfangongyideshijiaoban","status":"publish","type":"product","link":"http:\/\/www.erun-tech.com\/es\/product\/fengfangongyideshijiaoban","title":{"rendered":"Tablero did\u00e1ctico para ense\u00f1ar la t\u00e9cnica de costura de velas"},"content":{"rendered":"<h2><\/h2>\n<h2 style=\"text-align: center;\">Tablero did\u00e1ctico para ense\u00f1ar la t\u00e9cnica de costura de velas<\/h2>\n<p>&nbsp;<\/p>\n<div><strong>Base jur\u00eddica: Normativa sobre la administraci\u00f3n de la formaci\u00f3n de la gente de mar de la Rep\u00fablica Popular China (Orden n.\u00ba 5 del Ministerio de Transporte, 2019).<\/strong><\/div>\n<div><strong>Categor\u00eda de producto: Marineros de guardia<br \/>\n<\/strong><\/div>\n<div><strong>\u4ea7\u54c1\u540d\u79f0\uff1a\u7f1d\u5e06\u5de5\u827a\u7684\u793a\u6559\u677f<\/strong><\/div>\n<div><strong>Requisitos funcionales: Cumplir con los requisitos del programa de formaci\u00f3n.<\/strong><\/div>\n<div><strong>\u89c4\u5b9a\u6570\u91cf\uff1a1\u5177<\/strong><\/div>\n<div><\/div>\n<div>Por lo menos incluir;<\/div>\n<p>\uff081\uff09\u5305\u62ec\u5e38\u7528\u7f1d\u5e06\u4f5c\u4e1a\u7684\u5de5\u5177\uff1b<\/p>\n<p>\uff082\uff09\u663e\u793a\u7f1d\u5e06\u5de5\u827a\u64cd\u4f5c\u624b\u6cd5\u7684\u5de5\u827a\u6280\u80fd\uff0c\u81f3\u5c11\u5305\u62ec\u76f4\u7ebf\u5e73\u7f1d\u6cd5\u3001\u66f2\u76f4\u7ebf\u5377\u7f1d\u6cd5\u3001\u4e2d\u7f1d\u6cd5\u3001\u5341\u5b57\u7f1d\u6cd5\u7b49\u7b80\u5355\u7684\u7f1d\u8865\u64cd\u4f5c\u3002<\/p>","protected":false},"excerpt":{"rendered":"<p>\u7f1d\u5e06\u5de5\u827a\u7684\u793a\u6559\u677f &nbsp; \u6cd5\u5f8b\u4f9d\u636e\uff1a\u300a\u4e2d\u534e\u4eba\u6c11\u5171\u548c\u56fd\u8239\u5458\u57f9\u8bad\u7ba1\u7406\u89c4\u5219\u300b\uff08\u4ea4\u901a\u8fd0\u8f93\u90e8\u4ee4 2019 \u5e74\u7b2c 5&hellip;<\/p>","protected":false},"featured_media":14738,"comment_status":"open","ping_status":"closed","template":"","meta":[],"product_brand":[],"product_cat":[492,40],"product_tag":[325,331,326,337,336],"class_list":{"0":"post-14737","1":"product","2":"type-product","3":"status-publish","4":"has-post-thumbnail","6":"product_cat-shuishoujigongpeixun","7":"product_cat-shuishougongyishixunshi","8":"product_tag-zhibanshuishou","9":"product_tag-shuishougongyi20geshengjie","10":"product_tag-shuishougongyishixunqicai","11":"product_tag-chuanyuanpeixunneirong","12":"product_tag-chuanyuanpeixunshebei","13":"description-off","15":"first","16":"instock","17":"taxable","18":"shipping-taxable","19":"purchasable","20":"product-type-simple"},"_links":{"self":[{"href":"http:\/\/www.erun-tech.com\/es\/wp-json\/wp\/v2\/product\/14737","targetHints":{"allow":["GET"]}}],"collection":[{"href":"http:\/\/www.erun-tech.com\/es\/wp-json\/wp\/v2\/product"}],"about":[{"href":"http:\/\/www.erun-tech.com\/es\/wp-json\/wp\/v2\/types\/product"}],"replies":[{"embeddable":true,"href":"http:\/\/www.erun-tech.com\/es\/wp-json\/wp\/v2\/comments?post=14737"}],"wp:featuredmedia":[{"embeddable":true,"href":"http:\/\/www.erun-tech.com\/es\/wp-json\/wp\/v2\/media\/14738"}],"wp:attachment":[{"href":"http:\/\/www.erun-tech.com\/es\/wp-json\/wp\/v2\/media?parent=14737"}],"wp:term":[{"taxonomy":"product_brand","embeddable":true,"href":"http:\/\/www.erun-tech.com\/es\/wp-json\/wp\/v2\/product_brand?post=14737"},{"taxonomy":"product_cat","embeddable":true,"href":"http:\/\/www.erun-tech.com\/es\/wp-json\/wp\/v2\/product_cat?post=14737"},{"taxonomy":"product_tag","embeddable":true,"href":"http:\/\/www.erun-tech.com\/es\/wp-json\/wp\/v2\/product_tag?post=14737"}],"curies":[{"name":"wp","href":"https:\/\/api.w.org\/{rel}","templated":true}]}}