{"id":14748,"date":"2024-03-25T15:22:53","date_gmt":"2024-03-25T07:22:53","guid":{"rendered":"http:\/\/www.erun-tech.com\/?post_type=product&#038;p=14748"},"modified":"2024-03-27T20:55:24","modified_gmt":"2024-03-27T12:55:24","slug":"jiaoxueyongzhongyingwenbanhanghaitushuziliao","status":"publish","type":"product","link":"http:\/\/www.erun-tech.com\/es\/product\/jiaoxueyongzhongyingwenbanhanghaitushuziliao","title":{"rendered":"Materiales did\u00e1cticos para la navegaci\u00f3n en ediciones en chino e ingl\u00e9s."},"content":{"rendered":"<h2><\/h2>\n<h2 style=\"text-align: center;\">Materiales did\u00e1cticos para la navegaci\u00f3n en ediciones en chino e ingl\u00e9s.<\/h2>\n<p>&nbsp;<\/p>\n<div><strong>Base jur\u00eddica: Normativa sobre la administraci\u00f3n de la formaci\u00f3n de la gente de mar de la Rep\u00fablica Popular China (Orden n.\u00ba 5 del Ministerio de Transporte, 2019).<\/strong><\/div>\n<div><strong>Categor\u00eda de producto: Formaci\u00f3n para capitanes, primeros oficiales y terceros oficiales<br \/>\n<\/strong><\/div>\n<div><strong>Nombre del producto: Libros y materiales n\u00e1uticos para la ense\u00f1anza en chino e ingl\u00e9s<\/strong><\/div>\n<div><strong>Requisitos funcionales: Cumplir con los requisitos del programa de formaci\u00f3n.<\/strong><\/div>\n<div><strong>Cantidad especificada: 22 juegos<\/strong><\/div>\n<div><\/div>\n<div>\n<p>Cada juego incluye:<\/p>\n<p>(1) Edici\u00f3n china: cat\u00e1logo de libros n\u00e1uticos, gu\u00eda para la identificaci\u00f3n de los s\u00edmbolos de las cartas n\u00e1uticas chinas, gu\u00eda de las rutas mar\u00edtimas de China, gu\u00eda de los puertos de China, avisos n\u00e1uticos, cartas de balizas, tablas de mareas.<\/p>\n<p>(2) Edici\u00f3n brit\u00e1nica (no disponible para la formaci\u00f3n de marinos en zonas costeras): Cat\u00e1logo General de Libros N\u00e1uticos, Rutas, Rutas Oce\u00e1nicas Mundiales, Avisos a los Navegantes, Lista Acumulativa de Avisos a los Navegantes, Resumen Anual de Avisos a los Navegantes, Carta de Cartas (CHART 5011), Tablas de Mareas, Tablas de Luces y Nieblas, Tablas de Se\u00f1ales Radioel\u00e9ctricas (NP281), Tablas de Se\u00f1ales Radioel\u00e9ctricas (NP282), Tablas de Se\u00f1ales Radioel\u00e9ctricas (NP286).<\/p>\n<\/div>\n<p>Observaciones: 2 juegos de originales, 20 juegos de reimpresiones.<\/p>","protected":false},"excerpt":{"rendered":"<p>\u6559\u5b66\u7528\u4e2d\u3001\u82f1\u6587\u7248\u822a\u6d77\u56fe\u4e66\u8d44\u6599 &nbsp; \u6cd5\u5f8b\u4f9d\u636e\uff1a\u300a\u4e2d\u534e\u4eba\u6c11\u5171\u548c\u56fd\u8239\u5458\u57f9\u8bad\u7ba1\u7406\u89c4\u5219\u300b\uff08\u4ea4\u901a\u8fd0\u8f93\u90e8\u4ee4 201&hellip;<\/p>","protected":false},"featured_media":14747,"comment_status":"open","ping_status":"closed","template":"","meta":[],"product_brand":[],"product_cat":[41],"product_tag":[341,340,342,337,336,339],"class_list":{"0":"post-14748","1":"product","2":"type-product","3":"status-publish","4":"has-post-thumbnail","6":"product_cat-haituzuoyeshixunshi","7":"product_tag-sanfu","8":"product_tag-dafu","9":"product_tag-haituzuoyeshixun","10":"product_tag-chuanyuanpeixunneirong","11":"product_tag-chuanyuanpeixunshebei","12":"product_tag-chuanzhang","13":"description-off","15":"first","16":"instock","17":"taxable","18":"shipping-taxable","19":"purchasable","20":"product-type-simple"},"_links":{"self":[{"href":"http:\/\/www.erun-tech.com\/es\/wp-json\/wp\/v2\/product\/14748","targetHints":{"allow":["GET"]}}],"collection":[{"href":"http:\/\/www.erun-tech.com\/es\/wp-json\/wp\/v2\/product"}],"about":[{"href":"http:\/\/www.erun-tech.com\/es\/wp-json\/wp\/v2\/types\/product"}],"replies":[{"embeddable":true,"href":"http:\/\/www.erun-tech.com\/es\/wp-json\/wp\/v2\/comments?post=14748"}],"wp:featuredmedia":[{"embeddable":true,"href":"http:\/\/www.erun-tech.com\/es\/wp-json\/wp\/v2\/media\/14747"}],"wp:attachment":[{"href":"http:\/\/www.erun-tech.com\/es\/wp-json\/wp\/v2\/media?parent=14748"}],"wp:term":[{"taxonomy":"product_brand","embeddable":true,"href":"http:\/\/www.erun-tech.com\/es\/wp-json\/wp\/v2\/product_brand?post=14748"},{"taxonomy":"product_cat","embeddable":true,"href":"http:\/\/www.erun-tech.com\/es\/wp-json\/wp\/v2\/product_cat?post=14748"},{"taxonomy":"product_tag","embeddable":true,"href":"http:\/\/www.erun-tech.com\/es\/wp-json\/wp\/v2\/product_tag?post=14748"}],"curies":[{"name":"wp","href":"https:\/\/api.w.org\/{rel}","templated":true}]}}