{"id":14754,"date":"2024-03-25T15:32:33","date_gmt":"2024-03-25T07:32:33","guid":{"rendered":"http:\/\/www.erun-tech.com\/?post_type=product&#038;p=14754"},"modified":"2024-03-27T20:55:54","modified_gmt":"2024-03-27T12:55:54","slug":"suoxingka","status":"publish","type":"product","link":"http:\/\/www.erun-tech.com\/es\/product\/suoxingka","title":{"rendered":"Tarjeta Sokstar"},"content":{"rendered":"<h2><\/h2>\n<h2 style=\"text-align: center;\">Tarjeta Sokstar<\/h2>\n<p>&nbsp;<\/p>\n<div><strong>Base jur\u00eddica: Normativa sobre la administraci\u00f3n de la formaci\u00f3n de la gente de mar de la Rep\u00fablica Popular China (Orden n.\u00ba 5 del Ministerio de Transporte, 2019).<\/strong><\/div>\n<div><strong>Categor\u00eda de producto: Formaci\u00f3n para capitanes, primeros oficiales y terceros oficiales<br \/>\n<\/strong><\/div>\n<div><strong>\u4ea7\u54c1\u540d\u79f0\uff1a\u7d22\u661f\u5361<\/strong><\/div>\n<div><strong>Requisitos funcionales: Cumplir con los requisitos del programa de formaci\u00f3n.<\/strong><\/div>\n<div><strong>Cantidad especificada: 20 juegos<\/strong><\/div>\n<div><\/div>\n<div>\n<p><strong>TS-90\u578b\u7d22\u661f\u5361<\/strong><\/p>\n<p>1\uff0e\u7d22\u661f\u5361(star finder)\u7684\u7ed3\u6784<\/p>\n<p>\u7d22\u661f\u5361\uff1a\u7531\u4e24\u5757\u661f\u56fe\u5e95\u677f\u548c\u82e5\u5e72\u6309\u7eac\u5ea6\u5212\u5206\u7684\u900f\u660e\u7684\u5730\u5e73\u5750\u6807\u56fe\u7f51\u7247\u6240\u7ec4\u6210\u3002<\/p>\n<p><strong><em>\uff081\uff09\u661f\u56fe\u5e95\u677fmotherboard<\/em><\/strong><\/p>\n<div>\u6295\u5f71\u65b9\u5f0f\uff1a\u661f\u56fe\u677f\u662f\u5929\u7403\u7684\u6295\u5c04\u56fe\uff0c\u662f\u6309\u6781\u65b9\u4f4d\u7b49\u8ddd\u6295\u5f71\u539f\u7406\u5236\u6210\u7684\uff0c\u4e00\u5757\u662f\u4ee5\u5929\u5317\u6781\u4e3a\u4e2d\u5fc3\uff0c\u4e00\u5757\u662f\u4ee5\u5929\u5357\u6781\u4e3a\u4e2d\u5fc3\u3002<\/div>\n<div>\u5185\u5bb9\uff1a\u5370\u6709\u822a\u7528\u6052\u661f(\u4e00\u7b49\u661f\u548c\u4e8c\u7b49\u661f\u53ca\u90e8\u5206\u4e09\u7b49\u661f)\u3001\u5929\u8d64\u9053\u3001\u9ec4\u9053\u548c\u6625\u5206\u70b9\u5730\u65b9\u65f6\u89d2(\u6216\u5929\u4f53\u8d64\u7ecf)\u53ca\u5e73\u592a\u9633\u7684\u65e5\u671f\u3002<\/div>\n<div><em><strong>\uff082\uff09\u900f\u660e\u5730\u5e73\u5750\u6807\u56fe\u7f51\u00a0\u00a0<\/strong>\u00a0<\/em><\/div>\n<div>\u6bcf\u4e00\u5957\u5171\u670913\u5f20\uff0c\u5206\u522b\u6309\u7eac\u5ea6\u76840\u00b0\uff0c5\u00b0\uff0c10\u00b0\u2026\u202660\u00b0\u7ed8 \u5236\u7684\u4e00\u7cfb\u5217\u9ad8\u5ea6\u3001\u65b9\u4f4d\u66f2\u7ebf\u56fe\u7f51\uff0c\u6bcf\u4e00\u5f20\u900f\u660e\u5730\u5e73\u5750\u6807\u56fe\u7f51\u53ef\u4f9b\u5317\u7eac\u6d4b\u8005\u548c\u5357\u7eac\u6d4b\u8005\u4e24\u7528\uff0c\u4e0a\u9762\u5206\u522b\u7528N\u548cS\u8868\u793a\u3002<\/div>\n<div>\u5185\u5bb9\uff1a<\/div>\n<div>\u2460 \u4e2d\u5fc3\u201c\uff0b\u201d\u8868\u793a\u6d4b\u8005\u5929\u9876\uff0c\u5f84\u5411\u66f2\u7ebf\u4ee3\u8868\u5929\u4f53\u65b9\u4f4d\u5708\uff0c\u672b\u7aef\u6807\u6ce8\u7740\u65b9\u4f4d\u8bfb\u6570\u3002\u91cc\u9762\u6570\u5b57\u8868\u793a\u5317\u7eac\u6d4b\u8005\u6240\u89c1\u5929\u4f53\u65b9\u4f4d\uff1b\u5916\u4fa7\u6570\u5b57\u8868\u793a\u5357\u7eac\u6d4b\u8005\u6240\u89c1\u5929\u4f53\u65b9\u4f4d\u3002<\/div>\n<div>\u2461 \u6a2a\u5411\u7684\u73af\u5f62\u5c01\u95ed\u66f2\u7ebf\u4ee3\u8868\u5929\u4f53\u9ad8\u5ea6\u5e73\u884c\u5708\uff1b<\/div>\n<div>\u2462 \u56fe\u7f51\u4e0a\u9762\u6807\u6709\u753b\u884c\u661f\u7528\u7684\u957f\u65b9\u5f62\u7f3a\u53e3\uff0c\u4e24\u4fa7\u6807\u6709\u5357\u531730\u00b0\u4ee5\u5185\u7684\u8d64\u7eac\u523b\u5ea6\uff0c\u7528\u4e8e\u6807\u7ed8\u884c\u661f\u4f4d\u7f6e\uff1b\u900f\u660e\u5730\u5e73\u5750\u6807\u56fe\u7f51\u4e0a\u9762\u7684\u4e24\u4fa7\uff0c\u6240\u6807\u6ce8\u7684\u4e24\u6761\u592a\u9633\u9ad8\u5ea6\u4e3a\uff0d6\u00b0\u548c\uff0d12\u00b0\u7b49\u9ad8\u5ea6\u5e73\u884c\u7ebf\u3002<\/div>\n<div><\/div>\n<div>2.\u5229\u7528\u7d22\u661f\u5361\u9009\u661f\u548c\u8ba4\u661f<\/div>\n<div>\u5229\u7528\u7d22\u661f\u5361\u9009\u661f\u548c\u8ba4\u661f\u901a\u5e38\u5206\u4e09\u4e2a\u6b65\u9aa4\uff1a<\/div>\n<div>\u00a0\u00a0\u00a0\u2474\u5728\u661f\u56fe\u5e95\u677f\u4e0a\u753b\u51fa\u53ef\u89c2\u6d4b\u7684\u884c\u661f\u4f4d\u7f6e\uff1b<\/div>\n<div>\u00a0\u00a0\u00a0\u2475\u6839\u636e\u6d4b\u8005\u7eac\u5ea6\u5b9a\u51fa\u53ef\u89c2\u6d4b\u7684\u661f\u7a7a\uff1b<\/div>\n<div>\u00a0\u00a0\u00a0\u2476\u7531\u53ef\u89c2\u6d4b\u661f\u7a7a\u8fdb\u884c\u9009\u661f\u548c\u8ba4\u661f\u3002<\/div>\n<\/div>","protected":false},"excerpt":{"rendered":"<p>\u7d22\u661f\u5361 &nbsp; \u6cd5\u5f8b\u4f9d\u636e\uff1a\u300a\u4e2d\u534e\u4eba\u6c11\u5171\u548c\u56fd\u8239\u5458\u57f9\u8bad\u7ba1\u7406\u89c4\u5219\u300b\uff08\u4ea4\u901a\u8fd0\u8f93\u90e8\u4ee4 2019 \u5e74\u7b2c 5 \u53f7\uff09 \u4ea7&hellip;<\/p>","protected":false},"featured_media":14755,"comment_status":"open","ping_status":"closed","template":"","meta":[],"product_brand":[],"product_cat":[41],"product_tag":[341,340,342,344,337,336,339],"class_list":{"0":"post-14754","1":"product","2":"type-product","3":"status-publish","4":"has-post-thumbnail","6":"product_cat-haituzuoyeshixunshi","7":"product_tag-sanfu","8":"product_tag-dafu","9":"product_tag-haituzuoyeshixun","10":"product_tag-suoxingka","11":"product_tag-chuanyuanpeixunneirong","12":"product_tag-chuanyuanpeixunshebei","13":"product_tag-chuanzhang","14":"description-off","16":"first","17":"instock","18":"taxable","19":"shipping-taxable","20":"purchasable","21":"product-type-simple"},"_links":{"self":[{"href":"http:\/\/www.erun-tech.com\/es\/wp-json\/wp\/v2\/product\/14754","targetHints":{"allow":["GET"]}}],"collection":[{"href":"http:\/\/www.erun-tech.com\/es\/wp-json\/wp\/v2\/product"}],"about":[{"href":"http:\/\/www.erun-tech.com\/es\/wp-json\/wp\/v2\/types\/product"}],"replies":[{"embeddable":true,"href":"http:\/\/www.erun-tech.com\/es\/wp-json\/wp\/v2\/comments?post=14754"}],"wp:featuredmedia":[{"embeddable":true,"href":"http:\/\/www.erun-tech.com\/es\/wp-json\/wp\/v2\/media\/14755"}],"wp:attachment":[{"href":"http:\/\/www.erun-tech.com\/es\/wp-json\/wp\/v2\/media?parent=14754"}],"wp:term":[{"taxonomy":"product_brand","embeddable":true,"href":"http:\/\/www.erun-tech.com\/es\/wp-json\/wp\/v2\/product_brand?post=14754"},{"taxonomy":"product_cat","embeddable":true,"href":"http:\/\/www.erun-tech.com\/es\/wp-json\/wp\/v2\/product_cat?post=14754"},{"taxonomy":"product_tag","embeddable":true,"href":"http:\/\/www.erun-tech.com\/es\/wp-json\/wp\/v2\/product_tag?post=14754"}],"curies":[{"name":"wp","href":"https:\/\/api.w.org\/{rel}","templated":true}]}}