{"id":14757,"date":"2024-03-25T15:36:49","date_gmt":"2024-03-25T07:36:49","guid":{"rendered":"http:\/\/www.erun-tech.com\/?post_type=product&#038;p=14757"},"modified":"2024-03-27T20:56:02","modified_gmt":"2024-03-27T12:56:02","slug":"haituzuoyegongju","status":"publish","type":"product","link":"http:\/\/www.erun-tech.com\/es\/product\/haituzuoyegongju","title":{"rendered":"Herramientas de gr\u00e1ficos"},"content":{"rendered":"<h2><\/h2>\n<h2 style=\"text-align: center;\">Herramientas de gr\u00e1ficos<\/h2>\n<p>&nbsp;<\/p>\n<div><strong>Base jur\u00eddica: Normativa sobre la administraci\u00f3n de la formaci\u00f3n de la gente de mar de la Rep\u00fablica Popular China (Orden n.\u00ba 5 del Ministerio de Transporte, 2019).<\/strong><\/div>\n<div><strong>Categor\u00eda de producto: Formaci\u00f3n para capitanes, primeros oficiales y terceros oficiales<br \/>\n<\/strong><\/div>\n<div><strong>\u4ea7\u54c1\u540d\u79f0\uff1a\u6d77\u56fe\u4f5c\u4e1a\u5de5\u5177<\/strong><\/div>\n<div><strong>Requisitos funcionales: Cumplir con los requisitos del programa de formaci\u00f3n.<\/strong><\/div>\n<div><strong>Cantidad especificada: 40 juegos<\/strong><\/div>\n<div><\/div>\n<div>\u5728\u822a\u884c\u6d77\u56fe\u4e0a\u4e3a\u9009\u62e9\u8230\u8247\u822a\u7ebf\u548c\u8bb0\u5f55\u822a\u8ff9\u800c\u8fdb\u884c\u7684\u91cf\u6d4b\u3001\u7ed8\u7b97\u548c\u6807\u6ce8\u7b49\u5de5\u4f5c\u3002\u5305\u62ec\u822a\u6d77\u4e09\u89d2\u677f\u3001\u5206\u89c4\u3001\u5e73\u884c\u5c3a\u7b49\u3002<\/div>\n<div>\u5728\u822a\u884c\u6d77\u56fe\u4e0a\uff0c\u4e3a\u9009\u62e9\u8230\u8247\u822a\u7ebf\u548c\u8bb0\u5f55\u822a\u8ff9\u6240\u8fdb\u884c\u91cf\u6d4b\u3001\u7ed8\u7b97\u548c\u6807\u6ce8\u7684\u5de5\u4f5c\u3002\u6d77\u56fe\u4f5c\u4e1a\u6309\u4f5c\u4e1a\u987a\u5e8f\u548c\u6027\u8d28\uff0c\u5206\u4e3a\u9009\u62e9\u4e0e\u6807\u7ed8\u8ba1\u5212\u822a\u7ebf\u7684\u9884\u5148\u6d77\u56fe\u4f5c\u4e1a\u3001\u822a\u6e21\u4e2d\u51c6\u786e\u6267\u884c\u822a\u6d77\u8ba1\u5212\u7684\u822a\u884c\u6d77\u56fe\u4f5c\u4e1a\u3001\u4f5c\u6218\u65f6\u6807\u7ed8\u654c\u6211\u53cc\u65b9\u822a\u8ff9\u7684\u6218\u6597\u6d77\u56fe\u4f5c\u4e1a\u548c\u5fc5\u8981\u65f6\u8fdb\u884c\u4e8b\u540e\u5206\u6790\u7684\u603b\u7ed3\u6d77\u56fe\u4f5c\u4e1a\u3002\u822a\u884c\u4e2d\u8fdb\u884c\u6b63\u89c4\u7684\u6d77\u56fe\u4f5c\u4e1a\uff0c\u662f\u4fdd\u8bc1\u6309\u8ba1\u5212\u5b89\u5168\u822a\u884c\u7684\u91cd\u8981\u624b\u6bb5\u3002\u8230\u8247\u81ea\u8d77\u951a\uff08\u89e3\u7f06\uff09\u81f3\u629b\u951a\uff08\u7cfb\u7f06\uff09\u6b62\uff0c\u987b\u4ee5\u89c4\u5b9a\u6837\u5f0f\u8fde\u7eed\u800c\u6e05\u6670\u5730\u8fdb\u884c\u822a\u884c\u6d77\u56fe\u4f5c\u4e1a\u3002\u5185\u5bb9\u5305\u62ec\uff1a\u6c42\u98ce\u6d41\u538b\u4e2d\u7684\u9884\u5148\u4fee\u6b63\u822a\u5411\u548c\u8fdb\u884c\u822a\u8ff9\u7ed8\u7b97\uff0c\u6309\u89c4\u5b9a\u53ca\u65f6\u63a8\u7b97\u548c\u5b9e\u6d4b\u8230\u4f4d\uff1b\u8ba1\u7b97\u3001\u6d4b\u7b97\u548c\u5206\u6790\u540c\u4fdd\u8bc1\u6309\u8ba1\u5212\u5b89\u5168\u822a\u884c\u6709\u5173\u7684\u6570\u636e\u548c\u56e0\u7d20\u3002\u6218\u6597\u6d77\u56fe\u4f5c\u4e1a\u5305\u62ec\uff1a\u6d4b\u5b9a\u654c\u8230\u8fd0\u52a8\u8981\u7d20\uff0c\u8fdb\u884c\u8230\u8247\u673a\u52a8\u7ed8\u7b97\uff0c\u6807\u7ed8\u654c\u8230\u3001\u5df1\u8230\u822a\u8ff9\uff0c\u6807\u6ce8\u4f7f\u7528\u6b66\u5668\u7684\u65b9\u4f4d\u548c\u65f6\u95f4\u7b49\u3002\u822a\u884c\u503c\u66f4\u5b98\u548c\u822a\u6d77\u519b\u5b98\u987b\u8ba4\u771f\u7ec6\u81f4\u5730\u8fdb\u884c\u6d77\u56fe\u4f5c\u4e1a\uff0c\u8230\uff08\u8247\uff09\u957f\u987b\u7ecf\u5e38\u7763\u4fc3\u68c0\u67e5\u3002\u672c\u822a\u6b21\u7684\u6d77\u56fe\u4f5c\u4e1a\uff0c\u5fc5\u987b\u4fdd\u7559\u5230\u4e0b\u4e00\u6b21\u822a\u884c\u5f00\u59cb\u65f6\u65b9\u53ef\u64e6\u53bb\u3002\u53d1\u751f\u6d77\u4e8b\u65f6\uff0c\u987b\u5c06\u5f53\u65f6\u4f5c\u4e1a\u7684\u6d77\u56fe\u5c01\u5b58\uff0c\u4f9b\u6d77\u4e8b\u8c03\u67e5\u7528\u3002\u968f\u7740\u7535\u5b50\u6d77\u56fe\u548c\u822a\u8ff9\u81ea\u52a8\u663e\u793a\u3001\u6807\u7ed8\u7cfb\u7edf\u7684\u53d1\u5c55\uff0c\u6d77\u56fe\u4f5c\u4e1a\u5c06\u9010\u6b65\u5b9e\u73b0\u81ea\u52a8\u5316\u3002<\/div>","protected":false},"excerpt":{"rendered":"<p>\u6d77\u56fe\u4f5c\u4e1a\u5de5\u5177 &nbsp; \u6cd5\u5f8b\u4f9d\u636e\uff1a\u300a\u4e2d\u534e\u4eba\u6c11\u5171\u548c\u56fd\u8239\u5458\u57f9\u8bad\u7ba1\u7406\u89c4\u5219\u300b\uff08\u4ea4\u901a\u8fd0\u8f93\u90e8\u4ee4 2019 \u5e74\u7b2c 5 \u53f7&hellip;<\/p>","protected":false},"featured_media":14758,"comment_status":"open","ping_status":"closed","template":"","meta":[],"product_brand":[],"product_cat":[41],"product_tag":[341,340,342,345,337,336,339],"class_list":{"0":"post-14757","1":"product","2":"type-product","3":"status-publish","4":"has-post-thumbnail","6":"product_cat-haituzuoyeshixunshi","7":"product_tag-sanfu","8":"product_tag-dafu","9":"product_tag-haituzuoyeshixun","10":"product_tag-haituzuoyegongju","11":"product_tag-chuanyuanpeixunneirong","12":"product_tag-chuanyuanpeixunshebei","13":"product_tag-chuanzhang","14":"description-off","16":"first","17":"instock","18":"taxable","19":"shipping-taxable","20":"purchasable","21":"product-type-simple"},"_links":{"self":[{"href":"http:\/\/www.erun-tech.com\/es\/wp-json\/wp\/v2\/product\/14757","targetHints":{"allow":["GET"]}}],"collection":[{"href":"http:\/\/www.erun-tech.com\/es\/wp-json\/wp\/v2\/product"}],"about":[{"href":"http:\/\/www.erun-tech.com\/es\/wp-json\/wp\/v2\/types\/product"}],"replies":[{"embeddable":true,"href":"http:\/\/www.erun-tech.com\/es\/wp-json\/wp\/v2\/comments?post=14757"}],"wp:featuredmedia":[{"embeddable":true,"href":"http:\/\/www.erun-tech.com\/es\/wp-json\/wp\/v2\/media\/14758"}],"wp:attachment":[{"href":"http:\/\/www.erun-tech.com\/es\/wp-json\/wp\/v2\/media?parent=14757"}],"wp:term":[{"taxonomy":"product_brand","embeddable":true,"href":"http:\/\/www.erun-tech.com\/es\/wp-json\/wp\/v2\/product_brand?post=14757"},{"taxonomy":"product_cat","embeddable":true,"href":"http:\/\/www.erun-tech.com\/es\/wp-json\/wp\/v2\/product_cat?post=14757"},{"taxonomy":"product_tag","embeddable":true,"href":"http:\/\/www.erun-tech.com\/es\/wp-json\/wp\/v2\/product_tag?post=14757"}],"curies":[{"name":"wp","href":"https:\/\/api.w.org\/{rel}","templated":true}]}}