{"id":14779,"date":"2024-03-25T16:11:47","date_gmt":"2024-03-25T08:11:47","guid":{"rendered":"http:\/\/www.erun-tech.com\/?post_type=product&#038;p=14779"},"modified":"2024-03-27T20:33:34","modified_gmt":"2024-03-27T12:33:34","slug":"guojihaiyungutisanzhuanghuowuguizeguojisanzhuangguwuanquanguizehuowuduizhuangyuxiguanquanai","status":"publish","type":"product","link":"http:\/\/www.erun-tech.com\/es\/product\/guojihaiyungutisanzhuanghuowuguizeguojisanzhuangguwuanquanguizehuowuduizhuangyuxiguanquanai","title":{"rendered":"C\u00f3digo mar\u00edtimo internacional para cargas s\u00f3lidas a granel, C\u00f3digo internacional de seguridad para cargas de grano a granel, C\u00f3digo de pr\u00e1cticas seguras para la estiba y sujeci\u00f3n de cargas"},"content":{"rendered":"<h2><\/h2>\n<h2 style=\"text-align: center;\">C\u00f3digo mar\u00edtimo internacional para cargas s\u00f3lidas a granel, C\u00f3digo internacional de seguridad para cargas de grano a granel, C\u00f3digo de pr\u00e1cticas seguras para la estiba y sujeci\u00f3n de cargas<\/h2>\n<p>&nbsp;<\/p>\n<div><strong>Base jur\u00eddica: Normativa sobre la administraci\u00f3n de la formaci\u00f3n de la gente de mar de la Rep\u00fablica Popular China (Orden n.\u00ba 5 del Ministerio de Transporte, 2019).<\/strong><\/div>\n<div><strong>Categor\u00eda de producto: Formaci\u00f3n para capitanes, primeros oficiales y terceros oficiales<br \/>\n<\/strong><\/div>\n<div><strong>Nombre del producto: C\u00f3digo Mar\u00edtimo Internacional de Cargas S\u00f3lidas a Granel, C\u00f3digo Internacional de Seguridad de los Granos a Granel, Reglas Pr\u00e1cticas de Seguridad de Apilamiento y Remolque de Cargas<\/strong><\/div>\n<div><strong>Requisitos funcionales: Cumplir con los requisitos del programa de formaci\u00f3n.<\/strong><\/div>\n<div><strong>Cantidad especificada: 2 juegos<\/strong><\/div>\n<div><\/div>\n<div>\n<p>C\u00f3digo mar\u00edtimo internacional para cargas s\u00f3lidas a granel, C\u00f3digo internacional de seguridad para cargas de grano a granel, C\u00f3digo de pr\u00e1cticas seguras para la estiba y sujeci\u00f3n de cargas<\/p>\n<\/div>","protected":false},"excerpt":{"rendered":"<p>\u56fd\u9645\u6d77\u8fd0\u56fa\u4f53\u6563\u88c5\u8d27\u7269\u89c4\u5219\u3001\u56fd\u9645\u6563\u88c5\u8c37\u7269\u5b89\u5168\u89c4\u5219\u3001\u8d27\u7269\u5806\u88c5\u4e0e\u7cfb\u56fa\u5b89\u5168\u64cd\u4f5c\u89c4\u5219 &nbsp; \u6cd5\u5f8b\u4f9d\u636e\uff1a\u300a\u4e2d\u534e\u4eba\u6c11&hellip;<\/p>","protected":false},"featured_media":14747,"comment_status":"open","ping_status":"closed","template":"","meta":[],"product_brand":[],"product_cat":[42],"product_tag":[341,340,337,336,339,348],"class_list":{"0":"post-14779","1":"product","2":"type-product","3":"status-publish","4":"has-post-thumbnail","6":"product_cat-huowupeijizaishixunshi","7":"product_tag-sanfu","8":"product_tag-dafu","9":"product_tag-chuanyuanpeixunneirong","10":"product_tag-chuanyuanpeixunshebei","11":"product_tag-chuanzhang","12":"product_tag-huowupeijizaishixunshi","13":"description-off","15":"first","16":"instock","17":"taxable","18":"shipping-taxable","19":"purchasable","20":"product-type-simple"},"_links":{"self":[{"href":"http:\/\/www.erun-tech.com\/es\/wp-json\/wp\/v2\/product\/14779","targetHints":{"allow":["GET"]}}],"collection":[{"href":"http:\/\/www.erun-tech.com\/es\/wp-json\/wp\/v2\/product"}],"about":[{"href":"http:\/\/www.erun-tech.com\/es\/wp-json\/wp\/v2\/types\/product"}],"replies":[{"embeddable":true,"href":"http:\/\/www.erun-tech.com\/es\/wp-json\/wp\/v2\/comments?post=14779"}],"wp:featuredmedia":[{"embeddable":true,"href":"http:\/\/www.erun-tech.com\/es\/wp-json\/wp\/v2\/media\/14747"}],"wp:attachment":[{"href":"http:\/\/www.erun-tech.com\/es\/wp-json\/wp\/v2\/media?parent=14779"}],"wp:term":[{"taxonomy":"product_brand","embeddable":true,"href":"http:\/\/www.erun-tech.com\/es\/wp-json\/wp\/v2\/product_brand?post=14779"},{"taxonomy":"product_cat","embeddable":true,"href":"http:\/\/www.erun-tech.com\/es\/wp-json\/wp\/v2\/product_cat?post=14779"},{"taxonomy":"product_tag","embeddable":true,"href":"http:\/\/www.erun-tech.com\/es\/wp-json\/wp\/v2\/product_tag?post=14779"}],"curies":[{"name":"wp","href":"https:\/\/api.w.org\/{rel}","templated":true}]}}