{"id":14780,"date":"2024-03-25T16:13:53","date_gmt":"2024-03-25T08:13:53","guid":{"rendered":"http:\/\/www.erun-tech.com\/?post_type=product&#038;p=14780"},"modified":"2026-02-07T11:59:10","modified_gmt":"2026-02-07T03:59:10","slug":"daxingchuanbocaozongmoniqi","status":"publish","type":"product","link":"http:\/\/www.erun-tech.com\/es\/product\/daxingchuanbocaozongmoniqi","title":{"rendered":"Simulador de manejo de buques grandes"},"content":{"rendered":"<h2><\/h2>\n<h2 style=\"text-align: center;\">Simulador de manejo de buques grandes<\/h2>\n<p>&nbsp;<\/p>\n<div><strong>Base jur\u00eddica: Normativa sobre la administraci\u00f3n de la formaci\u00f3n de la gente de mar de la Rep\u00fablica Popular China (Orden n.\u00ba 5 del Ministerio de Transporte, 2019).<\/strong><\/div>\n<div><strong>Categor\u00eda de producto: Formaci\u00f3n para capitanes, primeros oficiales y terceros oficiales<br \/>\n<\/strong><\/div>\n<div><strong>Nombre del producto\uff1aSimulador de maniobras de grandes buques.<\/strong><\/div>\n<div><strong>Requisitos funcionales: Cumplir con los requisitos del programa de formaci\u00f3n.<\/strong><\/div>\n<div><strong>N\u00famero requerido: al menos 5 a bordo<\/strong><\/div>\n<div><\/div>\n<div>\n<p>1, la tercera formaci\u00f3n de la aptitud del compa\u00f1ero por lo menos 5 este buque, uno de este buque vista horizontal no es inferior a 180 grados de proyecci\u00f3n, el otro este buque vista horizontal no es inferior a 120 grados, y tiene una visi\u00f3n tridimensional en vivo itinerancia y la funci\u00f3n de telescopio;<br \/>\n2, el capit\u00e1n y el primer oficial de entrenamiento de la aptitud por lo menos 5 este barco, uno de este simulador de barco vista horizontal de la nave principal no es inferior a 180 grados de proyecci\u00f3n, la otra vista horizontal de la nave no es inferior a 120 grados y tiene una visi\u00f3n tridimensional en vivo itinerancia y la funci\u00f3n de telescopio (no se puede utilizar en conjunci\u00f3n con el tercer oficial de entrenamiento de la aptitud);<\/p>\n<p>El rendimiento del simulador debe cumplirse:<br \/>\n1. Puede simular las prestaciones de navegaci\u00f3n y maniobra de al menos 6 tipos de buques, incluido el uso de carros, propulsores laterales, timones, anclas, remolcadores y cables;<br \/>\n2, simulaci\u00f3n en tiempo real del entorno de navegaci\u00f3n, incluidos el viento, las olas, las corrientes, el efecto de aguas poco profundas, el efecto de muros costeros, el efecto de succi\u00f3n y empuje del buque, el movimiento externo y los marcadores de objetos fijos, muelles, costas, etc;<br \/>\n3. Disponer de todo tipo de equipos de navegaci\u00f3n, posicionamiento y comunicaci\u00f3n necesarios para el puente del buque, incluidos radar, instalaciones de posicionamiento por radio, sistemas de cartas electr\u00f3nicas, aparato de gobierno, timbres de coche, sirenas de niebla, cartas n\u00e1uticas y tablas de cartas, instrumentos de trazado, sonda de profundidad, tel\u00e9metros, radiotel\u00e9fonos VHF, libros y materiales n\u00e1uticos, cuadernos de bit\u00e1cora y otras instalaciones y equipos necesarios;<br \/>\n4. Cada buque est\u00e1 equipado con 1 mesa de cartas, 1 juego de herramientas cartogr\u00e1ficas, 1 juego de materiales de dise\u00f1o de rutas, 1 juego de cartas de entrenamiento (que coinciden con las cartas electr\u00f3nicas del simulador de maniobras de buques), 1 juego de equipos de control audiovisual en el puente y 1 juego de tel\u00e9fonos para la comunicaci\u00f3n dentro del buque;<br \/>\n5. Al menos 1 sala de control con mesas y sillas de debate, proyector y pantalla el\u00e9ctrica, equipo de control del buque, equipo de vigilancia, equipo de impresi\u00f3n.<\/p>\n<\/div>","protected":false},"excerpt":{"rendered":"<p>\u5927\u578b\u8239\u8236\u64cd\u7eb5\u6a21\u62df\u5668 &nbsp; \u6cd5\u5f8b\u4f9d\u636e\uff1a\u300a\u4e2d\u534e\u4eba\u6c11\u5171\u548c\u56fd\u8239\u5458\u57f9\u8bad\u7ba1\u7406\u89c4\u5219\u300b\uff08\u4ea4\u901a\u8fd0\u8f93\u90e8\u4ee4 2019 \u5e74\u7b2c &hellip;<\/p>","protected":false},"featured_media":14781,"comment_status":"open","ping_status":"closed","template":"","meta":[],"product_brand":[],"product_cat":[305],"product_tag":[341,340,351,337,336,339],"class_list":{"0":"post-14780","1":"product","2":"type-product","3":"status-publish","4":"has-post-thumbnail","6":"product_cat-daxingchuanbocaozongmoniqi","7":"product_tag-sanfu","8":"product_tag-dafu","9":"product_tag-daxingchuanbocaozongmoniqi","10":"product_tag-chuanyuanpeixunneirong","11":"product_tag-chuanyuanpeixunshebei","12":"product_tag-chuanzhang","13":"description-off","15":"first","16":"instock","17":"taxable","18":"shipping-taxable","19":"purchasable","20":"product-type-simple"},"_links":{"self":[{"href":"http:\/\/www.erun-tech.com\/es\/wp-json\/wp\/v2\/product\/14780","targetHints":{"allow":["GET"]}}],"collection":[{"href":"http:\/\/www.erun-tech.com\/es\/wp-json\/wp\/v2\/product"}],"about":[{"href":"http:\/\/www.erun-tech.com\/es\/wp-json\/wp\/v2\/types\/product"}],"replies":[{"embeddable":true,"href":"http:\/\/www.erun-tech.com\/es\/wp-json\/wp\/v2\/comments?post=14780"}],"wp:featuredmedia":[{"embeddable":true,"href":"http:\/\/www.erun-tech.com\/es\/wp-json\/wp\/v2\/media\/14781"}],"wp:attachment":[{"href":"http:\/\/www.erun-tech.com\/es\/wp-json\/wp\/v2\/media?parent=14780"}],"wp:term":[{"taxonomy":"product_brand","embeddable":true,"href":"http:\/\/www.erun-tech.com\/es\/wp-json\/wp\/v2\/product_brand?post=14780"},{"taxonomy":"product_cat","embeddable":true,"href":"http:\/\/www.erun-tech.com\/es\/wp-json\/wp\/v2\/product_cat?post=14780"},{"taxonomy":"product_tag","embeddable":true,"href":"http:\/\/www.erun-tech.com\/es\/wp-json\/wp\/v2\/product_tag?post=14780"}],"curies":[{"name":"wp","href":"https:\/\/api.w.org\/{rel}","templated":true}]}}