{"id":14796,"date":"2024-03-25T20:59:49","date_gmt":"2024-03-25T12:59:49","guid":{"rendered":"http:\/\/www.erun-tech.com\/?post_type=product&#038;p=14796"},"modified":"2024-03-27T21:05:54","modified_gmt":"2024-03-27T13:05:54","slug":"haiandiantaibiao","status":"publish","type":"product","link":"http:\/\/www.erun-tech.com\/es\/product\/haiandiantaibiao","title":{"rendered":"Tabla de estaciones de radio costeras"},"content":{"rendered":"<h2><\/h2>\n<h2 style=\"text-align: center;\">Tabla de estaciones de radio costeras<\/h2>\n<p>&nbsp;<\/p>\n<div><strong>Base jur\u00eddica: Normativa sobre la administraci\u00f3n de la formaci\u00f3n de la gente de mar de la Rep\u00fablica Popular China (Orden n.\u00ba 5 del Ministerio de Transporte, 2019).<\/strong><\/div>\n<div><strong>Categor\u00eda de producto: Formaci\u00f3n para capitanes, primeros oficiales y terceros oficiales<br \/>\n<\/strong><\/div>\n<div><strong>Nombre del producto: La mesa de radio costera<\/strong><\/div>\n<div><strong>Requisitos funcionales: Cumplir con los requisitos del programa de formaci\u00f3n.<\/strong><\/div>\n<div><strong>Cantidad especificada: 1 juego<\/strong><\/div>\n<div><\/div>\n<div>\n<p>Las instalaciones docentes para este curso deber\u00e1n cumplir con los requisitos del lugar especificados por la Administraci\u00f3n de Seguridad Mar\u00edtima de la Rep\u00fablica Popular China para la formaci\u00f3n de operadores generales del SMDSM.<\/p>\n<p>Requisitos de equipamiento y personal docente.<\/p>\n<p>1. Las instalaciones docentes deben incluir aulas te\u00f3ricas multimedia y salas de formaci\u00f3n equipadas con equipos de comunicaci\u00f3n en directo y simuladores.<\/p>\n<p>2. El equipo did\u00e1ctico y los simuladores estar\u00e1n equipados con estaciones de barco Inmarsat-C, estaciones de barco Inmarsat-F, equipo MF\/HF,<\/p>\n<p>Equipos VHF, receptores NAVTEX, receptores de fax meteorol\u00f3gicos, EPIRB, SART, radios VHF port\u00e1tiles bidireccionales, etc.<\/p>\n<p>Bater\u00edas de energ\u00eda de reserva para equipos y embarcaciones originales. Cuenta con una red compuesta por una unidad principal y 20 terminales, aprobada por la Administraci\u00f3n de Seguridad Mar\u00edtima.<\/p>\n<p>Simulador GMDSS para la red.<\/p>\n<p>3. Los requisitos de documentaci\u00f3n incluir\u00e1n el Convenio Internacional para la Seguridad de la Vida Humana en el Mar (SOLAS) de 1974 de la Organizaci\u00f3n Mar\u00edtima Internacional y el Convenio Internacional de Telecomunicaciones de la Uni\u00f3n Internacional de Telecomunicaciones.<\/p>\n<p>El Reglamento de Radiocomunicaciones de la Uni\u00f3n Internacional de Telecomunicaciones o el Manual del Servicio M\u00f3vil Mar\u00edtimo, la Lista de Estaciones de Buques, la Lista de Estaciones Costeras,<\/p>\n<p>Cuaderno de bit\u00e1cora de radio, programa de examen del SMDSM y especificaciones de evaluaci\u00f3n, tabla de se\u00f1ales de radio mar\u00edtimas (n.\u00ba 1, 3,<\/p>\n<p>Volumen 5) y el Formulario de registro de formaci\u00f3n pr\u00e1ctica del SMDSM, entre otros documentos.<\/p>\n<p>4.\u2002 Los instructores deben cumplir los siguientes criterios: \u2460\u2002 Haber completado la formaci\u00f3n sobre el funcionamiento del SMDSM organizada por la Administraci\u00f3n de Seguridad Mar\u00edtima de la Rep\u00fablica Popular China.<\/p>\n<p>\u2460 Formaci\u00f3n del personal; \u2461 Titulados en disciplinas relacionadas con las comunicaciones o la electr\u00f3nica, con una licenciatura o titulaci\u00f3n superior, y con certificaci\u00f3n de nivel junior.<\/p>\n<p>Poseer una titulaci\u00f3n profesional y tener al menos seis meses de experiencia docente en el conocimiento y funcionamiento del sistema SMDSM, o poseer al menos<\/p>\n<p>Pr\u00e1cticas de tres meses en comunicaciones mar\u00edtimas, habiendo superado el examen y la evaluaci\u00f3n de operador general del SMDSM; o estar en posesi\u00f3n de<\/p>\n<p>Certificado de competencia como oficial electr\u00f3nico, clase I y clase II, con no menos de seis meses de formaci\u00f3n en el conocimiento y funcionamiento del Sistema Mundial de Socorro y Seguridad Mar\u00edtimos (GMDSS).<\/p>\n<p>Experiencia en pr\u00e1cticas; o una licenciatura o t\u00edtulo superior en estudios mar\u00edtimos con una titulaci\u00f3n de oficial jefe de clase A o equivalente.<\/p>\n<p>Certificado de operador general GMDSS v\u00e1lido, con no menos de seis meses de formaci\u00f3n en conocimientos y funcionamiento del sistema GMDSS.<\/p>\n<p>Experiencia en pr\u00e1cticas.<\/p>\n<\/div>","protected":false},"excerpt":{"rendered":"<p>\u300a\u6d77\u5cb8\u7535\u53f0\u8868\u300b &nbsp; \u6cd5\u5f8b\u4f9d\u636e\uff1a\u300a\u4e2d\u534e\u4eba\u6c11\u5171\u548c\u56fd\u8239\u5458\u57f9\u8bad\u7ba1\u7406\u89c4\u5219\u300b\uff08\u4ea4\u901a\u8fd0\u8f93\u90e8\u4ee4 2019 \u5e74\u7b2c 5 &hellip;<\/p>","protected":false},"featured_media":14505,"comment_status":"open","ping_status":"closed","template":"","meta":[],"product_brand":[],"product_cat":[308],"product_tag":[356,341,340,337,336,339],"class_list":{"0":"post-14796","1":"product","2":"type-product","3":"status-publish","4":"has-post-thumbnail","6":"product_cat-mdssmoniqishixunshi","7":"product_tag-gmdssmoniqishixunshi","8":"product_tag-sanfu","9":"product_tag-dafu","10":"product_tag-chuanyuanpeixunneirong","11":"product_tag-chuanyuanpeixunshebei","12":"product_tag-chuanzhang","13":"description-off","15":"first","16":"instock","17":"taxable","18":"shipping-taxable","19":"purchasable","20":"product-type-simple"},"_links":{"self":[{"href":"http:\/\/www.erun-tech.com\/es\/wp-json\/wp\/v2\/product\/14796","targetHints":{"allow":["GET"]}}],"collection":[{"href":"http:\/\/www.erun-tech.com\/es\/wp-json\/wp\/v2\/product"}],"about":[{"href":"http:\/\/www.erun-tech.com\/es\/wp-json\/wp\/v2\/types\/product"}],"replies":[{"embeddable":true,"href":"http:\/\/www.erun-tech.com\/es\/wp-json\/wp\/v2\/comments?post=14796"}],"wp:featuredmedia":[{"embeddable":true,"href":"http:\/\/www.erun-tech.com\/es\/wp-json\/wp\/v2\/media\/14505"}],"wp:attachment":[{"href":"http:\/\/www.erun-tech.com\/es\/wp-json\/wp\/v2\/media?parent=14796"}],"wp:term":[{"taxonomy":"product_brand","embeddable":true,"href":"http:\/\/www.erun-tech.com\/es\/wp-json\/wp\/v2\/product_brand?post=14796"},{"taxonomy":"product_cat","embeddable":true,"href":"http:\/\/www.erun-tech.com\/es\/wp-json\/wp\/v2\/product_cat?post=14796"},{"taxonomy":"product_tag","embeddable":true,"href":"http:\/\/www.erun-tech.com\/es\/wp-json\/wp\/v2\/product_tag?post=14796"}],"curies":[{"name":"wp","href":"https:\/\/api.w.org\/{rel}","templated":true}]}}