{"id":14805,"date":"2024-03-25T21:20:19","date_gmt":"2024-03-25T13:20:19","guid":{"rendered":"http:\/\/www.erun-tech.com\/?post_type=product&#038;p=14805"},"modified":"2024-03-27T20:35:54","modified_gmt":"2024-03-27T12:35:54","slug":"jichengyi","status":"publish","type":"product","link":"http:\/\/www.erun-tech.com\/es\/product\/jichengyi","title":{"rendered":"tax\u00edmetro"},"content":{"rendered":"<h2><\/h2>\n<h2 style=\"text-align: center;\">tax\u00edmetro<\/h2>\n<div><strong>Base jur\u00eddica: Normativa sobre la administraci\u00f3n de la formaci\u00f3n de la gente de mar de la Rep\u00fablica Popular China (Orden n.\u00ba 5 del Ministerio de Transporte, 2019).<\/strong><\/div>\n<div><strong>Categor\u00eda de producto: Instrumentos n\u00e1uticos<br \/>\n<\/strong><\/div>\n<div><strong>\u4ea7\u54c1\u540d\u79f0\uff1a\u8ba1\u7a0b\u4eea<\/strong><\/div>\n<div><strong>Requisitos funcionales: Cumplir con los requisitos del programa de formaci\u00f3n.<\/strong><\/div>\n<div><strong>Cantidad especificada: 2 unidades<\/strong><\/div>\n<div><\/div>\n<div>\n<p><strong><b>\u6db2\u6676\u663e\u793a:<\/b><\/strong>7\u82f1\u5bf8TFT\uff0c480\u00d7234\u50cf\u7d20<br \/>\n<strong><b>\u7535\u6e90\u4f9b\u5e94:<\/b><\/strong>DC24V\uff081833V\uff09\uff0c20W<br \/>\n<strong><b>\u5bf9\u6c34\u901f\u5ea6:<\/b><\/strong>\u7bad\u5934+\u6570\u5b57\u663e\u793a<br \/>\n<strong><b>\u6570\u636e\u8f93\u51fa:<\/b><\/strong>IEC 61162-1 VBW\uff0cVLW<br \/>\n<strong><b>\u8bed\u8a00:<\/b><\/strong>\u82f1\u6587\/\u4e2d\u6587<br \/>\n<strong><b>\u91cc\u7a0b\u8ba1\u6570:<\/b><\/strong>0\u81f39999.99 NM<br \/>\n<strong><b>\u603b\u8ba1\u6570\u5668:<\/b><\/strong>0\u81f3999999.99 NM<br \/>\n<strong><b>\u8ddd\u79bb\u7cbe\u5ea6:<\/b><\/strong>0.2NM\u62162\uff05\uff0c\u4ee5\u8f83\u5927\u503c\u4e3a\u51c6<\/p>\n<p><strong><b>\u901f\u5ea6\u7cbe\u5ea6:<\/b><\/strong>0.2kn\u62162\uff05\uff0c\u4ee5\u8f83\u9ad8\u8005\u4e3a\u51c6<\/p>\n<p><strong><b>Simulador de se\u00f1ales:<\/b><\/strong>abarcar<\/p>\n<\/div>","protected":false},"excerpt":{"rendered":"<p>\u8ba1\u7a0b\u4eea \u6cd5\u5f8b\u4f9d\u636e\uff1a\u300a\u4e2d\u534e\u4eba\u6c11\u5171\u548c\u56fd\u8239\u5458\u57f9\u8bad\u7ba1\u7406\u89c4\u5219\u300b\uff08\u4ea4\u901a\u8fd0\u8f93\u90e8\u4ee4 2019 \u5e74\u7b2c 5 \u53f7\uff09 \u4ea7\u54c1\u5206\u7c7b\uff1a\u822a\u6d77\u4eea&hellip;<\/p>","protected":false},"featured_media":14806,"comment_status":"open","ping_status":"closed","template":"","meta":[],"product_brand":[],"product_cat":[309],"product_tag":[341,340,362,337,336,339,365,361],"class_list":{"0":"post-14805","1":"product","2":"type-product","3":"status-publish","4":"has-post-thumbnail","6":"product_cat-tongxindaohangshixunshi","7":"product_tag-sanfu","8":"product_tag-dafu","9":"product_tag-hanghaiyiqi","10":"product_tag-chuanyuanpeixunneirong","11":"product_tag-chuanyuanpeixunshebei","12":"product_tag-chuanzhang","13":"product_tag-jichengyi","14":"product_tag-tongxindaohangshixunshi","15":"description-off","17":"first","18":"instock","19":"taxable","20":"shipping-taxable","21":"purchasable","22":"product-type-simple"},"_links":{"self":[{"href":"http:\/\/www.erun-tech.com\/es\/wp-json\/wp\/v2\/product\/14805","targetHints":{"allow":["GET"]}}],"collection":[{"href":"http:\/\/www.erun-tech.com\/es\/wp-json\/wp\/v2\/product"}],"about":[{"href":"http:\/\/www.erun-tech.com\/es\/wp-json\/wp\/v2\/types\/product"}],"replies":[{"embeddable":true,"href":"http:\/\/www.erun-tech.com\/es\/wp-json\/wp\/v2\/comments?post=14805"}],"wp:featuredmedia":[{"embeddable":true,"href":"http:\/\/www.erun-tech.com\/es\/wp-json\/wp\/v2\/media\/14806"}],"wp:attachment":[{"href":"http:\/\/www.erun-tech.com\/es\/wp-json\/wp\/v2\/media?parent=14805"}],"wp:term":[{"taxonomy":"product_brand","embeddable":true,"href":"http:\/\/www.erun-tech.com\/es\/wp-json\/wp\/v2\/product_brand?post=14805"},{"taxonomy":"product_cat","embeddable":true,"href":"http:\/\/www.erun-tech.com\/es\/wp-json\/wp\/v2\/product_cat?post=14805"},{"taxonomy":"product_tag","embeddable":true,"href":"http:\/\/www.erun-tech.com\/es\/wp-json\/wp\/v2\/product_tag?post=14805"}],"curies":[{"name":"wp","href":"https:\/\/api.w.org\/{rel}","templated":true}]}}