{"id":14807,"date":"2024-03-25T21:41:10","date_gmt":"2024-03-25T13:41:10","guid":{"rendered":"http:\/\/www.erun-tech.com\/?post_type=product&#038;p=14807"},"modified":"2024-03-27T20:36:03","modified_gmt":"2024-03-27T12:36:03","slug":"ceshenyi","status":"publish","type":"product","link":"http:\/\/www.erun-tech.com\/es\/product\/ceshenyi","title":{"rendered":"Sonda ac\u00fastica"},"content":{"rendered":"<h2><\/h2>\n<h2 style=\"text-align: center;\">Sonda ac\u00fastica<\/h2>\n<div><strong>Base jur\u00eddica: Normativa sobre la administraci\u00f3n de la formaci\u00f3n de la gente de mar de la Rep\u00fablica Popular China (Orden n.\u00ba 5 del Ministerio de Transporte, 2019).<\/strong><\/div>\n<div><strong>Categor\u00eda de producto: Instrumentos n\u00e1uticos<br \/>\n<\/strong><\/div>\n<div><strong>Nombre del producto: Sonda<\/strong><\/div>\n<div><strong>Requisitos funcionales: Cumplir con los requisitos del programa de formaci\u00f3n.<\/strong><\/div>\n<div><strong>Cantidad especificada: 2 unidades<\/strong><\/div>\n<div><\/div>\n<div>\n<p>Pantalla: 10 pulgadas<br \/>\nFrecuencia de funcionamiento: 200KHz<br \/>\nPotencia de transmisi\u00f3n: 500 W<br \/>\nAlcance: 0-800M<br \/>\nAlcance del calado: 20M<br \/>\nAlarma de aguas poco profundas: 10M<br \/>\nModo de alarma: alarma sonora, alarma intermitente<br \/>\nVelocidad de lanzamiento: 10 veces\/segundo<\/p>\n<p><strong><b>Simulador de se\u00f1ales:<\/b><\/strong>abarcar<\/p>\n<\/div>","protected":false},"excerpt":{"rendered":"<p>\u6d4b\u6df1\u4eea \u6cd5\u5f8b\u4f9d\u636e\uff1a\u300a\u4e2d\u534e\u4eba\u6c11\u5171\u548c\u56fd\u8239\u5458\u57f9\u8bad\u7ba1\u7406\u89c4\u5219\u300b\uff08\u4ea4\u901a\u8fd0\u8f93\u90e8\u4ee4 2019 \u5e74\u7b2c 5 \u53f7\uff09 \u4ea7\u54c1\u5206\u7c7b\uff1a\u822a\u6d77\u4eea&hellip;<\/p>","protected":false},"featured_media":14808,"comment_status":"open","ping_status":"closed","template":"","meta":[],"product_brand":[],"product_cat":[309],"product_tag":[366,362,337,336,361],"class_list":{"0":"post-14807","1":"product","2":"type-product","3":"status-publish","4":"has-post-thumbnail","6":"product_cat-tongxindaohangshixunshi","7":"product_tag-ceshenyi","8":"product_tag-hanghaiyiqi","9":"product_tag-chuanyuanpeixunneirong","10":"product_tag-chuanyuanpeixunshebei","11":"product_tag-tongxindaohangshixunshi","12":"description-off","14":"first","15":"instock","16":"taxable","17":"shipping-taxable","18":"purchasable","19":"product-type-simple"},"_links":{"self":[{"href":"http:\/\/www.erun-tech.com\/es\/wp-json\/wp\/v2\/product\/14807","targetHints":{"allow":["GET"]}}],"collection":[{"href":"http:\/\/www.erun-tech.com\/es\/wp-json\/wp\/v2\/product"}],"about":[{"href":"http:\/\/www.erun-tech.com\/es\/wp-json\/wp\/v2\/types\/product"}],"replies":[{"embeddable":true,"href":"http:\/\/www.erun-tech.com\/es\/wp-json\/wp\/v2\/comments?post=14807"}],"wp:featuredmedia":[{"embeddable":true,"href":"http:\/\/www.erun-tech.com\/es\/wp-json\/wp\/v2\/media\/14808"}],"wp:attachment":[{"href":"http:\/\/www.erun-tech.com\/es\/wp-json\/wp\/v2\/media?parent=14807"}],"wp:term":[{"taxonomy":"product_brand","embeddable":true,"href":"http:\/\/www.erun-tech.com\/es\/wp-json\/wp\/v2\/product_brand?post=14807"},{"taxonomy":"product_cat","embeddable":true,"href":"http:\/\/www.erun-tech.com\/es\/wp-json\/wp\/v2\/product_cat?post=14807"},{"taxonomy":"product_tag","embeddable":true,"href":"http:\/\/www.erun-tech.com\/es\/wp-json\/wp\/v2\/product_tag?post=14807"}],"curies":[{"name":"wp","href":"https:\/\/api.w.org\/{rel}","templated":true}]}}