{"id":14814,"date":"2024-03-25T21:49:27","date_gmt":"2024-03-25T13:49:27","guid":{"rendered":"http:\/\/www.erun-tech.com\/?post_type=product&#038;p=14814"},"modified":"2024-03-27T20:36:31","modified_gmt":"2024-03-27T12:36:31","slug":"chuanbozidongshibiexitongchuantai","status":"publish","type":"product","link":"http:\/\/www.erun-tech.com\/es\/product\/chuanbozidongshibiexitongchuantai","title":{"rendered":"Sistema de identificaci\u00f3n autom\u00e1tica de buques Muelle"},"content":{"rendered":"<h2><\/h2>\n<h2 style=\"text-align: center;\">Sistema de identificaci\u00f3n autom\u00e1tica de buques Muelle<\/h2>\n<div><strong>Base jur\u00eddica: Normativa sobre la administraci\u00f3n de la formaci\u00f3n de la gente de mar de la Rep\u00fablica Popular China (Orden n.\u00ba 5 del Ministerio de Transporte, 2019).<\/strong><\/div>\n<div><strong>Categor\u00eda de producto: Instrumentos n\u00e1uticos<br \/>\n<\/strong><\/div>\n<div><strong>Nombre del producto: Sistema de identificaci\u00f3n autom\u00e1tica de buques en muelle<\/strong><\/div>\n<div><strong>Requisitos funcionales: Cumplir con los requisitos del programa de formaci\u00f3n.<\/strong><\/div>\n<div><strong>Cantidad especificada: 4 unidades<\/strong><\/div>\n<div><\/div>\n<div><\/div>\n<p>Instrumentos de navegaci\u00f3n es un m\u00f3dulo de competencias b\u00e1sicas dentro del programa de formaci\u00f3n profesional superior de cinco a\u00f1os de duraci\u00f3n en tecnolog\u00eda de navegaci\u00f3n mar\u00edtima, y tambi\u00e9n constituye una de las asignaturas del examen pr\u00e1ctico para obtener el Certificado de Competencia de Tercer Oficial. A trav\u00e9s de este curso, los estudiantes adquieren principalmente conocimientos sobre las funciones fundamentales, la composici\u00f3n, la estructura, los principios, el funcionamiento y el mantenimiento de los instrumentos de navegaci\u00f3n. Cultiva las competencias b\u00e1sicas de los estudiantes en el uso y mantenimiento de dichos instrumentos, dot\u00e1ndolos de la destreza esencial que se requiere de los oficiales de navegaci\u00f3n en el manejo de los instrumentos de navegaci\u00f3n. Su m\u00f3dulo previo es Instrumentos de navegaci\u00f3n.<\/p>\n<p><strong>Cumple con la norma 61993-2 de la Comisi\u00f3n Electrot\u00e9cnica Internacional (IEC). Para la formaci\u00f3n de la tripulaci\u00f3n en buques de menos de 500 toneladas de arqueo bruto que operan en aguas costeras, la configuraci\u00f3n puede incluir un sistema de identificaci\u00f3n autom\u00e1tica (AIS) de clase B a bordo que cumpla con las normas nacionales o con la norma 62287-1 de la Comisi\u00f3n Electrot\u00e9cnica Internacional (IEC).<\/strong><\/p>\n<p>Rango de frecuencia:<\/p>\n<p>156,025 a 162,025 MHz (banda completa)<\/p>\n<p>Canales predeterminados: AIS 1, AIS 2<\/p>\n<p>Ancho de banda: 25 kHz<\/p>\n<p>Potencia de salida: 2 W<\/p>\n<p>Modo de comunicaci\u00f3n: CSTDMA<\/p>\n<p>Sensibilidad del receptor: -112 dBm<\/p>\n<p>Interfaz de datos: RS-232\/RS-422, NMEA-0183, 38 400 bps<\/p>\n<p>Formato\/velocidad de salida de datos:<\/p>\n<p>NMEA-0183, 38 400 bps<\/p>\n<p>Tensi\u00f3n de alimentaci\u00f3n: 24 V CC (rango 12-38 V)<\/p>\n<p>Dimensiones f\u00edsicas: 81 (alto) x 174 (ancho) x 160 (profundidad) mm (unidad principal)<\/p>\n<p>Peso: 1,4 kg (unidad principal)<\/p>\n<p>\u00cdndice de protecci\u00f3n: IP22 (unidad principal, instrumento de navegaci\u00f3n por sat\u00e9lite), IP66 (antena)<\/p>","protected":false},"excerpt":{"rendered":"<p>\u8239\u8236\u81ea\u52a8\u8bc6\u522b\u7cfb\u7edf\u8239\u53f0 \u6cd5\u5f8b\u4f9d\u636e\uff1a\u300a\u4e2d\u534e\u4eba\u6c11\u5171\u548c\u56fd\u8239\u5458\u57f9\u8bad\u7ba1\u7406\u89c4\u5219\u300b\uff08\u4ea4\u901a\u8fd0\u8f93\u90e8\u4ee4 2019 \u5e74\u7b2c 5 \u53f7\uff09 \u4ea7&hellip;<\/p>","protected":false},"featured_media":14815,"comment_status":"open","ping_status":"closed","template":"","meta":[],"product_brand":[],"product_cat":[309],"product_tag":[362,337,336,369,361,368],"class_list":{"0":"post-14814","1":"product","2":"type-product","3":"status-publish","4":"has-post-thumbnail","6":"product_cat-tongxindaohangshixunshi","7":"product_tag-hanghaiyiqi","8":"product_tag-chuanyuanpeixunneirong","9":"product_tag-chuanyuanpeixunshebei","10":"product_tag-chuanbozidongshibiexitongchuantai","11":"product_tag-tongxindaohangshixunshi","12":"product_tag-tuoluoluojing","13":"description-off","15":"first","16":"instock","17":"taxable","18":"shipping-taxable","19":"purchasable","20":"product-type-simple"},"_links":{"self":[{"href":"http:\/\/www.erun-tech.com\/es\/wp-json\/wp\/v2\/product\/14814","targetHints":{"allow":["GET"]}}],"collection":[{"href":"http:\/\/www.erun-tech.com\/es\/wp-json\/wp\/v2\/product"}],"about":[{"href":"http:\/\/www.erun-tech.com\/es\/wp-json\/wp\/v2\/types\/product"}],"replies":[{"embeddable":true,"href":"http:\/\/www.erun-tech.com\/es\/wp-json\/wp\/v2\/comments?post=14814"}],"wp:featuredmedia":[{"embeddable":true,"href":"http:\/\/www.erun-tech.com\/es\/wp-json\/wp\/v2\/media\/14815"}],"wp:attachment":[{"href":"http:\/\/www.erun-tech.com\/es\/wp-json\/wp\/v2\/media?parent=14814"}],"wp:term":[{"taxonomy":"product_brand","embeddable":true,"href":"http:\/\/www.erun-tech.com\/es\/wp-json\/wp\/v2\/product_brand?post=14814"},{"taxonomy":"product_cat","embeddable":true,"href":"http:\/\/www.erun-tech.com\/es\/wp-json\/wp\/v2\/product_cat?post=14814"},{"taxonomy":"product_tag","embeddable":true,"href":"http:\/\/www.erun-tech.com\/es\/wp-json\/wp\/v2\/product_tag?post=14814"}],"curies":[{"name":"wp","href":"https:\/\/api.w.org\/{rel}","templated":true}]}}