{"id":14822,"date":"2024-03-25T22:02:55","date_gmt":"2024-03-25T14:02:55","guid":{"rendered":"http:\/\/www.erun-tech.com\/?post_type=product&#038;p=14822"},"modified":"2024-03-27T20:37:19","modified_gmt":"2024-03-27T12:37:19","slug":"qixiangchuanzhenjieshouji","status":"publish","type":"product","link":"http:\/\/www.erun-tech.com\/es\/product\/qixiangchuanzhenjieshouji","title":{"rendered":"Receptor de fax meteorol\u00f3gico"},"content":{"rendered":"<h2><\/h2>\n<h2 style=\"text-align: center;\">Receptor de fax meteorol\u00f3gico<\/h2>\n<div><strong>Base jur\u00eddica: Normativa sobre la administraci\u00f3n de la formaci\u00f3n de la gente de mar de la Rep\u00fablica Popular China (Orden n.\u00ba 5 del Ministerio de Transporte, 2019).<\/strong><\/div>\n<div><strong>Categor\u00eda de producto: Instrumentos n\u00e1uticos<br \/>\n<\/strong><\/div>\n<div><strong>Nombre del producto: Receptor de fax meteorol\u00f3gico<\/strong><\/div>\n<div><strong>Requisitos funcionales: Cumplir con los requisitos del programa de formaci\u00f3n.<\/strong><\/div>\n<div><strong>Cantidad especificada: 2 unidades<\/strong><\/div>\n<div><\/div>\n<div><\/div>\n<p>Instrumentos de navegaci\u00f3n es un m\u00f3dulo de competencias b\u00e1sicas dentro del programa de formaci\u00f3n profesional superior de cinco a\u00f1os de duraci\u00f3n en tecnolog\u00eda de navegaci\u00f3n mar\u00edtima, y tambi\u00e9n constituye una de las asignaturas del examen pr\u00e1ctico para obtener el Certificado de Competencia de Tercer Oficial. A trav\u00e9s de este curso, los estudiantes adquieren principalmente conocimientos sobre las funciones fundamentales, la composici\u00f3n, la estructura, los principios, el funcionamiento y el mantenimiento de los instrumentos de navegaci\u00f3n. Cultiva las competencias b\u00e1sicas de los estudiantes en el uso y mantenimiento de dichos instrumentos, dot\u00e1ndolos de la destreza esencial que se requiere de los oficiales de navegaci\u00f3n en el manejo de los instrumentos de navegaci\u00f3n. Su m\u00f3dulo previo es Instrumentos de navegaci\u00f3n.<\/p>\n<p>&nbsp;<\/p>\n<p>Pantalla LCD de 15 pulgadas, capaz de recibir im\u00e1genes meteorol\u00f3gicas por fax incluso en condiciones clim\u00e1ticas variables.<br \/>\nUn total de 900 canales, que incluyen 330 canales preprogramados y 570 canales programables por el usuario.<br \/>\nLas im\u00e1genes se pueden ampliar y girar, y los datos localizados se muestran con claridad y precisi\u00f3n.<br \/>\nCuenta con 32 temporizadores integrados para la recepci\u00f3n autom\u00e1tica de datos programada.<\/p>\n<p>Fax meteorol\u00f3gico SFX508 Receptor de fax meteorol\u00f3gico Fax meteorol\u00f3gico sin funci\u00f3n de impresi\u00f3n<br \/>\nFACSIMILE METEOROL\u00d3GICO<br \/>\nEspecificaciones t\u00e9cnicas<br \/>\nPantalla LCD TFT de 15 pulgadas con colores reales<br \/>\nRango de frecuencia: 2,000\u201324,9999 MHz<br \/>\nModo de recepci\u00f3n: F3C<br \/>\nN\u00famero de canales: 900<br \/>\n\u00cdndice de cooperaci\u00f3n: 576\/288<br \/>\nVelocidad de escaneo: 60, 90 o 120 rpm<br \/>\nFuente de alimentaci\u00f3n: 24 V CC (\u00b120 %)<br \/>\nDimensiones: 382 \u00d7 404 \u00d7 110 mm<\/p>","protected":false},"excerpt":{"rendered":"<p>\u6c14\u8c61\u4f20\u771f\u63a5\u6536\u673a \u6cd5\u5f8b\u4f9d\u636e\uff1a\u300a\u4e2d\u534e\u4eba\u6c11\u5171\u548c\u56fd\u8239\u5458\u57f9\u8bad\u7ba1\u7406\u89c4\u5219\u300b\uff08\u4ea4\u901a\u8fd0\u8f93\u90e8\u4ee4 2019 \u5e74\u7b2c 5 \u53f7\uff09 \u4ea7\u54c1\u5206\u7c7b&hellip;<\/p>","protected":false},"featured_media":14823,"comment_status":"open","ping_status":"closed","template":"","meta":[],"product_brand":[],"product_cat":[309],"product_tag":[371,372,362,337,336,361],"class_list":{"0":"post-14822","1":"product","2":"type-product","3":"status-publish","4":"has-post-thumbnail","6":"product_cat-tongxindaohangshixunshi","7":"product_tag-shuziqixiangyi","8":"product_tag-qixiangchuanzhenjieshouji","9":"product_tag-hanghaiyiqi","10":"product_tag-chuanyuanpeixunneirong","11":"product_tag-chuanyuanpeixunshebei","12":"product_tag-tongxindaohangshixunshi","13":"description-off","15":"first","16":"instock","17":"taxable","18":"shipping-taxable","19":"purchasable","20":"product-type-simple"},"_links":{"self":[{"href":"http:\/\/www.erun-tech.com\/es\/wp-json\/wp\/v2\/product\/14822","targetHints":{"allow":["GET"]}}],"collection":[{"href":"http:\/\/www.erun-tech.com\/es\/wp-json\/wp\/v2\/product"}],"about":[{"href":"http:\/\/www.erun-tech.com\/es\/wp-json\/wp\/v2\/types\/product"}],"replies":[{"embeddable":true,"href":"http:\/\/www.erun-tech.com\/es\/wp-json\/wp\/v2\/comments?post=14822"}],"wp:featuredmedia":[{"embeddable":true,"href":"http:\/\/www.erun-tech.com\/es\/wp-json\/wp\/v2\/media\/14823"}],"wp:attachment":[{"href":"http:\/\/www.erun-tech.com\/es\/wp-json\/wp\/v2\/media?parent=14822"}],"wp:term":[{"taxonomy":"product_brand","embeddable":true,"href":"http:\/\/www.erun-tech.com\/es\/wp-json\/wp\/v2\/product_brand?post=14822"},{"taxonomy":"product_cat","embeddable":true,"href":"http:\/\/www.erun-tech.com\/es\/wp-json\/wp\/v2\/product_cat?post=14822"},{"taxonomy":"product_tag","embeddable":true,"href":"http:\/\/www.erun-tech.com\/es\/wp-json\/wp\/v2\/product_tag?post=14822"}],"curies":[{"name":"wp","href":"https:\/\/api.w.org\/{rel}","templated":true}]}}