{"id":14830,"date":"2024-03-25T22:21:24","date_gmt":"2024-03-25T14:21:24","guid":{"rendered":"http:\/\/www.erun-tech.com\/?post_type=product&#038;p=14830"},"modified":"2024-03-27T22:06:33","modified_gmt":"2024-03-27T14:06:33","slug":"soujiuleidayingdaqi","status":"publish","type":"product","link":"http:\/\/www.erun-tech.com\/es\/product\/soujiuleidayingdaqi","title":{"rendered":"Transpondedor de radar para b\u00fasqueda y rescate"},"content":{"rendered":"<h2><\/h2>\n<h2 style=\"text-align: center;\">Transpondedor de radar para b\u00fasqueda y rescate<\/h2>\n<div><strong>Base jur\u00eddica: Normativa sobre la administraci\u00f3n de la formaci\u00f3n de la gente de mar de la Rep\u00fablica Popular China (Orden n.\u00ba 5 del Ministerio de Transporte, 2019).<\/strong><\/div>\n<div><strong>Categor\u00eda de producto: Instrumentos n\u00e1uticos<br \/>\n<\/strong><\/div>\n<div><strong>Nombre del producto: Transpondedor de radar de b\u00fasqueda y rescate<\/strong><\/div>\n<div><strong>Requisitos funcionales: Cumplir con los requisitos del programa de formaci\u00f3n.<\/strong><\/div>\n<div><strong>Cantidad especificada: 2 unidades<\/strong><\/div>\n<div><\/div>\n<div><\/div>\n<p>Instrumentos de navegaci\u00f3n es un m\u00f3dulo de competencias b\u00e1sicas dentro del programa de formaci\u00f3n profesional superior de cinco a\u00f1os de duraci\u00f3n en tecnolog\u00eda de navegaci\u00f3n mar\u00edtima, y tambi\u00e9n constituye una de las asignaturas del examen pr\u00e1ctico para obtener el Certificado de Competencia de Tercer Oficial. A trav\u00e9s de este curso, los estudiantes adquieren principalmente conocimientos sobre las funciones fundamentales, la composici\u00f3n, la estructura, los principios, el funcionamiento y el mantenimiento de los instrumentos de navegaci\u00f3n. Cultiva las competencias b\u00e1sicas de los estudiantes en el uso y mantenimiento de dichos instrumentos, dot\u00e1ndolos de la destreza esencial que se requiere de los oficiales de navegaci\u00f3n en el manejo de los instrumentos de navegaci\u00f3n. Su m\u00f3dulo previo es Instrumentos de navegaci\u00f3n.<\/p>\n<p>&nbsp;<\/p>\n<p>\u3010Caracter\u00edsticas de rendimiento\u3011<\/p>\n<p>- El NRT-1000 es un dispositivo de comunicaci\u00f3n de emergencia para botes salvavidas (balsas) con un dise\u00f1o de bajo consumo que garantiza que el dispositivo pueda funcionar de forma continua durante m\u00e1s de 96 horas.<\/p>\n<p>- El NRT-1000 recibe un disparo de la se\u00f1al de radar de 9 GHz y transmite autom\u00e1ticamente una se\u00f1al de impulsos que crea 12 puntos en la pantalla del radar para localizar la posici\u00f3n de la balsa salvavidas en apuros.<\/p>\n<p>- El NRT-1000 cumple las normas IMO A.802(19), IEC 61097-1 y otras normas y est\u00e1ndares internacionales.<\/p>\n<p>- Obtenci\u00f3n del certificado de homologaci\u00f3n CCS.<\/p>\n<p>- Recibido el certificado de homologaci\u00f3n RS.<\/p>\n<p>Rendimiento operativo<\/p>\n<p>Frecuencia de transmisi\u00f3n:<\/p>\n<p>9,2 a 9,5 GHz<\/p>\n<p>Direcci\u00f3n de polarizaci\u00f3n: polarizaci\u00f3n horizontal<\/p>\n<p>Potencia de transmisi\u00f3n:<\/p>\n<p>400mW E.I.R.P<\/p>\n<p>Sensibilidad de recepci\u00f3n:<\/p>\n<p>Mejor que -50dBm<\/p>\n<p>Requisitos de la bater\u00eda<\/p>\n<p>Modelo de bater\u00eda: NBT100S<\/p>\n<p>Voltaje de la bater\u00eda: 9 V CC<\/p>\n<p>Temperatura de almacenamiento: -30\u00b0C ~ +70\u00b0C<\/p>\n<p>Periodo de almacenamiento: m\u00e1ximo 5 a\u00f1os desde la fecha de carga (m\u00e1s un a\u00f1o de almacenamiento).<\/p>\n<p>Tiempo de lanzamiento: m\u00e1s de 96 horas<\/p>\n<p>Entorno de trabajo<\/p>\n<p>Temperatura de trabajo: -20\u2103 ~ +55\u2103<\/p>\n<p>\u00cdndice de protecci\u00f3n: IP67<\/p>\n<p>Peso y dimensiones<\/p>\n<p>Peso: 750 g<\/p>\n<p>Dimensiones: 95 (profundidad) \u00d7 377 (altura) mm<\/p>","protected":false},"excerpt":{"rendered":"<p>\u641c\u6551\u96f7\u8fbe\u5e94\u7b54\u5668 \u6cd5\u5f8b\u4f9d\u636e\uff1a\u300a\u4e2d\u534e\u4eba\u6c11\u5171\u548c\u56fd\u8239\u5458\u57f9\u8bad\u7ba1\u7406\u89c4\u5219\u300b\uff08\u4ea4\u901a\u8fd0\u8f93\u90e8\u4ee4 2019 \u5e74\u7b2c 5 \u53f7\uff09 \u4ea7\u54c1\u5206\u7c7b&hellip;<\/p>","protected":false},"featured_media":14831,"comment_status":"open","ping_status":"closed","template":"","meta":[],"product_brand":[],"product_cat":[322,309],"product_tag":[374,204,375,362,337,336,361],"class_list":{"0":"post-14830","1":"product","2":"type-product","3":"status-publish","4":"has-post-thumbnail","6":"product_cat-haishangjiaotonganquanjinengpeixun","7":"product_cat-tongxindaohangshixunshi","8":"product_tag-shuangxiangshengaopinwuxiandianhuazhuangzhi","9":"product_tag-soujiuleidayingdaqi","10":"product_tag-shengaopinwuxiandianhuashebei","11":"product_tag-hanghaiyiqi","12":"product_tag-chuanyuanpeixunneirong","13":"product_tag-chuanyuanpeixunshebei","14":"product_tag-tongxindaohangshixunshi","15":"description-off","17":"first","18":"instock","19":"taxable","20":"shipping-taxable","21":"purchasable","22":"product-type-simple"},"_links":{"self":[{"href":"http:\/\/www.erun-tech.com\/es\/wp-json\/wp\/v2\/product\/14830","targetHints":{"allow":["GET"]}}],"collection":[{"href":"http:\/\/www.erun-tech.com\/es\/wp-json\/wp\/v2\/product"}],"about":[{"href":"http:\/\/www.erun-tech.com\/es\/wp-json\/wp\/v2\/types\/product"}],"replies":[{"embeddable":true,"href":"http:\/\/www.erun-tech.com\/es\/wp-json\/wp\/v2\/comments?post=14830"}],"wp:featuredmedia":[{"embeddable":true,"href":"http:\/\/www.erun-tech.com\/es\/wp-json\/wp\/v2\/media\/14831"}],"wp:attachment":[{"href":"http:\/\/www.erun-tech.com\/es\/wp-json\/wp\/v2\/media?parent=14830"}],"wp:term":[{"taxonomy":"product_brand","embeddable":true,"href":"http:\/\/www.erun-tech.com\/es\/wp-json\/wp\/v2\/product_brand?post=14830"},{"taxonomy":"product_cat","embeddable":true,"href":"http:\/\/www.erun-tech.com\/es\/wp-json\/wp\/v2\/product_cat?post=14830"},{"taxonomy":"product_tag","embeddable":true,"href":"http:\/\/www.erun-tech.com\/es\/wp-json\/wp\/v2\/product_tag?post=14830"}],"curies":[{"name":"wp","href":"https:\/\/api.w.org\/{rel}","templated":true}]}}