{"id":14836,"date":"2024-03-25T22:30:12","date_gmt":"2024-03-25T14:30:12","guid":{"rendered":"http:\/\/www.erun-tech.com\/?post_type=product&#038;p=14836"},"modified":"2024-03-27T20:38:19","modified_gmt":"2024-03-27T12:38:19","slug":"zifushiweixingjinjiwuxiandianshiweibiaoshebei","status":"publish","type":"product","link":"http:\/\/www.erun-tech.com\/es\/product\/zifushiweixingjinjiwuxiandianshiweibiaoshebei","title":{"rendered":"Radiobaliza de emergencia satelital autoflotante"},"content":{"rendered":"<h2><\/h2>\n<h2 style=\"text-align: center;\">Radiobaliza de emergencia satelital autoflotante<\/h2>\n<div><strong>Base jur\u00eddica: Normativa sobre la administraci\u00f3n de la formaci\u00f3n de la gente de mar de la Rep\u00fablica Popular China (Orden n.\u00ba 5 del Ministerio de Transporte, 2019).<\/strong><\/div>\n<div><strong>Categor\u00eda de producto: Instrumentos n\u00e1uticos<br \/>\n<\/strong><\/div>\n<div><strong>\u4ea7\u54c1\u540d\u79f0\uff1a\u81ea\u6d6e\u5f0f\u536b\u661f\u7d27\u6025\u65e0\u7ebf\u7535\u793a\u4f4d\u6807\u8bbe\u5907<\/strong><\/div>\n<div><strong>Requisitos funcionales: Cumplir con los requisitos del programa de formaci\u00f3n.<\/strong><\/div>\n<div><strong>Cantidad especificada: 2 unidades<\/strong><\/div>\n<div><\/div>\n<div><\/div>\n<p>Instrumentos de navegaci\u00f3n es un m\u00f3dulo de competencias b\u00e1sicas dentro del programa de formaci\u00f3n profesional superior de cinco a\u00f1os de duraci\u00f3n en tecnolog\u00eda de navegaci\u00f3n mar\u00edtima, y tambi\u00e9n constituye una de las asignaturas del examen pr\u00e1ctico para obtener el Certificado de Competencia de Tercer Oficial. A trav\u00e9s de este curso, los estudiantes adquieren principalmente conocimientos sobre las funciones fundamentales, la composici\u00f3n, la estructura, los principios, el funcionamiento y el mantenimiento de los instrumentos de navegaci\u00f3n. Cultiva las competencias b\u00e1sicas de los estudiantes en el uso y mantenimiento de dichos instrumentos, dot\u00e1ndolos de la destreza esencial que se requiere de los oficiales de navegaci\u00f3n en el manejo de los instrumentos de navegaci\u00f3n. Su m\u00f3dulo previo es Instrumentos de navegaci\u00f3n.<\/p>\n<p>&nbsp;<\/p>\n<p><strong>Caracter\u00edsticas de rendimiento<\/strong><\/p>\n<p>\u521b\u65b0\u8bbe\u8ba1\uff0c\u53d6\u653e\u66f4\u7b80\u4fbf\u3002<\/p>\n<p>\u6d4b\u8bd5\u5b8c\u6210\u81ea\u52a8\u5207\u65ad\u4f9b\u7535\u3002<\/p>\n<p>\u591a\u91cd\u4fdd\u62a4\u8bbe\u8ba1\uff0c\u907f\u514d\u8bef\u62a5\u8b66\u3002<\/p>\n<p>\u5185\u7f6e\u9ad8\u7cbe\u5ea6\u5b9a\u4f4d\u6a21\u5757\uff0c\u62a5\u8b66\u4f4d\u7f6e\u66f4\u7cbe\u51c6\u3002<\/p>\n<p>\u4f4e\u529f\u8017\u8bbe\u8ba1\uff0c\u7535\u6c60\u4f7f\u7528\u65f6\u95f4\u66f4\u957f\u3002<\/p>\n<p>Obtenci\u00f3n de los certificados de homologaci\u00f3n CCS\/DNV\/RS.<\/p>\n<p><strong>\u3010 \u6280\u672f\u6307\u6807<\/strong> \u3011<\/p>\n<p>\u6750\u6599\uff1a<\/p>\n<p>\u7279\u6b8a\u5de5\u7a0b\u5851\u6599<\/p>\n<p>\u53ef\u89c6\u8272\uff1a\u5916\u58f3\u9192\u76ee\u9a8c\u6536\uff1a\u6a58\u8272\uff0c\u6c34\u9762\u9732\u51fa\u90e8\u5206\u53cd\u5149\uff0c\u9ad8\u4eae\u95ea\u706f\uff080.75cd\uff09\u6bcf\u5206\u949f20\u6b21<\/p>\n<p>\u00cdndice de protecci\u00f3n: IP67<\/p>\n<p>\u53ef\u6d6e\u6027\uff1a\u6c34\u4e2d\u4e0a\u6d6e<\/p>\n<p>\u81ea\u52a8\u6027\uff1a<\/p>\n<p>\u81ea\u52a8\u91ca\u653e\uff08\u6c89\u5165\u6c34\u4e0b4\u7c73\uff09<\/p>\n<p>\u81ea\u52a8\u62a5\u8b66\uff08\u6d77\u6c34\u5f00\u5173\u5bfc\u901a\uff09<\/p>\n<p>\u9644\u4ef6\uff1a\u91ca\u653e\u5668\u3001\u7ef3\u7ebf\uff087m\uff09<\/p>\n<p>\u7269\u7406<\/p>\n<p>\u91cd\u91cf\uff1a1.8 kg\uff08\u4fe1\u6807\uff09\uff0c1.6 kg\uff08\u5916\u7bb1\uff09<\/p>\n<p>\u5c3a\u5bf8\uff1a<\/p>\n<p>116 (W)\u00d7710 (H)\u00d7100 (D) mm\uff08\u4fe1\u6807\uff09\uff0c220 (W)\u00d7415 (H)\u00d7144 (D) mm\uff08\u5916\u7bb1\uff09<\/p>\n<p>406 MHz \u53d1\u5c04\u673a<\/p>\n<p>\u5de5\u4f5c\u9891\u7387\uff1a406.040MHz<\/p>\n<p>\u53d1\u5c04\u529f\u7387\uff1a5W \u00b1 2dB<\/p>\n<p>121.5 MHz \u53d1\u5c04\u673a<\/p>\n<p>\u5de5\u4f5c\u9891\u7387\uff1a121.5MHz<\/p>\n<p>\u53d1\u5c04\u529f\u7387\uff1a50mW \u00b1 3dB PERP<\/p>\n<p>GNSS\u63a5\u6536\u673a<\/p>\n<p>\u7c7b\u578b\uff1a\u5185\u7f6eGNSS\u5929\u7ebf<\/p>\n<p>\u4e2d\u5fc3\u9891\u7387\uff1a L1-1575.42MHz<\/p>\n<p>\u7535\u6c60<\/p>\n<p>\u7535\u6c60\u7535\u538b\uff1a14.4 V (4\u8282\u7535\u6c60)<\/p>\n<p>Periodo de almacenamiento: m\u00e1ximo 5 a\u00f1os desde la fecha de carga (m\u00e1s un a\u00f1o de almacenamiento).<\/p>\n<p>\u8fde\u7eed\u5de5\u4f5c\u65f6\u95f4\uff1a\u226548\u5c0f\u65f6\uff08-20\u2103\u6761\u4ef6\u4e0b\uff09<\/p>\n<p>\u73af\u5883<\/p>\n<p>\u5de5\u4f5c\u6e29\u5ea6\uff1a-20\u2103 \uff5e +55\u2103<\/p>\n<p>\u5b58\u653e\u6e29\u5ea6\uff1a-30\u2103 \uff5e +70\u2103<\/p>","protected":false},"excerpt":{"rendered":"<p>\u81ea\u6d6e\u5f0f\u536b\u661f\u7d27\u6025\u65e0\u7ebf\u7535\u793a\u4f4d\u6807\u8bbe\u5907 \u6cd5\u5f8b\u4f9d\u636e\uff1a\u300a\u4e2d\u534e\u4eba\u6c11\u5171\u548c\u56fd\u8239\u5458\u57f9\u8bad\u7ba1\u7406\u89c4\u5219\u300b\uff08\u4ea4\u901a\u8fd0\u8f93\u90e8\u4ee4 2019 \u5e74\u7b2c 5&hellip;<\/p>","protected":false},"featured_media":14837,"comment_status":"open","ping_status":"closed","template":"","meta":[],"product_brand":[],"product_cat":[309],"product_tag":[376,204,378,362,377,337,336,361],"class_list":{"0":"post-14836","1":"product","2":"type-product","3":"status-publish","4":"has-post-thumbnail","6":"product_cat-tongxindaohangshixunshi","7":"product_tag-aissoujiuleidayingdaqi","8":"product_tag-soujiuleidayingdaqi","9":"product_tag-zifushiweixingjinjiwuxiandianshiweibiaoshebei","10":"product_tag-hanghaiyiqi","11":"product_tag-hangxingjinggaojieshouji","12":"product_tag-chuanyuanpeixunneirong","13":"product_tag-chuanyuanpeixunshebei","14":"product_tag-tongxindaohangshixunshi","15":"description-off","17":"first","18":"instock","19":"taxable","20":"shipping-taxable","21":"purchasable","22":"product-type-simple"},"_links":{"self":[{"href":"http:\/\/www.erun-tech.com\/es\/wp-json\/wp\/v2\/product\/14836","targetHints":{"allow":["GET"]}}],"collection":[{"href":"http:\/\/www.erun-tech.com\/es\/wp-json\/wp\/v2\/product"}],"about":[{"href":"http:\/\/www.erun-tech.com\/es\/wp-json\/wp\/v2\/types\/product"}],"replies":[{"embeddable":true,"href":"http:\/\/www.erun-tech.com\/es\/wp-json\/wp\/v2\/comments?post=14836"}],"wp:featuredmedia":[{"embeddable":true,"href":"http:\/\/www.erun-tech.com\/es\/wp-json\/wp\/v2\/media\/14837"}],"wp:attachment":[{"href":"http:\/\/www.erun-tech.com\/es\/wp-json\/wp\/v2\/media?parent=14836"}],"wp:term":[{"taxonomy":"product_brand","embeddable":true,"href":"http:\/\/www.erun-tech.com\/es\/wp-json\/wp\/v2\/product_brand?post=14836"},{"taxonomy":"product_cat","embeddable":true,"href":"http:\/\/www.erun-tech.com\/es\/wp-json\/wp\/v2\/product_cat?post=14836"},{"taxonomy":"product_tag","embeddable":true,"href":"http:\/\/www.erun-tech.com\/es\/wp-json\/wp\/v2\/product_tag?post=14836"}],"curies":[{"name":"wp","href":"https:\/\/api.w.org\/{rel}","templated":true}]}}