{"id":14842,"date":"2024-03-25T22:40:39","date_gmt":"2024-03-25T14:40:39","guid":{"rendered":"http:\/\/www.erun-tech.com\/?post_type=product&#038;p=14842"},"modified":"2024-03-27T20:38:51","modified_gmt":"2024-03-27T12:38:51","slug":"zhonggaopinwuxiandianshebei","status":"publish","type":"product","link":"http:\/\/www.erun-tech.com\/es\/product\/zhonggaopinwuxiandianshebei","title":{"rendered":"Equipos de radio de frecuencia media\/alta"},"content":{"rendered":"<h2><\/h2>\n<h2 style=\"text-align: center;\">Equipos de radio de frecuencia media\/alta<\/h2>\n<div><strong>Base jur\u00eddica: Normativa sobre la administraci\u00f3n de la formaci\u00f3n de la gente de mar de la Rep\u00fablica Popular China (Orden n.\u00ba 5 del Ministerio de Transporte, 2019).<\/strong><\/div>\n<div><strong>Categor\u00eda de producto: Instrumentos n\u00e1uticos<br \/>\n<\/strong><\/div>\n<div><strong>Nombre del producto: Equipo de radio de frecuencia media\/alta<\/strong><\/div>\n<div><strong>Requisitos funcionales: Cumplir con los requisitos del programa de formaci\u00f3n.<\/strong><\/div>\n<div><strong>Cantidad especificada: 1 juego<\/strong><\/div>\n<div><\/div>\n<div><\/div>\n<p>Instrumentos de navegaci\u00f3n es un m\u00f3dulo de competencias b\u00e1sicas dentro del programa de formaci\u00f3n profesional superior de cinco a\u00f1os de duraci\u00f3n en tecnolog\u00eda de navegaci\u00f3n mar\u00edtima, y tambi\u00e9n constituye una de las asignaturas del examen pr\u00e1ctico para obtener el Certificado de Competencia de Tercer Oficial. A trav\u00e9s de este curso, los estudiantes adquieren principalmente conocimientos sobre las funciones fundamentales, la composici\u00f3n, la estructura, los principios, el funcionamiento y el mantenimiento de los instrumentos de navegaci\u00f3n. Cultiva las competencias b\u00e1sicas de los estudiantes en el uso y mantenimiento de dichos instrumentos, dot\u00e1ndolos de la destreza esencial que se requiere de los oficiales de navegaci\u00f3n en el manejo de los instrumentos de navegaci\u00f3n. Su m\u00f3dulo previo es Instrumentos de navegaci\u00f3n.<\/p>\n<p>&nbsp;<\/p>\n<p>Frecuencia de transmisi\u00f3n: 1605,0 kHz a 27500,0 kHz<\/p>\n<p>Frecuencia de recepci\u00f3n: 100 kHz a 29999,99 kHz<\/p>\n<p>N\u00famero de canales: 256 canales de usuario m\u00e1s canales ITU, SSB\/TELEX.<\/p>\n<p>Pantalla: 480 \u00d7 272 p\u00edxeles, pantalla LCD en color de alto contraste de 4,3 pulgadas.<\/p>\n<p>Categor\u00edas de transmisi\u00f3n: J3E (telefon\u00eda) J2B (DSC NBDP) A1A, F3C (requiere ajustes para las comunicaciones)<\/p>\n<p>Potencia de salida del transceptor: FS-1575: 150 W (PEP) FS-2570: 250 W (PEP) FS-5075: 500 W (PEP HF) \/ 400 W (PEP MF)<\/p>\n<p>Velocidad de sintonizaci\u00f3n: en 15 segundos<\/p>\n<p>Sensibilidad del receptor: superior a +7 dB\u03bcV (4,0-29,99999 MHz, J3E) \/ superior a +13 dB\u03bcV (1,6-4 MHz, J3E)<\/p>\n<p>Recepci\u00f3n DSC: Todos los canales DSC MF\/HF<\/p>\n<p>Frecuencias de seguridad DSC: 2187,5 kHz, 4207,5 kHz, 6312,0 kHz, 8414,5 kHz, 12577,0 kHz, 16804,5 kHz<\/p>\n<p>Almacenamiento de mensajes transmitidos por DSC: 50 mensajes de socorro y 50 mensajes que no son de socorro.<\/p>\n<p>Capacidad de almacenamiento de mensajes DSC: 50 mensajes, n\u00fameros de tel\u00e9fono, frecuencias, etc.<\/p>\n<p>Fuente de alimentaci\u00f3n: 24 VCC, FS1575 20 A (TX), 5,0 A (RX)\/FS2575 40 A (TX), 5,0 A (RX)\/FS5075 60 A (TX), 5,0 A (RX)<\/p>\n<p>T\u00e9lex de banda estrecha: Compatible con IB-583 o IB-585<\/p>","protected":false},"excerpt":{"rendered":"<p>\u4e2d\/\u9ad8\u9891\u65e0\u7ebf\u7535\u8bbe\u5907 \u6cd5\u5f8b\u4f9d\u636e\uff1a\u300a\u4e2d\u534e\u4eba\u6c11\u5171\u548c\u56fd\u8239\u5458\u57f9\u8bad\u7ba1\u7406\u89c4\u5219\u300b\uff08\u4ea4\u901a\u8fd0\u8f93\u90e8\u4ee4 2019 \u5e74\u7b2c 5 \u53f7\uff09 \u4ea7\u54c1&hellip;<\/p>","protected":false},"featured_media":14843,"comment_status":"open","ping_status":"closed","template":"","meta":[],"product_brand":[],"product_cat":[309],"product_tag":[381,379,380,362,337,336,361],"class_list":{"0":"post-14842","1":"product","2":"type-product","3":"status-publish","4":"has-post-thumbnail","6":"product_cat-tongxindaohangshixunshi","7":"product_tag-zhonggaopinwuxiandianshebei","8":"product_tag-guojihaishiweixingzhongduanczhan","9":"product_tag-guojihaishiweixingzhongduanfzhan","10":"product_tag-hanghaiyiqi","11":"product_tag-chuanyuanpeixunneirong","12":"product_tag-chuanyuanpeixunshebei","13":"product_tag-tongxindaohangshixunshi","14":"description-off","16":"first","17":"instock","18":"taxable","19":"shipping-taxable","20":"purchasable","21":"product-type-simple"},"_links":{"self":[{"href":"http:\/\/www.erun-tech.com\/es\/wp-json\/wp\/v2\/product\/14842","targetHints":{"allow":["GET"]}}],"collection":[{"href":"http:\/\/www.erun-tech.com\/es\/wp-json\/wp\/v2\/product"}],"about":[{"href":"http:\/\/www.erun-tech.com\/es\/wp-json\/wp\/v2\/types\/product"}],"replies":[{"embeddable":true,"href":"http:\/\/www.erun-tech.com\/es\/wp-json\/wp\/v2\/comments?post=14842"}],"wp:featuredmedia":[{"embeddable":true,"href":"http:\/\/www.erun-tech.com\/es\/wp-json\/wp\/v2\/media\/14843"}],"wp:attachment":[{"href":"http:\/\/www.erun-tech.com\/es\/wp-json\/wp\/v2\/media?parent=14842"}],"wp:term":[{"taxonomy":"product_brand","embeddable":true,"href":"http:\/\/www.erun-tech.com\/es\/wp-json\/wp\/v2\/product_brand?post=14842"},{"taxonomy":"product_cat","embeddable":true,"href":"http:\/\/www.erun-tech.com\/es\/wp-json\/wp\/v2\/product_cat?post=14842"},{"taxonomy":"product_tag","embeddable":true,"href":"http:\/\/www.erun-tech.com\/es\/wp-json\/wp\/v2\/product_tag?post=14842"}],"curies":[{"name":"wp","href":"https:\/\/api.w.org\/{rel}","templated":true}]}}