{"id":14861,"date":"2024-03-25T23:20:04","date_gmt":"2024-03-25T15:20:04","guid":{"rendered":"http:\/\/www.erun-tech.com\/?post_type=product&#038;p=14861"},"modified":"2024-03-27T20:39:58","modified_gmt":"2024-03-27T12:39:58","slug":"qiangonggongju","status":"publish","type":"product","link":"http:\/\/www.erun-tech.com\/es\/product\/qiangonggongju","title":{"rendered":"Herramientas de montaje"},"content":{"rendered":"<h2><\/h2>\n<h2 style=\"text-align: center;\">Herramientas de montaje<\/h2>\n<div><strong>Base jur\u00eddica: Normativa sobre la administraci\u00f3n de la formaci\u00f3n de la gente de mar de la Rep\u00fablica Popular China (Orden n.\u00ba 5 del Ministerio de Transporte, 2019).<\/strong><\/div>\n<div><strong>Categor\u00eda de producto: Equipos de formaci\u00f3n para operarios en servicio<br \/>\n<\/strong><\/div>\n<div><strong>\u4ea7\u54c1\u540d\u79f0\uff1a\u94b3\u5de5\u5de5\u5177<\/strong><\/div>\n<div><strong>Requisitos funcionales: Cumplir con los requisitos del programa de formaci\u00f3n.<\/strong><\/div>\n<div><strong>\u89c4\u5b9a\u6570\u91cf\uff1a\u540420\u5957<\/strong><\/div>\n<div><\/div>\n<div><\/div>\n<p>\u94a2\u952f\u3001\u624b\u9524\u3001\u6241\u94f2\u3001\u5e73\u9509\u3001\u677f\u7259\u3001\u4e1d\u9525\u3001\u5212\u89c4\u3001\u94bb\u5934\u3001\u522e\u5200\u7b49\u540420\u5957\u3002\u5982\u6269\u5927\u5f00\u73ed\u89c4\u6a21\u987b\u5404\u589e\u914d20\u5957\u3002<\/p>","protected":false},"excerpt":{"rendered":"<p>\u94b3\u5de5\u5de5\u5177 \u6cd5\u5f8b\u4f9d\u636e\uff1a\u300a\u4e2d\u534e\u4eba\u6c11\u5171\u548c\u56fd\u8239\u5458\u57f9\u8bad\u7ba1\u7406\u89c4\u5219\u300b\uff08\u4ea4\u901a\u8fd0\u8f93\u90e8\u4ee4 2019 \u5e74\u7b2c 5 \u53f7\uff09 \u4ea7\u54c1\u5206\u7c7b\uff1a\u503c\u73ed&hellip;<\/p>","protected":false},"featured_media":14862,"comment_status":"open","ping_status":"closed","template":"","meta":[],"product_brand":[],"product_cat":[311],"product_tag":[387,336,392,391],"class_list":{"0":"post-14861","1":"product","2":"type-product","3":"status-publish","4":"has-post-thumbnail","6":"product_cat-qiangongshixunshi","7":"product_tag-jigongpeixunshebei","8":"product_tag-chuanyuanpeixunshebei","9":"product_tag-qiangonggongju","10":"product_tag-qiangongchejian","11":"description-off","13":"first","14":"instock","15":"taxable","16":"shipping-taxable","17":"purchasable","18":"product-type-simple"},"_links":{"self":[{"href":"http:\/\/www.erun-tech.com\/es\/wp-json\/wp\/v2\/product\/14861","targetHints":{"allow":["GET"]}}],"collection":[{"href":"http:\/\/www.erun-tech.com\/es\/wp-json\/wp\/v2\/product"}],"about":[{"href":"http:\/\/www.erun-tech.com\/es\/wp-json\/wp\/v2\/types\/product"}],"replies":[{"embeddable":true,"href":"http:\/\/www.erun-tech.com\/es\/wp-json\/wp\/v2\/comments?post=14861"}],"wp:featuredmedia":[{"embeddable":true,"href":"http:\/\/www.erun-tech.com\/es\/wp-json\/wp\/v2\/media\/14862"}],"wp:attachment":[{"href":"http:\/\/www.erun-tech.com\/es\/wp-json\/wp\/v2\/media?parent=14861"}],"wp:term":[{"taxonomy":"product_brand","embeddable":true,"href":"http:\/\/www.erun-tech.com\/es\/wp-json\/wp\/v2\/product_brand?post=14861"},{"taxonomy":"product_cat","embeddable":true,"href":"http:\/\/www.erun-tech.com\/es\/wp-json\/wp\/v2\/product_cat?post=14861"},{"taxonomy":"product_tag","embeddable":true,"href":"http:\/\/www.erun-tech.com\/es\/wp-json\/wp\/v2\/product_tag?post=14861"}],"curies":[{"name":"wp","href":"https:\/\/api.w.org\/{rel}","templated":true}]}}