{"id":14865,"date":"2024-03-25T23:25:42","date_gmt":"2024-03-25T15:25:42","guid":{"rendered":"http:\/\/www.erun-tech.com\/?post_type=product&#038;p=14865"},"modified":"2024-03-27T21:02:21","modified_gmt":"2024-03-27T13:02:21","slug":"qihanshebei","status":"publish","type":"product","link":"http:\/\/www.erun-tech.com\/es\/product\/qihanshebei","title":{"rendered":"Equipo de soldadura con gas"},"content":{"rendered":"<h2><\/h2>\n<h2 style=\"text-align: center;\">Equipo de soldadura con gas<\/h2>\n<div><strong>Base jur\u00eddica: Normativa sobre la administraci\u00f3n de la formaci\u00f3n de la gente de mar de la Rep\u00fablica Popular China (Orden n.\u00ba 5 del Ministerio de Transporte, 2019).<\/strong><\/div>\n<div><strong>Categor\u00eda de producto: Equipos de formaci\u00f3n para operarios en servicio<br \/>\n<\/strong><\/div>\n<div><strong>\u4ea7\u54c1\u540d\u79f0\uff1a\u6c14\u710a\u8bbe\u5907<\/strong><\/div>\n<div><strong>Requisitos funcionales: Cumplir con los requisitos del programa de formaci\u00f3n.<\/strong><\/div>\n<div><strong>\u89c4\u5b9a\u6570\u91cf\uff1a\u540420\u5957<\/strong><\/div>\n<div><\/div>\n<div>\n<p>\u6c27\u6c14\u74f6\u3001\u4e59\u7094\u74f6\u7b26\u5408\u76f8\u5173\u6280\u672f\u5b89\u5168\u6807\u51c6\u3002<\/p>\n<\/div>","protected":false},"excerpt":{"rendered":"<p>\u6c14\u710a\u8bbe\u5907 \u6cd5\u5f8b\u4f9d\u636e\uff1a\u300a\u4e2d\u534e\u4eba\u6c11\u5171\u548c\u56fd\u8239\u5458\u57f9\u8bad\u7ba1\u7406\u89c4\u5219\u300b\uff08\u4ea4\u901a\u8fd0\u8f93\u90e8\u4ee4 2019 \u5e74\u7b2c 5 \u53f7\uff09 \u4ea7\u54c1\u5206\u7c7b\uff1a\u503c\u73ed&hellip;<\/p>","protected":false},"featured_media":14866,"comment_status":"open","ping_status":"closed","template":"","meta":[],"product_brand":[],"product_cat":[312],"product_tag":[387,394,393,336],"class_list":{"0":"post-14865","1":"product","2":"type-product","3":"status-publish","4":"has-post-thumbnail","6":"product_cat-dianqihanshixunshi","7":"product_tag-jigongpeixunshebei","8":"product_tag-qihanshebei","9":"product_tag-dianhanshebei","10":"product_tag-chuanyuanpeixunshebei","11":"description-off","13":"first","14":"instock","15":"taxable","16":"shipping-taxable","17":"purchasable","18":"product-type-simple"},"_links":{"self":[{"href":"http:\/\/www.erun-tech.com\/es\/wp-json\/wp\/v2\/product\/14865","targetHints":{"allow":["GET"]}}],"collection":[{"href":"http:\/\/www.erun-tech.com\/es\/wp-json\/wp\/v2\/product"}],"about":[{"href":"http:\/\/www.erun-tech.com\/es\/wp-json\/wp\/v2\/types\/product"}],"replies":[{"embeddable":true,"href":"http:\/\/www.erun-tech.com\/es\/wp-json\/wp\/v2\/comments?post=14865"}],"wp:featuredmedia":[{"embeddable":true,"href":"http:\/\/www.erun-tech.com\/es\/wp-json\/wp\/v2\/media\/14866"}],"wp:attachment":[{"href":"http:\/\/www.erun-tech.com\/es\/wp-json\/wp\/v2\/media?parent=14865"}],"wp:term":[{"taxonomy":"product_brand","embeddable":true,"href":"http:\/\/www.erun-tech.com\/es\/wp-json\/wp\/v2\/product_brand?post=14865"},{"taxonomy":"product_cat","embeddable":true,"href":"http:\/\/www.erun-tech.com\/es\/wp-json\/wp\/v2\/product_cat?post=14865"},{"taxonomy":"product_tag","embeddable":true,"href":"http:\/\/www.erun-tech.com\/es\/wp-json\/wp\/v2\/product_tag?post=14865"}],"curies":[{"name":"wp","href":"https:\/\/api.w.org\/{rel}","templated":true}]}}