{"id":14869,"date":"2024-03-25T23:33:50","date_gmt":"2024-03-25T15:33:50","guid":{"rendered":"http:\/\/www.erun-tech.com\/?post_type=product&#038;p=14869"},"modified":"2024-03-27T21:02:45","modified_gmt":"2024-03-27T13:02:45","slug":"yangqiyiguiping","status":"publish","type":"product","link":"http:\/\/www.erun-tech.com\/es\/product\/yangqiyiguiping","title":{"rendered":"Botellas de ox\u00edgeno y acetileno"},"content":{"rendered":"<h2><\/h2>\n<h2 style=\"text-align: center;\">Botellas de ox\u00edgeno y acetileno<\/h2>\n<div><strong>Base jur\u00eddica: Normativa sobre la administraci\u00f3n de la formaci\u00f3n de la gente de mar de la Rep\u00fablica Popular China (Orden n.\u00ba 5 del Ministerio de Transporte, 2019).<\/strong><\/div>\n<div><strong>Categor\u00eda de producto: Equipos de formaci\u00f3n para operarios en servicio<br \/>\n<\/strong><\/div>\n<div><strong>Nombre del producto: Cilindros de ox\u00edgeno y acetileno<\/strong><\/div>\n<div><strong>Requisitos funcionales: Cumplir con los requisitos del programa de formaci\u00f3n.<\/strong><\/div>\n<div><strong>Cantidad especificada: cinco de cada uno.<\/strong><\/div>\n<div><\/div>\n<div>\n<p>Las botellas de ox\u00edgeno y las botellas de acetileno cumplen con las normas t\u00e9cnicas de seguridad pertinentes. La distancia entre los dos tipos de botellas cumple con los requisitos de seguridad estipulados en las especificaciones pertinentes.<\/p>\n<\/div>","protected":false},"excerpt":{"rendered":"<p>\u6c27\u6c14\u3001\u4e59\u7094\u74f6 \u6cd5\u5f8b\u4f9d\u636e\uff1a\u300a\u4e2d\u534e\u4eba\u6c11\u5171\u548c\u56fd\u8239\u5458\u57f9\u8bad\u7ba1\u7406\u89c4\u5219\u300b\uff08\u4ea4\u901a\u8fd0\u8f93\u90e8\u4ee4 2019 \u5e74\u7b2c 5 \u53f7\uff09 \u4ea7\u54c1\u5206\u7c7b\uff1a&hellip;<\/p>","protected":false},"featured_media":14866,"comment_status":"open","ping_status":"closed","template":"","meta":[],"product_brand":[],"product_cat":[312],"product_tag":[398,387,395,396,394,397,393,336],"class_list":{"0":"post-14869","1":"product","2":"type-product","3":"status-publish","4":"has-post-thumbnail","6":"product_cat-dianqihanshixunshi","7":"product_tag-yiguiping","8":"product_tag-jigongpeixunshebei","9":"product_tag-qihantai","10":"product_tag-qihanqiang","11":"product_tag-qihanshebei","12":"product_tag-yangqi","13":"product_tag-dianhanshebei","14":"product_tag-chuanyuanpeixunshebei","15":"description-off","17":"first","18":"instock","19":"taxable","20":"shipping-taxable","21":"purchasable","22":"product-type-simple"},"_links":{"self":[{"href":"http:\/\/www.erun-tech.com\/es\/wp-json\/wp\/v2\/product\/14869","targetHints":{"allow":["GET"]}}],"collection":[{"href":"http:\/\/www.erun-tech.com\/es\/wp-json\/wp\/v2\/product"}],"about":[{"href":"http:\/\/www.erun-tech.com\/es\/wp-json\/wp\/v2\/types\/product"}],"replies":[{"embeddable":true,"href":"http:\/\/www.erun-tech.com\/es\/wp-json\/wp\/v2\/comments?post=14869"}],"wp:featuredmedia":[{"embeddable":true,"href":"http:\/\/www.erun-tech.com\/es\/wp-json\/wp\/v2\/media\/14866"}],"wp:attachment":[{"href":"http:\/\/www.erun-tech.com\/es\/wp-json\/wp\/v2\/media?parent=14869"}],"wp:term":[{"taxonomy":"product_brand","embeddable":true,"href":"http:\/\/www.erun-tech.com\/es\/wp-json\/wp\/v2\/product_brand?post=14869"},{"taxonomy":"product_cat","embeddable":true,"href":"http:\/\/www.erun-tech.com\/es\/wp-json\/wp\/v2\/product_cat?post=14869"},{"taxonomy":"product_tag","embeddable":true,"href":"http:\/\/www.erun-tech.com\/es\/wp-json\/wp\/v2\/product_tag?post=14869"}],"curies":[{"name":"wp","href":"https:\/\/api.w.org\/{rel}","templated":true}]}}